{"id":18244,"date":"2018-12-21T10:30:11","date_gmt":"2018-12-21T09:30:11","guid":{"rendered":"https:\/\/staging.resineo.com\/projets-idees\/"},"modified":"2021-05-27T08:51:07","modified_gmt":"2021-05-27T07:51:07","slug":"proyectos-ideas","status":"publish","type":"page","link":"https:\/\/staging.resineo.com\/es\/proyectos-ideas\/","title":{"rendered":"Proyectos y ideas"},"content":{"rendered":"\t\t<div data-elementor-type=\"wp-post\" data-elementor-id=\"18244\" class=\"elementor elementor-18244 elementor-115\" data-elementor-post-type=\"page\">\n\t\t\t\t\t\t<section class=\"elementor-section elementor-top-section elementor-element elementor-element-53a00da5 elementor-section-full_width elementor-section-height-default elementor-section-height-default\" data-id=\"53a00da5\" data-element_type=\"section\">\n\t\t\t\t\t\t<div class=\"elementor-container elementor-column-gap-default\">\n\t\t\t\t\t<div data-dce-background-color=\"#d7cfc0\" class=\"elementor-column elementor-col-50 elementor-top-column elementor-element elementor-element-220ad40d\" data-id=\"220ad40d\" data-element_type=\"column\" data-settings=\"{&quot;background_background&quot;:&quot;classic&quot;}\">\n\t\t\t<div class=\"elementor-widget-wrap elementor-element-populated\">\n\t\t\t\t\t\t<div class=\"elementor-element elementor-element-282f71b6 h1pages elementor-widget elementor-widget-heading\" data-id=\"282f71b6\" data-element_type=\"widget\" data-widget_type=\"heading.default\">\n\t\t\t\t<div class=\"elementor-widget-container\">\n\t\t\t\t\t<h1 class=\"elementor-heading-title elementor-size-default\">PROYECTOS Y IDEAS <\/h1>\t\t\t\t<\/div>\n\t\t\t\t<\/div>\n\t\t\t\t\t<\/div>\n\t\t<\/div>\n\t\t\t\t<div data-dce-background-image-url=\"https:\/\/staging.resineo.com\/wp-content\/uploads\/2019\/01\/demande-de-devis.jpg\" class=\"elementor-column elementor-col-50 elementor-top-column elementor-element elementor-element-569c7991\" data-id=\"569c7991\" data-element_type=\"column\" data-settings=\"{&quot;background_background&quot;:&quot;classic&quot;}\">\n\t\t\t<div class=\"elementor-widget-wrap elementor-element-populated\">\n\t\t\t\t\t\t<div class=\"elementor-element elementor-element-372c4627 elementor-widget elementor-widget-spacer\" data-id=\"372c4627\" data-element_type=\"widget\" data-widget_type=\"spacer.default\">\n\t\t\t\t<div class=\"elementor-widget-container\">\n\t\t\t\t\t\t\t<div class=\"elementor-spacer\">\n\t\t\t<div class=\"elementor-spacer-inner\"><\/div>\n\t\t<\/div>\n\t\t\t\t\t\t<\/div>\n\t\t\t\t<\/div>\n\t\t\t\t\t<\/div>\n\t\t<\/div>\n\t\t\t\t\t<\/div>\n\t\t<\/section>\n\t\t\t\t<section class=\"elementor-section elementor-top-section elementor-element elementor-element-893101c elementor-section-full_width elementor-section-height-default elementor-section-height-default\" data-id=\"893101c\" data-element_type=\"section\">\n\t\t\t\t\t\t<div class=\"elementor-container elementor-column-gap-default\">\n\t\t\t\t\t<div class=\"elementor-column elementor-col-50 elementor-top-column elementor-element elementor-element-234311ee\" data-id=\"234311ee\" data-element_type=\"column\">\n\t\t\t<div class=\"elementor-widget-wrap\">\n\t\t\t\t\t\t\t<\/div>\n\t\t<\/div>\n\t\t\t\t<div data-dce-background-color=\"#d7cfc0\" class=\"elementor-column elementor-col-50 elementor-top-column elementor-element elementor-element-d99503d\" data-id=\"d99503d\" data-element_type=\"column\" data-settings=\"{&quot;background_background&quot;:&quot;classic&quot;}\">\n\t\t\t<div class=\"elementor-widget-wrap elementor-element-populated\">\n\t\t\t\t\t\t<div class=\"elementor-element elementor-element-5d3ff4d6 nomargbottom elementor-widget elementor-widget-text-editor\" data-id=\"5d3ff4d6\" data-element_type=\"widget\" data-widget_type=\"text-editor.default\">\n\t\t\t\t<div class=\"elementor-widget-container\">\n\t\t\t\t\t\t\t\t\t<p>[seopress_breadcrumbs]<\/p>\n\t\t\t\t\t\t\t\t<\/div>\n\t\t\t\t<\/div>\n\t\t\t\t\t<\/div>\n\t\t<\/div>\n\t\t\t\t\t<\/div>\n\t\t<\/section>\n\t\t\t\t<section class=\"elementor-section elementor-top-section elementor-element elementor-element-899f5c2 elementor-section-full_width elementor-section-content-middle elementor-section-height-default elementor-section-height-default\" data-id=\"899f5c2\" data-element_type=\"section\">\n\t\t\t\t\t\t<div class=\"elementor-container elementor-column-gap-default\">\n\t\t\t\t\t<div class=\"elementor-column elementor-col-33 elementor-top-column elementor-element elementor-element-08ab25b\" data-id=\"08ab25b\" data-element_type=\"column\">\n\t\t\t<div class=\"elementor-widget-wrap\">\n\t\t\t\t\t\t\t<\/div>\n\t\t<\/div>\n\t\t\t\t<div class=\"elementor-column elementor-col-33 elementor-top-column elementor-element elementor-element-53feba2\" data-id=\"53feba2\" data-element_type=\"column\">\n\t\t\t<div class=\"elementor-widget-wrap elementor-element-populated\">\n\t\t\t\t\t\t<div class=\"elementor-element elementor-element-06d01fb nomargbottom elementor-widget elementor-widget-text-editor\" data-id=\"06d01fb\" data-element_type=\"widget\" data-widget_type=\"text-editor.default\">\n\t\t\t\t<div class=\"elementor-widget-container\">\n\t\t\t\t\t\t\t\t\t<p>Consulte las publicaciones de nuestro blog que incluyen algunos proyectos e ideas de dise\u00f1o para sus exteriores.<\/p>\n\t\t\t\t\t\t\t\t<\/div>\n\t\t\t\t<\/div>\n\t\t\t\t\t<\/div>\n\t\t<\/div>\n\t\t\t\t<div class=\"elementor-column elementor-col-33 elementor-top-column elementor-element elementor-element-2c35093\" data-id=\"2c35093\" data-element_type=\"column\">\n\t\t\t<div class=\"elementor-widget-wrap\">\n\t\t\t\t\t\t\t<\/div>\n\t\t<\/div>\n\t\t\t\t\t<\/div>\n\t\t<\/section>\n\t\t\t\t<section data-dce-background-color=\"#f7f7f7\" class=\"elementor-section elementor-top-section elementor-element elementor-element-40db33f elementor-section-height-min-height elementor-section-boxed elementor-section-height-default elementor-section-items-middle\" data-id=\"40db33f\" data-element_type=\"section\" data-settings=\"{&quot;background_background&quot;:&quot;classic&quot;}\">\n\t\t\t\t\t\t<div class=\"elementor-container elementor-column-gap-default\">\n\t\t\t\t\t<div class=\"elementor-column elementor-col-100 elementor-top-column elementor-element elementor-element-8089675\" data-id=\"8089675\" data-element_type=\"column\">\n\t\t\t<div class=\"elementor-widget-wrap\">\n\t\t\t\t\t\t\t<\/div>\n\t\t<\/div>\n\t\t\t\t\t<\/div>\n\t\t<\/section>\n\t\t\t\t<section class=\"elementor-section elementor-top-section elementor-element elementor-element-272f6eb elementor-section-full_width elementor-section-height-default elementor-section-height-default\" data-id=\"272f6eb\" data-element_type=\"section\">\n\t\t\t\t\t\t<div class=\"elementor-container elementor-column-gap-default\">\n\t\t\t\t\t<div class=\"elementor-column elementor-col-33 elementor-top-column elementor-element elementor-element-8469a71\" data-id=\"8469a71\" data-element_type=\"column\">\n\t\t\t<div class=\"elementor-widget-wrap\">\n\t\t\t\t\t\t\t<\/div>\n\t\t<\/div>\n\t\t\t\t<div class=\"elementor-column elementor-col-33 elementor-top-column elementor-element elementor-element-3c89a95\" data-id=\"3c89a95\" data-element_type=\"column\">\n\t\t\t<div class=\"elementor-widget-wrap elementor-element-populated\">\n\t\t\t\t\t\t<div class=\"elementor-element elementor-element-e2ccc18 grille-projet-idees uael-post__filter-align-center elementor-widget elementor-widget-uael-posts\" data-id=\"e2ccc18\" data-element_type=\"widget\" data-settings=\"{&quot;classic_show_filters&quot;:&quot;yes&quot;,&quot;classic_slides_to_show&quot;:3,&quot;classic_slides_to_show_tablet&quot;:2,&quot;classic_slides_to_show_mobile&quot;:1}\" data-widget_type=\"uael-posts.classic\">\n\t\t\t\t<div class=\"elementor-widget-container\">\n\t\t\t\t\t\t\t<div class=\"uael-post__header\">\n\t\t\t\t\t<div class=\"uael-post__header-filters-wrap\">\n\t\t\t<ul class=\"uael-post__header-filters\" aria-label=\"Filtro de Taxonom\u00eda\">\n\t\t\t\t<li class=\"uael-post__header-filter uael-filter__current\" data-filter=\"*\">Todo<\/li>\n\t\t\t\t\t\t\t\t<li class=\"uael-post__header-filter\" data-filter=\".sin-categorizar\" tabindex=\"0\">Sin categorizar<\/li>\n\t\t\t\t\t\t\t<\/ul>\n\n\t\t\t\t\t<\/div>\n\t\t\t\t<\/div>\n\t\t<div class=\"uael-post__body\">\n\t\t\t\n\t\t\n\t\t<div class=\"uael-blog-terms-position-media uael-post-image-top uael-post-grid uael-posts\" data-query-type=\"custom\" data-structure=\"normal\" data-layout=\"\" data-page=\"18244\" data-skin=\"classic\" data-filter-default=\"All\" data-offset-top=\"30\" >\n\n\t\t\t\t\t\t\t<div class=\"uael-post-grid__inner uael-post__columns-3 uael-post__columns-tablet-2 uael-post__columns-mobile-1\">\n\t\t\t\n<div class=\"uael-post-wrapper sin-categorizar  sin-categorizar \">\n\t<div class=\"uael-post__bg-wrap uael-bg-wrap-disabled \">\n\n\t\t\t\t\n\t\t<div class=\"uael-post__inner-wrap uael-inner-wrap-disabled\">\n\n\t\t\t\t<div class=\"uael-post__thumbnail\">\n\t\t\t\n\t\t\t<a href=\"https:\/\/staging.resineo.com\/es\/suelos-de-resina\/\" target=\"_self\" title=\"Suelos de resina\"><img fetchpriority=\"high\" decoding=\"async\" width=\"550\" height=\"367\" src=\"https:\/\/staging.resineo.com\/wp-content\/uploads\/2020\/01\/Dubai3bis.png\" class=\"attachment-full size-full wp-image-18497\" alt=\"\" srcset=\"https:\/\/staging.resineo.com\/wp-content\/uploads\/2020\/01\/Dubai3bis.png 550w, https:\/\/staging.resineo.com\/wp-content\/uploads\/2020\/01\/Dubai3bis-300x200.png 300w\" sizes=\"(max-width: 550px) 100vw, 550px\" \/><\/a>\n\t\t\t<span class=\"uael-post__terms\"><a href=\"https:\/\/staging.resineo.com\/es\/category\/sin-categorizar\/\" class=\"uael-listing__terms-link\" id=\"uael-post-term-sin-categorizar\" aria-labelledby=\"uael-post-term-sin-categorizar\">Sin categorizar<\/a><\/span>\t\t<\/div>\n\t\t\n\t\t\t\n\t\t\t<div class=\"uael-post__content-wrap uael-content-wrap-disabled\">\n\t\t\t\t\t<h3 class=\"uael-post__title\">\n\n\t\t\n\t\t\t\t\t\t<a href=\"https:\/\/staging.resineo.com\/es\/suelos-de-resina\/\" target=\"_self\">\n\t\t\t\tSuelos de resina\t\t\t<\/a>\n\n\t\t\t\t<\/h3>\n\t\t\t\t\t<div class=\"uael-post__meta-data\">\n\t\t\t\t\t<span class=\"uael-post__date\">\n\t\t\t\t\t\t\t\t\t\t\t\t\t<i aria-hidden=\"true\" class=\"fa fa-calendar\"><\/i>\t\t\t\t\t\t\t\t\t\n\t\t\t25 mayo 2021\t\t<\/span>\n\t\t\t\t<span class=\"uael-post__comments\">\n\t\t\t\t\t\t\t\t\t\t\t\t<i aria-hidden=\"true\" class=\"fa fa-comments\"><\/i>\t\t\t\t\t\t\t\t\t\tNo hay comentarios\t\t<\/span>\n\t\t\t\t<\/div>\n\t\t\n\t\t<div class=\"uael-post__excerpt\">\n\t\t\tCuando se trata de pavimento de suelos de resina, generalmente, se trata de resina epoxi.\u00a0 Lo malo de esta soluci\u00f3n es que puede soltar materiales ...\t\t<\/div>\n\n\t\t\t\t\t<a class=\"uael-post__read-more elementor-button\" href=\"https:\/\/staging.resineo.com\/es\/suelos-de-resina\/\" target=\"_self\" aria-labelledby=\"uael-post-20682\">\n\t\t\t\t\t<span class=\"elementor-button-content-wrapper\">\n\t\t\t\t\t\t\t\t\t\t\t\t\t\t<span class=\"elementor-button-icon elementor-align-icon-left\">\n\n\t\t\t\t\t\t\t\t\t\n\t\t\t\t\t\t\t\t<\/span>\n\t\t\t\t\t\t\t\t\t\t\t\t\t\n\t\t\t\t\t\t<span class=\"elementor-button-text\" id=uael-post-20682>LEER M\u00c1S<\/span>\n\t\t\t\t\t<\/span>\n\t\t\t\t<\/a>\n\t\t\t\t\t\t<\/div>\n\t\t\t\n\t\t<\/div>\n\t\t\n\t<\/div>\n\n<\/div>\n\n<div class=\"uael-post-wrapper   \">\n\t<div class=\"uael-post__bg-wrap uael-bg-wrap-disabled \">\n\n\t\t\t\t\n\t\t<div class=\"uael-post__inner-wrap uael-inner-wrap-disabled\">\n\n\t\t\t\t<div class=\"uael-post__thumbnail\">\n\t\t\t\n\t\t\t<a href=\"https:\/\/staging.resineo.com\/es\/como-mantener-un-suelo-de-resineo\/\" target=\"_self\" title=\"\u00bfC\u00f3mo mantener un suelo de Resineo?\"><img decoding=\"async\" width=\"200\" height=\"150\" src=\"https:\/\/staging.resineo.com\/wp-content\/uploads\/2019\/03\/plage-de-piscine-menu-1.jpg\" class=\"attachment-full size-full wp-image-18848\" alt=\"Plage De Piscine Menu\" \/><\/a>\n\t\t\t\t\t<\/div>\n\t\t\n\t\t\t\n\t\t\t<div class=\"uael-post__content-wrap uael-content-wrap-disabled\">\n\t\t\t\t\t<h3 class=\"uael-post__title\">\n\n\t\t\n\t\t\t\t\t\t<a href=\"https:\/\/staging.resineo.com\/es\/como-mantener-un-suelo-de-resineo\/\" target=\"_self\">\n\t\t\t\t\u00bfC\u00f3mo mantener un suelo de Resineo?\t\t\t<\/a>\n\n\t\t\t\t<\/h3>\n\t\t\t\t\t<div class=\"uael-post__meta-data\">\n\t\t\t\t\t<span class=\"uael-post__date\">\n\t\t\t\t\t\t\t\t\t\t\t\t\t<i aria-hidden=\"true\" class=\"fa fa-calendar\"><\/i>\t\t\t\t\t\t\t\t\t\n\t\t\t20 mayo 2021\t\t<\/span>\n\t\t\t\t<span class=\"uael-post__comments\">\n\t\t\t\t\t\t\t\t\t\t\t\t<i aria-hidden=\"true\" class=\"fa fa-comments\"><\/i>\t\t\t\t\t\t\t\t\t\tNo hay comentarios\t\t<\/span>\n\t\t\t\t<\/div>\n\t\t\n\t\t<div class=\"uael-post__excerpt\">\n\t\t\tHa tomado la decisi\u00f3n de equipar sus espacios exteriores con Resineo, ahora se pregunta \u00bfc\u00f3mo mantener mi revestimiento? Le vamos a explicar. \u00bfQu\u00e9 es Resineo? ...\t\t<\/div>\n\n\t\t\t\t\t<a class=\"uael-post__read-more elementor-button\" href=\"https:\/\/staging.resineo.com\/es\/como-mantener-un-suelo-de-resineo\/\" target=\"_self\" aria-labelledby=\"uael-post-20169\">\n\t\t\t\t\t<span class=\"elementor-button-content-wrapper\">\n\t\t\t\t\t\t\t\t\t\t\t\t\t\t<span class=\"elementor-button-icon elementor-align-icon-left\">\n\n\t\t\t\t\t\t\t\t\t\n\t\t\t\t\t\t\t\t<\/span>\n\t\t\t\t\t\t\t\t\t\t\t\t\t\n\t\t\t\t\t\t<span class=\"elementor-button-text\" id=uael-post-20169>LEER M\u00c1S<\/span>\n\t\t\t\t\t<\/span>\n\t\t\t\t<\/a>\n\t\t\t\t\t\t<\/div>\n\t\t\t\n\t\t<\/div>\n\t\t\n\t<\/div>\n\n<\/div>\n\n<div class=\"uael-post-wrapper sin-categorizar  sin-categorizar \">\n\t<div class=\"uael-post__bg-wrap uael-bg-wrap-disabled \">\n\n\t\t\t\t\n\t\t<div class=\"uael-post__inner-wrap uael-inner-wrap-disabled\">\n\n\t\t\t\t<div class=\"uael-post__thumbnail\">\n\t\t\t\n\t\t\t<a href=\"https:\/\/staging.resineo.com\/es\/como-elegir-un-material-de-suelo-exterior\/\" target=\"_self\" title=\"\u00bfComo elegir un material de suelo exterior?\"><img decoding=\"async\" width=\"280\" height=\"210\" src=\"https:\/\/staging.resineo.com\/wp-content\/uploads\/2020\/09\/Resineo-Quartz-imp\u00e9rial.png\" class=\"attachment-full size-full wp-image-18540\" alt=\"\" \/><\/a>\n\t\t\t<span class=\"uael-post__terms\"><a href=\"https:\/\/staging.resineo.com\/es\/category\/sin-categorizar\/\" class=\"uael-listing__terms-link\" id=\"uael-post-term-sin-categorizar\" aria-labelledby=\"uael-post-term-sin-categorizar\">Sin categorizar<\/a><\/span>\t\t<\/div>\n\t\t\n\t\t\t\n\t\t\t<div class=\"uael-post__content-wrap uael-content-wrap-disabled\">\n\t\t\t\t\t<h3 class=\"uael-post__title\">\n\n\t\t\n\t\t\t\t\t\t<a href=\"https:\/\/staging.resineo.com\/es\/como-elegir-un-material-de-suelo-exterior\/\" target=\"_self\">\n\t\t\t\t\u00bfComo elegir un material de suelo exterior?\t\t\t<\/a>\n\n\t\t\t\t<\/h3>\n\t\t\t\t\t<div class=\"uael-post__meta-data\">\n\t\t\t\t\t<span class=\"uael-post__date\">\n\t\t\t\t\t\t\t\t\t\t\t\t\t<i aria-hidden=\"true\" class=\"fa fa-calendar\"><\/i>\t\t\t\t\t\t\t\t\t\n\t\t\t4 mayo 2021\t\t<\/span>\n\t\t\t\t<span class=\"uael-post__comments\">\n\t\t\t\t\t\t\t\t\t\t\t\t<i aria-hidden=\"true\" class=\"fa fa-comments\"><\/i>\t\t\t\t\t\t\t\t\t\tNo hay comentarios\t\t<\/span>\n\t\t\t\t<\/div>\n\t\t\n\t\t<div class=\"uael-post__excerpt\">\n\t\t\tEstoes lo que se espera de un revestimiento de suelos exteriores:&nbsp; Gran resistencia al sol, a la erosi\u00f3n, al fr\u00edo y al agua. Un material ...\t\t<\/div>\n\n\t\t\t\t\t<a class=\"uael-post__read-more elementor-button\" href=\"https:\/\/staging.resineo.com\/es\/como-elegir-un-material-de-suelo-exterior\/\" target=\"_self\" aria-labelledby=\"uael-post-18689\">\n\t\t\t\t\t<span class=\"elementor-button-content-wrapper\">\n\t\t\t\t\t\t\t\t\t\t\t\t\t\t<span class=\"elementor-button-icon elementor-align-icon-left\">\n\n\t\t\t\t\t\t\t\t\t\n\t\t\t\t\t\t\t\t<\/span>\n\t\t\t\t\t\t\t\t\t\t\t\t\t\n\t\t\t\t\t\t<span class=\"elementor-button-text\" id=uael-post-18689>LEER M\u00c1S<\/span>\n\t\t\t\t\t<\/span>\n\t\t\t\t<\/a>\n\t\t\t\t\t\t<\/div>\n\t\t\t\n\t\t<\/div>\n\t\t\n\t<\/div>\n\n<\/div>\n\t\t\t\t<\/div>\n\t\t\t\t\t\t\n\t\t<\/div>\n\n\t\t\t\t\t\t<\/div>\n\t\t<div class=\"uael-post__footer\">\n\t\t\t\t\t<\/div>\n\t\t\t\t\t\t<\/div>\n\t\t\t\t<\/div>\n\t\t\t\t\t<\/div>\n\t\t<\/div>\n\t\t\t\t<div class=\"elementor-column elementor-col-33 elementor-top-column elementor-element elementor-element-2e032ea\" data-id=\"2e032ea\" data-element_type=\"column\">\n\t\t\t<div class=\"elementor-widget-wrap\">\n\t\t\t\t\t\t\t<\/div>\n\t\t<\/div>\n\t\t\t\t\t<\/div>\n\t\t<\/section>\n\t\t\t\t<section class=\"elementor-section elementor-top-section elementor-element elementor-element-3a519c7 elementor-section-boxed elementor-section-height-default elementor-section-height-default\" data-id=\"3a519c7\" data-element_type=\"section\">\n\t\t\t\t\t\t<div class=\"elementor-container elementor-column-gap-default\">\n\t\t\t\t\t<div class=\"elementor-column elementor-col-100 elementor-top-column elementor-element elementor-element-a7cfa39\" data-id=\"a7cfa39\" data-element_type=\"column\">\n\t\t\t<div class=\"elementor-widget-wrap elementor-element-populated\">\n\t\t\t\t\t\t<div class=\"elementor-element elementor-element-c31b85a elementor-widget elementor-widget-spacer\" data-id=\"c31b85a\" data-element_type=\"widget\" data-widget_type=\"spacer.default\">\n\t\t\t\t<div class=\"elementor-widget-container\">\n\t\t\t\t\t\t\t<div class=\"elementor-spacer\">\n\t\t\t<div class=\"elementor-spacer-inner\"><\/div>\n\t\t<\/div>\n\t\t\t\t\t\t<\/div>\n\t\t\t\t<\/div>\n\t\t\t\t\t<\/div>\n\t\t<\/div>\n\t\t\t\t\t<\/div>\n\t\t<\/section>\n\t\t\t\t<\/div>\n\t\t","protected":false},"excerpt":{"rendered":"<p>PROYECTOS Y IDEAS [seopress_breadcrumbs] Consulte las publicaciones de nuestro blog que incluyen algunos proyectos e ideas de dise\u00f1o para sus exteriores. All Actualit\u00e9s R\u00e9sineo Am\u00e9nagement espaces urbains Am\u00e9nagement plages de piscine D\u00e9coration Projets et id\u00e9es d&#039;am\u00e9nagement R\u00e9alisations R\u00e9glementations Technique Projets et id\u00e9es d&#8217;am\u00e9nagement Des id\u00e9es pour le sol de votre terrasse ! Le 09 avril, [&hellip;]<\/p>\n","protected":false},"author":1,"featured_media":18245,"parent":0,"menu_order":8,"comment_status":"closed","ping_status":"closed","template":"elementor_header_footer","meta":{"footnotes":""},"class_list":["post-18244","page","type-page","status-publish","has-post-thumbnail","hentry","entry","has-media"],"_links":{"self":[{"href":"https:\/\/staging.resineo.com\/es\/wp-json\/wp\/v2\/pages\/18244","targetHints":{"allow":["GET"]}}],"collection":[{"href":"https:\/\/staging.resineo.com\/es\/wp-json\/wp\/v2\/pages"}],"about":[{"href":"https:\/\/staging.resineo.com\/es\/wp-json\/wp\/v2\/types\/page"}],"author":[{"embeddable":true,"href":"https:\/\/staging.resineo.com\/es\/wp-json\/wp\/v2\/users\/1"}],"replies":[{"embeddable":true,"href":"https:\/\/staging.resineo.com\/es\/wp-json\/wp\/v2\/comments?post=18244"}],"version-history":[{"count":0,"href":"https:\/\/staging.resineo.com\/es\/wp-json\/wp\/v2\/pages\/18244\/revisions"}],"wp:featuredmedia":[{"embeddable":true,"href":"https:\/\/staging.resineo.com\/es\/wp-json\/wp\/v2\/media\/18245"}],"wp:attachment":[{"href":"https:\/\/staging.resineo.com\/es\/wp-json\/wp\/v2\/media?parent=18244"}],"curies":[{"name":"wp","href":"https:\/\/api.w.org\/{rel}","templated":true}]}}