{"id":18247,"date":"2018-12-21T10:28:24","date_gmt":"2018-12-21T09:28:24","guid":{"rendered":"https:\/\/staging.resineo.com\/notre-gamme\/"},"modified":"2022-04-07T10:00:55","modified_gmt":"2022-04-07T09:00:55","slug":"notre-gamme","status":"publish","type":"page","link":"https:\/\/staging.resineo.com\/es\/notre-gamme\/","title":{"rendered":"Notre Gamme"},"content":{"rendered":"\t\t<div data-elementor-type=\"wp-post\" data-elementor-id=\"18247\" class=\"elementor elementor-18247 elementor-111\" data-elementor-post-type=\"page\">\n\t\t\t\t\t\t<section class=\"elementor-section elementor-top-section elementor-element elementor-element-bee6dfe elementor-section-full_width elementor-section-height-default elementor-section-height-default\" data-id=\"bee6dfe\" data-element_type=\"section\">\n\t\t\t\t\t\t<div class=\"elementor-container elementor-column-gap-default\">\n\t\t\t\t\t<div data-dce-background-color=\"#d7cfc0\" class=\"elementor-column elementor-col-50 elementor-top-column elementor-element elementor-element-166b01b\" data-id=\"166b01b\" data-element_type=\"column\" data-settings=\"{&quot;background_background&quot;:&quot;classic&quot;}\">\n\t\t\t<div class=\"elementor-widget-wrap elementor-element-populated\">\n\t\t\t\t\t\t<div class=\"elementor-element elementor-element-541d0aa h1pages elementor-widget elementor-widget-heading\" data-id=\"541d0aa\" data-element_type=\"widget\" data-widget_type=\"heading.default\">\n\t\t\t\t<div class=\"elementor-widget-container\">\n\t\t\t\t\t<h1 class=\"elementor-heading-title elementor-size-default\">NOTRE GAMME<\/h1>\t\t\t\t<\/div>\n\t\t\t\t<\/div>\n\t\t\t\t\t<\/div>\n\t\t<\/div>\n\t\t\t\t<div data-dce-background-image-url=\"https:\/\/staging.resineo.com\/wp-content\/uploads\/2019\/01\/demande-de-devis.jpg\" class=\"elementor-column elementor-col-50 elementor-top-column elementor-element elementor-element-5741d25\" data-id=\"5741d25\" data-element_type=\"column\" data-settings=\"{&quot;background_background&quot;:&quot;classic&quot;}\">\n\t\t\t<div class=\"elementor-widget-wrap elementor-element-populated\">\n\t\t\t\t\t\t<div class=\"elementor-element elementor-element-7c44921 elementor-widget elementor-widget-spacer\" data-id=\"7c44921\" data-element_type=\"widget\" data-widget_type=\"spacer.default\">\n\t\t\t\t<div class=\"elementor-widget-container\">\n\t\t\t\t\t\t\t<div class=\"elementor-spacer\">\n\t\t\t<div class=\"elementor-spacer-inner\"><\/div>\n\t\t<\/div>\n\t\t\t\t\t\t<\/div>\n\t\t\t\t<\/div>\n\t\t\t\t\t<\/div>\n\t\t<\/div>\n\t\t\t\t\t<\/div>\n\t\t<\/section>\n\t\t\t\t<section class=\"elementor-section elementor-top-section elementor-element elementor-element-883c69c elementor-section-full_width elementor-section-height-default elementor-section-height-default\" data-id=\"883c69c\" data-element_type=\"section\">\n\t\t\t\t\t\t<div class=\"elementor-container elementor-column-gap-default\">\n\t\t\t\t\t<div data-dce-background-color=\"#d7cfc0\" class=\"elementor-column elementor-col-50 elementor-top-column elementor-element elementor-element-3ba4755\" data-id=\"3ba4755\" data-element_type=\"column\" data-settings=\"{&quot;background_background&quot;:&quot;classic&quot;}\">\n\t\t\t<div class=\"elementor-widget-wrap\">\n\t\t\t\t\t\t\t<\/div>\n\t\t<\/div>\n\t\t\t\t<div data-dce-background-color=\"#d7cfc0\" class=\"elementor-column elementor-col-50 elementor-top-column elementor-element elementor-element-5348f7d\" data-id=\"5348f7d\" data-element_type=\"column\" data-settings=\"{&quot;background_background&quot;:&quot;classic&quot;}\">\n\t\t\t<div class=\"elementor-widget-wrap elementor-element-populated\">\n\t\t\t\t\t\t<div class=\"elementor-element elementor-element-5183b7a nomargbottom elementor-widget elementor-widget-text-editor\" data-id=\"5183b7a\" data-element_type=\"widget\" data-widget_type=\"text-editor.default\">\n\t\t\t\t<div class=\"elementor-widget-container\">\n\t\t\t\t\t\t\t\t\t<p>[seopress_breadcrumbs]<\/p>\t\t\t\t\t\t\t\t<\/div>\n\t\t\t\t<\/div>\n\t\t\t\t\t<\/div>\n\t\t<\/div>\n\t\t\t\t\t<\/div>\n\t\t<\/section>\n\t\t\t\t<section data-dce-background-color=\"#f7f7f7\" class=\"elementor-section elementor-top-section elementor-element elementor-element-ac228ba elementor-section-full_width elementor-section-content-middle elementor-section-height-default elementor-section-height-default\" data-id=\"ac228ba\" data-element_type=\"section\" data-settings=\"{&quot;background_background&quot;:&quot;classic&quot;}\">\n\t\t\t\t\t\t<div class=\"elementor-container elementor-column-gap-default\">\n\t\t\t\t\t<div data-dce-background-color=\"#f7f7f7\" class=\"elementor-column elementor-col-25 elementor-top-column elementor-element elementor-element-7f786d8\" data-id=\"7f786d8\" data-element_type=\"column\" data-settings=\"{&quot;background_background&quot;:&quot;classic&quot;}\">\n\t\t\t<div class=\"elementor-widget-wrap\">\n\t\t\t\t\t\t\t<\/div>\n\t\t<\/div>\n\t\t\t\t<div class=\"elementor-column elementor-col-25 elementor-top-column elementor-element elementor-element-0074bd1\" data-id=\"0074bd1\" data-element_type=\"column\" data-settings=\"{&quot;background_background&quot;:&quot;classic&quot;}\">\n\t\t\t<div class=\"elementor-widget-wrap elementor-element-populated\">\n\t\t\t\t\t\t<div class=\"elementor-element elementor-element-ba5b197 nomargbottom elementor-widget elementor-widget-heading\" data-id=\"ba5b197\" data-element_type=\"widget\" data-widget_type=\"heading.default\">\n\t\t\t\t<div class=\"elementor-widget-container\">\n\t\t\t\t\t<h2 class=\"elementor-heading-title elementor-size-default\">NOTRE GAMME<\/h2>\t\t\t\t<\/div>\n\t\t\t\t<\/div>\n\t\t\t\t<div class=\"elementor-element elementor-element-3ff68ce nomargbottom elementor-widget elementor-widget-text-editor\" data-id=\"3ff68ce\" data-element_type=\"widget\" data-widget_type=\"text-editor.default\">\n\t\t\t\t<div class=\"elementor-widget-container\">\n\t\t\t\t\t\t\t\t\t<p>Notre gamme de solutions techniques saura r\u00e9pondre \u00e0 toutes vos attentes de r\u00e9novation de plages de piscine, terrasse, all\u00e9e de jardin, voie carrossable.<\/p>\t\t\t\t\t\t\t\t<\/div>\n\t\t\t\t<\/div>\n\t\t\t\t\t<\/div>\n\t\t<\/div>\n\t\t\t\t<div class=\"elementor-column elementor-col-25 elementor-top-column elementor-element elementor-element-4a0974a nomargbottom\" data-id=\"4a0974a\" data-element_type=\"column\">\n\t\t\t<div class=\"elementor-widget-wrap elementor-element-populated\">\n\t\t\t\t\t\t<section class=\"elementor-section elementor-inner-section elementor-element elementor-element-7f7313d elementor-section-full_width nomargbottom rowgal elementor-section-height-default elementor-section-height-default\" data-id=\"7f7313d\" data-element_type=\"section\">\n\t\t\t\t\t\t<div class=\"elementor-container elementor-column-gap-default\">\n\t\t\t\t\t<div class=\"elementor-column elementor-col-50 elementor-inner-column elementor-element elementor-element-e556a7b nomargbottom\" data-id=\"e556a7b\" data-element_type=\"column\">\n\t\t\t<div class=\"elementor-widget-wrap elementor-element-populated\">\n\t\t\t\t\t\t<div class=\"elementor-element elementor-element-563d084 ee-grid-align--stretch nomargbottom background-deg ee-grid-columns-3 ee-grid-columns-tablet-2 ee-grid-columns-mobile-1 ee-grid-halign--left ee-gallery-overflow-tablet--yes ee-gallery-overflow-mobile--yes elementor-widget elementor-widget-gallery-extra\" data-id=\"563d084\" data-element_type=\"widget\" data-settings=\"{&quot;columns&quot;:&quot;3&quot;,&quot;columns_tablet&quot;:&quot;2&quot;,&quot;columns_mobile&quot;:&quot;1&quot;}\" data-widget_type=\"gallery-extra.default\">\n\t\t\t\t<div class=\"elementor-widget-container\">\n\t\t\t\t\t<div class=\"ee-gallery-wrapper\">\n\t\t\t<div class=\"ee-gallery ee-grid ee-grid--gallery ee-gallery__gallery\">\n\t\t\t<div class=\"ee-gallery__item ee-grid__item elementor-repeater-item-89917aa ee-grid__item--custom-size\">\n\t\t\t\t<a class=\"ee-media ee-gallery__media ee-media--stretch\" href=\"\/notre-gamme\/resineo-drain\/\">\n\t\t\t\t\t<div class=\"ee-media__wrapper ee-gallery__media-wrapper\"><div class=\"ee-media__thumbnail ee-gallery__media__thumbnail\">\n\t\t\t<img decoding=\"async\" src=\"https:\/\/staging.resineo.com\/wp-content\/uploads\/2022\/04\/resineo-sol-drainant-piscine.jpg\" alt=\"resineo sol drainant piscine\" title=\"resineo sol drainant piscine\" \/>\n\t\t<\/div><div class=\"ee-media__overlay ee-gallery__media__overlay\"><\/div><figcaption class=\"ee-media__content ee-gallery__media__content\">\n\t\t\t<div class=\"wp-caption-text ee-media__content__caption ee-gallery__media__caption ee-caption ee-caption--manual\">\n\t\t\t\tR\u00e9sineo DRAIN\t\t\t<\/div>\n\t\t<\/figcaption><\/div>\n\t\t\t\t<\/a>\n\t\t\t<\/div>\n\n\t\t\n\t\t\t<div class=\"ee-gallery__item ee-grid__item elementor-repeater-item-7c7dab4 ee-grid__item--custom-size\">\n\t\t\t\t<a class=\"ee-media ee-gallery__media ee-media--stretch\" href=\"\/notre-gamme\/resineo-arbre\/\">\n\t\t\t\t\t<div class=\"ee-media__wrapper ee-gallery__media-wrapper\"><div class=\"ee-media__thumbnail ee-gallery__media__thumbnail\">\n\t\t\t<img decoding=\"async\" src=\"https:\/\/staging.resineo.com\/wp-content\/uploads\/2022\/04\/terrasse-moquette-pierre-resineo.jpg\" alt=\"terrasse moquette pierre resineo\" title=\"terrasse moquette pierre resineo\" \/>\n\t\t<\/div><div class=\"ee-media__overlay ee-gallery__media__overlay\"><\/div><figcaption class=\"ee-media__content ee-gallery__media__content\">\n\t\t\t<div class=\"wp-caption-text ee-media__content__caption ee-gallery__media__caption ee-caption ee-caption--manual\">\n\t\t\t\tR\u00e9sineo ARBRE\t\t\t<\/div>\n\t\t<\/figcaption><\/div>\n\t\t\t\t<\/a>\n\t\t\t<\/div>\n\n\t\t<\/div>\n\t\t<\/div>\t\t\t\t<\/div>\n\t\t\t\t<\/div>\n\t\t\t\t\t<\/div>\n\t\t<\/div>\n\t\t\t\t<div class=\"elementor-column elementor-col-50 elementor-inner-column elementor-element elementor-element-194762d nomargbottom\" data-id=\"194762d\" data-element_type=\"column\">\n\t\t\t<div class=\"elementor-widget-wrap elementor-element-populated\">\n\t\t\t\t\t\t<div class=\"elementor-element elementor-element-d7c5342 nomargbottom background-deg ee-grid-columns-3 ee-grid-columns-tablet-2 ee-grid-columns-mobile-1 ee-grid-halign--left ee-grid-align--top ee-gallery-overflow-tablet--yes ee-gallery-overflow-mobile--yes elementor-widget elementor-widget-gallery-extra\" data-id=\"d7c5342\" data-element_type=\"widget\" data-settings=\"{&quot;columns&quot;:&quot;3&quot;,&quot;columns_tablet&quot;:&quot;2&quot;,&quot;columns_mobile&quot;:&quot;1&quot;}\" data-widget_type=\"gallery-extra.default\">\n\t\t\t\t<div class=\"elementor-widget-container\">\n\t\t\t\t\t<div class=\"ee-gallery-wrapper\">\n\t\t\t<div class=\"ee-gallery ee-grid ee-grid--gallery ee-gallery__gallery\">\n\t\t\t<div class=\"ee-gallery__item ee-grid__item elementor-repeater-item-bf997b2 ee-grid__item--custom-size\">\n\t\t\t\t<figure class=\"ee-media ee-gallery__media ee-media--stretch\">\n\t\t\t\t\t<div class=\"ee-media__wrapper ee-gallery__media-wrapper\"><div class=\"ee-media__thumbnail ee-gallery__media__thumbnail\">\n\t\t\t<img decoding=\"async\" src=\"https:\/\/staging.resineo.com\/wp-content\/uploads\/2022\/04\/resineo-moquette-pierre-piscine-1.jpg\" alt=\"resineo moquette pierre piscine (1)\" title=\"resineo moquette pierre piscine (1)\" \/>\n\t\t<\/div><div class=\"ee-media__overlay ee-gallery__media__overlay\"><\/div><figcaption class=\"ee-media__content ee-gallery__media__content\">\n\t\t\t<div class=\"wp-caption-text ee-media__content__caption ee-gallery__media__caption ee-caption ee-caption--manual\">\n\t\t\t\tPlages de piscine\t\t\t<\/div>\n\t\t<\/figcaption><\/div>\n\t\t\t\t<\/figure>\n\t\t\t<\/div>\n\n\t\t\n\t\t\t<div class=\"ee-gallery__item ee-grid__item elementor-repeater-item-24f2fec ee-grid__item--custom-size\">\n\t\t\t\t<a class=\"ee-media ee-gallery__media ee-media--stretch\" href=\"\/notre-gamme\/resineo-grip\/\">\n\t\t\t\t\t<div class=\"ee-media__wrapper ee-gallery__media-wrapper\"><div class=\"ee-media__thumbnail ee-gallery__media__thumbnail\">\n\t\t\t<img decoding=\"async\" src=\"https:\/\/staging.resineo.com\/wp-content\/uploads\/2022\/04\/resineo-marbre-resine-allee-carrossable-1.jpg\" alt=\"resineo marbre resine allee carrossable entree de garage\" title=\"All\u00e9e carrossable R\u00e9sineo\" \/>\n\t\t<\/div><div class=\"ee-media__overlay ee-gallery__media__overlay\"><\/div><\/div>\n\t\t\t\t<\/a>\n\t\t\t<\/div>\n\n\t\t\n\t\t\t<div class=\"ee-gallery__item ee-grid__item elementor-repeater-item-f3d987e ee-grid__item--custom-size\">\n\t\t\t\t<a class=\"ee-media ee-gallery__media ee-media--stretch\" href=\"\/notre-gamme\/resineo-renov\/\">\n\t\t\t\t\t<div class=\"ee-media__wrapper ee-gallery__media-wrapper\"><div class=\"ee-media__thumbnail ee-gallery__media__thumbnail\">\n\t\t\t<img decoding=\"async\" src=\"https:\/\/staging.resineo.com\/wp-content\/uploads\/2019\/03\/gamme-resineo-renov.jpg\" alt=\"R\u00e9sineo RENOV\" title=\"gamme-resineo-renov\" \/>\n\t\t<\/div><div class=\"ee-media__overlay ee-gallery__media__overlay\"><\/div><figcaption class=\"ee-media__content ee-gallery__media__content\">\n\t\t\t<div class=\"wp-caption-text ee-media__content__caption ee-gallery__media__caption ee-caption ee-caption--manual\">\n\t\t\t\tR\u00e9sineo RENOV\t\t\t<\/div>\n\t\t<\/figcaption><\/div>\n\t\t\t\t<\/a>\n\t\t\t<\/div>\n\n\t\t<\/div>\n\t\t<\/div>\t\t\t\t<\/div>\n\t\t\t\t<\/div>\n\t\t\t\t<div class=\"elementor-element elementor-element-3a4932a ee-grid-halign--center ee-grid-align--middle nomargbottom background-deg ee-grid-columns-2 ee-grid-columns-tablet-2 ee-grid-columns-mobile-1 ee-gallery-overflow-tablet--yes ee-gallery-overflow-mobile--yes elementor-widget elementor-widget-gallery-extra\" data-id=\"3a4932a\" data-element_type=\"widget\" data-settings=\"{&quot;columns&quot;:&quot;2&quot;,&quot;columns_tablet&quot;:&quot;2&quot;,&quot;columns_mobile&quot;:&quot;1&quot;}\" data-widget_type=\"gallery-extra.default\">\n\t\t\t\t<div class=\"elementor-widget-container\">\n\t\t\t\t\t<div class=\"ee-gallery-wrapper\">\n\t\t\t<div class=\"ee-gallery ee-grid ee-grid--gallery ee-gallery__gallery\">\n\t\t\t<div class=\"ee-gallery__item ee-grid__item elementor-repeater-item-69a8a20 ee-grid__item--custom-size\">\n\t\t\t\t<a class=\"ee-media ee-gallery__media ee-media--stretch\" href=\"\/notre-gamme\/resineo-jeux\/\">\n\t\t\t\t\t<div class=\"ee-media__wrapper ee-gallery__media-wrapper\"><div class=\"ee-media__thumbnail ee-gallery__media__thumbnail\">\n\t\t\t<img decoding=\"async\" src=\"https:\/\/staging.resineo.com\/wp-content\/uploads\/2022\/04\/sol-carrossable-Camping-Le-Ruisseau.jpg\" alt=\"sol carrossable camping le ruisseau\" title=\"sol carrossable camping le ruisseau\" \/>\n\t\t<\/div><div class=\"ee-media__overlay ee-gallery__media__overlay\"><\/div><figcaption class=\"ee-media__content ee-gallery__media__content\">\n\t\t\t<div class=\"wp-caption-text ee-media__content__caption ee-gallery__media__caption ee-caption ee-caption--manual\">\n\t\t\t\tR\u00e9sineo JEUX\t\t\t<\/div>\n\t\t<\/figcaption><\/div>\n\t\t\t\t<\/a>\n\t\t\t<\/div>\n\n\t\t<\/div>\n\t\t<\/div>\t\t\t\t<\/div>\n\t\t\t\t<\/div>\n\t\t\t\t\t<\/div>\n\t\t<\/div>\n\t\t\t\t\t<\/div>\n\t\t<\/section>\n\t\t\t\t\t<\/div>\n\t\t<\/div>\n\t\t\t\t<div class=\"elementor-column elementor-col-25 elementor-top-column elementor-element elementor-element-92a7198\" data-id=\"92a7198\" data-element_type=\"column\">\n\t\t\t<div class=\"elementor-widget-wrap\">\n\t\t\t\t\t\t\t<\/div>\n\t\t<\/div>\n\t\t\t\t\t<\/div>\n\t\t<\/section>\n\t\t\t\t<section data-dce-background-image-url=\"https:\/\/staging.resineo.com\/wp-content\/uploads\/2019\/01\/bg-top-footer.jpg\" class=\"elementor-section elementor-top-section elementor-element elementor-element-857d3f7 elementor-section-full_width elementor-section-height-default elementor-section-height-default\" data-id=\"857d3f7\" data-element_type=\"section\" data-settings=\"{&quot;background_background&quot;:&quot;classic&quot;}\">\n\t\t\t\t\t\t<div class=\"elementor-container elementor-column-gap-default\">\n\t\t\t\t\t<div class=\"elementor-column elementor-col-25 elementor-top-column elementor-element elementor-element-2e5c8dc col-5-1025\" data-id=\"2e5c8dc\" data-element_type=\"column\">\n\t\t\t<div class=\"elementor-widget-wrap\">\n\t\t\t\t\t\t\t<\/div>\n\t\t<\/div>\n\t\t\t\t<div class=\"elementor-column elementor-col-25 elementor-top-column elementor-element elementor-element-6668693 col-45-1025 borderdesktop\" data-id=\"6668693\" data-element_type=\"column\">\n\t\t\t<div class=\"elementor-widget-wrap elementor-element-populated\">\n\t\t\t\t\t\t<div class=\"elementor-element elementor-element-fea9af4 nomargbottom elementor-widget elementor-widget-text-editor\" data-id=\"fea9af4\" data-element_type=\"widget\" data-widget_type=\"text-editor.default\">\n\t\t\t\t<div class=\"elementor-widget-container\">\n\t\t\t\t\t\t\t\t\t<p>Pour suivre l&#8217;actualit\u00e9 de<span style=\"color: #9c8863;\"> R\u00e9sineo<\/span><\/p>\t\t\t\t\t\t\t\t<\/div>\n\t\t\t\t<\/div>\n\t\t\t\t<div class=\"elementor-element elementor-element-f6eaf59 nomargbottom elementor-widget elementor-widget-text-editor\" data-id=\"f6eaf59\" data-element_type=\"widget\" data-widget_type=\"text-editor.default\">\n\t\t\t\t<div class=\"elementor-widget-container\">\n\t\t\t\t\t\t\t\t\tInscrivez-vous \u00e0 notre Newsletter\t\t\t\t\t\t\t\t<\/div>\n\t\t\t\t<\/div>\n\t\t\t\t<div class=\"elementor-element elementor-element-64c6621 nomargbottom elementor-widget elementor-widget-spacer\" data-id=\"64c6621\" data-element_type=\"widget\" data-widget_type=\"spacer.default\">\n\t\t\t\t<div class=\"elementor-widget-container\">\n\t\t\t\t\t\t\t<div class=\"elementor-spacer\">\n\t\t\t<div class=\"elementor-spacer-inner\"><\/div>\n\t\t<\/div>\n\t\t\t\t\t\t<\/div>\n\t\t\t\t<\/div>\n\t\t\t\t<div class=\"elementor-element elementor-element-1f224d6 nomargbottom inscription-news elementor-widget elementor-widget-text-editor\" data-id=\"1f224d6\" data-element_type=\"widget\" data-widget_type=\"text-editor.default\">\n\t\t\t\t<div class=\"elementor-widget-container\">\n\t\t\t\t\t\t\t\t\t<p><\/p>\t\t\t\t\t\t\t\t<\/div>\n\t\t\t\t<\/div>\n\t\t\t\t\t<\/div>\n\t\t<\/div>\n\t\t\t\t<div class=\"elementor-column elementor-col-25 elementor-top-column elementor-element elementor-element-cbb2487 col-45-1025\" data-id=\"cbb2487\" data-element_type=\"column\">\n\t\t\t<div class=\"elementor-widget-wrap elementor-element-populated\">\n\t\t\t\t\t\t<div class=\"elementor-element elementor-element-84b0755 nomargbottom elementor-widget elementor-widget-text-editor\" data-id=\"84b0755\" data-element_type=\"widget\" data-widget_type=\"text-editor.default\">\n\t\t\t\t<div class=\"elementor-widget-container\">\n\t\t\t\t\t\t\t\t\t<p>Vous avez un projet ?<\/p>\t\t\t\t\t\t\t\t<\/div>\n\t\t\t\t<\/div>\n\t\t\t\t<div class=\"elementor-element elementor-element-95e3c57 nomargbottom elementor-widget elementor-widget-text-editor\" data-id=\"95e3c57\" data-element_type=\"widget\" data-widget_type=\"text-editor.default\">\n\t\t\t\t<div class=\"elementor-widget-container\">\n\t\t\t\t\t\t\t\t\t<p>Demandez votre devis gratuit !<\/p>\t\t\t\t\t\t\t\t<\/div>\n\t\t\t\t<\/div>\n\t\t\t\t<div class=\"elementor-element elementor-element-3ad8ddb elementor-align-center elementor-widget elementor-widget-button\" data-id=\"3ad8ddb\" data-element_type=\"widget\" data-widget_type=\"button.default\">\n\t\t\t\t<div class=\"elementor-widget-container\">\n\t\t\t\t\t\t\t\t\t<div class=\"elementor-button-wrapper\">\n\t\t\t\t\t<a class=\"elementor-button elementor-button-link elementor-size-sm elementor-animation-shrink\" href=\"\/demande-de-devis\/\">\n\t\t\t\t\t\t<span class=\"elementor-button-content-wrapper\">\n\t\t\t\t\t\t\t\t\t<span class=\"elementor-button-text\">CONTACTEZ-NOUS<\/span>\n\t\t\t\t\t<\/span>\n\t\t\t\t\t<\/a>\n\t\t\t\t<\/div>\n\t\t\t\t\t\t\t\t<\/div>\n\t\t\t\t<\/div>\n\t\t\t\t\t<\/div>\n\t\t<\/div>\n\t\t\t\t<div class=\"elementor-column elementor-col-25 elementor-top-column elementor-element elementor-element-60f9d21 col-5-1025\" data-id=\"60f9d21\" data-element_type=\"column\">\n\t\t\t<div class=\"elementor-widget-wrap\">\n\t\t\t\t\t\t\t<\/div>\n\t\t<\/div>\n\t\t\t\t\t<\/div>\n\t\t<\/section>\n\t\t\t\t<\/div>\n\t\t","protected":false},"excerpt":{"rendered":"<p>NOTRE GAMME [seopress_breadcrumbs] NOTRE GAMME Notre gamme de solutions techniques saura r\u00e9pondre \u00e0 toutes vos attentes de r\u00e9novation de plages de piscine, terrasse, all\u00e9e de jardin, voie carrossable. R\u00e9sineo DRAIN R\u00e9sineo ARBRE Plages de piscine R\u00e9sineo GRIP R\u00e9sineo RENOV R\u00e9sineo JEUX Pour suivre l&#8217;actualit\u00e9 de R\u00e9sineo Inscrivez-vous \u00e0 notre Newsletter Vous avez un projet ? [&hellip;]<\/p>\n","protected":false},"author":1,"featured_media":0,"parent":0,"menu_order":4,"comment_status":"closed","ping_status":"closed","template":"elementor_header_footer","meta":{"footnotes":""},"class_list":["post-18247","page","type-page","status-publish","hentry","entry"],"_links":{"self":[{"href":"https:\/\/staging.resineo.com\/es\/wp-json\/wp\/v2\/pages\/18247","targetHints":{"allow":["GET"]}}],"collection":[{"href":"https:\/\/staging.resineo.com\/es\/wp-json\/wp\/v2\/pages"}],"about":[{"href":"https:\/\/staging.resineo.com\/es\/wp-json\/wp\/v2\/types\/page"}],"author":[{"embeddable":true,"href":"https:\/\/staging.resineo.com\/es\/wp-json\/wp\/v2\/users\/1"}],"replies":[{"embeddable":true,"href":"https:\/\/staging.resineo.com\/es\/wp-json\/wp\/v2\/comments?post=18247"}],"version-history":[{"count":0,"href":"https:\/\/staging.resineo.com\/es\/wp-json\/wp\/v2\/pages\/18247\/revisions"}],"wp:attachment":[{"href":"https:\/\/staging.resineo.com\/es\/wp-json\/wp\/v2\/media?parent=18247"}],"curies":[{"name":"wp","href":"https:\/\/api.w.org\/{rel}","templated":true}]}}