{"id":1002,"date":"2019-09-06T07:54:40","date_gmt":"2019-09-06T07:54:40","guid":{"rendered":"https:\/\/staging.resineo.com\/guides\/revetement-resine\/moquette-pierre\/"},"modified":"2020-09-21T11:59:44","modified_gmt":"2020-09-21T11:59:44","slug":"moquette-pierre","status":"publish","type":"page","link":"https:\/\/staging.resineo.com\/guides\/be\/revetement-resine\/moquette-pierre\/","title":{"rendered":"Moquette de pierre"},"content":{"rendered":"\n<p><p><span style=\"font-weight: 400;\">Savez-vous pr\u00e9cis\u00e9ment ce qu\u2019est une <\/span><b>moquette de pierre<\/b><span style=\"font-weight: 400;\"> ?<\/span><\/p><\/p>\n\n\n\n<p><p><span style=\"font-weight: 400;\">Il s\u2019agit d\u2019un agglom\u00e9rat de morceaux de quartz ou de marbre solidifi\u00e9s \u00e0 l\u2019aide d\u2019une <a href=\"https:\/\/staging.resineo.com\/guides\/be\/revetement-resine\/\">r\u00e9sine<\/a> \u00e0 base de polyur\u00e9thane. Ce m\u00e9lange donne des rev\u00eatements de sols \u00e0 la fois durs et drainants, qui permettent de couvrir tous types de surfaces. <\/span><\/p><\/p>\n\n\n\n<figure class=\"wp-block-image\"><img fetchpriority=\"high\" decoding=\"async\" width=\"650\" height=\"488\" src=\"https:\/\/staging.resineo.com\/guides\/wp-content\/uploads\/sites\/2\/2019\/10\/revetement-granulat-bord-pisicne.jpg\" alt=\"Revetement Granulat Bord Pisicne\" class=\"wp-image-1241\" srcset=\"https:\/\/staging.resineo.com\/guides\/wp-content\/uploads\/sites\/2\/2019\/10\/revetement-granulat-bord-pisicne.jpg 650w, https:\/\/staging.resineo.com\/guides\/wp-content\/uploads\/sites\/2\/2019\/10\/revetement-granulat-bord-pisicne-300x225.jpg 300w\" sizes=\"(max-width: 650px) 100vw, 650px\" \/><\/figure>\n\n\n\n<p><p><span style=\"font-weight: 400;\">Principalement utilis\u00e9e pour \u00e9quiper une terrasse, une all\u00e9e de garage (carrossable) ou de jardin, des places publiques, voire m\u00eame pour la construction d\u2019une plage de piscine, la moquette de pierre est rev\u00eatement qui saura s&rsquo;adapter de nombreuses applications.<\/span><\/p><\/p>\n\n\n\n<p><p><span style=\"font-weight: 400;\">Sa r\u00e9sistance et son esth\u00e9tique en font un mat\u00e9riau id\u00e9al \u00e0 l\u2019heure de mener \u00e0 bien un projet de construction ou de r\u00e9novation.<\/span><\/p><\/p>\n\n\n\n<p><p><span style=\"font-weight: 400;\">Quelles sont ses propri\u00e9t\u00e9s ? Quels types de travaux suppose son installation ? Quels avantages tire-t-on d\u2019un rev\u00eatement de sol de ce type ?<\/span><\/p><\/p>\n\n\n\n<h2 class=\"wp-block-heading\"><p><span style=\"font-weight: 400;\">Quels sont les \u00e9l\u00e9ments qui entrent dans la composition d\u2019une moquette de pierre ?<\/span><\/p><\/h2>\n\n\n\n<p><p><span style=\"font-weight: 400;\">Chaque \u00e9l\u00e9ment qui la compose est s\u00e9lectionn\u00e9 pour sa qualit\u00e9 et les propri\u00e9t\u00e9s qu\u2019il conf\u00e8re \u00e0 l\u2019ensemble.<\/span><\/p><\/p>\n\n\n\n<div class=\"wp-block-uagb-marketing-button uagb-marketing-btn__outer-wrap uagb-marketing-btn__align-center uagb-marketing-btn__align-text-center uagb-marketing-btn__icon-after uagb-block-936f2c21\"><div class=\"uagb-marketing-btn__wrap\"><a href=\"https:\/\/staging.resineo.com\/be\/moquette-de-pierre\/\" class=\"uagb-marketing-btn__link\" target=\"\" rel=\"noopener noreferrer\"><div class=\"uagb-marketing-btn__title-wrap\"><div class=\"uagb-marketing-btn__icon-wrap\"><svg xmlns=\"http:\/\/www.w3.org\/2000\/svg\" viewbox=\"0 0 448 512\"><path d=\"M190.5 66.9l22.2-22.2c9.4-9.4 24.6-9.4 33.9 0L441 239c9.4 9.4 9.4 24.6 0 33.9L246.6 467.3c-9.4 9.4-24.6 9.4-33.9 0l-22.2-22.2c-9.5-9.5-9.3-25 .4-34.3L311.4 296H24c-13.3 0-24-10.7-24-24v-32c0-13.3 10.7-24 24-24h287.4L190.9 101.2c-9.8-9.3-10-24.8-.4-34.3z\"><\/path><\/svg><\/div><h6 class=\"uagb-marketing-btn__title\">La Moquette de Pierre<\/h6><\/div><div class=\"uagb-marketing-btn__prefix-wrap\"><p class=\"uagb-marketing-btn__prefix\">D\u00e9couvrez nos solutions<\/p><\/div><\/a><\/div><\/div>\n\n\n\n<h3 class=\"wp-block-heading\"><p><span style=\"font-weight: 400;\">Les pierres<\/span><\/p><\/h3>\n\n\n\n<p><p><span style=\"font-weight: 400;\">Tout d\u2019abord, les min\u00e9raux utilis\u00e9s pour composer ce rev\u00eatement sont s\u00e9lectionn\u00e9s selon plusieurs crit\u00e8res : <\/span><\/p><\/p>\n\n\n\n<ul class=\"wp-block-list\"><li style=\"font-weight: 400;\"><p><span style=\"font-weight: 400;\">La duret\u00e9 : Le quartz et le marbre qui entrent dans la composition de ce mat\u00e9riau sont des pierres naturelles tr\u00e8s dures et tr\u00e8s r\u00e9sistantes. Elles garantissent une excellente tenue dans le temps, m\u00eame lorsque l\u2019espace \u00e9quip\u00e9 devra subir des passages r\u00e9p\u00e9t\u00e9s.<\/span><\/p><\/li><li style=\"font-weight: 400;\"><p><span style=\"font-weight: 400;\">Leurs couleurs : Selon les coloris auxquels le rev\u00eatement devra \u00eatre associ\u00e9, il est possible de choisir parmi une large palette qui garantira de trouver le ton le plus adapt\u00e9.<\/span><\/p><\/li><li style=\"font-weight: 400;\"><p><span style=\"font-weight: 400;\">Des granulats de qualit\u00e9 : un granulat min\u00e9ral utilis\u00e9 dans ces conditions doit \u00eatre pr\u00e9par\u00e9 en amont. Les pierres seront \u00ab roul\u00e9es \u00bb afin d\u2019en supprimer les ar\u00eates saillantes et les rendre agr\u00e9ables au toucher. Le quartz et le marbre supportent parfaitement ce traitement.<\/span><\/p><\/li><\/ul>\n\n\n\n<p><p><b>A noter<\/b><span style=\"font-weight: 400;\"> : <\/span><i><span style=\"font-weight: 400;\">Le granulat min\u00e9ral est s\u00e9lectionn\u00e9 en fonction de la taille des morceaux de pierre qui le constituent. C\u2019est la granulom\u00e9trie de ces granulats qui permet d\u2019obtenir des sols drainants, gr\u00e2ce \u00e0 la structure alv\u00e9ol\u00e9e qu\u2019ils cr\u00e9ent.<\/span><\/i><\/p><\/p>\n\n\n\n<h3 class=\"wp-block-heading\"><p><span style=\"font-weight: 400;\">Les r\u00e9sines<\/span><\/p><\/h3>\n\n\n\n<p><p><span style=\"font-weight: 400;\">Deux types de r\u00e9sine sont utilis\u00e9es pour l\u2019installation d\u2019une moquette de pierre : <\/span><\/p><\/p>\n\n\n\n<ul class=\"wp-block-list\"><li style=\"font-weight: 400;\"><p><span style=\"font-weight: 400;\">La r\u00e9sine \u00e9poxy : Elle est appliqu\u00e9e sur le support qui accueillera le rev\u00eatement final. Elle sert de primaire d\u2019accrochage pour optimiser la tenue du rev\u00eatement.<\/span><\/p><\/li><li style=\"font-weight: 400;\"><p><span style=\"font-weight: 400;\">La r\u00e9sine polyur\u00e9thane : C\u2019est elle qui joue le r\u00f4le de liant des particules qui composent le granulat min\u00e9ral. Elle joue \u00e9galement le r\u00f4le de protection anti-UV, permettant de conserver les couleurs intactes, m\u00eame lorsque le rev\u00eatement est plac\u00e9 dans une zone expos\u00e9e au soleil direct. C\u2019est sa r\u00e9sistance qui rend ce mat\u00e9riau facile \u00e0 nettoyer.<\/span><\/p><\/li><\/ul>\n\n\n\n<p><p><span style=\"font-weight: 400;\">L\u2019utilisation de composants de qualit\u00e9 est primordiale pour s\u2019assurer de la durabilit\u00e9 et des propri\u00e9t\u00e9s techniques de la moquette de pierre.<\/span><\/p><\/p>\n\n\n\n<figure class=\"wp-block-image\"><img decoding=\"async\" width=\"650\" height=\"407\" src=\"https:\/\/staging.resineo.com\/guides\/wp-content\/uploads\/sites\/2\/2019\/10\/revetement-sol-ext\u00e9rieur-resineo-drain-allee.jpg\" alt=\"Revetement Sol Ext\u00e9rieur Resineo Drain Allee\" class=\"wp-image-969\" srcset=\"https:\/\/staging.resineo.com\/guides\/wp-content\/uploads\/sites\/2\/2019\/10\/revetement-sol-ext\u00e9rieur-resineo-drain-allee.jpg 650w, https:\/\/staging.resineo.com\/guides\/wp-content\/uploads\/sites\/2\/2019\/10\/revetement-sol-ext\u00e9rieur-resineo-drain-allee-300x188.jpg 300w\" sizes=\"(max-width: 650px) 100vw, 650px\" \/><\/figure>\n\n\n\n<h2 class=\"wp-block-heading\"><p><span style=\"font-weight: 400;\">Quelles sont les propri\u00e9t\u00e9s techniques de la r\u00e9sine de pierre ?<\/span><\/p><\/h2>\n\n\n\n<p><p><span style=\"font-weight: 400;\">Ce mat\u00e9riau est appr\u00e9ci\u00e9 pour plusieurs facteurs, qui en font un \u00e9quipement \u00e0 la fois durable et s\u00fbr.<\/span><\/p><\/p>\n\n\n\n<h3 class=\"wp-block-heading\"><p><span style=\"font-weight: 400;\">La r\u00e9sistance <\/span><\/p><\/h3>\n\n\n\n<p><p><span style=\"font-weight: 400;\">La combinaison granulat\/r\u00e9sine donne \u00e0 ce produit une r\u00e9sistance \u00e0 toute \u00e9preuve. Face aux intemp\u00e9ries, \u00e0 l\u2019usure m\u00e9canique provoqu\u00e9e par des passages r\u00e9p\u00e9t\u00e9s, ou aux agressions dues au soleil, la moquette de pierre reste parfaitement intacte. Elle est con\u00e7ue pour r\u00e9sister des d\u00e9cennies sans avoir \u00e0 \u00eatre retouch\u00e9e au fil du temps.<\/span><\/p><\/p>\n\n\n\n<h3 class=\"wp-block-heading\"><p><span style=\"font-weight: 400;\">Son pouvoir drainant<\/span><\/p><\/h3>\n\n\n\n<p><p><span style=\"font-weight: 400;\">Sa structure permet aux eaux de pluie de transiter au travers de l\u2019\u00e9paisseur de tout le rev\u00eatement, \u00e9vitant ainsi la stagnation et l\u2019apparition de flaques. Pour \u00e9quiper <a href=\"https:\/\/staging.resineo.com\/guides\/be\/revetement-resine\/sol-piscine\/\">les abords d\u2019une piscine<\/a>, ou une voie carrossable, ce point est d\u00e9terminant. Capable de drainer jusqu\u2019\u00e0 50 litres d\u2019eau par seconde et par m\u00b2, elle \u00e9vite ainsi les d\u00e9sagr\u00e9ments li\u00e9s \u00e0 des pr\u00e9cipitations abondantes, ou des \u00e9claboussures r\u00e9p\u00e9t\u00e9es.<\/span><\/p><\/p>\n\n\n\n<h3 class=\"wp-block-heading\"><p><span style=\"font-weight: 400;\">Un rev\u00eatement anti-glissant \/ antid\u00e9rapant<\/span> qui \u00e9vite l\u2019aquaplaning<\/p><\/h3>\n\n\n\n<p><p><span style=\"font-weight: 400;\">C\u2019est pr\u00e9cis\u00e9ment gr\u00e2ce \u00e0 son pouvoir drainant que la surface de la moquette de pierre reste praticable en toute circonstance. Pour \u00e9quiper un espace public, une voie carrossable, une piste cyclable, ou les abords d\u2019une piscine, ce produit est id\u00e9al afin de garantir la s\u00e9curit\u00e9 des usagers. <\/span>M\u00eame s&rsquo;il n&rsquo;est pas antid\u00e9rapant, il limite le risque de glissade en \u00e9vitant les eaux stagnantes.<\/p><\/p>\n\n\n\n<h2 class=\"wp-block-heading\"><p><span style=\"font-weight: 400;\">Comment la moquette de pierre doit-elle \u00eatre install\u00e9e ?<\/span><\/p><\/h2>\n\n\n\n<p><p><span style=\"font-weight: 400;\">Avant toute chose, il est important de souligner qu\u2019il est recommand\u00e9 de confier l\u2019ex\u00e9cution des travaux de pose \u00e0 une entreprise habilit\u00e9e \u00e0 travailler ce type de produit. Il est n\u00e9cessaire de parfaitement ma\u00eetriser l\u2019ensemble des contraintes techniques \u00e0 respecter, afin que la <a href=\"https:\/\/staging.resineo.com\/guides\/be\/revetement-resine\/tapis-de-pierre\/\">moquette de pierre<\/a> soit efficace et durable.<\/span><\/p><\/p>\n\n\n\n<h3 class=\"wp-block-heading\"><p><span style=\"font-weight: 400;\">Sur quel support l\u2019appliquer ?<\/span><\/p><\/h3>\n\n\n\n<p><p><span style=\"font-weight: 400;\">Un des avantages de ce produit, c\u2019est sa capacit\u00e9 \u00e0 s\u2019adapter \u00e0 diff\u00e9rentes configurations. Il est ainsi possible de profiter de supports existants afin de les recouvrir et de s\u2019assurer de la stabilit\u00e9 de l\u2019ensemble : <\/span><\/p><\/p>\n\n\n\n<ul class=\"wp-block-list\"><li style=\"font-weight: 400;\"><p><span style=\"font-weight: 400;\">Carrelage.<\/span><\/p><\/li><li style=\"font-weight: 400;\"><p><span style=\"font-weight: 400;\">Gravier non trait\u00e9.<\/span><\/p><\/li><li style=\"font-weight: 400;\"><p><span style=\"font-weight: 400;\">Dalle de b\u00e9ton.<\/span><\/p><\/li><li style=\"font-weight: 400;\"><p><span style=\"font-weight: 400;\">Dalles de pierres naturelles.<\/span><\/p><\/li><\/ul>\n\n\n\n<p><p><span style=\"font-weight: 400;\">Voil\u00e0 autant de mat\u00e9riaux qui pourront \u00eatre recouverts, \u00e0 condition qu\u2019ils soient pr\u00e9par\u00e9s pour recevoir le rev\u00eatement final.<\/span><\/p><\/p>\n\n\n\n<p><p><span style=\"font-weight: 400;\">Le sol de base devra \u00eatre parfaitement stable et on devra en v\u00e9rifier l\u2019\u00e9tat. Il peut s\u2019av\u00e9rer n\u00e9cessaire d\u2019effectuer des r\u00e9parations pr\u00e9alables \u00e0 la pose. En cas de fissures ou zones endommag\u00e9es, on effectuera un ragr\u00e9age pour ensuite pr\u00e9parer la surface.<\/span><\/p><\/p>\n\n\n\n<p><p><b>A noter<\/b><span style=\"font-weight: 400;\"> : <\/span><i><span style=\"font-weight: 400;\">Si le sol est \u00e9quip\u00e9 d\u2019un produit en bois (lames, caillebotis), il faudra retirer cette ouverture pour atteindre un support stable.<\/span><\/i><\/p><\/p>\n\n\n\n<p><p><span style=\"font-weight: 400;\">Dans le cadre d\u2019une pose sur gravier, il est imp\u00e9ratif que ce dernier soit parfaitement stable et tass\u00e9. Si ce n\u2019\u00e9tait pas le cas, un compactage serait n\u00e9cessaire afin de garantir sa stabilit\u00e9 et son homog\u00e9n\u00e9it\u00e9.<\/span><\/p><\/p>\n\n\n\n<p><p><span style=\"font-weight: 400;\">Une fois le support pr\u00eat, il faut l\u2019enduire de r\u00e9sine \u00e9poxy sur toute sa surface. Ce primaire d\u2019accrochage est n\u00e9cessaire \u00e0 la bonne adh\u00e9rence du rev\u00eatement final. Sa dur\u00e9e de s\u00e9chage est d\u2019environ 24 heures dans des conditions correctes (temps sec et temp\u00e9rature moyenne). Pass\u00e9 ce d\u00e9lai, on peut continuer les travaux d\u2019installation.<\/span><\/p><\/p>\n\n\n\n<p><p><span style=\"font-weight: 400;\">Il faudra d\u00e9limiter la zone \u00e0 \u00e9quiper \u00e0 l\u2019aide de r\u00e9glettes en aluminium, qui permettront de retenir le granulat pendant la pose, en plus d\u2019assurer des finitions impeccables. C\u2019est \u00e9galement \u00e0 cette \u00e9tape qu\u2019il est possible d\u2019installer des luminaires qui seront ensuite pris dans le rev\u00eatement.<\/span><\/p><\/p>\n\n\n\n<p><p><span style=\"font-weight: 400;\">On pr\u00e9parera ensuite l\u2019agglom\u00e9rat dans un malaxeur puis on l\u2019\u00e9talera de fa\u00e7on homog\u00e8ne sur toute la surface \u00e0 \u00e9quiper. Il est important que toute la surface soit correctement liss\u00e9e. L\u2019aspect d\u00e9coratif de ces rev\u00eatements en d\u00e9pend, mais \u00e9galement l\u2019aspect pratique. Pour une <a href=\"https:\/\/staging.resineo.com\/guides\/be\/revetement-resine\/terrasse-exterieure\/\">terrasse ext\u00e9rieure<\/a> par exemple, rien n\u2019est plus d\u00e9sagr\u00e9able qu\u2019une surface pr\u00e9sentant des asp\u00e9rit\u00e9s g\u00eanant l\u2019\u00e9quilibre d\u2019une table ou d\u2019une chaise par exemple. Il est donc primordial que cette \u00e9tape soit particuli\u00e8rement soign\u00e9e.<\/span><\/p><\/p>\n\n\n\n<p><p><span style=\"font-weight: 400;\">Une fois l\u2019ensemble termin\u00e9 et bien solidifi\u00e9, il est possible d\u2019y appliquer une couche de r\u00e9sine polyur\u00e9thane de finition, afin de cr\u00e9er une protection suppl\u00e9mentaire. Selon l\u2019exposition et la fonction de la zone (voie carrossable par exemple), elle pourra s\u2019av\u00e9rer n\u00e9cessaire afin de renforcer la r\u00e9sistance de l\u2019ensemble.<\/span><\/p><\/p>\n\n\n\n<figure class=\"wp-block-image\"><img decoding=\"async\" width=\"650\" height=\"433\" src=\"https:\/\/staging.resineo.com\/guides\/wp-content\/uploads\/sites\/2\/2019\/10\/sol-exterieur-revetement-granulat.jpg\" alt=\"Sol Exterieur Revetement Granulat\" class=\"wp-image-1244\" srcset=\"https:\/\/staging.resineo.com\/guides\/wp-content\/uploads\/sites\/2\/2019\/10\/sol-exterieur-revetement-granulat.jpg 650w, https:\/\/staging.resineo.com\/guides\/wp-content\/uploads\/sites\/2\/2019\/10\/sol-exterieur-revetement-granulat-300x200.jpg 300w\" sizes=\"(max-width: 650px) 100vw, 650px\" \/><\/figure>\n\n\n\n<h2 class=\"wp-block-heading\"><p><span style=\"font-weight: 400;\">Comment assurer l\u2019entretien de ces rev\u00eatements ?<\/span><\/p><\/h2>\n\n\n\n<p><p><span style=\"font-weight: 400;\">Compte tenu de la r\u00e9sistance de ces produits et de leur pouvoir drainant, leur surface ne se salit que tr\u00e8s peu. La r\u00e9sine prot\u00e8ge efficacement des impuret\u00e9s, tandis que le granulat roul\u00e9 n\u2019offre que peu de surface d\u2019accrochage aux salissures.<\/span><\/p><\/p>\n\n\n\n<p><p><span style=\"font-weight: 400;\">Un nettoyage occasionnel \u00e0 l\u2019aide d\u2019un jet d&rsquo;eau suffit \u00e0 redonner tout son \u00e9clat au mat\u00e9riau. Les couleurs sont raviv\u00e9es, tandis que le granulat et la r\u00e9sine reste parfaitement intacts et efficaces. Il est possible d\u2019appliquer un produit une fois par an \u00e0 l\u2019aide d\u2019une brosse pour s\u2019assurer de chasser les moindres poussi\u00e8res et retrouver une surface \u00e9clatante comme au premier jour.<\/span><\/p><\/p>\n\n\n\n<p><p><span style=\"font-weight: 400;\">Compte tenu de l\u2019aspect d\u00e9coratif de la moquette de pierre, il est important qu\u2019elle puisse \u00eatre longtemps conserv\u00e9e dans son \u00e9tat d\u2019origine. Et c\u2019est exactement ce que permet sa durabilit\u00e9. C\u2019est d\u2019ailleurs ce qui en fait un rev\u00eatement de choix pour \u00e9quiper terrasses, <a href=\"https:\/\/staging.resineo.com\/guides\/be\/revetement-resine\/allee-carrossable\/\">all\u00e9es carrossables<\/a> et plages de piscine. Malgr\u00e9 les passages r\u00e9p\u00e9t\u00e9s et les ann\u00e9es, l\u2019ensemble reste tout aussi efficace que d\u00e9coratif.<\/span><\/p><\/p>\n\n\n\n<h2 class=\"wp-block-heading\"><p><span style=\"font-weight: 400;\">Conclusion : une moquette de pierre correctement pos\u00e9e garantit s\u00e9curit\u00e9, durabilit\u00e9 et tranquillit\u00e9<\/span><\/p><\/h2>\n\n\n\n<p><p><span style=\"font-weight: 400;\">Compte tenu de ses qualit\u00e9s techniques, la moquette de pierre est un mat\u00e9riau de choix \u00e0 l\u2019heure d\u2019\u00e9quiper sa terrasse ou tout autre zone expos\u00e9e aux al\u00e9as du temps et de la m\u00e9t\u00e9o. R\u00e9sistante aux UV, aux fortes chaleurs, comme au gel, elle garantit de s\u2019\u00e9quiper de fa\u00e7on durable, sans craindre de d\u00e9gradation au fil des ann\u00e9es. Pens\u00e9s pour r\u00e9sister plusieurs d\u00e9cennies, ces produits sont adapt\u00e9s \u00e0 de nombreux usages. Pour qui envisage des travaux de r\u00e9novation, cette solution tr\u00e8s performante permet de s\u2019\u00e9quiper pour longtemps.<\/span><\/p><\/p>\n\n\n\n<p><p><span style=\"font-weight: 400;\">De plus, compte tenu de sa surface antid\u00e9rapante et de la facilit\u00e9 avec laquelle on en assure l\u2019entretien, il s\u2019agit d\u2019un mat\u00e9riau de choix pour les abords d\u2019une piscine par exemple. En plus de garantir la s\u00e9curit\u00e9 des usagers, la moquette de pierre permettra d\u2019habiller \u00e9l\u00e9gamment cette zone, en mettant en valeur le bassin et en cr\u00e9ant un d\u00e9cor qui vous ressemble.<\/span><\/p><\/p>\n\n\n\n<p><p><span style=\"font-weight: 400;\">Souvenez-vous qu\u2019il est important que la r\u00e9alisation du chantier doit \u00eatre effectu\u00e9e par une entreprise ou des professionnels habilit\u00e9s. Les propri\u00e9t\u00e9s du rev\u00eatement en d\u00e9pendent, ainsi que sa qualit\u00e9. Sa durabilit\u00e9 ne sera optimale qu\u2019\u00e0 condition que toutes les \u00e9tapes de pose aient \u00e9t\u00e9 respect\u00e9es et effectu\u00e9es correctement.<\/span> De m\u00eame, le choix des composants (r\u00e9sine et granulats) sera primordial pour garantir la durabilit\u00e9 du rev\u00eatement, tous les rev\u00eatements en moquette de pierre n&rsquo;ont pas des performances techniques \u00e9quivalentes.<\/p><\/p>\n\n\n\n<p><p><span style=\"font-weight: 400;\">Si vous cherchez une option pour la <a href=\"https:\/\/staging.resineo.com\/guides\/be\/revetement-resine\/resine-sol-exterieur\/\">r\u00e9novation de vos ext\u00e9rieurs<\/a>, int\u00e9ressez-vous \u00e0 la moquette de pierre. Elle vous permettra de cr\u00e9er des espaces qui vous ressemblent, tout en vous garantissant d\u2019\u00eatre bien \u00e9quip\u00e9 pour longtemps.<\/span><\/p><\/p>\n\n\n\n<p>Pour aller plus loin :<\/p>\n\n\n\n<ul class=\"wp-block-list\"><li><p><a href=\"https:\/\/staging.resineo.com\/guides\/be\/revetement-resine\/moquette-pierre\/avantages\/\">Avantages moquette de pierre <\/a><\/p><\/li><li><p><a href=\"https:\/\/staging.resineo.com\/guides\/be\/revetement-resine\/moquette-pierre\/entretien\/\">Entretien moquette de pierre<\/a><\/p><\/li><li><p><a href=\"https:\/\/staging.resineo.com\/guides\/be\/revetement-resine\/moquette-pierre\/choix-pierre\/\">Quelle pierre choisir pour une moquette de pierre<\/a><\/p><\/li><li><p><a href=\"https:\/\/staging.resineo.com\/guides\/be\/revetement-resine\/moquette-pierre\/fabrication\/\">Fabrication d&rsquo;une moquette de pierre<\/a><\/p><\/li><li><p><a href=\"https:\/\/staging.resineo.com\/guides\/be\/revetement-resine\/moquette-pierre\/usage\/\">Usage moquette de pierre<\/a><\/p><\/li><li><p><a href=\"https:\/\/staging.resineo.com\/guides\/be\/revetement-resine\/moquette-pierre\/pouvoir-drainant\/\">Moquette de pierre et pouvoir drainant<\/a><\/p><\/li><\/ul>\n\n\n\n<p><\/p>\n","protected":false},"excerpt":{"rendered":"<p>Savez-vous pr\u00e9cis\u00e9ment ce qu\u2019est une moquette de pierre ? Il s\u2019agit d\u2019un agglom\u00e9rat de morceaux de quartz ou de marbre solidifi\u00e9s \u00e0 l\u2019aide d\u2019une r\u00e9sine \u00e0 base de polyur\u00e9thane. Ce m\u00e9lange donne des rev\u00eatements de sols \u00e0 la fois durs et drainants, qui permettent de couvrir tous types de surfaces. Principalement utilis\u00e9e pour \u00e9quiper une [&hellip;]<\/p>\n","protected":false},"author":1,"featured_media":0,"parent":961,"menu_order":0,"comment_status":"closed","ping_status":"closed","template":"","meta":{"_uag_custom_page_level_css":"","footnotes":""},"class_list":["post-1002","page","type-page","status-publish","hentry","entry"],"uagb_featured_image_src":{"full":false,"thumbnail":false,"medium":false,"medium_large":false,"large":false,"1536x1536":false,"2048x2048":false,"ocean-thumb-m":false,"ocean-thumb-ml":false,"ocean-thumb-l":false},"uagb_author_info":{"display_name":"admin","author_link":"https:\/\/staging.resineo.com\/guides\/be\/author\/agoralys\/"},"uagb_comment_info":0,"uagb_excerpt":"Savez-vous pr\u00e9cis\u00e9ment ce qu\u2019est une moquette de pierre ? Il s\u2019agit d\u2019un agglom\u00e9rat de morceaux de quartz ou de marbre solidifi\u00e9s \u00e0 l\u2019aide d\u2019une r\u00e9sine \u00e0 base de polyur\u00e9thane. Ce m\u00e9lange donne des rev\u00eatements de sols \u00e0 la fois durs et drainants, qui permettent de couvrir tous types de surfaces. Principalement utilis\u00e9e pour \u00e9quiper une&hellip;","_links":{"self":[{"href":"https:\/\/staging.resineo.com\/guides\/be\/wp-json\/wp\/v2\/pages\/1002","targetHints":{"allow":["GET"]}}],"collection":[{"href":"https:\/\/staging.resineo.com\/guides\/be\/wp-json\/wp\/v2\/pages"}],"about":[{"href":"https:\/\/staging.resineo.com\/guides\/be\/wp-json\/wp\/v2\/types\/page"}],"author":[{"embeddable":true,"href":"https:\/\/staging.resineo.com\/guides\/be\/wp-json\/wp\/v2\/users\/1"}],"replies":[{"embeddable":true,"href":"https:\/\/staging.resineo.com\/guides\/be\/wp-json\/wp\/v2\/comments?post=1002"}],"version-history":[{"count":0,"href":"https:\/\/staging.resineo.com\/guides\/be\/wp-json\/wp\/v2\/pages\/1002\/revisions"}],"up":[{"embeddable":true,"href":"https:\/\/staging.resineo.com\/guides\/be\/wp-json\/wp\/v2\/pages\/961"}],"wp:attachment":[{"href":"https:\/\/staging.resineo.com\/guides\/be\/wp-json\/wp\/v2\/media?parent=1002"}],"curies":[{"name":"wp","href":"https:\/\/api.w.org\/{rel}","templated":true}]}}