{"id":1005,"date":"2019-09-06T08:30:34","date_gmt":"2019-09-06T08:30:34","guid":{"rendered":"https:\/\/staging.resineo.com\/guides\/revetement-resine\/moquette-pierre\/pouvoir-drainant\/"},"modified":"2023-10-16T13:34:10","modified_gmt":"2023-10-16T13:34:10","slug":"pouvoir-drainant","status":"publish","type":"page","link":"https:\/\/staging.resineo.com\/guides\/be\/revetement-resine\/moquette-pierre\/pouvoir-drainant\/","title":{"rendered":"Le pouvoir drainant de la moquette de pierre"},"content":{"rendered":"\n<p>Outre les avantages de la moquette de pierre en mati\u00e8re d\u2019esth\u00e9tique et de durabilit\u00e9, ce rev\u00eatement de sol poss\u00e8de un v\u00e9ritable atout qui en fait une solution de choix pour \u00e9quiper son espace ext\u00e9rieur\u00a0: son fort pouvoir drainant.<\/p>\n\n\n\n<figure class=\"wp-block-image\"><img decoding=\"async\" src=\"https:\/\/staging.resineo.com\/guides\/wp-content\/uploads\/sites\/2\/2019\/10\/revetement-antiderapant-piscine-resine.jpg\" alt=\"Revetement Antiderapant Piscine Resine\"\/><\/figure>\n\n\n\n<p>En effet, compte tenu de la structure poreuse de <a href=\"https:\/\/staging.resineo.com\/moquette-de-pierre\/\">la moquette de pierre gr\u00e2ce \u00e0 l\u2019emploi de granulat de marbre ou de quartz<\/a>, ce mat\u00e9riau permet d\u2019\u00e9viter les accumulations et les ruissellements d\u2019eau en surface. Cet aspect lui conf\u00e8re une qualit\u00e9 tr\u00e8s recherch\u00e9e\u00a0: sa surface limite les risques d&rsquo;aquaplaning et est donc anti-glissante.<\/p>\n\n\n\n<p>C\u2019est pr\u00e9cis\u00e9ment ce qui en fait un rev\u00eatement id\u00e9al pour la r\u00e9novation de nombreux espaces. Terrasses, plages de piscines, all\u00e9es de jardin, places publiques et all\u00e9es carrossables sont autant de lieux o\u00f9 cette propri\u00e9t\u00e9 repr\u00e9sente une s\u00e9curit\u00e9 et une plus-value ind\u00e9niable.<\/p>\n\n\n\n<h2 class=\"wp-block-heading\">Qu\u2019est-ce qui conf\u00e8re son pouvoir drainant \u00e0 la moquette de pierre&nbsp;?<\/h2>\n\n\n\n<p>En s\u2019int\u00e9ressant de pr\u00e8s \u00e0 sa composition, on comprend rapidement que <a href=\"https:\/\/staging.resineo.com\/guides\/be\/revetement-resine\/moquette-pierre\/\">le rev\u00eatement en moquette de pierre<\/a> n\u2019est pas seulement r\u00e9sistant. \u00c9tant compos\u00e9 de granulats min\u00e9raux agglom\u00e9r\u00e9s gr\u00e2ce \u00e0 une r\u00e9sine tr\u00e8s r\u00e9sistante, sa structure est a\u00e9r\u00e9e.<\/p>\n\n\n\n<p>En effet, les pierres utilis\u00e9es pour sa conception sont \u00e0 l\u2019\u00e9tat de petits morceaux, s\u00e9lectionn\u00e9s selon leur calibre. On parle de granulom\u00e9trie. En clair, les particules min\u00e9rales utilis\u00e9es sont toutes retenues pour leur taille. Pour la construction d\u2019un rev\u00eatement \u00e0 la fois drainant et homog\u00e8ne, la granulom\u00e9trie permet de composer une \u00e9paisseur de rev\u00eatement qui laissera l\u2019eau s\u2019infiltrer au travers de sa structure. Une moquette de pierre r\u00e9alis\u00e9e correctement peut ainsi drainer jusqu\u2019\u00e0 50 litres d\u2019eau par m\u00b2 et par seconde.<\/p>\n\n\n\n<p>Le granul\u00e9 utilis\u00e9 est donc calibr\u00e9&nbsp;:&nbsp;<\/p>\n\n\n\n<ul class=\"wp-block-list\">\n<li>Chaque morceau de marbre ou de quartz mesure entre 2,5 et 5 mm.<\/li>\n<\/ul>\n\n\n\n<p><i>Il s\u2019agit de la granulom\u00e9trie la plus couramment utilis\u00e9e pour ce type de r\u00e9alisation<\/i>, mais il en existe d&rsquo;autres.<\/p>\n\n\n\n<p>D\u2019autre part, la r\u00e9sine employ\u00e9e, \u00e0 base de polyur\u00e9thane, en plus d\u2019\u00eatre le liant de l\u2019ensemble, forme une pellicule de protection sur laquelle l\u2019eau ruisselle rapidement. Ainsi, les alv\u00e9oles pr\u00e9sentes dans la structure m\u00eame du rev\u00eatement permettent aux eaux de pluie de transiter rapidement, sans supposer d\u2019accumulation en surface.&nbsp;<\/p>\n\n\n\n<h2 class=\"wp-block-heading\">La drainance du rev\u00eatement d\u00e9pend \u00e9galement de la pr\u00e9paration du support<\/h2>\n\n\n\n<p>Au-del\u00e0 du rev\u00eatement en lui-m\u00eame, il est primordial de pr\u00e9parer le support sur lequel l\u2019ensemble de la couverture reposera. La r\u00e9alisation de cette pr\u00e9paration conditionnera la tenue du rev\u00eatement, sa durabilit\u00e9 et sa drainance.<\/p>\n\n\n\n<p>Tout d\u2019abord, <a href=\"https:\/\/staging.resineo.com\/guides\/be\/revetement-resine\/moquette-pierre\/usage\/\">en fonction du sol sur lequel la moquette de pierre sera pos\u00e9e<\/a>, il sera n\u00e9cessaire de v\u00e9rifier l\u2019\u00e9tat de l\u2019ensemble, et de r\u00e9parer les \u00e9ventuels d\u00e9fauts. Par exemple, une dalle en b\u00e9ton devra poss\u00e9der une pente suffisante pour assurer l\u2019\u00e9vacuation de l\u2019eau drain\u00e9e, en plus d\u2019\u00eatre exempte de fissures. Il peut donc s\u2019av\u00e9rer n\u00e9cessaire d\u2019appliquer un ragr\u00e9age afin de s\u2019assurer de l\u2019efficacit\u00e9 du rev\u00eatement final.<\/p>\n\n\n\n<p>Pour du gravier non trait\u00e9 par exemple, (GNT), ce dernier devra \u00eatre parfaitement stable et homog\u00e8ne, il sera n\u00e9cessaire d&rsquo;avoir un support tass\u00e9 et compact\u00e9 selon les normes en vigueur pour ne pas remettre en cause l\u2019int\u00e9grit\u00e9 du rev\u00eatement qu\u2019il supportera.<\/p>\n\n\n\n<p>Une fois le support pr\u00e9par\u00e9 conform\u00e9ment aux consignes li\u00e9es aux recommandations de pose, il faudra ensuite appliquer un primaire d\u2019accrochage pour assurer l\u2019adh\u00e9rence de l\u2019agglom\u00e9rat final. Ce primaire est une r\u00e9sine \u00e9poxy qu\u2019il convient d\u2019appliquer sur toute la surface du support (ce primaire ne sera pas appliqu\u00e9 sur GNT). D\u2019une part elle garantira un \u00e9coulement des eaux drain\u00e9es optimal, d\u2019autre part elle garantira la stabilit\u00e9 et l\u2019adh\u00e9rence de l\u2019ensemble des rev\u00eatements.<\/p>\n\n\n\n<p>Loin de n\u2019avoir qu\u2019un r\u00f4le anecdotique dans la r\u00e9alisation d\u2019une moquette de pierre, la pr\u00e9paration est une phase cl\u00e9 au cours de laquelle il faut pr\u00eater attention au moindre d\u00e9tail.<\/p>\n\n\n\n<p><b>A noter<\/b>&nbsp;: <i>Peut-\u00eatre \u00eates-vous tent\u00e9 par l\u2019achat d\u2019un kit permettant de poser soi-m\u00eame sa moquette de pierre&nbsp;? Attention, la solidit\u00e9 et le pouvoir drainant du mat\u00e9riau final d\u00e9pendent de nombreux facteurs qu\u2019il faut parfaitement ma\u00eetriser pour tirer tous les avantages de ces rev\u00eatements de sols. Il est donc recommand\u00e9 de confier la r\u00e9alisation des travaux \u00e0 une entreprise habilit\u00e9e, qui vous garantira la qualit\u00e9 de votre r\u00e9novation.<\/i><\/p>\n\n\n\n<figure class=\"wp-block-image\"><img decoding=\"async\" src=\"https:\/\/staging.resineo.com\/guides\/wp-content\/uploads\/sites\/2\/2019\/10\/revetement-resine-plage-piscine.jpg\" alt=\"Revetement Resine Plage Piscine\"\/><\/figure>\n\n\n\n<h2 class=\"wp-block-heading\">Le pouvoir drainant de la moquette en r\u00e9sine n\u2019est pas son seul atout<\/h2>\n\n\n\n<p>Les granulats utilis\u00e9s sont certes s\u00e9lectionn\u00e9s pour leur granulom\u00e9trie et leur duret\u00e9, mais il y a un point auquel il faut pr\u00eater attention&nbsp;: <a href=\"https:\/\/staging.resineo.com\/guides\/be\/revetement-resine\/moquette-pierre\/fabrication\/\">leur pr\u00e9paration<\/a>.<\/p>\n\n\n\n<p>On n\u2019utilise pas simplement des \u00e9clats de pierres \u00e0 la bonne taille pour composer une moquette de pierre. Les granulats de marbre et de quartz doivent \u00eatre roul\u00e9s ou concass\u00e9s pour garantir le confort d\u2019utilisation. En clair, chaque morceau de marbre ou de quartz doit \u00eatre un produit fini. Les particules ainsi obtenues sont lisses et non-abrasives.&nbsp; De m\u00eame, pour une voie carrossable, cette surface n\u2019engendrera pas d\u2019abrasion, donc aucune usure pr\u00e9matur\u00e9e des pneus des v\u00e9hicules qui y transitent.&nbsp;<\/p>\n\n\n\n<p>Ces granulats sont des produits haut-de-gamme, qui doivent r\u00e9pondre \u00e0 un cahier des charges tr\u00e8s pr\u00e9cis pour entrer dans la composition d\u2019une moquette de pierre. Ils doivent notamment \u00eatre lav\u00e9s pour \u00eatre totalement d\u00e9barrass\u00e9s des \u00e9ventuelles poussi\u00e8res qui pourraient nuire \u00e0 l\u2019int\u00e9grit\u00e9 et \u00e0 la solidit\u00e9 du rev\u00eatement final.<\/p>\n\n\n\n<p>De plus, les min\u00e9raux que sont le marbre et le quartz repr\u00e9sentent un atout esth\u00e9tique pour l\u2019espace qu\u2019ils \u00e9quiperont. Ils se d\u00e9clinent en <a href=\"https:\/\/staging.resineo.com\/guides\/be\/revetement-resine\/moquette-pierre\/choix-pierre\/\">une palette de coloris<\/a> permettant des compositions sur mesure. Il est possible de m\u00e9langer ces granulats par exemple, pour obtenir un effet mouchet\u00e9. Il est \u00e9galement possible de les combiner pour obtenir des motifs pleins de d\u00e9tails. Il suffit de le pr\u00e9ciser aupr\u00e8s de l\u2019entreprise en charge de r\u00e9aliser le devis des travaux, pour qu\u2019elle vous soumette toutes les possibilit\u00e9s envisageables.<\/p>\n\n\n\n<h2 class=\"wp-block-heading\">Sa facilit\u00e9 d\u2019entretien en fait un produit id\u00e9al pour \u00e9quiper une terrasse par exemple<\/h2>\n\n\n\n<p>Le granulat \u00e9tant roul\u00e9 \/ concass\u00e9 et enrob\u00e9 de r\u00e9sine polyur\u00e9thane, les impuret\u00e9s ne s\u2019accrochent que tr\u00e8s peu \u00e0 sa surface.&nbsp;<\/p>\n\n\n\n<p>Pour en assurer l\u2019<a href=\"https:\/\/staging.resineo.com\/guides\/be\/revetement-resine\/moquette-pierre\/entretien\/\">entretien<\/a>, il suffit donc d\u2019un nettoyage saisonnier \u00e0 l\u2019aide d\u2019un nettoyeur haute pression. Attention, il ne sert \u00e0 rien de r\u00e9gler l\u2019appareil sur sa puissance maximale. Un simple passage \u00e0 une distance correcte du rev\u00eatement suffit \u00e0 lui redonner son aspect d\u2019origine.&nbsp;<\/p>\n\n\n\n<p><b>A noter<\/b>&nbsp;: <i>R\u00e9sineo propose un produit pens\u00e9 pour effectuer un nettoyage en profondeur une fois par an. Il suffit de l\u2019appliquer \u00e0 l\u2019aide d\u2019un balai brosse puis de rincer pour que la moquette de marbre ou de quartz retrouve son \u00e9tat originel et ses couleurs, parfaitement d\u00e9barrass\u00e9e des moindres r\u00e9sidus.<\/i><\/p>\n\n\n\n<p>Vous l\u2019aurez compris, la moquette de pierre est un rev\u00eatement technique, aussi drainant, que durable et d\u00e9coratif. Elle permet d\u2019assurer la tranquillit\u00e9 et la s\u00e9curit\u00e9 des usagers de par son aspect anti-glissant de m\u00eame qu\u2019elle repr\u00e9sente un v\u00e9ritable confort de par sa facilit\u00e9 d\u2019entretien et sa robustesse.<\/p>\n\n\n\n<p>Pour qui souhaite entamer des travaux de r\u00e9novation des parties ext\u00e9rieures de sa maison, la moquette de pierre est un produit id\u00e9al. Depuis la plage de votre piscine, en passant par la terrasse ou l\u2019all\u00e9e de garage, elle repr\u00e9sente de nombreux <a href=\"https:\/\/staging.resineo.com\/guides\/be\/revetement-resine\/moquette-pierre\/avantages\/\">avantages<\/a> qui octroieront une v\u00e9ritable plus-value \u00e0 votre bien.<\/p>\n\n\n\n<p>A l\u2019heure de trouver l\u2019entreprise de confiance \u00e0 qui confier la r\u00e9alisation de vos travaux, contactez-nous. Nous saurons vous fournir toutes les r\u00e9ponses \u00e0 vos questions, en tenant compte de vos d\u00e9sirs et de la configuration des lieux \u00e0 \u00e9quiper. Toute notre expertise et notre savoir-faire seront mis au service de vos travaux de r\u00e9novation ou de construction.<\/p>\n","protected":false},"excerpt":{"rendered":"<p>Outre les avantages de la moquette de pierre en mati\u00e8re d\u2019esth\u00e9tique et de durabilit\u00e9, ce rev\u00eatement de sol poss\u00e8de un v\u00e9ritable atout qui en fait une solution de choix pour \u00e9quiper son espace ext\u00e9rieur\u00a0: son fort pouvoir drainant. En effet, compte tenu de la structure poreuse de la moquette de pierre gr\u00e2ce \u00e0 l\u2019emploi de [&hellip;]<\/p>\n","protected":false},"author":1,"featured_media":0,"parent":1002,"menu_order":0,"comment_status":"closed","ping_status":"closed","template":"","meta":{"_uag_custom_page_level_css":"","footnotes":""},"class_list":["post-1005","page","type-page","status-publish","hentry","entry"],"uagb_featured_image_src":{"full":false,"thumbnail":false,"medium":false,"medium_large":false,"large":false,"1536x1536":false,"2048x2048":false,"ocean-thumb-m":false,"ocean-thumb-ml":false,"ocean-thumb-l":false},"uagb_author_info":{"display_name":"admin","author_link":"https:\/\/staging.resineo.com\/guides\/be\/author\/agoralys\/"},"uagb_comment_info":0,"uagb_excerpt":"Outre les avantages de la moquette de pierre en mati\u00e8re d\u2019esth\u00e9tique et de durabilit\u00e9, ce rev\u00eatement de sol poss\u00e8de un v\u00e9ritable atout qui en fait une solution de choix pour \u00e9quiper son espace ext\u00e9rieur\u00a0: son fort pouvoir drainant. En effet, compte tenu de la structure poreuse de la moquette de pierre gr\u00e2ce \u00e0 l\u2019emploi de&hellip;","_links":{"self":[{"href":"https:\/\/staging.resineo.com\/guides\/be\/wp-json\/wp\/v2\/pages\/1005","targetHints":{"allow":["GET"]}}],"collection":[{"href":"https:\/\/staging.resineo.com\/guides\/be\/wp-json\/wp\/v2\/pages"}],"about":[{"href":"https:\/\/staging.resineo.com\/guides\/be\/wp-json\/wp\/v2\/types\/page"}],"author":[{"embeddable":true,"href":"https:\/\/staging.resineo.com\/guides\/be\/wp-json\/wp\/v2\/users\/1"}],"replies":[{"embeddable":true,"href":"https:\/\/staging.resineo.com\/guides\/be\/wp-json\/wp\/v2\/comments?post=1005"}],"version-history":[{"count":3,"href":"https:\/\/staging.resineo.com\/guides\/be\/wp-json\/wp\/v2\/pages\/1005\/revisions"}],"predecessor-version":[{"id":3785,"href":"https:\/\/staging.resineo.com\/guides\/be\/wp-json\/wp\/v2\/pages\/1005\/revisions\/3785"}],"up":[{"embeddable":true,"href":"https:\/\/staging.resineo.com\/guides\/be\/wp-json\/wp\/v2\/pages\/1002"}],"wp:attachment":[{"href":"https:\/\/staging.resineo.com\/guides\/be\/wp-json\/wp\/v2\/media?parent=1005"}],"curies":[{"name":"wp","href":"https:\/\/api.w.org\/{rel}","templated":true}]}}