{"id":1014,"date":"2019-09-06T08:15:35","date_gmt":"2019-09-06T08:15:35","guid":{"rendered":"https:\/\/staging.resineo.com\/guides\/revetement-resine\/moquette-pierre\/choix-pierre\/"},"modified":"2023-10-16T13:31:12","modified_gmt":"2023-10-16T13:31:12","slug":"choix-pierre","status":"publish","type":"page","link":"https:\/\/staging.resineo.com\/guides\/be\/revetement-resine\/moquette-pierre\/choix-pierre\/","title":{"rendered":"Quelle pierre utiliser pour composer une moquette de pierre ?"},"content":{"rendered":"\n<p>La qualit\u00e9 des granulats de pierre qui sont employ\u00e9s dans la fabrication d\u2019un rev\u00eatement en pierre (ou moquette de pierre) sont de premi\u00e8re importance au regard des propri\u00e9t\u00e9s que ce mat\u00e9riau poss\u00e9dera.<\/p>\n\n\n\n<figure class=\"wp-block-image\"><img decoding=\"async\" src=\"https:\/\/staging.resineo.com\/guides\/wp-content\/uploads\/sites\/2\/2019\/10\/revetement-exterieur-plage-pisicne.jpg\" alt=\"Revetement Exterieur Plage Pisicne\"\/><\/figure>\n\n\n\n<p><a href=\"https:\/\/staging.resineo.com\/moquette-de-pierre\/\">La r\u00e9sistance de la moquette de pierre<\/a>, son esth\u00e9tique et son pouvoir drainant seront assur\u00e9s par la taille et le type de pierres qui entreront dans sa composition. Or, attendu que ce rev\u00eatement de sol est tenu d\u2019\u00e9quiper des espaces ext\u00e9rieurs, expos\u00e9s aux intemp\u00e9ries (pluie et soleil direct), les granulats min\u00e9raux utilis\u00e9s sont tenus de r\u00e9pondre \u00e0 un cahier des charges pr\u00e9cis pour garantir tous les avantages qu\u2019offre ce produit.<\/p>\n\n\n\n<p>La couleur, la granulom\u00e9trie, ainsi que le type de pierres naturelles employ\u00e9es pour la composition de ces rev\u00eatements de sols sont des crit\u00e8res importants \u00e0 l\u2019heure de choisir d\u2019incorporer ces min\u00e9raux dans <a href=\"https:\/\/staging.resineo.com\/guides\/be\/revetement-resine\/moquette-pierre\/\">la composition d\u2019une moquette de pierre<\/a>.<\/p>\n\n\n\n<h2 class=\"wp-block-heading\">Le marbre et le quartz sont les min\u00e9raux les plus indiqu\u00e9s pour cr\u00e9er des rev\u00eatements de qualit\u00e9<\/h2>\n\n\n\n<p>Si on privil\u00e9gie ces deux types de pierres pour la <a href=\"https:\/\/staging.resineo.com\/guides\/be\/revetement-resine\/moquette-pierre\/fabrication\/\">fabrication de moquettes de pierre<\/a>, c\u2019est avant tout pour leur duret\u00e9. L\u2019une comme l\u2019autre sont connues pour \u00eatre particuli\u00e8rement r\u00e9sistantes, tant aux impacts qu\u2019aux abrasions. C\u2019est notamment cette r\u00e9sistance qui en fait des composants de choix, garantissant la r\u00e9sistance du rev\u00eatement aux impacts et \u00e0 l\u2019usure engendr\u00e9e par les passages r\u00e9p\u00e9t\u00e9s.<\/p>\n\n\n\n<p>D\u2019ailleurs, si les rev\u00eatements \u00e0 base de granulats de pierres et de r\u00e9sines sont utilis\u00e9s pour \u00e9quiper voies carrossables et pistes cyclables, c\u2019est pr\u00e9cis\u00e9ment car ces surfaces demandent l\u2019emploi d\u2019un mat\u00e9riau tr\u00e8s r\u00e9sistant \u00e0 l\u2019usure m\u00e9canique.<\/p>\n\n\n\n<p>Dans le cadre d\u2019un \u00e9quipement domestique (terrasse, all\u00e9e de jardin ou de garage, tour de piscine), la r\u00e9sistance aux impacts est un atout essentiel. Contrairement \u00e0 une dalle de carrelage qui risque de se briser en cas d\u2019impact, la moquette de marbre est solide et supporte parfaitement ce type d\u2019incidents. On parle de r\u00e9sistance au poin\u00e7onnement. M\u00eame dans le cas d&rsquo;un impact abimant le rev\u00eatement, il est tr\u00e8s facile de le r\u00e9parer.&nbsp;<\/p>\n\n\n\n<p>Le marbre et le quartz sont donc les min\u00e9raux les plus indiqu\u00e9s pour des r\u00e9alisations durables et r\u00e9sistantes.<\/p>\n\n\n\n<h2 class=\"wp-block-heading\">Comment sont s\u00e9lectionn\u00e9s et pr\u00e9par\u00e9s les granulats employ\u00e9s ?<\/h2>\n\n\n\n<p>Tout d\u2019abord, la pierre naturelle va \u00eatre concass\u00e9e jusqu\u2019\u00e0 l\u2019obtention d\u2019un granulat min\u00e9ral. Ce dernier va ensuite \u00eatre roul\u00e9 (dans le cas de granulats roul\u00e9s) afin de pr\u00e9parer la surface de chaque particule min\u00e9rale qui le compose. Ce point est essentiel quant \u00e0 l\u2019aspect que l\u2019on entend donner au rev\u00eatement final.&nbsp;<\/p>\n\n\n\n<p>L\u2019\u00e9tape suivante consiste \u00e0 tamiser l\u2019ensemble du granulat pour ne retenir que les morceaux correspondant \u00e0 la granulom\u00e9trie attendue pour composer le rev\u00eatement final. Dans la gamme R\u00e9sineo ce sont g\u00e9n\u00e9ralement des granulats en 3-6 qui sont retenus afin de garantir la r\u00e9sistance m\u00e9canique de l&rsquo;ensemble. La taille de chaque morceau est donc normalis\u00e9e, et c\u2019est elle qui permet la pr\u00e9sence de petits interstices au sein de la structure de la moquette de pierre. Ces espaces permettent ainsi l\u2019\u00e9coulement de l\u2019eau, conf\u00e9rant ainsi <a href=\"https:\/\/staging.resineo.com\/guides\/be\/revetement-resine\/moquette-pierre\/pouvoir-drainant\/\">son pouvoir drainant<\/a> au mat\u00e9riau.<\/p>\n\n\n\n<p>Le granulat min\u00e9ral est ensuite lav\u00e9 pour \u00eatre d\u00e9barrass\u00e9 de toute poussi\u00e8re. Ce point est important, dans la mesure o\u00f9 il garantit l\u2019homog\u00e9n\u00e9it\u00e9 du granulat, ainsi que la solidit\u00e9 et la porosit\u00e9 du rev\u00eatement.<\/p>\n\n\n\n<p>Il ne suffit donc pas d\u2019utiliser un min\u00e9ral grossi\u00e8rement s\u00e9lectionn\u00e9 et concass\u00e9, mais bien de ne retenir un granulat de qualit\u00e9, s\u00e9lectionn\u00e9 tant pour la qualit\u00e9 de la pierre, que pour sa pr\u00e9paration.<\/p>\n\n\n\n<figure class=\"wp-block-image\"><img decoding=\"async\" src=\"https:\/\/staging.resineo.com\/guides\/wp-content\/uploads\/sites\/2\/2019\/10\/revetement-granulat-esthetique.jpg\" alt=\"Revetement Granulat Esthetique\"\/><\/figure>\n\n\n\n<h2 class=\"wp-block-heading\">Le marbre et le quartz offrent une palette de couleurs naturelles<\/h2>\n\n\n\n<p>D\u2019un point de vue d\u00e9coratif et esth\u00e9tique, ces min\u00e9raux conf\u00e8rent un aspect naturel aux rev\u00eatements qu\u2019ils composent. En s\u00e9lectionnant l\u2019un ou l\u2019autre, il est possible de choisir parmi tout un nuancier de teintes pens\u00e9es pour s\u2019accorder avec tous types d\u2019ambiances et de d\u00e9corations.<\/p>\n\n\n\n<p>De plus, il est tout \u00e0 fait possible de combiner diff\u00e9rents granulats pour la cr\u00e9ation de motifs ou composer un aspect mouchet\u00e9 \u00e0 sa guise. Ainsi, le rev\u00eatement obtenu est unique.<\/p>\n\n\n\n<p>L\u2019avantage des couleurs naturelles et min\u00e9rales, c\u2019est la possibilit\u00e9 de les associer aussi bien \u00e0 des constructions anciennes que r\u00e9centes. Elles permettent des associations sophistiqu\u00e9es et modernes, qui permettent de mettre en valeur <a href=\"https:\/\/staging.resineo.com\/guides\/be\/revetement-resine\/moquette-pierre\/usage\/\">les espaces qu\u2019\u00e9quipe la moquette de pierre<\/a>.<\/p>\n\n\n\n<p>Le sol d\u2019une terrasse peut ainsi s\u2019accorder avec la fa\u00e7ade de la maison, de m\u00eame que les abords d\u2019une piscine peuvent permettre de jouer sur des contrastes de couleurs qui mettront le bassin en valeur. Les possibilit\u00e9s sont tr\u00e8s vari\u00e9es.<\/p>\n\n\n\n<p>Il est g\u00e9n\u00e9ralement conseill\u00e9 de choisir son coloris en fonction de l&rsquo;usage qu&rsquo;on souhaite en faire, on \u00e9vitera des coloris fonc\u00e9s en bords de piscine et des coloris clairs en all\u00e9e carrossable.&nbsp;<\/p>\n\n\n\n<h2 class=\"wp-block-heading\">L\u2019importance de la r\u00e9sine employ\u00e9e pour agglom\u00e9rer les granulats de pierre<\/h2>\n\n\n\n<p>La r\u00e9sine polyur\u00e9thane qui sert de liant au rev\u00eatement est transparente. Elle permet de conserver l\u2019aspect min\u00e9ral du granulat, tout en garantissant la solidit\u00e9 et le pouvoir drainant de l\u2019ensemble.<\/p>\n\n\n\n<p>De plus, elle donne un aspect l\u00e9g\u00e8rement brillant \u00e0 la surface, renfor\u00e7ant l\u2019esth\u00e9tique g\u00e9n\u00e9rale. C\u2019est elle qui va prot\u00e9ger les pierres du vieillissement. D\u2019une part elle forme une couche protectrice en surface, d\u2019autre part elle prot\u00e8ge les granulats des rayons UV du soleil en les enrobant un \u00e0 un.&nbsp;<\/p>\n\n\n\n<p>Ainsi, m\u00eame au fil du temps, l\u2019\u00e9clat et les couleurs de la moquette de pierre sont stables. Pour conserver la brillance du rev\u00eatement apr\u00e8s quelques ann\u00e9es, il est conseill\u00e9 d&rsquo;appliquer une couche de finition constitu\u00e9e de r\u00e9sine anti-glissante tous les 5 ans.&nbsp;<\/p>\n\n\n\n<p>Tous les mat\u00e9riaux qui composent une moquette de pierre jouent un r\u00f4le quant <a href=\"https:\/\/staging.resineo.com\/guides\/be\/revetement-resine\/moquette-pierre\/avantages\/\">aux avantages qu\u2019offre ce rev\u00eatement<\/a>. La r\u00e9sistance, la durabilit\u00e9, l\u2019aspect anti-glissant et le pouvoir drainant en d\u00e9pendent.<\/p>\n\n\n\n<p>Il est donc fortement conseill\u00e9 de confier les travaux de pose \u00e0 une entreprise habilit\u00e9e \u00e0 entreprendre ce type d\u2019installations. Elle garantira l\u2019emploi de mat\u00e9riaux de qualit\u00e9, tout en garantissant de les appliquer dans les r\u00e8gles de l\u2019art. Le savoir-faire des professionnels permettra \u00e0 la moquette de pierre de r\u00e9pondre \u00e0 toutes les recommandations \u00e9dict\u00e9es par le fabricant.<\/p>\n\n\n\n<p>A l\u2019heure d\u2019\u00e9quiper sa terrasse ou quelque autre partie ext\u00e9rieure de votre maison, veillez \u00e0 faire appel \u00e0 des professionnels qui vous garantiront l\u2019emploi de mat\u00e9riaux de qualit\u00e9, tout en vous garantissant la durabilit\u00e9 des travaux effectu\u00e9s. Tant la nature des granulats employ\u00e9s, que celle de la r\u00e9sine devront correspondre aux produits cit\u00e9s en amont. Dans le cas contraire, exigez que ce soit le cas, la qualit\u00e9 de vos rev\u00eatements de sols ext\u00e9rieurs en d\u00e9pend.<\/p>\n\n\n\n<p>En savoir plus :<\/p>\n\n\n\n<p><a href=\"https:\/\/staging.resineo.com\/guides\/be\/revetement-resine\/moquette-pierre\/entretien\/\">Comment s&rsquo;entretien une moquette de pierre ?<\/a><\/p>\n","protected":false},"excerpt":{"rendered":"<p>La qualit\u00e9 des granulats de pierre qui sont employ\u00e9s dans la fabrication d\u2019un rev\u00eatement en pierre (ou moquette de pierre) sont de premi\u00e8re importance au regard des propri\u00e9t\u00e9s que ce mat\u00e9riau poss\u00e9dera. La r\u00e9sistance de la moquette de pierre, son esth\u00e9tique et son pouvoir drainant seront assur\u00e9s par la taille et le type de pierres [&hellip;]<\/p>\n","protected":false},"author":1,"featured_media":0,"parent":1002,"menu_order":0,"comment_status":"closed","ping_status":"closed","template":"","meta":{"_uag_custom_page_level_css":"","footnotes":""},"class_list":["post-1014","page","type-page","status-publish","hentry","entry"],"uagb_featured_image_src":{"full":false,"thumbnail":false,"medium":false,"medium_large":false,"large":false,"1536x1536":false,"2048x2048":false,"ocean-thumb-m":false,"ocean-thumb-ml":false,"ocean-thumb-l":false},"uagb_author_info":{"display_name":"admin","author_link":"https:\/\/staging.resineo.com\/guides\/be\/author\/agoralys\/"},"uagb_comment_info":0,"uagb_excerpt":"La qualit\u00e9 des granulats de pierre qui sont employ\u00e9s dans la fabrication d\u2019un rev\u00eatement en pierre (ou moquette de pierre) sont de premi\u00e8re importance au regard des propri\u00e9t\u00e9s que ce mat\u00e9riau poss\u00e9dera. La r\u00e9sistance de la moquette de pierre, son esth\u00e9tique et son pouvoir drainant seront assur\u00e9s par la taille et le type de pierres&hellip;","_links":{"self":[{"href":"https:\/\/staging.resineo.com\/guides\/be\/wp-json\/wp\/v2\/pages\/1014","targetHints":{"allow":["GET"]}}],"collection":[{"href":"https:\/\/staging.resineo.com\/guides\/be\/wp-json\/wp\/v2\/pages"}],"about":[{"href":"https:\/\/staging.resineo.com\/guides\/be\/wp-json\/wp\/v2\/types\/page"}],"author":[{"embeddable":true,"href":"https:\/\/staging.resineo.com\/guides\/be\/wp-json\/wp\/v2\/users\/1"}],"replies":[{"embeddable":true,"href":"https:\/\/staging.resineo.com\/guides\/be\/wp-json\/wp\/v2\/comments?post=1014"}],"version-history":[{"count":3,"href":"https:\/\/staging.resineo.com\/guides\/be\/wp-json\/wp\/v2\/pages\/1014\/revisions"}],"predecessor-version":[{"id":3779,"href":"https:\/\/staging.resineo.com\/guides\/be\/wp-json\/wp\/v2\/pages\/1014\/revisions\/3779"}],"up":[{"embeddable":true,"href":"https:\/\/staging.resineo.com\/guides\/be\/wp-json\/wp\/v2\/pages\/1002"}],"wp:attachment":[{"href":"https:\/\/staging.resineo.com\/guides\/be\/wp-json\/wp\/v2\/media?parent=1014"}],"curies":[{"name":"wp","href":"https:\/\/api.w.org\/{rel}","templated":true}]}}