{"id":1017,"date":"2019-09-06T08:02:02","date_gmt":"2019-09-06T08:02:02","guid":{"rendered":"https:\/\/staging.resineo.com\/guides\/revetement-resine\/moquette-pierre\/avantages\/"},"modified":"2025-03-18T10:18:20","modified_gmt":"2025-03-18T10:18:20","slug":"avantages","status":"publish","type":"page","link":"https:\/\/staging.resineo.com\/guides\/be\/revetement-resine\/moquette-pierre\/avantages\/","title":{"rendered":"Quels sont les avantages d\u2019une moquette de pierre ?"},"content":{"rendered":"\n<p>Pour la construction ou la r\u00e9novation d\u2019une surface ext\u00e9rieure, la moquette de pierre est un rev\u00eatement qui permet de recouvrir directement diff\u00e9rents types de supports, supposant ainsi des travaux peu contraignants aux vues d\u2019autre solutions.<\/p>\n\n\n\n<figure class=\"wp-block-image\"><img decoding=\"async\" src=\"https:\/\/staging.resineo.com\/guides\/wp-content\/uploads\/sites\/2\/2019\/10\/revetement-antiderapant-piscine-resine.jpg\" alt=\"Revetement Antiderapant Piscine Resine\"\/><\/figure>\n\n\n\n<p>De plus, <a href=\"https:\/\/staging.resineo.com\/moquette-de-pierre\/\" data-type=\"URL\" data-id=\"https:\/\/staging.resineo.com\/moquette-de-pierre\/\">les qualit\u00e9s techniques et esth\u00e9tiques de la moquette de pierre<\/a> permettent de composer des \u00e9quipements parfaitement adapt\u00e9s \u00e0 des fonctions et des d\u00e9corations vari\u00e9es\u00a0:\u00a0<\/p>\n\n\n\n<ul class=\"wp-block-list\">\n<li>Habillage de voie carrossable.<\/li>\n\n\n\n<li>Cr\u00e9ation d\u2019une plage de piscine drainante.<\/li>\n\n\n\n<li>R\u00e9novation de terrasse.<\/li>\n\n\n\n<li>Habillage d\u2019un escalier&nbsp;<\/li>\n\n\n\n<li>Construction de sanitaires d\u2019une collectivit\u00e9 ou d\u2019un camping.<\/li>\n\n\n\n<li>Etc.<\/li>\n<\/ul>\n\n\n\n<p>Son pouvoir drainant, sa r\u00e9sistance, <a href=\"https:\/\/staging.resineo.com\/guides\/be\/revetement-resine\/moquette-pierre\/entretien\/\">sa facilit\u00e9 d\u2019entretien<\/a>, son anti-glissance et esth\u00e9tisme en font une alternative \u00e0 bien des mat\u00e9riaux qui n\u2019offrent qu\u2019une partie de ses qualit\u00e9s.<\/p>\n\n\n\n<p>Voyons les possibilit\u00e9s envisageables gr\u00e2ce \u00e0 <a href=\"https:\/\/staging.resineo.com\/guides\/be\/revetement-resine\/moquette-pierre\/\">la pose d\u2019une moquette de pierre<\/a>.<\/p>\n\n\n\n<h2 class=\"wp-block-heading\">Quelles sont les particularit\u00e9s de ce rev\u00eatement de sol&nbsp;?<\/h2>\n\n\n\n<p>Tout d\u2019abord, il faut pr\u00e9ciser que pour la <a href=\"https:\/\/staging.resineo.com\/guides\/be\/revetement-resine\/moquette-pierre\/fabrication\/\">fabrication d\u2019une moquette de pierre<\/a> aussi durable qu\u2019esth\u00e9tique, le granulat qui sera utilis\u00e9 pour sa fabrication se devra d\u2019\u00eatre en marbre ou en quartz. La duret\u00e9 de ses min\u00e9raux rendra le rev\u00eatement final \u00e0 la fois r\u00e9sistant et d\u00e9coratif.<\/p>\n\n\n\n<p>Ce granulat doit r\u00e9pondre \u00e0 des crit\u00e8res bien pr\u00e9cis pour assurer la construction d\u2019un mat\u00e9riau technique dot\u00e9 de toutes les qualit\u00e9s que l\u2019on en attend&nbsp;:&nbsp;<\/p>\n\n\n\n<ul class=\"wp-block-list\">\n<li>Pouvoir drainant.<\/li>\n\n\n\n<li>Surface anti-glissante&nbsp;en limitant le risque li\u00e9 \u00e0 la stagnation des eaux en surface.<\/li>\n\n\n\n<li>R\u00e9sistant aux rayons UV.<\/li>\n\n\n\n<li>A la fois souple et solide pour r\u00e9sister aux contraintes m\u00e9caniques (gel, passage de v\u00e9hicules, etc.).<\/li>\n\n\n\n<li>Facile d\u2019entretien.<\/li>\n<\/ul>\n\n\n\n<p>La r\u00e9sine utilis\u00e9e pour agglom\u00e9rer et prot\u00e9ger le granulat min\u00e9ral joue un r\u00f4le pr\u00e9pond\u00e9rant dans sa r\u00e9sistance aux \u00e9l\u00e9ments, de m\u00eame que dans la solidit\u00e9 de sa structure. C\u2019est le liant qui permet \u00e0 l\u2019ensemble de rester parfaitement homog\u00e8ne et de r\u00e9sister aux intemp\u00e9ries. Il s\u2019agit d\u2019une r\u00e9sine polyur\u00e9thane qui ne suppose aucun d\u00e9gagement de particules chimiques une fois s\u00e8che, m\u00eame en cas de forte chaleur et d\u2019exposition au soleil prolong\u00e9e. C\u2019est elle qui fige le granulat et qui permet \u00e0 ce rev\u00eatement de rester drainant au fil du temps.<\/p>\n\n\n\n<p>En effet, les particules min\u00e9rales qui composent la moquette de pierre composent une structure poreuse, <a href=\"https:\/\/staging.resineo.com\/guides\/be\/revetement-resine\/moquette-pierre\/pouvoir-drainant\/\">permettant le drainage de l\u2019eau de pluie<\/a>. En cas d\u2019averse, jusqu\u2019\u00e0 3O litres d\u2019eau par seconde et par m\u00b2 peuvent ainsi \u00eatre drain\u00e9s et restitu\u00e9s au sol, sans supposer l\u2019apparition de flaque en surface. Contrairement \u00e0 un sol couvert de dalles de carrelage ou de pierre, dont l\u2019\u00e9tanch\u00e9it\u00e9 rend la superficie glissante, la moquette de pierre garantit une parfaite adh\u00e9rence, notamment pieds nus en bord de bassin.&nbsp;<\/p>\n\n\n\n<figure class=\"wp-block-image\"><img decoding=\"async\" src=\"https:\/\/staging.resineo.com\/guides\/wp-content\/uploads\/sites\/2\/2019\/10\/revetement-granulat-sol-allee.jpg\" alt=\"Revetement Granulat Sol Allee\"\/><\/figure>\n\n\n\n<h2 class=\"wp-block-heading\">Quels travaux pr\u00e9voir pour la mise en place de ce produit&nbsp;?<\/h2>\n\n\n\n<p>La r\u00e9alisation d\u2019un rev\u00eatement en moquette de pierre est l\u2019affaire de quelques jours. Toutefois, il est important que chaque \u00e9tape des travaux soit parfaitement ma\u00eetris\u00e9e pour garantir la construction d\u2019une couverture saine, drainante et durable.<\/p>\n\n\n\n<p><b>A noter<\/b>&nbsp;: <i>Il est recommand\u00e9 de confier l\u2019ex\u00e9cution des travaux \u00e0 une entreprise habilit\u00e9e \u00e0 ce type de chantiers. Depuis la pr\u00e9paration du support, jusqu\u2019\u00e0 l\u2019application du rev\u00eatement final, il est important que chaque \u00e9tape fasse l\u2019objet d\u2019une attention accrue pour garantir toutes les qualit\u00e9s de la moquette de pierre. Le moindre d\u00e9tail de l\u2019ex\u00e9cution compte pour obtenir un r\u00e9sultat \u00e0 la hauteur des attentes.<\/i><\/p>\n\n\n\n<ol class=\"wp-block-list\">\n<li>Tout d\u2019abord, l\u2019analyse du support sur lequel sera pos\u00e9 l\u2019ensemble doit permettre de s\u2019assurer de l\u2019int\u00e9grit\u00e9 de la surface. Si des d\u00e9fauts \u00e9taient relev\u00e9s, il faudrait en assurer la r\u00e9paration avant de continuer le d\u00e9roulement des op\u00e9rations.<\/li>\n\n\n\n<li>Pass\u00e9e cette \u00e9tape, la pose de baguettes m\u00e9talliques permet de d\u00e9limiter l\u2019ensemble de la surface \u00e0 \u00e9quiper. Ces jalons permettront d\u2019assurer des finitions tr\u00e8s nettes au rev\u00eatement. Elles importent autant d\u2019un point de vue technique qu\u2019esth\u00e9tique.<\/li>\n\n\n\n<li>Vient ensuite l\u2019application d\u2019une couche de r\u00e9sine \u00e9poxy qui servira de primaire d\u2019accrochage (seulement sur supports \u00ab\u00a0durs\u00a0\u00bb). C\u2019est elle qui permettra \u00e0 la moquette de pierre d\u2019adh\u00e9rer au support sur lequel elle repose.<\/li>\n\n\n\n<li>Apr\u00e8s son s\u00e9chage, vient l\u2019\u00e9tape de la pose du granulat m\u00eal\u00e9 \u00e0 la r\u00e9sine polyur\u00e9thane. Il sera r\u00e9parti de fa\u00e7on uniforme puis liss\u00e9 pour l\u2019obtention d\u2019une surface homog\u00e8ne.<\/li>\n\n\n\n<li>Enfin, il sera n\u00e9cessaire d\u2019appliquer une couche de r\u00e9sine polyur\u00e9thane suppl\u00e9mentaire sur la surface (carrossable ou non) afin de prot\u00e9ger le rev\u00eatement et lui apporter ses propri\u00e9t\u00e9s anti-glissantes. Un rev\u00eatement r\u00e9sine sans traitement de finition est glissant, c&rsquo;est donc une \u00e9tape primordiale.&nbsp;<\/li>\n<\/ol>\n\n\n\n<p>Du bon d\u00e9roulement de toutes ces \u00e9tapes d\u00e9pend l\u2019int\u00e9grit\u00e9 et la solidit\u00e9 de la moquette de pierre. Son pouvoir drainant ne sera optimal qu\u2019\u00e0 condition que tous les travaux soient effectu\u00e9s correctement.<\/p>\n\n\n\n<h2 class=\"wp-block-heading\">Sur quels types de sols la moquette de pierre peut-elle \u00eatre pos\u00e9e&nbsp;?<\/h2>\n\n\n\n<p>Elle peut servir \u00e0 recouvrir diff\u00e9rents supports&nbsp;:&nbsp;<\/p>\n\n\n\n<ul class=\"wp-block-list\">\n<li>Sols en carrelage (\u00e0 condition qu&rsquo;il soit sain)<\/li>\n\n\n\n<li>Dalle de b\u00e9ton.<\/li>\n\n\n\n<li>Gravier (GNT).<\/li>\n\n\n\n<li>Sols en pierres (dalles).<\/li>\n<\/ul>\n\n\n\n<p>Dans chacune de ces configurations, il faudra s\u2019assurer de l\u2019\u00e9tat du support pour garantir la stabilit\u00e9 et la p\u00e9rennit\u00e9 de l\u2019application.<\/p>\n\n\n\n<figure class=\"wp-block-image\"><img decoding=\"async\" src=\"https:\/\/staging.resineo.com\/guides\/wp-content\/uploads\/sites\/2\/2019\/10\/revetement-sol-plage-piscine.jpg\" alt=\"Revetement Sol Plage Piscine\"\/><\/figure>\n\n\n\n<h2 class=\"wp-block-heading\">Peut-on en choisir la couleur&nbsp;?<\/h2>\n\n\n\n<p>Le granulat min\u00e9ral utilis\u00e9 met \u00e0 profits les nuances de coloris naturels du quartz et du marbre. Chacun de ces min\u00e9raux sont disponibles dans diff\u00e9rentes teintes, permettant ainsi d\u2019accorder le rev\u00eatement \u00e0 l\u2019environnement et la d\u00e9coration de la maison qu\u2019il \u00e9quipe. Des coloris clairs seront utilis\u00e9s en bords de piscine afin d&rsquo;\u00e9viter les risques de brulures tandis que les coloris fonc\u00e9 pourront \u00eatre utilis\u00e9s en all\u00e9e carrossable pour \u00e9viter les traces de caoutchouc.&nbsp;<\/p>\n\n\n\n<p>L\u2019avantage d\u2019utiliser un min\u00e9ral pour ce type de composition permet de donner au rev\u00eatement un aspect \u00e0 la fois sophistiqu\u00e9 et naturel. La moquette de pierre s\u2019accorde ainsi aussi bien \u00e0 une construction moderne qu\u2019ancienne.<\/p>\n\n\n\n<p>De plus, <a href=\"https:\/\/staging.resineo.com\/guides\/be\/revetement-resine\/moquette-pierre\/choix-pierre\/\">en alternant l\u2019usage de diff\u00e9rents granulats<\/a>, il est possible de composer des motifs pr\u00e9cis et d\u00e9taill\u00e9es. Ce point permet notamment une personnalisation de l\u2019espace \u00e9quip\u00e9. De m\u00eame, il est possible de m\u00e9langer deux teintes pour l\u2019obtention d\u2019un effet mouchet\u00e9, rendant ainsi le rev\u00eatement unique.<\/p>\n\n\n\n<h2 class=\"wp-block-heading\">Quel entretien suppose un sol en r\u00e9sine de pierre&nbsp;?<\/h2>\n\n\n\n<p>Il faut noter que les min\u00e9raux utilis\u00e9s sont roul\u00e9s ou concass\u00e9s avant d\u2019\u00eatre associ\u00e9s \u00e0 la r\u00e9sine. Ils sont li\u00e9s entre eux par une r\u00e9sine qui laisse cependant 30% de vide dans le rev\u00eatement final. C&rsquo;est ce vide qui favorise la perm\u00e9abilit\u00e9 de ce rev\u00eatement.&nbsp;<\/p>\n\n\n\n<p>Cet aspect, doubl\u00e9 du pouvoir drainant du mat\u00e9riau et de la protection offerte par la couche de finition en r\u00e9sine permettent d\u2019obtenir un sol tr\u00e8s facile \u00e0 entretenir. Il suffit d\u2019un bon nettoyage par an \u00e0 l\u2019aide d\u2019un balai brosse et d\u2019un jet d\u2019eau pour que la surface conserve son aspect d\u2019origine. La barri\u00e8re anti-UV que repr\u00e9sente la r\u00e9sine garantit \u00e9galement la pr\u00e9servation des couleurs du granulat.<\/p>\n\n\n\n<p>En plus d\u2019\u00eatre s\u00fbr et r\u00e9sistant, ce mat\u00e9riau est facile d\u2019entretien.<\/p>\n\n\n\n<h2 class=\"wp-block-heading\">Conclusion<\/h2>\n\n\n\n<p>Pour l\u2019am\u00e9nagement d\u2019une terrasse, d\u2019un tour de piscine, d\u2019une all\u00e9e de jardin ou de garage, <a href=\"https:\/\/staging.resineo.com\/guides\/be\/revetement-resine\/moquette-pierre\/usage\/\">la moquette de pierre<\/a> est un mat\u00e9riau tr\u00e8s appropri\u00e9. Outre ses sp\u00e9cificit\u00e9s techniques, qui en font un atout pour garantir la tranquillit\u00e9 des propri\u00e9taires, il donne \u00e0 la maison qu\u2019il \u00e9quipe une touche d\u00e9corative sophistiqu\u00e9e.<\/p>\n\n\n\n<p>C\u2019est un rev\u00eatement de sol technique haut de gamme, pens\u00e9 pour durer des ann\u00e9es dans un \u00e9tat stable (\u00e0 condition qu&rsquo;il soit entretenu). Il r\u00e9siste aux intemp\u00e9ries comme aux al\u00e9as domestiques (boissons renvers\u00e9es, chute d\u2019objets lourds, et.). Pour qui souhaite s\u2019\u00e9quiper de fa\u00e7on durable, d\u2019un rev\u00eatement de qualit\u00e9, la moquette de pierre r\u00e9unit toutes les propri\u00e9t\u00e9s attendues d\u2019un rev\u00eatement de sol ext\u00e9rieur.<\/p>\n\n\n\n<p>Toutefois, il est important de se souvenir qu\u2019il demande l\u2019intervention de professionnels pour en assurer la pose. Seules des personnes habilit\u00e9es \u00e0 travailler ce mat\u00e9riau seront capables de l\u2019appliquer de fa\u00e7on \u00e0 ce qu\u2019il offre toutes les qualit\u00e9s que l\u2019on en attend.<\/p>\n","protected":false},"excerpt":{"rendered":"<p>Pour la construction ou la r\u00e9novation d\u2019une surface ext\u00e9rieure, la moquette de pierre est un rev\u00eatement qui permet de recouvrir directement diff\u00e9rents types de supports, supposant ainsi des travaux peu contraignants aux vues d\u2019autre solutions. De plus, les qualit\u00e9s techniques et esth\u00e9tiques de la moquette de pierre permettent de composer des \u00e9quipements parfaitement adapt\u00e9s \u00e0 [&hellip;]<\/p>\n","protected":false},"author":1,"featured_media":0,"parent":1002,"menu_order":0,"comment_status":"closed","ping_status":"closed","template":"","meta":{"_uag_custom_page_level_css":"","footnotes":""},"class_list":["post-1017","page","type-page","status-publish","hentry","entry"],"uagb_featured_image_src":{"full":false,"thumbnail":false,"medium":false,"medium_large":false,"large":false,"1536x1536":false,"2048x2048":false,"ocean-thumb-m":false,"ocean-thumb-ml":false,"ocean-thumb-l":false},"uagb_author_info":{"display_name":"admin","author_link":"https:\/\/staging.resineo.com\/guides\/be\/author\/agoralys\/"},"uagb_comment_info":0,"uagb_excerpt":"Pour la construction ou la r\u00e9novation d\u2019une surface ext\u00e9rieure, la moquette de pierre est un rev\u00eatement qui permet de recouvrir directement diff\u00e9rents types de supports, supposant ainsi des travaux peu contraignants aux vues d\u2019autre solutions. De plus, les qualit\u00e9s techniques et esth\u00e9tiques de la moquette de pierre permettent de composer des \u00e9quipements parfaitement adapt\u00e9s \u00e0&hellip;","_links":{"self":[{"href":"https:\/\/staging.resineo.com\/guides\/be\/wp-json\/wp\/v2\/pages\/1017","targetHints":{"allow":["GET"]}}],"collection":[{"href":"https:\/\/staging.resineo.com\/guides\/be\/wp-json\/wp\/v2\/pages"}],"about":[{"href":"https:\/\/staging.resineo.com\/guides\/be\/wp-json\/wp\/v2\/types\/page"}],"author":[{"embeddable":true,"href":"https:\/\/staging.resineo.com\/guides\/be\/wp-json\/wp\/v2\/users\/1"}],"replies":[{"embeddable":true,"href":"https:\/\/staging.resineo.com\/guides\/be\/wp-json\/wp\/v2\/comments?post=1017"}],"version-history":[{"count":3,"href":"https:\/\/staging.resineo.com\/guides\/be\/wp-json\/wp\/v2\/pages\/1017\/revisions"}],"predecessor-version":[{"id":3771,"href":"https:\/\/staging.resineo.com\/guides\/be\/wp-json\/wp\/v2\/pages\/1017\/revisions\/3771"}],"up":[{"embeddable":true,"href":"https:\/\/staging.resineo.com\/guides\/be\/wp-json\/wp\/v2\/pages\/1002"}],"wp:attachment":[{"href":"https:\/\/staging.resineo.com\/guides\/be\/wp-json\/wp\/v2\/media?parent=1017"}],"curies":[{"name":"wp","href":"https:\/\/api.w.org\/{rel}","templated":true}]}}