{"id":1023,"date":"2019-09-06T09:14:39","date_gmt":"2019-09-06T09:14:39","guid":{"rendered":"https:\/\/staging.resineo.com\/guides\/revetement-resine\/resine-sol-exterieur\/avantages\/"},"modified":"2020-09-21T14:05:39","modified_gmt":"2020-09-21T14:05:39","slug":"avantages","status":"publish","type":"page","link":"https:\/\/staging.resineo.com\/guides\/be\/revetement-resine\/resine-sol-exterieur\/avantages\/","title":{"rendered":"Les avantages d&rsquo;un rev\u00eatement de sol ext\u00e9rieur en r\u00e9sine"},"content":{"rendered":"\n<p><p><span style=\"font-weight: 400;\">Parmi la vari\u00e9t\u00e9 de <a href=\"https:\/\/staging.resineo.com\/guides\/be\/revetement-resine\/resine-sol-exterieur\/\">rev\u00eatements de sol<\/a> en r\u00e9sine qui existent, nous allons nous concentrer sur les avantages que repr\u00e9sente la pose d\u2019une r\u00e9sine de pierre pour \u00e9quiper une surface ext\u00e9rieure.<\/span><\/p><\/p>\n\n<figure class=\"wp-block-image\"><img fetchpriority=\"high\" decoding=\"async\" width=\"650\" height=\"488\" src=\"https:\/\/staging.resineo.com\/guides\/wp-content\/uploads\/sites\/2\/2019\/10\/resine-granulat-bord-pisicne.jpg\" alt=\"Resine Granulat Bord Pisicne\" class=\"wp-image-1356\" srcset=\"https:\/\/staging.resineo.com\/guides\/wp-content\/uploads\/sites\/2\/2019\/10\/resine-granulat-bord-pisicne.jpg 650w, https:\/\/staging.resineo.com\/guides\/wp-content\/uploads\/sites\/2\/2019\/10\/resine-granulat-bord-pisicne-300x225.jpg 300w\" sizes=\"(max-width: 650px) 100vw, 650px\" \/><\/figure>\n<p><p><span style=\"font-weight: 400;\">Ce mat\u00e9riau est utilis\u00e9 pour la r\u00e9novation ou la construction d\u2019espaces tels qu\u2019une terrasse, une plage de piscine, une all\u00e9e de garage, mais aussi pour \u00e9quiper piste cyclable et place publique. Ses caract\u00e9ristiques techniques en font un rev\u00eatement appr\u00e9ci\u00e9 pour sa r\u00e9sistance aux \u00e9l\u00e9ments ainsi que sa durabilit\u00e9.<\/span><\/p><\/p>\n\n<p><p><span style=\"font-weight: 400;\">Il permet d\u2019allier esth\u00e9tique et robustesse, pour la cr\u00e9ation de surfaces tenues de supporter les \u00e9l\u00e9ments ou l\u2019usure de passages r\u00e9p\u00e9t\u00e9s.<\/span><\/p><\/p>\n\n<p><p><span style=\"font-weight: 400;\">En quoi ce mat\u00e9riau se d\u00e9marque-t-il des autres rev\u00eatements de sols en r\u00e9sine ? Qu\u2019apporte l\u2019utilisation du marbre et du quartz qui entrent dans sa composition ? <\/span><\/p><\/p>\n\n<h2 class=\"wp-block-heading\"><p><span style=\"font-weight: 400;\">Les caract\u00e9ristiques d\u2019une r\u00e9sine de pierre<\/span><\/p><\/h2>\n\n<p><p><span style=\"font-weight: 400;\">Il s\u2019agit d\u2019un m\u00e9lange de granulat min\u00e9ral (marbre ou quartz), qui est solidifi\u00e9 \u00e0 l\u2019aide de r\u00e9sine (g\u00e9n\u00e9ralement polyur\u00e9thane). <\/span><\/p><\/p>\n\n<p><p><span style=\"font-weight: 400;\">Un de ces principaux avantages est son fort pouvoir <a href=\"https:\/\/staging.resineo.com\/guides\/be\/revetement-resine\/resine-sol-exterieur\/revetement-drainant\/\">drainant<\/a>, qui permet \u00e0 la surface qui en est \u00e9quip\u00e9e de drainer jusqu\u2019\u00e0 50 litres d\u2019eau par seconde et par m\u00e8tre carr\u00e9. En clair, m\u00eame en cas d\u2019averse, aucune flaque ne se forme en superficie. <\/span><\/p><\/p>\n\n<p><p><span style=\"font-weight: 400;\">Cette propri\u00e9t\u00e9 est due \u00e0 l\u2019emploi de granulats de pierre tri\u00e9s par granulom\u00e9trie. Concr\u00e8tement, les blocs de marbre et de quartz sont concass\u00e9s puis tamis\u00e9s pour trier les petits morceaux obtenus par taille. Ainsi, l\u2019\u00e9paisseur d\u2019une r\u00e9sine de pierre est constitu\u00e9e d\u2019une grande quantit\u00e9 de particules min\u00e9rales, s\u00e9par\u00e9es par de petits interstices, fig\u00e9s par la r\u00e9sine. Ce sont ces m\u00eames interstices qui permettent d\u2019obtenir une structure drainante.<\/span><\/p><\/p>\n\n<p><p><span style=\"font-weight: 400;\">Bien que ce rev\u00eatement soit poreux, il n\u2019en est pas moins solide ni r\u00e9sistant. La r\u00e9sine bi-composants utilis\u00e9e pour figer l\u2019ensemble participe \u00e0 cette solidit\u00e9, du fait de l\u2019emploi d\u2019un durcisseur. Ce mat\u00e9riau b\u00e9n\u00e9ficie donc de la duret\u00e9 des min\u00e9raux employ\u00e9s pour le constituer, alli\u00e9e \u00e0 la solidit\u00e9 de la r\u00e9sine qui permet de les maintenir agglom\u00e9r\u00e9s.<\/span><\/p><\/p>\n\n<p><p><span style=\"font-weight: 400;\">Cette solidit\u00e9 permet d\u2019ailleurs \u00e0 sa surface de r\u00e9sister \u00e9galement aux chocs (anti-poin\u00e7onnement), garantissant de r\u00e9sister m\u00eame en cas de chute d\u2019objet lourd. Tant d\u2019un point de vue de son usage domestique, que public, cette qualit\u00e9 en fait un mat\u00e9riau de choix pour \u00e9quiper des lieux \u00e0 forte fr\u00e9quentation. Sa surface ne risque pas de souffrir de passages r\u00e9p\u00e9t\u00e9s.<\/span><\/p><\/p>\n\n<p><p><span style=\"font-weight: 400;\">Entre autres propri\u00e9t\u00e9s, ce rev\u00eatement de sol r\u00e9siste \u00e9galement tr\u00e8s bien au gel et aux fortes chaleurs. Les anfractuosit\u00e9s pr\u00e9sentes dans son \u00e9paisseur permettent \u00e0 l\u2019eau de gonfler en cas de gel, sans supposer l\u2019apparition de fissures, et sans avoir besoin de poser de joints de dilatation. Cet aspect repr\u00e9sente un avantage esth\u00e9tique, permettant d\u2019obtenir des surfaces uniformes.<\/span><\/p><\/p>\n\n<p><p><span style=\"font-weight: 400;\">En ce qui concerne sa r\u00e9sistance \u00e0 la chaleur, l\u2019air pr\u00e9sent au sein du mat\u00e9riau op\u00e8re une r\u00e9gulation thermique qui permet \u00e0 sa surface d\u2019\u00eatre environ 5\u00b0C moins chaude que d\u2019autres mat\u00e9riaux. Il est ainsi possible de marcher pieds nus, sans risquer de br\u00fblure (id\u00e9al pour \u00e9quiper les abords d\u2019une piscine ou une terrasse).<\/span><\/p><\/p>\n\n<p><p><span style=\"font-weight: 400;\">Autre point \u00e0 souligner : m\u00eame expos\u00e9 \u00e0 une forte chaleur, ce mat\u00e9riau ne suppose aucun d\u00e9gagement de particules chimiques pouvant polluer l\u2019environnement ou exposer les utilisateurs \u00e0 des mati\u00e8res dangereuses d\u2019un point de vue sanitaire. La r\u00e9sine employ\u00e9e est parfaitement inerte, quelles que soient les conditions.<\/span><\/p><\/p>\n\n<figure class=\"wp-block-image\"><img decoding=\"async\" width=\"650\" height=\"488\" src=\"https:\/\/staging.resineo.com\/guides\/wp-content\/uploads\/sites\/2\/2019\/10\/resine-granulat-sol-escalier.jpg\" alt=\"Resine Granulat Sol Escalier\" class=\"wp-image-1359\" srcset=\"https:\/\/staging.resineo.com\/guides\/wp-content\/uploads\/sites\/2\/2019\/10\/resine-granulat-sol-escalier.jpg 650w, https:\/\/staging.resineo.com\/guides\/wp-content\/uploads\/sites\/2\/2019\/10\/resine-granulat-sol-escalier-300x225.jpg 300w\" sizes=\"(max-width: 650px) 100vw, 650px\" \/><\/figure>\n<h2 class=\"wp-block-heading\"><p><span style=\"font-weight: 400;\">Qu\u2019en est-il de l\u2019entretien de ce mat\u00e9riau ?<\/span><\/p><\/h2>\n\n<p><p><span style=\"font-weight: 400;\">L\u2019association de son fort pouvoir drainant, de sa surface lisse et de la protection que lui octroie la r\u00e9sine font que ce rev\u00eatement de sol est tr\u00e8s facile d\u2019entretien. Les impuret\u00e9s n\u2019adh\u00e8rent que tr\u00e8s peu \u00e0 sa surface. La pluie participe \u00e0 le maintenir propre en entra\u00eenant les poussi\u00e8res en m\u00eame temps qu\u2019elle est \u00e9vacu\u00e9e et drain\u00e9e.<\/span><\/p><\/p>\n\n<p><p><span style=\"font-weight: 400;\">Il est toutefois recommand\u00e9 de laver sa terrasse ou ses all\u00e9es une fois par an pour qu\u2019elle conserve leur aspect esth\u00e9tique d\u2019origine. Pour ce faire, un simple brossage aid\u00e9 d\u2019un rin\u00e7age \u00e0 l\u2019aide d\u2019un tuyau permet de laver le rev\u00eatement.<\/span><\/p><\/p>\n\n<p><p><span style=\"font-weight: 400;\">Dans le cas o\u00f9 des t\u00e2ches (fruits \u00e9cras\u00e9s, excr\u00e9ments d\u2019oiseaux, etc.) venaient \u00e0 r\u00e9sister, il suffit d\u2019employer un produit pr\u00e9vu \u00e0 cet effet, tel que du d\u00e9graissant, pour qu\u2019il n\u2019en reste plus trace.<\/span><\/p><\/p>\n\n<p><p><span style=\"font-weight: 400;\">Un des avantages appr\u00e9ci\u00e9s par les particuliers qui ont opt\u00e9 pour ce type de rev\u00eatement de sol en r\u00e9sine de pierre, de m\u00eame que les propri\u00e9taires de camping, c\u2019est la facilit\u00e9 avec laquelle on en assure l\u2019entretien. C\u2019est une v\u00e9ritable source de confort.<\/span><\/p><\/p>\n\n<h2 class=\"wp-block-heading\"><p><span style=\"font-weight: 400;\">En termes d\u2019esth\u00e9tique, quelles sont les possibilit\u00e9s qu\u2019offre ce produit ?<\/span><\/p><\/h2>\n\n<p><p><span style=\"font-weight: 400;\">Compte tenue de la transparence de la r\u00e9sine utilis\u00e9e, le rev\u00eatement poss\u00e8de un aspect min\u00e9ral. Selon que l\u2019on utilisera du marbre ou du quartz pour le composer, il sera possible d\u2019adapter les coloris en fonction de l\u2019espace environnant. Il sera ainsi facile d\u2019adapter l\u2019esth\u00e9tique du sol \u00e0 la d\u00e9coration des lieux.<\/span><\/p><\/p>\n\n<p><p><span style=\"font-weight: 400;\">Pour cr\u00e9er une terrasse attenante \u00e0 une maison, quel que soit le style architectural de cette derni\u00e8re, il sera possible de choisir la couleur la plus appropri\u00e9e pour la mettre en valeur. De plus, les finitions des surfaces \u00e9quip\u00e9es \u00e9tant tr\u00e8s nettes, elles conf\u00e8reront une esth\u00e9tique sophistiqu\u00e9e, repr\u00e9sentant une v\u00e9ritable plus-value. A l\u2019heure d\u2019\u00e9quiper les abords d\u2019une piscine par exemple, le rev\u00eatement permet de souligner le bassin et de cr\u00e9er une ambiance \u00e9l\u00e9gante et raffin\u00e9e.<\/span><\/p><\/p>\n\n<p><p><span style=\"font-weight: 400;\">La possibilit\u00e9 de m\u00e9langer ou d\u2019alterner l\u2019emploi de diff\u00e9rents granulats permet \u00e9galement d\u2019obtenir un m\u00e9lange mouchet\u00e9, m\u00ealant plusieurs couleurs de pierres, totalement personnalis\u00e9. La cr\u00e9ation de motifs est \u00e9galement envisageable. A l\u2019aide de pochoirs, on obtient des dessins tr\u00e8s nets, du plus bel effet en termes de d\u00e9coration.<\/span><\/p><\/p>\n\n<p><p><b>Conseil<\/b><span style=\"font-weight: 400;\"> : <\/span><i><span style=\"font-weight: 400;\">Il est important que les travaux soient r\u00e9alis\u00e9s par un professionnel ou une entreprise \u00e0 m\u00eame de garantir le bon d\u00e9roulement de chaque \u00e9tape de la pose. Les caract\u00e9ristiques techniques de ce rev\u00eatement demandent des comp\u00e9tences, qui garantiront la r\u00e9sistance, le pouvoir drainant et la durabilit\u00e9 de l\u2019ensemble.<\/span><\/i><\/p><\/p>\n\n<figure class=\"wp-block-image\"><img decoding=\"async\" width=\"650\" height=\"488\" src=\"https:\/\/staging.resineo.com\/guides\/wp-content\/uploads\/sites\/2\/2019\/10\/revetement-esthetique-piscine.jpg\" alt=\"Revetement Esthetique Piscine\" class=\"wp-image-1362\" srcset=\"https:\/\/staging.resineo.com\/guides\/wp-content\/uploads\/sites\/2\/2019\/10\/revetement-esthetique-piscine.jpg 650w, https:\/\/staging.resineo.com\/guides\/wp-content\/uploads\/sites\/2\/2019\/10\/revetement-esthetique-piscine-300x225.jpg 300w\" sizes=\"(max-width: 650px) 100vw, 650px\" \/><\/figure>\n<h2 class=\"wp-block-heading\"><p><span style=\"font-weight: 400;\">La r\u00e9sine de pierre est un rev\u00eatement de sol ext\u00e9rieur id\u00e9al<\/span><\/p><\/h2>\n\n<p><p><span style=\"font-weight: 400;\">A tous ceux qui envisagent la r\u00e9novation de leur terrasse par exemple, sachez que le carrelage et le b\u00e9ton cir\u00e9 ne sont pas les seules options int\u00e9ressantes. La moquette de pierre (l\u2019autre nom de ce mat\u00e9riau) permet d\u2019\u00e9quiper des surfaces durablement en alliant technicit\u00e9 et esth\u00e9tique.<\/span><\/p><\/p>\n\n<p><p><span style=\"font-weight: 400;\">Pr\u00e9vu pour durer extr\u00eamement longtemps (\u00e0 condition d\u2019\u00eatre pos\u00e9 correctement et de b\u00e9n\u00e9ficier d\u2019un entretien p\u00e9riodique), ce mat\u00e9riau donne un cachet particulier aux lieux qui en sont \u00e9quip\u00e9s, tout en \u00e9vitant d\u2019avoir \u00e0 maintenir la surface propre \u00e0 grand renfort de nettoyages r\u00e9p\u00e9t\u00e9s. Sa facilit\u00e9 d\u2019entretien repr\u00e9sente un v\u00e9ritable confort, surtout sur des surfaces ext\u00e9rieures de grande taille.<\/span><\/p><\/p>\n\n<p><p><span style=\"font-weight: 400;\">De plus, le traitement anti-glissance appliqu\u00e9 par le professionnel qui se chargera des travaux de pose permettra de r\u00e9duire les risques de perte d\u2019adh\u00e9rence que peut entra\u00eener une surface ext\u00e9rieure carrel\u00e9e par exemple. Choisir un rev\u00eatement en r\u00e9sine de sol permet d\u2019allier les avantages de la pierre, aux caract\u00e9ristiques techniques de la r\u00e9sine. Applicable sur de nombreux supports (carrelage, b\u00e9ton, graves non-trait\u00e9es), il permet des r\u00e9novations efficaces et durables. <\/span><\/p><\/p>\n\n<p><p><span style=\"font-weight: 400;\">Contrairement \u00e0 d\u2019autres rev\u00eatements compos\u00e9s uniquement de r\u00e9sines, il poss\u00e8de un atout esth\u00e9tique du fait de l\u2019emploi de granulats min\u00e9raux pour en composer la structure, et permet de mettre en valeur les lieux qu\u2019il \u00e9quipe. <\/span><\/p><\/p>\n\n<p><p><span style=\"font-weight: 400;\">Pour qui cherche une solution alternative \u00e0 des mat\u00e9riaux plus conventionnels et moins techniques, le rev\u00eatement de sol en r\u00e9sine de pierre est un mat\u00e9riau de choix, dont la r\u00e9sistance garantira d\u2019\u00eatre bien \u00e9quip\u00e9 et pour longtemps <\/span><\/p><\/p>\n\n<ul class=\"wp-block-list\"><li><p><a href=\"https:\/\/staging.resineo.com\/guides\/be\/revetement-resine\/resine-sol-exterieur\/duree-de-vie\/\">Quelle est la dur\u00e9e de vie d\u2019un rev\u00eatement de sol ext\u00e9rieur en r\u00e9sine de pierre ?<\/a><\/p><\/li><li><p><a href=\"https:\/\/staging.resineo.com\/guides\/be\/revetement-resine\/resine-sol-exterieur\/granulat\/\">Quel granulat de pierre est associ\u00e9 \u00e0 la r\u00e9sine de sol ext\u00e9rieure ?<\/a><\/p><\/li><\/ul>","protected":false},"excerpt":{"rendered":"<p>Parmi la vari\u00e9t\u00e9 de rev\u00eatements de sol en r\u00e9sine qui existent, nous allons nous concentrer sur les avantages que repr\u00e9sente la pose d\u2019une r\u00e9sine de pierre pour \u00e9quiper une surface ext\u00e9rieure. Ce mat\u00e9riau est utilis\u00e9 pour la r\u00e9novation ou la construction d\u2019espaces tels qu\u2019une terrasse, une plage de piscine, une all\u00e9e de garage, mais aussi [&hellip;]<\/p>\n","protected":false},"author":1,"featured_media":0,"parent":995,"menu_order":0,"comment_status":"closed","ping_status":"closed","template":"","meta":{"_uag_custom_page_level_css":"","footnotes":""},"class_list":["post-1023","page","type-page","status-publish","hentry","entry"],"uagb_featured_image_src":{"full":false,"thumbnail":false,"medium":false,"medium_large":false,"large":false,"1536x1536":false,"2048x2048":false,"ocean-thumb-m":false,"ocean-thumb-ml":false,"ocean-thumb-l":false},"uagb_author_info":{"display_name":"admin","author_link":"https:\/\/staging.resineo.com\/guides\/be\/author\/agoralys\/"},"uagb_comment_info":0,"uagb_excerpt":"Parmi la vari\u00e9t\u00e9 de rev\u00eatements de sol en r\u00e9sine qui existent, nous allons nous concentrer sur les avantages que repr\u00e9sente la pose d\u2019une r\u00e9sine de pierre pour \u00e9quiper une surface ext\u00e9rieure. Ce mat\u00e9riau est utilis\u00e9 pour la r\u00e9novation ou la construction d\u2019espaces tels qu\u2019une terrasse, une plage de piscine, une all\u00e9e de garage, mais aussi&hellip;","_links":{"self":[{"href":"https:\/\/staging.resineo.com\/guides\/be\/wp-json\/wp\/v2\/pages\/1023","targetHints":{"allow":["GET"]}}],"collection":[{"href":"https:\/\/staging.resineo.com\/guides\/be\/wp-json\/wp\/v2\/pages"}],"about":[{"href":"https:\/\/staging.resineo.com\/guides\/be\/wp-json\/wp\/v2\/types\/page"}],"author":[{"embeddable":true,"href":"https:\/\/staging.resineo.com\/guides\/be\/wp-json\/wp\/v2\/users\/1"}],"replies":[{"embeddable":true,"href":"https:\/\/staging.resineo.com\/guides\/be\/wp-json\/wp\/v2\/comments?post=1023"}],"version-history":[{"count":0,"href":"https:\/\/staging.resineo.com\/guides\/be\/wp-json\/wp\/v2\/pages\/1023\/revisions"}],"up":[{"embeddable":true,"href":"https:\/\/staging.resineo.com\/guides\/be\/wp-json\/wp\/v2\/pages\/995"}],"wp:attachment":[{"href":"https:\/\/staging.resineo.com\/guides\/be\/wp-json\/wp\/v2\/media?parent=1023"}],"curies":[{"name":"wp","href":"https:\/\/api.w.org\/{rel}","templated":true}]}}