{"id":1061,"date":"2019-09-06T07:32:06","date_gmt":"2019-09-06T07:32:06","guid":{"rendered":"https:\/\/staging.resineo.com\/guides\/revetement-resine\/sol-piscine\/support\/"},"modified":"2022-05-08T19:06:54","modified_gmt":"2022-05-08T19:06:54","slug":"support","status":"publish","type":"page","link":"https:\/\/staging.resineo.com\/guides\/be\/revetement-resine\/sol-piscine\/support\/","title":{"rendered":"Sur quel support poser une plage de piscine en r\u00e9sine de pierre ?"},"content":{"rendered":"\n<p><span style=\"font-weight: 400;\">Tout d\u2019abord, qu\u2019est-ce qu\u2019un rev\u00eatement perm\u00e9able en r\u00e9sine et granulats&nbsp;?<\/span><\/p>\n\n\n\n<p><span style=\"font-weight: 400;\">Il s\u2019agit d\u2019un rev\u00eatement de sol compos\u00e9 d\u2019un granulat min\u00e9ral (quartz ou marbre), qui est agglom\u00e9r\u00e9 par une r\u00e9sine \u00e0 base polyur\u00e9thane. Tr\u00e8s r\u00e9sistant et drainant, ce mat\u00e9riau est une solution id\u00e9ale pour la cr\u00e9ation d\u2019une terrasse, d\u2019une all\u00e9e de jardin ou de garage, de m\u00eame que pour une <a href=\"https:\/\/staging.resineo.com\/guides\/revetement-resine\/sol-piscine\/\">plage de piscine<\/a>.<\/span><\/p>\n\n\n\n<figure class=\"wp-block-image\"><img fetchpriority=\"high\" decoding=\"async\" width=\"650\" height=\"487\" src=\"https:\/\/staging.resineo.com\/guides\/wp-content\/uploads\/sites\/2\/2019\/10\/revetement-exterieur-plage-piscine.jpg\" alt=\"Revetement Exterieur Plage Piscine\" class=\"wp-image-583\" srcset=\"https:\/\/staging.resineo.com\/guides\/wp-content\/uploads\/sites\/2\/2019\/10\/revetement-exterieur-plage-piscine.jpg 650w, https:\/\/staging.resineo.com\/guides\/wp-content\/uploads\/sites\/2\/2019\/10\/revetement-exterieur-plage-piscine-300x225.jpg 300w\" sizes=\"(max-width: 650px) 100vw, 650px\" \/><\/figure>\n\n\n\n<p><span style=\"font-weight: 400;\">C\u2019est pr\u00e9cis\u00e9ment sa solidit\u00e9, son <a href=\"https:\/\/staging.resineo.com\/guides\/revetement-resine\/sol-piscine\/eviter-glissure\/\">anti-glissance<\/a>, son esth\u00e9tique raffin\u00e9e et son pouvoir drainant qui font de la r\u00e9sine de pierre un rev\u00eatement id\u00e9al pour les abords d\u2019une piscine. \u00c9galement appel\u00e9e moquette de pierre, cette solution permet l\u2019installation ou la r\u00e9novation de surfaces de toutes tailles, en pr\u00e9sentant l\u2019avantage de pouvoir \u00eatre appliqu\u00e9e sur de nombreux sols existants.<\/span><\/p>\n\n\n\n<p><span style=\"font-weight: 400;\">Voyons en d\u00e9tails que suppose sa mise en place et quel support peut \u00eatre recouvert de r\u00e9sine de pierre.<\/span><\/p>\n\n\n\n<div class=\"wp-block-stackable-call-to-action is-style-default stk-block-call-to-action stk-block stk-798292d\" data-block-id=\"798292d\"><style>.stk-798292d-container{background-color:#f7f7f7 !important}.stk-798292d-container:before{background-color:#f7f7f7 !important}<\/style><div class=\"stk-block-call-to-action__content stk-content-align stk-798292d-column stk-container stk-798292d-container stk-hover-parent\"><div class=\"has-text-align-center stk-block-content stk-inner-blocks\">\n<div class=\"wp-block-stackable-heading stk-block-heading stk-block stk-743cda8\" id=\"decouvrez-notre-revetement-drainant-pour-les-plages-de-piscine\" data-block-id=\"743cda8\"><h3 class=\"stk-block-heading__text\">D\u00e9couvrez notre rev\u00eatement drainant pour les plages de piscine<\/h3><\/div>\n\n\n\n<div class=\"wp-block-stackable-text stk-block-text stk-block stk-1ff215e\" data-block-id=\"1ff215e\"><p class=\"stk-block-text__text\">Choisissez le fabricant fran\u00e7ais de r\u00e9f\u00e9rence<br>R\u00e9seau de plus de 200 partenaires agr\u00e9\u00e9s dans toute la France<\/p><\/div>\n\n\n\n<div class=\"wp-block-stackable-button-group stk-block-button-group stk-block stk-50578e5\" data-block-id=\"50578e5\"><div class=\"stk-row stk-inner-blocks stk-block-content stk-button-group\">\n<div class=\"wp-block-stackable-button stk-block-button stk-block stk-0314a3d\" data-block-id=\"0314a3d\"><style>.stk-0314a3d .stk-button{background:#71797d !important}.stk-0314a3d .stk-button__inner-text{font-size:20px !important}@media screen and (max-width:1023px){.stk-0314a3d .stk-button__inner-text{font-size:20px !important}}<\/style><a class=\"stk-link stk-button stk--hover-effect-darken\" href=\"https:\/\/staging.resineo.com\/univers-particuliers\/univers-piscine\/\"><span class=\"stk-button__inner-text\">D\u00e9couvrir R\u00e9sineo\u00ae pour la piscine<\/span><\/a><\/div>\n<\/div><\/div>\n<\/div><\/div><\/div>\n\n\n\n<h2 class=\"wp-block-heading\"><span style=\"font-weight: 400;\">Sur quel type de surface doit \u00eatre pos\u00e9e une r\u00e9sine de pierre&nbsp;?<\/span><\/h2>\n\n\n\n<p><span style=\"font-weight: 400;\">A condition que le sol soit correctement pr\u00e9par\u00e9, ce rev\u00eatement peut aussi bien recouvrir un carrelage, qu\u2019une dalle de b\u00e9ton, un sol en gravier compact\u00e9 (GNT). <\/span><\/p>\n\n\n\n<p><span style=\"font-weight: 400;\">La r\u00e9alisation du chantier de pose va conditionner la r\u00e9sistance et la durabilit\u00e9 du rev\u00eatement. Il est donc important que la surface initiale soit bien pr\u00e9par\u00e9e pour accueillir l\u2019\u00e9paisseur de granulat qui recouvrira l\u2019ensemble.<\/span><\/p>\n\n\n\n<p><span style=\"font-weight: 400;\">En effet, avant de poser la couche de finition, il sera n\u00e9cessaire de contr\u00f4ler l\u2019\u00e9tat du support sur lequel on l\u2019appliquera. Pour ce faire, on devra s\u2019assurer de l\u2019int\u00e9grit\u00e9 de toute la surface. En cas de pr\u00e9sence de fissures sur une partie d\u2019une dalle de b\u00e9ton, il sera n\u00e9cessaire de les r\u00e9parer avant d\u2019entamer la r\u00e9alisation du chantier.<\/span> Dans le cas d&rsquo;un carrelage, en pr\u00e9sence de fissures, une d\u00e9pose sera n\u00e9cessaire avant d&rsquo;entamer les travaux. <\/p>\n\n\n\n<p><span style=\"font-weight: 400;\">Dans le cas o\u00f9 il s\u2019agira de la poser sur du gravier stabilis\u00e9 (GNT), on devra s\u2019assurer que ce dernier est parfaitement tass\u00e9 et bien stable. La GNT devra \u00eatre r\u00e9alis\u00e9e par un professionnel. <\/span><\/p>\n\n\n\n<p><span style=\"font-weight: 400;\">Autre point \u00e0 prendre en compte pour assurer un parfait \u00e9coulement de l\u2019eau drain\u00e9e, la pente. Si la pose intervient pour une r\u00e9novation, il y a de grandes chances pour cette pente soit d\u00e9j\u00e0 pr\u00e9sente sur la surface des abords de la piscine. Si ce n\u2019est pas le cas, il faudra qu\u2019elle soit mise en place par le biais d\u2019un ragr\u00e9age (2%). Le support initial devra \u00eatre perc\u00e9 aux points les plus bas pour garantir l\u2019\u00e9coulement.<\/span><\/p>\n\n\n\n<p><b>A noter<\/b><span style=\"font-weight: 400;\">&nbsp;: <\/span><i><span style=\"font-weight: 400;\">Dans le cadre d\u2019une r\u00e9novation de plage de piscine couverte de lames de bois ou de caillebotis, il faudra retirer le rev\u00eatement au pr\u00e9alable pour profiter d\u2019un support stable. Le bois ne peut \u00eatre recouvert d\u2019une moquette de pierre.<\/span><\/i><\/p>\n\n\n\n<figure class=\"wp-block-image\"><img decoding=\"async\" width=\"650\" height=\"488\" src=\"https:\/\/staging.resineo.com\/guides\/wp-content\/uploads\/sites\/2\/2019\/10\/resine-plage-de-piscine.jpg\" alt=\"Resine Plage De Piscine\" class=\"wp-image-565\" srcset=\"https:\/\/staging.resineo.com\/guides\/wp-content\/uploads\/sites\/2\/2019\/10\/resine-plage-de-piscine.jpg 650w, https:\/\/staging.resineo.com\/guides\/wp-content\/uploads\/sites\/2\/2019\/10\/resine-plage-de-piscine-300x225.jpg 300w\" sizes=\"(max-width: 650px) 100vw, 650px\" \/><\/figure>\n\n\n\n<h2 class=\"wp-block-heading\"><span style=\"font-weight: 400;\">La pr\u00e9paration du sol \u00e0 recouvrir<\/span><\/h2>\n\n\n\n<p><span style=\"font-weight: 400;\">Afin de permettre aux granulats m\u00e9lang\u00e9s \u00e0 de la r\u00e9sine polyur\u00e9thane d\u2019adh\u00e9rer parfaitement, il est n\u00e9cessaire de pr\u00e9parer la surface \u00e0 recouvrir.<\/span><\/p>\n\n\n\n<p>On commencera par d\u00e9limiter l\u2019espace o\u00f9 le granulat sera appliqu\u00e9 \u00e0 l\u2019aide de r\u00e9glettes d\u2019aluminium ou appel\u00e9 profil\u00e9s ou \u00e9querres. Elles permettent de donner une finition moderne, en plus de retenir la mati\u00e8re tandis qu\u2019elle ne sera pas encore fig\u00e9e. Ces r\u00e9glettes seront mises en place le long de toutes les bordures ainsi que sur les joints de fractionnements en suivant pr\u00e9cis\u00e9ment les courbes de chaque forme ou obstacle pr\u00e9sent. Chaque r\u00e9glette fait office de guide pour les poseurs.<span style=\"font-weight: 400;\">&nbsp;<\/span><\/p>\n\n\n\n<div class=\"wp-block-stackable-call-to-action is-style-default stk-block-call-to-action stk-block stk-v8xxbmh\" data-block-id=\"v8xxbmh\"><style>.stk-v8xxbmh-container{background-color:#f7f7f7 !important}.stk-v8xxbmh-container:before{background-color:#f7f7f7 !important}<\/style><div class=\"stk-block-call-to-action__content stk-content-align stk-v8xxbmh-column stk-container stk-v8xxbmh-container stk-hover-parent\"><div class=\"has-text-align-center stk-block-content stk-inner-blocks\">\n<div class=\"wp-block-stackable-heading stk-block-heading stk-block stk-he7y8rt\" id=\"decouvrez-notre-revetement-drainant-pour-les-plages-de-piscine\" data-block-id=\"he7y8rt\"><h3 class=\"stk-block-heading__text\">D\u00e9couvrez notre rev\u00eatement drainant pour les plages de piscine<\/h3><\/div>\n\n\n\n<div class=\"wp-block-stackable-text stk-block-text stk-block stk-yjlv6ot\" data-block-id=\"yjlv6ot\"><p class=\"stk-block-text__text\">Choisissez le fabricant fran\u00e7ais de r\u00e9f\u00e9rence<br>R\u00e9seau de plus de 200 partenaires agr\u00e9\u00e9s dans toute la France<\/p><\/div>\n\n\n\n<div class=\"wp-block-stackable-button-group stk-block-button-group stk-block stk-7dqb5ef\" data-block-id=\"7dqb5ef\"><div class=\"stk-row stk-inner-blocks stk-block-content stk-button-group\">\n<div class=\"wp-block-stackable-button stk-block-button stk-block stk-msb5ibq\" data-block-id=\"msb5ibq\"><style>.stk-msb5ibq .stk-button{background:#71797d !important}.stk-msb5ibq .stk-button__inner-text{font-size:20px !important}@media screen and (max-width:1023px){.stk-msb5ibq .stk-button__inner-text{font-size:20px !important}}<\/style><a class=\"stk-link stk-button stk--hover-effect-darken\" href=\"https:\/\/staging.resineo.com\/univers-particuliers\/univers-piscine\/\"><span class=\"stk-button__inner-text\">D\u00e9couvrir R\u00e9sineo\u00ae pour la piscine<\/span><\/a><\/div>\n<\/div><\/div>\n<\/div><\/div><\/div>\n\n\n\n<p>Une fois cette premi\u00e8re \u00e9tape effectu\u00e9e,<span style=\"font-weight: 400;\"> dans le cas d&rsquo;une dalle b\u00e9ton, une couche de r\u00e9sine \u00e9poxy sera appliqu\u00e9e sur l\u2019ensemble du support. C\u2019est elle qui jouera le r\u00f4le de primaire d\u2019accrochage et qui permettra de s\u2019assurer de la stabilit\u00e9 de l\u2019ensemble du rev\u00eatement de sol final.<\/span><\/p>\n\n\n\n<p><span style=\"font-weight: 400;\">Sur des rev\u00eatements homog\u00e8nes (dalles de pierre, b\u00e9ton et carrelage), on enduira la surface au rouleau avant de laisser s\u00e9cher pendant 24 heures. Sur du gravier compact\u00e9, il ne sera pas n\u00e9cessaire d&rsquo;appliquer de primaire d&rsquo;accroche. <\/span><\/p>\n\n\n\n<p><span style=\"font-weight: 400;\">Une fois toutes ces \u00e9tapes r\u00e9alis\u00e9es, viendra la phase de pose du granulat.<\/span><\/p>\n\n\n\n<h2 class=\"wp-block-heading\"><span style=\"font-weight: 400;\">Comment poser la moquette de pierre&nbsp;?<\/span><\/h2>\n\n\n\n<p><span style=\"font-weight: 400;\">Tout d\u2019abord, il faudra r\u00e9aliser le m\u00e9lange du granulat de pierre et de r\u00e9sine polyur\u00e9thane dans un malaxeur \u00e0 axe vertical. Ce rev\u00eatement demandant une parfaite ex\u00e9cution de la technique de pose, il est important de confier sa r\u00e9alisation \u00e0 une entreprise ou \u00e0 des professionnels ma\u00eetrisant ce type de mat\u00e9riau. Il en va de la qualit\u00e9 du r\u00e9sultat final.<\/span><\/p>\n\n\n\n<p><span style=\"font-weight: 400;\">Le granulat est ensuite \u00e9tal\u00e9 et r\u00e9gl\u00e9 au sol dans l\u2019espace d\u00e9limit\u00e9 de fa\u00e7on homog\u00e8ne et r\u00e9guli\u00e8re. Sa surface devra ensuite \u00eatre liss\u00e9e \u00e0 la taloche pour garantir un aspect aussi r\u00e9gulier que possible. L\u2019esth\u00e9tique et le confort d\u2019utilisation en d\u00e9pendent.<\/span><\/p>\n\n\n\n<p><span style=\"font-weight: 400;\">Il est ensuite n\u00e9cessaire de laisser s\u00e9cher l\u2019ensemble. Enfin,  une derni\u00e8re couche de protection de traitement antiglissance sera appliqu\u00e9e \u00e0 la surface. Il jouera un r\u00f4le protecteur, tant face au UV, qu\u2019\u00e0 l\u2019usure pouvant \u00eatre occasionn\u00e9e par les passages r\u00e9p\u00e9t\u00e9s. Pour une plage de piscine, compte tenu des \u00e9claboussures d\u2019eau chlor\u00e9e que subira le rev\u00eatement, cette protection renforcera la r\u00e9sistance du mat\u00e9riau.<\/span><\/p>\n\n\n\n<p><span style=\"font-weight: 400;\">Chaque \u00e9tape est importante pour la pose de ce type de produits. Tant les proportions du m\u00e9lange r\u00e9sine\/granulat, que la parfaite ex\u00e9cution technique de chaque op\u00e9ration tiendra un r\u00f4le important quant \u00e0 la durabilit\u00e9, le pouvoir drainant et l\u2019int\u00e9grit\u00e9 de ce mat\u00e9riau composite. La r\u00e9alisation des travaux conditionne la r\u00e9sistance du rev\u00eatement. Il est donc n\u00e9cessaire que le chantier soit r\u00e9alis\u00e9 dans les r\u00e8gles de l\u2019art et selon des process bien \u00e9tablis et bien ma\u00eetris\u00e9s. C\u2019est la raison pour laquelle confier cette r\u00e9alisation \u00e0 des professionnels habilit\u00e9s \u00e0 travailler ce mat\u00e9riau s\u2019av\u00e8re \u00eatre le choix le plus avis\u00e9.<\/span><\/p>\n\n\n\n<figure class=\"wp-block-image\"><img decoding=\"async\" width=\"650\" height=\"488\" src=\"https:\/\/staging.resineo.com\/guides\/wp-content\/uploads\/sites\/2\/2019\/10\/revetement-esthetique-piscine.jpg\" alt=\"Revetement Esthetique Piscine\" class=\"wp-image-1362\" srcset=\"https:\/\/staging.resineo.com\/guides\/wp-content\/uploads\/sites\/2\/2019\/10\/revetement-esthetique-piscine.jpg 650w, https:\/\/staging.resineo.com\/guides\/wp-content\/uploads\/sites\/2\/2019\/10\/revetement-esthetique-piscine-300x225.jpg 300w\" sizes=\"(max-width: 650px) 100vw, 650px\" \/><\/figure>\n\n\n\n<h2 class=\"wp-block-heading\"><span style=\"font-weight: 400;\">Une plage de piscine stable, esth\u00e9tique et durable<\/span><\/h2>\n\n\n\n<p><span style=\"font-weight: 400;\">D\u00e8s lors que le support sera adapt\u00e9 et pr\u00e9par\u00e9, la r\u00e9alisation du chantier de pose correcte, et la conception conforme aux consignes du fabricant, une plage de piscine en moquette de pierre durera longtemps, tout en conservant l\u2019\u00e9tat de ses couleurs d\u2019origine.<\/span><\/p>\n\n\n\n<p><span style=\"font-weight: 400;\">Ces rev\u00eatements r\u00e9sistent aussi bien aux fortes chaleurs qu\u2019au gel, sans risquer de se fissurer, ni d\u2019\u00eatre endommag\u00e9s. De plus, ils restent antiglissants, m\u00eame lorsqu\u2019on marche \u00e0 leur surface, \u00e0 peine sorti de l\u2019eau. Leur fort pouvoir drainant garantit la s\u00e9curit\u00e9 des utilisateurs.<\/span><\/p>\n\n\n\n<div class=\"wp-block-stackable-call-to-action is-style-default stk-block-call-to-action stk-block stk-k9asjzn\" data-block-id=\"k9asjzn\"><style>.stk-k9asjzn-container{background-color:#f7f7f7 !important}.stk-k9asjzn-container:before{background-color:#f7f7f7 !important}<\/style><div class=\"stk-block-call-to-action__content stk-content-align stk-k9asjzn-column stk-container stk-k9asjzn-container stk-hover-parent\"><div class=\"has-text-align-center stk-block-content stk-inner-blocks\">\n<div class=\"wp-block-stackable-heading stk-block-heading stk-block stk-ojcwxe7\" id=\"decouvrez-notre-revetement-drainant-pour-les-plages-de-piscine\" data-block-id=\"ojcwxe7\"><h3 class=\"stk-block-heading__text\">D\u00e9couvrez notre rev\u00eatement drainant pour les plages de piscine<\/h3><\/div>\n\n\n\n<div class=\"wp-block-stackable-text stk-block-text stk-block stk-u99bp6x\" data-block-id=\"u99bp6x\"><p class=\"stk-block-text__text\">Choisissez le fabricant fran\u00e7ais de r\u00e9f\u00e9rence<br>R\u00e9seau de plus de 200 partenaires agr\u00e9\u00e9s dans toute la France<\/p><\/div>\n\n\n\n<div class=\"wp-block-stackable-button-group stk-block-button-group stk-block stk-b7pwq5l\" data-block-id=\"b7pwq5l\"><div class=\"stk-row stk-inner-blocks stk-block-content stk-button-group\">\n<div class=\"wp-block-stackable-button stk-block-button stk-block stk-1lymyr7\" data-block-id=\"1lymyr7\"><style>.stk-1lymyr7 .stk-button{background:#71797d !important}.stk-1lymyr7 .stk-button__inner-text{font-size:20px !important}@media screen and (max-width:1023px){.stk-1lymyr7 .stk-button__inner-text{font-size:20px !important}}<\/style><a class=\"stk-link stk-button stk--hover-effect-darken\" href=\"https:\/\/staging.resineo.com\/univers-particuliers\/univers-piscine\/\"><span class=\"stk-button__inner-text\">D\u00e9couvrir R\u00e9sineo\u00ae pour la piscine<\/span><\/a><\/div>\n<\/div><\/div>\n<\/div><\/div><\/div>\n\n\n\n<p><span style=\"font-weight: 400;\">En termes d\u2019entretien, un simple nettoyage \u00e0 l\u2019aide d\u2019un jet haute pression suffit \u00e0 les nettoyer. Un entretien plus approfondie une fois par an est n\u00e9cessaire pour d\u00e9barrasser le rev\u00eatement des impuret\u00e9s. <\/span><\/p>\n\n\n\n<p><span style=\"font-weight: 400;\">Applicable sur de nombreux supports, la moquette de marbre ou de quartz \u00e9pouse parfaitement les moindre courbes et formes des espaces \u00e0 <a href=\"https:\/\/staging.resineo.com\/guides\/revetement-resine\/sol-piscine\/equiper-plage-piscine\/\">\u00e9quiper<\/a>. Au-del\u00e0 de la plage d\u2019une piscine, elle peut \u00e9quiper un escalier menant \u00e0 la piscine, de m\u00eame que la terrasse attenante \u00e0 cet espace.&nbsp;<\/span><\/p>\n\n\n\n<p><span style=\"font-weight: 400;\">De plus, ce rev\u00eatement technique permet d\u2019obtenir un aspect esth\u00e9tique sophistiqu\u00e9, donnant la possibilit\u00e9 de cr\u00e9er des motifs complexes, ou de m\u00e9langer diff\u00e9rents granulats pour obtenir des nuances personnalis\u00e9es.&nbsp;<\/span><\/p>\n\n\n\n<p><span style=\"font-weight: 400;\">Si vous n\u2019aviez pas encore envisag\u00e9 cette solution pour vos travaux, n\u2019h\u00e9sitez pas \u00e0 demander un devis. Nous vous donnerons tous les renseignements concernant les possibilit\u00e9s que vous pourrez envisager pour vos abords de piscine.<\/span><\/p>\n\n\n\n<ul class=\"wp-block-list\"><li><a href=\"https:\/\/staging.resineo.com\/guides\/revetement-resine\/sol-piscine\/support\/\">Sur quel support poser une plage de piscine en r\u00e9sine de pierre<\/a><\/li><li><a href=\"https:\/\/staging.resineo.com\/guides\/revetement-resine\/sol-piscine\/avantages\/\">Les avantages d&rsquo;une plage de piscine en moquette de pierre<\/a><\/li><li><a href=\"https:\/\/staging.resineo.com\/guides\/revetement-resine\/sol-piscine\/differences\/\">Diff\u00e9rence moquette de pierre\/carrelage (anti-glissance, etc&#8230;)<\/a><\/li><\/ul>\n","protected":false},"excerpt":{"rendered":"<p>Tout d\u2019abord, qu\u2019est-ce qu\u2019un rev\u00eatement perm\u00e9able en r\u00e9sine et granulats&nbsp;? Il s\u2019agit d\u2019un rev\u00eatement de sol compos\u00e9 d\u2019un granulat min\u00e9ral (quartz ou marbre), qui est agglom\u00e9r\u00e9 par une r\u00e9sine \u00e0 base polyur\u00e9thane. Tr\u00e8s r\u00e9sistant et drainant, ce mat\u00e9riau est une solution id\u00e9ale pour la cr\u00e9ation d\u2019une terrasse, d\u2019une all\u00e9e de jardin ou de garage, de [&hellip;]<\/p>\n","protected":false},"author":1,"featured_media":0,"parent":1003,"menu_order":0,"comment_status":"closed","ping_status":"closed","template":"","meta":{"_uag_custom_page_level_css":"","footnotes":""},"class_list":["post-1061","page","type-page","status-publish","hentry","entry"],"uagb_featured_image_src":{"full":false,"thumbnail":false,"medium":false,"medium_large":false,"large":false,"1536x1536":false,"2048x2048":false,"ocean-thumb-m":false,"ocean-thumb-ml":false,"ocean-thumb-l":false},"uagb_author_info":{"display_name":"admin","author_link":"https:\/\/staging.resineo.com\/guides\/be\/author\/agoralys\/"},"uagb_comment_info":0,"uagb_excerpt":"Tout d\u2019abord, qu\u2019est-ce qu\u2019un rev\u00eatement perm\u00e9able en r\u00e9sine et granulats&nbsp;? Il s\u2019agit d\u2019un rev\u00eatement de sol compos\u00e9 d\u2019un granulat min\u00e9ral (quartz ou marbre), qui est agglom\u00e9r\u00e9 par une r\u00e9sine \u00e0 base polyur\u00e9thane. Tr\u00e8s r\u00e9sistant et drainant, ce mat\u00e9riau est une solution id\u00e9ale pour la cr\u00e9ation d\u2019une terrasse, d\u2019une all\u00e9e de jardin ou de garage, de&hellip;","_links":{"self":[{"href":"https:\/\/staging.resineo.com\/guides\/be\/wp-json\/wp\/v2\/pages\/1061","targetHints":{"allow":["GET"]}}],"collection":[{"href":"https:\/\/staging.resineo.com\/guides\/be\/wp-json\/wp\/v2\/pages"}],"about":[{"href":"https:\/\/staging.resineo.com\/guides\/be\/wp-json\/wp\/v2\/types\/page"}],"author":[{"embeddable":true,"href":"https:\/\/staging.resineo.com\/guides\/be\/wp-json\/wp\/v2\/users\/1"}],"replies":[{"embeddable":true,"href":"https:\/\/staging.resineo.com\/guides\/be\/wp-json\/wp\/v2\/comments?post=1061"}],"version-history":[{"count":1,"href":"https:\/\/staging.resineo.com\/guides\/be\/wp-json\/wp\/v2\/pages\/1061\/revisions"}],"predecessor-version":[{"id":3657,"href":"https:\/\/staging.resineo.com\/guides\/be\/wp-json\/wp\/v2\/pages\/1061\/revisions\/3657"}],"up":[{"embeddable":true,"href":"https:\/\/staging.resineo.com\/guides\/be\/wp-json\/wp\/v2\/pages\/1003"}],"wp:attachment":[{"href":"https:\/\/staging.resineo.com\/guides\/be\/wp-json\/wp\/v2\/media?parent=1061"}],"curies":[{"name":"wp","href":"https:\/\/api.w.org\/{rel}","templated":true}]}}