{"id":1066,"date":"2019-09-06T07:28:29","date_gmt":"2019-09-06T07:28:29","guid":{"rendered":"https:\/\/staging.resineo.com\/guides\/revetement-resine\/sol-piscine\/meilleur-revetement\/"},"modified":"2021-02-08T16:52:50","modified_gmt":"2021-02-08T16:52:50","slug":"meilleur-revetement","status":"publish","type":"page","link":"https:\/\/staging.resineo.com\/guides\/be\/revetement-resine\/sol-piscine\/meilleur-revetement\/","title":{"rendered":"Quel est le meilleur rev\u00eatement de sol pour fabriquer une plage de piscine ?"},"content":{"rendered":"\n<p>Le choix de mat\u00e9riau pour \u00e9quiper une plage de <a href=\"https:\/\/staging.resineo.com\/guides\/be\/revetement-resine\/sol-piscine\/\">piscine<\/a> est toujours d\u00e9licat. Il faut que ce dernier garantisse plusieurs qualit\u00e9s :<\/p>\n\n\n\n<ul class=\"wp-block-list\"><li>R\u00e9sistance aux intemp\u00e9ries.<\/li><li>Qualit\u00e9 esth\u00e9tique : l\u2019aspect, la finition et les couleurs doivent s\u2019accorder avec l\u2019espace, tout en mettant la piscine en valeur.<\/li><li>Surface drainante : \u00e0 la sortie de l\u2019eau, les utilisateurs ne doivent pas risquer de glisser.<\/li><li>Facilit\u00e9 d\u2019entretien.<\/li><\/ul>\n\n\n\n<figure class=\"wp-block-image\"><img fetchpriority=\"high\" decoding=\"async\" width=\"650\" height=\"487\" src=\"https:\/\/staging.resineo.com\/guides\/wp-content\/uploads\/sites\/2\/2019\/10\/revetement-resineo-piscine.jpg\" alt=\"Revetement Resineo Piscine\" class=\"wp-image-606\" srcset=\"https:\/\/staging.resineo.com\/guides\/wp-content\/uploads\/sites\/2\/2019\/10\/revetement-resineo-piscine.jpg 650w, https:\/\/staging.resineo.com\/guides\/wp-content\/uploads\/sites\/2\/2019\/10\/revetement-resineo-piscine-300x225.jpg 300w\" sizes=\"(max-width: 650px) 100vw, 650px\" \/><\/figure>\n\n\n\n<p>Autant de points qu\u2019il est important de prendre en compte pour faire un choix \u00e9clair\u00e9, qui garantira d\u2019\u00eatre \u00e9quip\u00e9 correctement et pour longtemps.<\/p>\n\n\n\n<p>Les options sont nombreuses, et chaque mat\u00e9riau pr\u00e9sente des avantages intrins\u00e8ques.  La r\u00e9sine de pierre dispose de nombreuses qualit\u00e9s. <\/p>\n\n\n\n<p>Passons en revue les propri\u00e9t\u00e9s de ce mat\u00e9riau en le comparant aux autres options envisageables.<\/p>\n\n\n\n<h2 class=\"wp-block-heading\">La r\u00e9sine de pierre garantit le confort des utilisateurs aux abords de la piscine<\/h2>\n\n\n\n<p>Avant de nous concentrer sur les particularit\u00e9s techniques de tous les mat\u00e9riaux, il est important de souligner que le rev\u00eatement de sol choisi pour <a href=\"https:\/\/staging.resineo.com\/guides\/be\/revetement-resine\/sol-piscine\/equiper-plage-piscine\/\">\u00e9quiper<\/a> une plage de piscine, se devra d\u2019\u00eatre anti-glissant et facilement praticable, m\u00eame pieds nus.<\/p>\n\n\n\n<p>Or, si l\u2019on consid\u00e8re les propri\u00e9t\u00e9s de nombreux rev\u00eatements, tel le carrelage ou le bois par exemple, s\u2019ils ne sont pas sp\u00e9cialement con\u00e7us pour ce type d\u2019utilisation, ils peuvent s\u2019av\u00e9rer glissants. Compte tenu du fait que l\u2019on \u00e9volue souvent pieds nus aux abords d\u2019une piscine, mouill\u00e9 de surcro\u00eet, il est imp\u00e9ratif de pouvoir compter sur l\u2019adh\u00e9rence du sol pour ne pas risquer d\u2019accident.<\/p>\n\n\n\n<p>De plus, les piscines sont souvent expos\u00e9es en plein soleil, demandant l\u2019emploi d\u2019un rev\u00eatement qui accumule peu la chaleur. Une moquette de pierre de couleur claire (coloris coquillage ou d\u00e9sert) restera praticable m\u00eame en \u00e9t\u00e9. <\/p>\n\n\n\n<p>Le pouvoir drainant de ce mat\u00e9riau permet d\u2019\u00e9vacuer imm\u00e9diatement l\u2019eau de surface, gr\u00e2ce \u00e0 sa structure. Les granulats min\u00e9raux utilis\u00e9s pour composer un tel rev\u00eatement ont une granulom\u00e9trie qui permet l\u2019\u00e9coulement de l\u2019eau au travers de leur structure. C\u2019est \u00e9galement gr\u00e2ce \u00e0 cette m\u00eame structure que la temp\u00e9rature en surface reste moins chaude que bien d\u2019autres produits. <\/p>\n\n\n\n<p>En effet, les interstices pr\u00e9sents au sein de la structure de l\u2019\u00e9paisseur du granulat d\u2019une r\u00e9sine de pierre, lui conf\u00e8rent une certaine porosit\u00e9, qui permet \u00e0 l\u2019air comme \u00e0 l\u2019eau d\u2019y circuler. Ainsi, le pouvoir drainant du rev\u00eatement garantit une parfaite adh\u00e9rence (<a href=\"https:\/\/staging.resineo.com\/guides\/be\/revetement-resine\/sol-piscine\/eviter-glissure\/\">anti-glissance<\/a>), de m\u00eame que l\u2019air pr\u00e9sent permet une r\u00e9gulation de la temp\u00e9rature superficielle.<\/p>\n\n\n\n<figure class=\"wp-block-image\"><img decoding=\"async\" width=\"650\" height=\"365\" src=\"https:\/\/staging.resineo.com\/guides\/wp-content\/uploads\/sites\/2\/2019\/10\/revetement-antiderapant-plage-piscine.jpg\" alt=\"Revetement Antiderapant Plage Piscine\" class=\"wp-image-572\" srcset=\"https:\/\/staging.resineo.com\/guides\/wp-content\/uploads\/sites\/2\/2019\/10\/revetement-antiderapant-plage-piscine.jpg 650w, https:\/\/staging.resineo.com\/guides\/wp-content\/uploads\/sites\/2\/2019\/10\/revetement-antiderapant-plage-piscine-300x168.jpg 300w\" sizes=\"(max-width: 650px) 100vw, 650px\" \/><\/figure>\n\n\n\n<h2 class=\"wp-block-heading\">Qu\u2019en est-il de l\u2019aspect esth\u00e9tique ?<\/h2>\n\n\n\n<p>Le bois, le carrelage, de m\u00eame que le b\u00e9ton permettent de composer des rev\u00eatements aux styles vari\u00e9s. Les couleurs, les motifs, ainsi que la texture de ces ensembles peuvent \u00eatre travaill\u00e9s et choisis parmi de larges gammes de produits. <\/p>\n\n\n\n<p>Toutefois, chacun oblige \u00e0 la mise en place de joints ou d\u00e9limitations entre les \u00e9l\u00e9ments qui les composent :<\/p>\n\n\n\n<ul class=\"wp-block-list\"><li>Les joints de carrelages sont pr\u00e9sents entre chaque dalle ou chaque carreau.<\/li><li>Les lames de bois ont une taille limit\u00e9e, obligeant \u00e0 rendre visibles les jonctions entre chaque \u00e9l\u00e9ment (lames ou caillebotis).<\/li><\/ul>\n\n\n\n<p>Dans le cas de la r\u00e9sine de pierre, ces composants ne sont pas n\u00e9cessaires. On peut ainsi obtenir une surface uniforme, qui ne souffrira pas de d\u00e9formations au fil des ann\u00e9es. Ainsi, il est possible de composer des rev\u00eatements pour de grandes surfaces, sans qu\u2019aucun joint n\u2019apparaisse (hors joint de fractionnement).<\/p>\n\n\n\n<p>De plus, chaque min\u00e9ral utilis\u00e9 est naturel. Outre le fait que le granulat ait \u00e9t\u00e9 pr\u00e9par\u00e9  pour garantir l\u2019homog\u00e9n\u00e9it\u00e9 et les propri\u00e9t\u00e9s m\u00e9caniques et techniques du rev\u00eatement, il est propos\u00e9 dans des coloris permettant de composer des habillages s\u2019accordant aussi bien avec de l\u2019ancien que du moderne. Les plages de piscines ainsi construites permettent de mettre le bassin en valeur, tout en s\u2019accordant parfaitement \u00e0 l\u2019ambiance esth\u00e9tique de la maison ou du jardin.<\/p>\n\n\n\n<p><b>A noter<\/b> : <i>On utilise souvent ce mat\u00e9riau composite \u00e0 base de pierres et de r\u00e9sine pour la construction de terrasses. C\u2019est la possibilit\u00e9 de cr\u00e9er une uniformit\u00e9 esth\u00e9tique entre la plage de piscine, les all\u00e9es du jardin et la terrasse par exemple.<\/i><\/p>\n\n\n\n<p>En termes de couleur, selon le type de min\u00e9ral utilis\u00e9 et les nuances de ce dernier, il sera possible de choisir parmi toute une palette de coloris, autorisant des accords avec tous types de constructions. La cr\u00e9ation de motifs est \u00e9galement possible. Il suffit de se renseigner aupr\u00e8s de l\u2019entreprise \u00e0 laquelle on souhaite confier la r\u00e9alisation des travaux. Des pochoirs permettent la cr\u00e9ation de dessins assez complexes. Elle en tiendra compte dans le devis initial et vous permettra de choisir parmi toute une s\u00e9rie de motifs r\u00e9alisables. Ce type de finition est du plus bel effet et permet d\u2019avoir une d\u00e9coration v\u00e9ritablement personnalis\u00e9e.<\/p>\n\n\n\n<figure class=\"wp-block-image\"><img decoding=\"async\" width=\"650\" height=\"487\" src=\"https:\/\/staging.resineo.com\/guides\/wp-content\/uploads\/sites\/2\/2019\/10\/revetement-antiderapant-resine-piscine.jpg\" alt=\"Revetement Antiderapant Resine Piscine\" class=\"wp-image-574\" srcset=\"https:\/\/staging.resineo.com\/guides\/wp-content\/uploads\/sites\/2\/2019\/10\/revetement-antiderapant-resine-piscine.jpg 650w, https:\/\/staging.resineo.com\/guides\/wp-content\/uploads\/sites\/2\/2019\/10\/revetement-antiderapant-resine-piscine-300x225.jpg 300w\" sizes=\"(max-width: 650px) 100vw, 650px\" \/><\/figure>\n\n\n\n<h2 class=\"wp-block-heading\">Qu\u2019en est-il de l\u2019entretien des surfaces aux abords de la piscine en fonction du mat\u00e9riau choisi ?<\/h2>\n\n\n\n<p>Impossible de comparer diff\u00e9rents rev\u00eatements de sols sans prendre en compte l\u2019entretien que suppose chacun.<\/p>\n\n\n\n<p>D\u2019une part, il faut tenir compte de l\u2019\u00e9ventuel vieillissement du mat\u00e9riau envisag\u00e9, d\u2019autre part, il faut consid\u00e9rer la facilit\u00e9 \u00e0 le nettoyer ainsi que les \u00e9ventuels traitements qu\u2019il n\u00e9cessite au fil du temps.<\/p>\n\n\n\n<p>Par exemple, le bois est relativement facile \u00e0 nettoyer \u00e0 l\u2019aide d\u2019un balai et d\u2019une serpill\u00e8re, mais il peut s\u2019av\u00e9rer utile de le traiter pour qu\u2019il conserve un aspect neuf. Les UV, la chaleur et les \u00e9claboussures d\u2019eau chlor\u00e9e peuvent mettre \u00e0 mal son \u00e9tat.<\/p>\n\n\n\n<p>Pour le carrelage comme pour le b\u00e9ton par exemple, un nettoyage au jet haute pression suffit pour les maintenir en bon \u00e9tat. Toutefois, du fait de leur \u00e9tanch\u00e9it\u00e9, durant la p\u00e9riode hivernale, des flaques d\u2019eau stagnante peuvent se former \u00e0 leur surface, entra\u00eenant parfois l\u2019apparition de mousses ou d\u2019algues vertes qu\u2019il peut s\u2019av\u00e9rer difficile d\u2019enlever le printemps venu. Des produits sont pr\u00e9vus \u00e0 cet effet, mais il est toujours pr\u00e9f\u00e9rable d\u2019opter pour des solutions aussi \u00e9cologiques que possible.<\/p>\n\n\n\n<p>Pour ce qui est de la r\u00e9sine de pierre, un simple nettoyage \u00e0 l\u2019aide d\u2019un jet d\u2019eau haute pression suffit \u00e0 lui faire retrouver son \u00e9tat initial. Son pouvoir drainant \u00e9vite la formation de flaques, et la r\u00e9sine polyur\u00e9thane employ\u00e9e pour sa composition est une protection efficace contre les UV et tous types de d\u00e9p\u00f4ts. La plage de piscine retrouve ainsi sa couleur en simple passage.<\/p>\n\n\n\n<h2 class=\"wp-block-heading\">Un rev\u00eatement de sol en r\u00e9sine de pierre est un mat\u00e9riau de choix pour la r\u00e9alisation d\u2019une plage de piscine<\/h2>\n\n\n\n<p>Tant pour sa durabilit\u00e9, que sa facilit\u00e9 d\u2019entretien, ou la s\u00e9curit\u00e9 qu\u2019il garantit aux utilisateurs de la piscine, ce rev\u00eatement est un mat\u00e9riau tout indiqu\u00e9 pour ce type de r\u00e9alisation.<\/p>\n\n\n\n<p>M\u00eame si son prix est un peu plus \u00e9lev\u00e9 que d\u2019autres solutions du fait de la technicit\u00e9 de sa pose, il s\u2019av\u00e8re rentable aux vues de sa r\u00e9sistance aux intemp\u00e9ries et dans le temps. Pour qui cherche \u00e0 allier esth\u00e9tique, confort d\u2019utilisation et tranquillit\u00e9 quant au vieillissement du rev\u00eatement, la r\u00e9sine de pierre est un mat\u00e9riau de choix, pour une r\u00e9alisation sur mesure.<\/p>\n\n\n\n<ul class=\"wp-block-list\"><li><a href=\"https:\/\/staging.resineo.com\/guides\/be\/revetement-resine\/sol-piscine\/support\/\">Sur quel support poser une plage de piscine en r\u00e9sine de pierre<\/a><\/li><li><a href=\"https:\/\/staging.resineo.com\/guides\/be\/revetement-resine\/sol-piscine\/avantages\/\">Les avantages d&rsquo;une plage de piscine en moquette de pierre<\/a><\/li><li><a href=\"https:\/\/staging.resineo.com\/guides\/be\/revetement-resine\/sol-piscine\/differences\/\">Diff\u00e9rence moquette de pierre\/carrelage (anti-glissance, etc&#8230;)<\/a><\/li><\/ul>\n","protected":false},"excerpt":{"rendered":"<p>Le choix de mat\u00e9riau pour \u00e9quiper une plage de piscine est toujours d\u00e9licat. Il faut que ce dernier garantisse plusieurs qualit\u00e9s : R\u00e9sistance aux intemp\u00e9ries. Qualit\u00e9 esth\u00e9tique : l\u2019aspect, la finition et les couleurs doivent s\u2019accorder avec l\u2019espace, tout en mettant la piscine en valeur. Surface drainante : \u00e0 la sortie de l\u2019eau, les utilisateurs [&hellip;]<\/p>\n","protected":false},"author":1,"featured_media":0,"parent":1003,"menu_order":0,"comment_status":"closed","ping_status":"closed","template":"","meta":{"_uag_custom_page_level_css":"","footnotes":""},"class_list":["post-1066","page","type-page","status-publish","hentry","entry"],"uagb_featured_image_src":{"full":false,"thumbnail":false,"medium":false,"medium_large":false,"large":false,"1536x1536":false,"2048x2048":false,"ocean-thumb-m":false,"ocean-thumb-ml":false,"ocean-thumb-l":false},"uagb_author_info":{"display_name":"admin","author_link":"https:\/\/staging.resineo.com\/guides\/be\/author\/agoralys\/"},"uagb_comment_info":0,"uagb_excerpt":"Le choix de mat\u00e9riau pour \u00e9quiper une plage de piscine est toujours d\u00e9licat. Il faut que ce dernier garantisse plusieurs qualit\u00e9s : R\u00e9sistance aux intemp\u00e9ries. Qualit\u00e9 esth\u00e9tique : l\u2019aspect, la finition et les couleurs doivent s\u2019accorder avec l\u2019espace, tout en mettant la piscine en valeur. Surface drainante : \u00e0 la sortie de l\u2019eau, les utilisateurs&hellip;","_links":{"self":[{"href":"https:\/\/staging.resineo.com\/guides\/be\/wp-json\/wp\/v2\/pages\/1066","targetHints":{"allow":["GET"]}}],"collection":[{"href":"https:\/\/staging.resineo.com\/guides\/be\/wp-json\/wp\/v2\/pages"}],"about":[{"href":"https:\/\/staging.resineo.com\/guides\/be\/wp-json\/wp\/v2\/types\/page"}],"author":[{"embeddable":true,"href":"https:\/\/staging.resineo.com\/guides\/be\/wp-json\/wp\/v2\/users\/1"}],"replies":[{"embeddable":true,"href":"https:\/\/staging.resineo.com\/guides\/be\/wp-json\/wp\/v2\/comments?post=1066"}],"version-history":[{"count":0,"href":"https:\/\/staging.resineo.com\/guides\/be\/wp-json\/wp\/v2\/pages\/1066\/revisions"}],"up":[{"embeddable":true,"href":"https:\/\/staging.resineo.com\/guides\/be\/wp-json\/wp\/v2\/pages\/1003"}],"wp:attachment":[{"href":"https:\/\/staging.resineo.com\/guides\/be\/wp-json\/wp\/v2\/media?parent=1066"}],"curies":[{"name":"wp","href":"https:\/\/api.w.org\/{rel}","templated":true}]}}