{"id":1080,"date":"2019-09-06T08:44:53","date_gmt":"2019-09-06T08:44:53","guid":{"rendered":"https:\/\/staging.resineo.com\/guides\/revetement-resine\/tapis-de-pierre\/fabrication\/"},"modified":"2023-10-16T13:42:41","modified_gmt":"2023-10-16T13:42:41","slug":"fabrication","status":"publish","type":"page","link":"https:\/\/staging.resineo.com\/guides\/be\/revetement-resine\/tapis-de-pierre\/fabrication\/","title":{"rendered":"Fabrication d&rsquo;un tapis de pierre : quelles sont les \u00e9tapes et les r\u00e8gles \u00e0 suivre ?"},"content":{"rendered":"\n<p>Nous allons vous expliquer ici point par point comment se d\u00e9roule la fabrication d\u2019un tapis de pierre. Ce guide a pour vocation \u00e0 vous \u00e9clairer quant aux possibilit\u00e9s offertes par ce rev\u00eatement de sol, ainsi qu\u2019\u00e0 vous donner une id\u00e9e des travaux qu\u2019une telle cr\u00e9ation suppose.<\/p>\n\n\n\n<figure class=\"wp-block-image\"><img decoding=\"async\" src=\"https:\/\/staging.resineo.com\/guides\/wp-content\/uploads\/sites\/2\/2019\/10\/revetement-sol-resine-piscine.jpg\" alt=\"Revetement Sol Resine Piscine\"\/><\/figure>\n\n\n\n<p>Toutefois, nous recommandons de confier l\u2019ex\u00e9cution du chantier \u00e0 une entreprise experte, dont les professionnels sont habilit\u00e9s \u00e0 manipuler et installer ce produit selon les normes constructeur.<\/p>\n\n\n\n<p>Tant la pr\u00e9paration du support, que la pose du granulat m\u00e9lang\u00e9 \u00e0 la r\u00e9sine polyur\u00e9thane auront une importance quant au pouvoir drainant et \u00e0 la qualit\u00e9 du rev\u00eatement. La durabilit\u00e9 du rev\u00eatement n&rsquo;est garantie que par l&rsquo;utilisation de composants ad\u00e9quat et par une pose parfaitement maitris\u00e9e.&nbsp;<\/p>\n\n\n\n<h2 class=\"wp-block-heading\">Pr\u00e9paration de la surface \u00e0 recouvrir<\/h2>\n\n\n\n<p>Quel que soit le support sur lequel reposera <a href=\"https:\/\/staging.resineo.com\/moquette-de-pierre\/\">le tapis de pierre (appel\u00e9 \u00e9galement moquette de pierre)<\/a>, il sera important que ce dernier soit bien pr\u00e9par\u00e9 pour garantir une parfaite adh\u00e9rence de l\u2019ensemble.<\/p>\n\n\n\n<h3 class=\"wp-block-heading\">Sur graves non trait\u00e9es (GNT)<\/h3>\n\n\n\n<p>Le gravier devra \u00eatre parfaitement stable et tass\u00e9, ce type de support est appel\u00e9 une Grave Non Trait\u00e9 (GNT). Les pierres qui le composent devront repr\u00e9senter une couche homog\u00e8ne. La couche devra \u00eatre suffisante pour garantir qu\u2019aucun affaissement n\u2019aura lieu une fois le rev\u00eatement pos\u00e9. Pour ce faire, la GNT devra \u00eatre pos\u00e9 par une entreprise sp\u00e9cialis\u00e9e.&nbsp;<\/p>\n\n\n\n<p>Dans le cas ou la r\u00e9alisation sera carrossable, une \u00e9paisseur minimale est attendue :<\/p>\n\n\n\n<ul class=\"wp-block-list\">\n<li>10 \u00e0 12 cm d\u2019\u00e9paisseur de la GNT pour le trafic de v\u00e9hicules l\u00e9gers (&gt;3,5T).<\/li>\n\n\n\n<li>Environ 50 cm d\u2019\u00e9paisseur pour le trafic de v\u00e9hicules lourds (&gt;19T).<\/li>\n<\/ul>\n\n\n\n<h3 class=\"wp-block-heading\">Sur dalle de b\u00e9ton<\/h3>\n\n\n\n<p>La dalle devra \u00eatre nettoy\u00e9e et d\u00e9barrass\u00e9e de toute la poussi\u00e8re pouvant la couvrir. Il faut ensuite s\u2019assurer qu\u2019aucune fissure ne soit pr\u00e9sente. Si c\u2019\u00e9tait le cas, une couche de ragr\u00e9age devra \u00eatre pos\u00e9e afin d\u2019homog\u00e9n\u00e9iser et r\u00e9parer la surface. Une pente d&rsquo;au moins 2% est n\u00e9cessaire \u00e0 la pose d&rsquo;un rev\u00eatement drainant. Il faudra ensuite appliquer une couche de r\u00e9sine \u00e9poxy (primaire d\u2019accrochage) afin que la surface soit pr\u00eate \u00e0 accueillir le granulat.<\/p>\n\n\n\n<figure class=\"wp-block-image\"><img decoding=\"async\" src=\"https:\/\/staging.resineo.com\/guides\/wp-content\/uploads\/sites\/2\/2019\/10\/revetement-granulat-piscine.jpg\" alt=\"Revetement Granulat Piscine\"\/><\/figure>\n\n\n\n<h3 class=\"wp-block-heading\">Sur carrelage<\/h3>\n\n\n\n<p>Il sera important d\u2019effectuer un nettoyage pr\u00e9alable de toute la surface \u00e0 recouvrir. Il faudra ensuite v\u00e9rifier l\u2019\u00e9tat de l\u2019ensemble pour s\u2019assurer qu\u2019aucune fissure ne puisse compromettre l\u2019int\u00e9grit\u00e9 du rev\u00eatement final. De m\u00eame, si le carrelage sonne creux, alors sa d\u00e9pose sera n\u00e9cessaire.&nbsp;<\/p>\n\n\n\n<p>Pour une terrasse ou un tour de piscine, une pente est g\u00e9n\u00e9ralement d\u00e9j\u00e0 pr\u00e9sente afin d\u2019assurer l\u2019\u00e9coulement de l\u2019eau. Il est important de s\u2019assurer de la pr\u00e9sence de cette pente pour un meilleur pouvoir drainant.<\/p>\n\n\n\n<p>L\u00e0 encore, une fois pr\u00e9par\u00e9, le support sera enduit de r\u00e9sine \u00e9poxy assurant l\u2019accrochage du rev\u00eatement final.<\/p>\n\n\n\n<p><b>A noter<\/b> : <i>Pour des finitions impeccables, il est recommand\u00e9 de d\u00e9limiter les zones \u00e0 recouvrir \u00e0 l\u2019aide de r\u00e9glettes en aluminium qui serviront de d\u00e9marcation. Elles devront \u00eatre pos\u00e9es le jour suivant la pose de la premi\u00e8re couche de r\u00e9sine, une fois que cette derni\u00e8re sera s\u00e8che. Ce produit n\u00e9cessite 24h de s\u00e9chage, selon les conditions.<\/i><\/p>\n\n\n\n<h2 class=\"wp-block-heading\">La pr\u00e9paration et pose de l\u2019agglom\u00e9rat pierre\/r\u00e9sine<\/h2>\n\n\n\n<p>Une fois la surface \u00e0 recouvrir bien s\u00e8che, la pr\u00e9paration des granulats peut d\u00e9buter. Il se peut que plusieurs granulats soient n\u00e9cessaires, notamment si des motifs doivent \u00eatre fabriqu\u00e9s durant la pose. Dans tous les cas, il est important que les granulats utilis\u00e9s soient en marbre ou en quartz. Dans les deux cas, ils devront \u00eatre roul\u00e9s, c\u2019est-\u00e0-dire qu\u2019aucun morceau ne doit avoir d\u2019ar\u00eate. C\u2019est la condition pour avoir un rev\u00eatement final agr\u00e9able au toucher et non abrasif.<\/p>\n\n\n\n<p>Dans un m\u00e9langeur, le granulat sera vers\u00e9, ainsi que la r\u00e9sine, et ce afin que l\u2019ensemble soit parfaitement m\u00e9lang\u00e9. Il est important de respecter les consignes du constructeur concernant la proportion des deux produits. C\u2019est la r\u00e9sine polyur\u00e9thane qui va jouer le r\u00f4le de liant dans cet agglom\u00e9rat. Le granulat pourra ainsi \u00eatre parfaitement fig\u00e9 et stable, ne risquent pas de se fissurer au fil du temps.<\/p>\n\n\n\n<p>C\u2019est notamment une des raisons pour laquelle il vaut mieux confier ces travaux \u00e0 des professionnels, au fait de tous les d\u00e9tails.<\/p>\n\n\n\n<p>Le m\u00e9lange va ensuite \u00eatre \u00e9tal\u00e9 au sol, puis liss\u00e9 afin d\u2019obtenir une surface homog\u00e8ne. Selon la surface, l\u2019op\u00e9ration peut s\u2019\u00e9taler sur plusieurs jours. Un des points int\u00e9ressants de la r\u00e9sine de pierre, c\u2019est qu\u2019elle ne n\u00e9cessite pas la mise en place de joints. Il est tout \u00e0 fait possible de reprendre le travail o\u00f9 il s\u2019\u00e9tait arr\u00eat\u00e9 la veille par exemple. Il en ira de m\u00eame dans le cas o\u00f9 on souhaite intervenir sous le rev\u00eatement apr\u00e8s une rupture de canalisation par exemple.&nbsp;<\/p>\n\n\n\n<p>La r\u00e9sistance et le pouvoir drainant de la r\u00e9alisation d\u00e9pendent du bon d\u00e9roulement de chaque \u00e9tape. Il est donc important que le travail soit soign\u00e9 pour ne pas avoir \u00e0 le retoucher au fil du temps.<\/p>\n\n\n\n<figure class=\"wp-block-image\"><img decoding=\"async\" src=\"https:\/\/staging.resineo.com\/guides\/wp-content\/uploads\/sites\/2\/2019\/10\/revetement-resine-sol-parc.jpg\" alt=\"Revetement Resine Sol Parc\"\/><\/figure>\n\n\n\n<h2 class=\"wp-block-heading\">Les rev\u00eatements de sol produits selon cette m\u00e9thode sont con\u00e7us pour durer<\/h2>\n\n\n\n<p>Un tapis de pierre est pens\u00e9 pour \u00e9quiper durablement l\u2019espace sur lequel il est pos\u00e9 (\u00e0 condition de travaux parfaitement ex\u00e9cut\u00e9s, et d\u2019un <a href=\"https:\/\/staging.resineo.com\/guides\/be\/revetement-resine\/tapis-de-pierre\/entretien\/\">entretien<\/a> r\u00e9gulier de l\u2019ensemble). Sa r\u00e9sistance \u00e0 l\u2019eau et aux intemp\u00e9ries en fait un mat\u00e9riau solide.<\/p>\n\n\n\n<p>Selon l\u2019utilisation pour laquelle il sera pr\u00e9vu (carrossable ou non), il est possible d\u2019y appliquer une derni\u00e8re couche de r\u00e9sine polyur\u00e9thane afin de renforcer sa r\u00e9sistance en surface. D\u2019une part, elle assurera une protection anti-UV, d\u2019autre part, elle permettra aux granulats d\u2019\u00eatre prot\u00e9g\u00e9s de l\u2019usure m\u00e9canique due aux passages r\u00e9p\u00e9t\u00e9s.<\/p>\n\n\n\n<p>Les terrasses ou les abords de piscine expos\u00e9s au soleil direct peuvent \u00e9galement recevoir une couche de r\u00e9sine de finition, pos\u00e9e une fois que le granulat et la r\u00e9sine auront s\u00e9ch\u00e9. De plus, l\u2019application de ce produit pr\u00e9sente un avantage suppl\u00e9mentaire : il facilite l\u2019entretien du rev\u00eatement de sol. Les poussi\u00e8res et autres impuret\u00e9s n\u2019adh\u00e8rent pas en surface, permettant un nettoyage facile, deux fois par an \u00e0 l\u2019aide d\u2019un jet haute pression. De cette fa\u00e7on, la r\u00e9sine de pierre reste intacte, avec des couleurs identiques au premier jour.<\/p>\n\n\n\n<h2 class=\"wp-block-heading\">Les points \u00e0 prendre en compte lors d\u2019une demande de devis<\/h2>\n\n\n\n<p>Il est important de s\u2019assurer de la nature des granulats utilis\u00e9s pour <a href=\"https:\/\/staging.resineo.com\/guides\/be\/revetement-resine\/tapis-de-pierre\/\">la r\u00e9alisation d\u2019un tapis de pierre<\/a>. Le quartz et le marbre sont les min\u00e9raux les plus indiqu\u00e9s pour garantir \u00e0 la fois confort d\u2019utilisation (marcher pieds nus, facilit\u00e9 d\u2019entretien, bon drainage) et durabilit\u00e9.<\/p>\n\n\n\n<p>Il faut \u00e9galement s\u2019assurer des \u00e9paisseurs qui seront appliqu\u00e9s sur les diff\u00e9rentes parties que devront \u00eatre \u00e9quip\u00e9es. Si le rev\u00eatement doit \u00eatre carrossable, il est imp\u00e9ratif que les \u00e9paisseurs soient suffisantes pour que ce dernier r\u00e9siste correctement.<\/p>\n\n\n\n<p>Attention si une entreprise s\u2019engage \u00e0 recouvrir une surface \u00e9quip\u00e9e de bois. Il est imp\u00e9ratif de retirer ce mat\u00e9riau au pr\u00e9alable. Le bois n\u2019est pas un support indiqu\u00e9 pour supporter la pose d\u2019un tapis ou d\u2019une moquette de pierre.<\/p>\n\n\n\n<p>Il est \u00e9galement important de s\u2019int\u00e9resser aux d\u00e9tails concernant le granulat de pierre. Ce dernier doit \u00eatre roul\u00e9 et propre. Si ce n\u2019est pas le cas, la surface \u00e9quip\u00e9e pourrait \u00eatre abrasive. Or, aussi bien pour une terrasse, que pour une piscine ou tout autre espace \u00e0 \u00e9quiper, on ne souhaite pas risquer de se blesser en marchant dessus.<\/p>\n\n\n\n<p>Voici l\u2019essentiel des recommandations pour profiter d\u2019un rev\u00eatement de sol de qualit\u00e9, qui habillera parfaitement l\u2019espace qu\u2019il \u00e9quipe, de m\u00eame qu\u2019il procurera tout le confort que l\u2019on en attend.<\/p>\n\n\n\n<ul class=\"wp-block-list\">\n<li><a href=\"https:\/\/staging.resineo.com\/guides\/be\/revetement-resine\/tapis-de-pierre\/terrasse-et-piscine\/\">Tapis de pierre pour terrasse et piscine<\/a><\/li>\n\n\n\n<li><a href=\"https:\/\/staging.resineo.com\/guides\/be\/revetement-resine\/tapis-de-pierre\/pierre-a-utiliser\/\">Type de pierre \u00e0 utiliser pour un tapis de pierre<\/a><\/li>\n\n\n\n<li><a href=\"https:\/\/staging.resineo.com\/guides\/be\/revetement-resine\/tapis-de-pierre\/tapis-de-marbre\/\">Tapis de marbr<\/a>e<\/li>\n<\/ul>\n","protected":false},"excerpt":{"rendered":"<p>Nous allons vous expliquer ici point par point comment se d\u00e9roule la fabrication d\u2019un tapis de pierre. Ce guide a pour vocation \u00e0 vous \u00e9clairer quant aux possibilit\u00e9s offertes par ce rev\u00eatement de sol, ainsi qu\u2019\u00e0 vous donner une id\u00e9e des travaux qu\u2019une telle cr\u00e9ation suppose. Toutefois, nous recommandons de confier l\u2019ex\u00e9cution du chantier \u00e0 [&hellip;]<\/p>\n","protected":false},"author":1,"featured_media":0,"parent":1000,"menu_order":0,"comment_status":"closed","ping_status":"closed","template":"","meta":{"_uag_custom_page_level_css":"","footnotes":""},"class_list":["post-1080","page","type-page","status-publish","hentry","entry"],"uagb_featured_image_src":{"full":false,"thumbnail":false,"medium":false,"medium_large":false,"large":false,"1536x1536":false,"2048x2048":false,"ocean-thumb-m":false,"ocean-thumb-ml":false,"ocean-thumb-l":false},"uagb_author_info":{"display_name":"admin","author_link":"https:\/\/staging.resineo.com\/guides\/be\/author\/agoralys\/"},"uagb_comment_info":0,"uagb_excerpt":"Nous allons vous expliquer ici point par point comment se d\u00e9roule la fabrication d\u2019un tapis de pierre. Ce guide a pour vocation \u00e0 vous \u00e9clairer quant aux possibilit\u00e9s offertes par ce rev\u00eatement de sol, ainsi qu\u2019\u00e0 vous donner une id\u00e9e des travaux qu\u2019une telle cr\u00e9ation suppose. Toutefois, nous recommandons de confier l\u2019ex\u00e9cution du chantier \u00e0&hellip;","_links":{"self":[{"href":"https:\/\/staging.resineo.com\/guides\/be\/wp-json\/wp\/v2\/pages\/1080","targetHints":{"allow":["GET"]}}],"collection":[{"href":"https:\/\/staging.resineo.com\/guides\/be\/wp-json\/wp\/v2\/pages"}],"about":[{"href":"https:\/\/staging.resineo.com\/guides\/be\/wp-json\/wp\/v2\/types\/page"}],"author":[{"embeddable":true,"href":"https:\/\/staging.resineo.com\/guides\/be\/wp-json\/wp\/v2\/users\/1"}],"replies":[{"embeddable":true,"href":"https:\/\/staging.resineo.com\/guides\/be\/wp-json\/wp\/v2\/comments?post=1080"}],"version-history":[{"count":2,"href":"https:\/\/staging.resineo.com\/guides\/be\/wp-json\/wp\/v2\/pages\/1080\/revisions"}],"predecessor-version":[{"id":3807,"href":"https:\/\/staging.resineo.com\/guides\/be\/wp-json\/wp\/v2\/pages\/1080\/revisions\/3807"}],"up":[{"embeddable":true,"href":"https:\/\/staging.resineo.com\/guides\/be\/wp-json\/wp\/v2\/pages\/1000"}],"wp:attachment":[{"href":"https:\/\/staging.resineo.com\/guides\/be\/wp-json\/wp\/v2\/media?parent=1080"}],"curies":[{"name":"wp","href":"https:\/\/api.w.org\/{rel}","templated":true}]}}