{"id":961,"date":"2019-09-05T21:59:57","date_gmt":"2019-09-05T21:59:57","guid":{"rendered":"https:\/\/staging.resineo.com\/guides\/revetement-a-base-de-resine-et-de-granulat-mineral-pour-sol-exterieur\/"},"modified":"2020-09-21T13:59:56","modified_gmt":"2020-09-21T13:59:56","slug":"revetement-resine","status":"publish","type":"page","link":"https:\/\/staging.resineo.com\/guides\/be\/revetement-resine\/","title":{"rendered":"Rev\u00eatement \u00e0 base de r\u00e9sine et de granulat min\u00e9ral pour sol ext\u00e9rieur"},"content":{"rendered":"\n<p>Il est d\u00e9sormais possible d\u2019opter pour une option diff\u00e9rente des rev\u00eatements de sol classiques ou amen\u00e9s \u00e0 mal vieillir.<\/p>\n\n\n\n<figure class=\"wp-block-image\"><img fetchpriority=\"high\" decoding=\"async\" width=\"650\" height=\"433\" src=\"https:\/\/staging.resineo.com\/guides\/wp-content\/uploads\/sites\/2\/2019\/10\/revetement-granulat-esthetique-particulier.jpg\" alt=\"Revetement Granulat Esthetique Particulier\" class=\"wp-image-963\" srcset=\"https:\/\/staging.resineo.com\/guides\/wp-content\/uploads\/sites\/2\/2019\/10\/revetement-granulat-esthetique-particulier.jpg 650w, https:\/\/staging.resineo.com\/guides\/wp-content\/uploads\/sites\/2\/2019\/10\/revetement-granulat-esthetique-particulier-300x200.jpg 300w\" sizes=\"(max-width: 650px) 100vw, 650px\" \/><\/figure>\n\n\n\n<p><p>Connaissez vous les <a href=\"https:\/\/staging.resineo.com\/be\/\">rev\u00eatements \u00e0 base de r\u00e9sine et de granulats de pierre<\/a>?<\/p><\/p>\n\n\n\n<blockquote class=\"wp-block-quote is-layout-flow wp-block-quote-is-layout-flow\"><p>Cette solution pr\u00e9sente autant d\u2019avantages esth\u00e9tiques que techniques. A m\u00eame de couvrir une grande diversit\u00e9 de supports et de surfaces ext\u00e9rieures, ces produits offrent une r\u00e9sistance accrue, quelles que soient les conditions climatiques. Pour qui recherche un rev\u00eatement drainant et r\u00e9sistant aux intemp\u00e9ries, le granulat de marbre ou de pierre allie facilit\u00e9 d\u2019entretien et durabilit\u00e9.<\/p><\/blockquote>\n\n\n\n<ul class=\"wp-block-list\"><li>Quelles sont les sp\u00e9cificit\u00e9s de ce rev\u00eatement?<\/li><li>Quels types de travaux pr\u00e9voir pour leur mise en place ?<\/li><li>Pour quels types d\u2019espaces privil\u00e9gier leur installation ?<\/li><\/ul>\n\n\n\n<h2 class=\"wp-block-heading\">A la fois drainant, d\u00e9coratif et limitant le risque de glissance, ce rev\u00eatement min\u00e9ral est id\u00e9al pour l\u2019ext\u00e9rieur<\/h2>\n\n\n\n<p>Pens\u00e9 pour \u00e9quiper une terrasse, un tour de piscine, ou une entr\u00e9e de garage, ce rev\u00eatement offre des propri\u00e9t\u00e9s techniques le rendant parfaitement adaptable \u00e0 tout type de projet de construction ou de r\u00e9novation.<\/p>\n\n\n\n<p><p>A lui seul, ce support (appel\u00e9 <a href=\"https:\/\/staging.resineo.com\/guides\/be\/revetement-resine\/moquette-pierre\/\">moquette de pierre<\/a>)est \u00e0 m\u00eame de supplanter la plupart des mat\u00e9riaux utilis\u00e9s pour l\u2019am\u00e9nagement des surfaces ext\u00e9rieures.<\/p><\/p>\n\n\n\n<p>Il s\u2019agit d\u2019un agr\u00e9gat de marbre ou de quartz, li\u00e9 \u00e0 l\u2019aide de r\u00e9sine min\u00e9rale haute performance. En r\u00e9novation, il peut aussi bien \u00eatre appliqu\u00e9 sur une chape de b\u00e9ton, que sur de la pierre naturelle, du carrelage ou de la Grave non-trait\u00e9e. D\u00e8s lors que la base sur laquelle il sera pos\u00e9e est stabilis\u00e9e, ce rev\u00eatement va permettre de la couvrir de fa\u00e7on homog\u00e8ne, en garantissant une parfaite stabilit\u00e9.<\/p>\n\n\n\n<p>Selon l\u2019usage que l\u2019on entend en faire, les propri\u00e9t\u00e9s du produit pourront \u00eatre adapt\u00e9es aux contraintes et \u00e0 la configuration des lieux.<\/p>\n\n\n\n<p class=\"has-text-align-center\"><p><strong>Vous avez un projet am\u00e9nagement ext\u00e9rieur ? <\/strong><\/p><\/p>\n\n\n\n<div class=\"wp-block-button aligncenter is-style-fill\"><a class=\"wp-block-button__link has-background has-very-dark-gray-background-color no-border-radius\" href=\"https:\/\/staging.resineo.com\/be\/contact\/\">Contactez-nous <\/a><\/div>\n\n\n\n<h3 class=\"wp-block-heading\">Un pouvoir drainant qui \u00e9vite les eaux stagnantes<\/h3>\n\n\n\n<p>En cas de forte pluies ou d\u2019arrosage, ce mat\u00e9riau est \u00e0 m\u00eame de drainer jusqu\u2019\u00e0 50l\/seconde et par m\u00b2. En d\u2019autres termes, pour une plage de piscine ou simplement pour \u00e9quiper une terrasse expos\u00e9e aux \u00e9l\u00e9ments, ce rev\u00eatement vous garantira qu\u2019aucune flaque ne stagnera une fois l\u2019averse pass\u00e9e.<\/p>\n\n\n\n<p>De plus, en cas de gel, aucun risque de fissure. La porosit\u00e9 de ce mat\u00e9riau lui permet de laisser la place \u00e0 l\u2019eau de se dilater lorsqu\u2019elle g\u00e8le en hiver. Bien moins sensible que du b\u00e9ton, sa tol\u00e9rance en mati\u00e8re d\u2019\u00e9carts de temp\u00e9ratures est \u00e0 toute \u00e9preuve.<\/p>\n\n\n\n<h3 class=\"wp-block-heading\">Une parfaite accroche anti-glissance<\/h3>\n\n\n\n<p><p>Dans le cas o\u00f9 vous souhaiteriez refaire votre entr\u00e9e de garage, ou la <a href=\"https:\/\/staging.resineo.com\/guides\/be\/revetement-resine\/allee-carrossable\/\">voie carrossable<\/a> qui y m\u00e8ne, ce rev\u00eatement m\u00ealant r\u00e9sine et agr\u00e9gat min\u00e9ral vous \u00e9vitera tout risque de glisser. Pour une entr\u00e9e de de garage en pente, rien de plus rassurant que la garantira de pouvoir monter et descendre sans risquer de perdre le contr\u00f4le de votre v\u00e9hicule en cas d\u2019intemp\u00e9rie.<\/p><\/p>\n\n\n\n<h3 class=\"wp-block-heading\">Un rev\u00eatement esth\u00e9tique et facile d\u2019entretien<\/h3>\n\n\n\n<p>Outre ses qualit\u00e9s m\u00e9caniques, ce rev\u00eatement offre diff\u00e9rents niveaux de finitions. La nature de la pierre utilis\u00e9e permettra notamment de varier les teintes, donnant ainsi une large palette de choix de couleurs.<\/p>\n\n\n\n<p>Pour ce qui est de l\u2019entretien, un&nbsp; nettoyage au jet d\u2019eau suffit.<\/p>\n\n\n\n<figure class=\"wp-block-image\"><img decoding=\"async\" width=\"650\" height=\"433\" src=\"https:\/\/staging.resineo.com\/guides\/wp-content\/uploads\/sites\/2\/2019\/10\/resine-granulat-terrasse-restaurant.jpg\" alt=\"Resine Granulat Terrasse Restaurant\" class=\"wp-image-966\" srcset=\"https:\/\/staging.resineo.com\/guides\/wp-content\/uploads\/sites\/2\/2019\/10\/resine-granulat-terrasse-restaurant.jpg 650w, https:\/\/staging.resineo.com\/guides\/wp-content\/uploads\/sites\/2\/2019\/10\/resine-granulat-terrasse-restaurant-300x200.jpg 300w\" sizes=\"(max-width: 650px) 100vw, 650px\" \/><\/figure>\n\n\n\n<h2 class=\"wp-block-heading\">Un rev\u00eatement aussi adapt\u00e9 pour les particuliers que pour des usages professionnels<\/h2>\n\n\n\n<p>Compte tenu de la r\u00e9sistance des sols \u00e9quip\u00e9s, la pose peut aussi bien \u00eatre envisag\u00e9e pour un lieu domestique, qu\u2019un endroit fr\u00e9quent\u00e9 par du public. Dans les deux cas, ses propri\u00e9t\u00e9s et sa r\u00e9sistance \u00e0 l\u2019\u00e9preuve du temps garantiront tranquillit\u00e9 et rentabilit\u00e9.<\/p>\n\n\n\n<h3 class=\"wp-block-heading\">L\u2019usage professionnel de ces rev\u00eatements<\/h3>\n\n\n\n<p>Aussi bien une collectivit\u00e9, qu\u2019un camping ou qu\u2019un h\u00f4tel&nbsp; tireront un b\u00e9n\u00e9fice d\u2019installer ce type de rev\u00eatement de sols. D\u00e8s lors qu\u2019il s\u2019agira d\u2019un lieu fr\u00e9quent\u00e9, supposant un passage r\u00e9p\u00e9t\u00e9 et la n\u00e9cessit\u00e9 d\u2019un \u00e9tat irr\u00e9prochable, la pose d\u2019agr\u00e9gat de r\u00e9sine et de min\u00e9raux sera toute indiqu\u00e9e.<\/p>\n\n\n\n<p>De nombreuses r\u00e9alisations de sanitaires de campings, ont d\u00e9j\u00e0 mis \u00e0 profit les qualit\u00e9s de ce mat\u00e9riau. Simple d\u2019entretien et garantissant une parfaite accroche en \u00e9vitant l\u2019aquaplaning, il permet d\u2019\u00e9viter les glissades malencontreuses dans ces lieux souvent d\u00e9tremp\u00e9s, tout en facilitant le nettoyage quotidien. De plus, une fois la saison termin\u00e9e, les campings sont souvent laiss\u00e9s dormants jusqu\u2019au beaux jours, o\u00f9 un grand nettoyage s\u2019impose. Un simple coup de jet d&rsquo;eau permet au rev\u00eatement de retrouver son \u00e9clat initial.<\/p>\n\n\n\n<p>Pour ce qui est d\u2019\u00e9quiper des all\u00e9es carrossables, l\u00e0 encore, les campings et les municipalit\u00e9s mettent \u00e0 profit l\u2019adh\u00e9rence de ce type de sol. C\u2019est une fa\u00e7on de pr\u00e9venir les \u00e9ventuels risques de perte d\u2019adh\u00e9rence et d\u2019accidents malvenus dus \u00e0 l\u2019aquaplaning. <\/p>\n\n\n\n<p class=\"has-text-align-center\"><p><strong>Prenez un RDV pour r\u00e9aliser votre estimatif projet<\/strong><\/p><\/p>\n\n\n\n<div class=\"wp-block-button aligncenter is-style-fill\"><a class=\"wp-block-button__link has-background has-vivid-cyan-blue-background-color\" href=\"https:\/\/staging.resineo.com\/be\/demande-de-devis\/\" style=\"border-radius:2px\">Estimatif chantier<\/a><\/div>\n\n\n\n<h3 class=\"wp-block-heading\">Les particuliers l\u2019ont \u00e9galement adopt\u00e9<\/h3>\n\n\n\n<p><p>Dans le cadre de l\u2019<a href=\"https:\/\/staging.resineo.com\/guides\/be\/revetement-resine\/resine-sol-exterieur\/\">am\u00e9nagement ext\u00e9rieur<\/a>, le granulat de marbre ou de quartz est tout indiqu\u00e9 pour \u00e9quiper les diff\u00e9rentes parties de la maison.<\/p><\/p>\n\n\n\n<p>Parfaitement drainant et antid\u00e9rapant, il permet d\u2019\u00e9quiper le tour de piscine, tout en garantissant un confort de marche \u00e0 l\u2019heure de le fouler. De plus, ce mat\u00e9riau r\u00e9sistant aux UV, permet de diminuer l\u2019impact de la chaleur. En comparaison, \u00e0 couleur \u00e9gale, un autre rev\u00eatement expos\u00e9 au m\u00eame rayonnement est en moyenne 5\u00b0C plus chaud.<\/p>\n\n\n\n<p>Il permet d\u2019\u00e9quiper la terrasse et le passage de garage limitant le risque de glissade ou de perte de contr\u00f4le. De plus, l\u2019adoption de ce type de rev\u00eatement de sol vous permet de le garder propre comme au premier jour, durant des ann\u00e9es.&nbsp;<\/p>\n\n\n\n<p><p><i>R\u00e9sin\u00e9o propose une large gamme de rev\u00eatements, tous adapt\u00e9s pour diff\u00e9rents usages. En fonction de la fr\u00e9quentation du lieu, de la sollicitation m\u00e9canique attendue par le passage r\u00e9p\u00e9t\u00e9 de v\u00e9hicules, et de l\u2019exposition aux \u00e9l\u00e9ments, une solution adapt\u00e9e \u00e0 chaque configuration vous sera propos\u00e9e. Particuliers et professionnels peuvent ainsi s\u2019\u00e9quiper de fa\u00e7on s\u00fbre et durable.<\/i><\/p><\/p>\n\n\n\n<h2 class=\"wp-block-heading\">Quelles sont les contraintes techniques li\u00e9es \u00e0 la pose de ce type de rev\u00eatements ext\u00e9rieurs ?<\/h2>\n\n\n\n<p>Selon le produit concern\u00e9 et sa fonction, diff\u00e9rents cas de figures seront envisag\u00e9s.<\/p>\n\n\n\n<h3 class=\"wp-block-heading\">La pose sur une dalle de b\u00e9ton<\/h3>\n\n\n\n<p><p>Pour une <a href=\"https:\/\/staging.resineo.com\/guides\/be\/revetement-resine\/sol-piscine\/\">plage de piscine<\/a> par exemple, qui s\u2019effectuera sur une dalle de b\u00e9ton existante pour une r\u00e9novation, une couche de quelques millim\u00e8tres suffira \u00e0 parfaitement assurer l\u2019homog\u00e9n\u00e9it\u00e9 du rev\u00eatement et une parfaite couverture de l\u2019ensemble.<\/p><\/p>\n\n\n\n<p>Pour la pose de ce mat\u00e9riau drainant, la couche \u00e0 \u00e9tendre sera g\u00e9n\u00e9ralement comprise entre 1 et 1,5  cm d\u2019\u00e9paisseur (selon la configuration de la sous couche et des propri\u00e9t\u00e9s m\u00e9caniques que l\u2019on en attend).<\/p>\n\n\n\n<p>Dans les deux cas, il faudra s\u2019assurer de l\u2019int\u00e9grit\u00e9 de la dalle qui sera recouverte, pour que le rev\u00eatement ne souffre pas de d\u00e9formations ou fissures par la suite. Pour ce faire, il est imp\u00e9ratif qu\u2019un professionnel sp\u00e9cialiste du domaine et habilit\u00e9 se charge de la conduite des travaux.<\/p>\n\n\n\n<figure class=\"wp-block-image\"><img decoding=\"async\" width=\"650\" height=\"407\" src=\"https:\/\/staging.resineo.com\/guides\/wp-content\/uploads\/sites\/2\/2019\/10\/revetement-sol-ext\u00e9rieur-resineo-drain-allee.jpg\" alt=\"Revetement Sol Ext\u00e9rieur Resineo Drain Allee\" class=\"wp-image-969\" srcset=\"https:\/\/staging.resineo.com\/guides\/wp-content\/uploads\/sites\/2\/2019\/10\/revetement-sol-ext\u00e9rieur-resineo-drain-allee.jpg 650w, https:\/\/staging.resineo.com\/guides\/wp-content\/uploads\/sites\/2\/2019\/10\/revetement-sol-ext\u00e9rieur-resineo-drain-allee-300x188.jpg 300w\" sizes=\"(max-width: 650px) 100vw, 650px\" \/><\/figure>\n\n\n\n<h3 class=\"wp-block-heading\">La pose sur Grave Non-Trait\u00e9e (GNT ou empierrement stabilis\u00e9)<\/h3>\n\n\n\n<p>D\u00e8s lors que le terrain sera parfaitement stable et nivel\u00e9, il sera possible d\u2019y appliquer un m\u00e9lange de min\u00e9ral et de r\u00e9sine. Cette option est une parfaite alternative au b\u00e9ton d\u00e9sactiv\u00e9.&nbsp;<\/p>\n\n\n\n<p>Pour assurer la fonction porteuse, la couche appliqu\u00e9e devra \u00eatre au minimum de 3 cm, largement plus fine que ne le serait une dalle de b\u00e9ton coul\u00e9. L\u2019avantage est, qu\u2019en plus de garantir une portance impeccable et d\u2019\u00e9viter tout affaissement, le rev\u00eatement sera parfaitement drainant. La granulom\u00e9trie du rev\u00eatement permettra une parfaite \u00e9vacuation de l\u2019eau dans le sol.&nbsp;<\/p>\n\n\n\n<p><p><b>A noter : <\/b><i>C\u2019est au prix de gros investissements continus en recherche et d\u00e9veloppement, que l\u2019entreprise LRvison a mis au point les rev\u00eatement ext\u00e9rieurs R\u00e9sin\u00e9o. Contrairement \u00e0 de nombreux enduits d\u00e9coratifs utilis\u00e9s \u00e0 tort, aussi bien sur murs que sur sols, \u00e0 l\u2019int\u00e9rieur comme \u00e0 l\u2019ext\u00e9rieur, et qui ont pour cons\u00e9quence de garantir l\u2019\u00e9tanch\u00e9it\u00e9 des supports, le rev\u00eatement R\u00e9sin\u00e9o permettra de laisser passer toute l\u2019eau \u00e0 laquelle il sera expos\u00e9. Cet avantage garantit des propri\u00e9t\u00e9s m\u00e9caniques, et une r\u00e9sistance avec lesquelles les produits concurrents ne peuvent pas rivaliser.<\/i><\/p><\/p>\n\n\n\n<p><p>Il est \u00e0 noter que selon la portance attendue pour le rev\u00eatement, l\u2019\u00e9paisseur devra \u00eatre \u00e9tudi\u00e9e en cons\u00e9quence. Logiquement, une grande surface tenue de r\u00e9sister \u00e0 des contraintes m\u00e9caniques, et pos\u00e9e sur du stabilis\u00e9, devra forc\u00e9ment \u00eatre bien plus \u00e9paisse que pour une <a href=\"https:\/\/staging.resineo.com\/guides\/be\/revetement-resine\/terrasse-exterieure\/\">r\u00e9novation de terrasse<\/a> par exemple. NON, on pose en moyenne entre 10 mm et 30 mm : 10 mm sur dalle b\u00e9ton non carrossable, 15 mm en quartz carrossable et 30 mm sur GNT carrossable.\u00a0<\/p><\/p>\n\n\n\n<h2 class=\"wp-block-heading\">L\u2019association r\u00e9sine polyur\u00e9thane \/ granulat min\u00e9ral comme alternative au b\u00e9ton<\/h2>\n\n\n\n<p>Compte tenu de la r\u00e9sistance m\u00e9canique de ce mat\u00e9riau, il s\u2019av\u00e8re une parfaite alternative au b\u00e9ton. D\u00e9coratif, il peut aussi bien se marier \u00e0 l\u2019ambiance d\u2019un jardin pour en composer les all\u00e9es, qu\u2019\u00e0 la devanture d\u2019une maison par exemple. Les variations que permettent les diff\u00e9rents min\u00e9raux utilis\u00e9s pour composer le m\u00e9lange avec la r\u00e9sine, autorisent des teintes tr\u00e8s vari\u00e9es, facilement associables \u00e0 de nombreuses ambiances.<\/p>\n\n\n\n<p>De m\u00eame, pour \u00e9viter les d\u00e9sagr\u00e9ments li\u00e9s au vieillissement du carrelage et de sa fragilit\u00e9, l\u2019application d\u2019une couche d\u2019agr\u00e9gat permet d\u2019\u00e9quiper une grande surface de fa\u00e7on homog\u00e8ne et durable.<\/p>\n\n\n\n<p>Un des avantages de ce rev\u00eatement, est le fait qu\u2019il ne min\u00e9ralise (imperm\u00e9abilise) pas la surface qu\u2019il \u00e9quipe. Ainsi, le sol sur lequel il est pos\u00e9 ne souffre pas de l\u2019\u00e9tanch\u00e9it\u00e9 que pourrait imposer une dalle de b\u00e9ton ou du carrelage par exemple. Cette qualit\u00e9 permet notamment l\u2019\u00e9vacuation permanente des eaux de pluie.&nbsp;<\/p>\n\n\n\n<h3 class=\"wp-block-heading\">La moquette de pierre fait-elle partie de cette gamme de produits ?<\/h3>\n\n\n\n<p>Si vous en avez entendu parler, sachez qu\u2019il s\u2019agit bien de la m\u00eame famille de rev\u00eatements de sol. Attention toutefois qu\u2019il s\u2019agisse bien du m\u00eame type de r\u00e9sine et de granulats qui sont propos\u00e9s !<\/p>\n\n\n\n<p>Les produits R\u00e9sin\u00e9o ont \u00e9t\u00e9 d\u00e9velopp\u00e9s de fa\u00e7on unique. Ils r\u00e9pondent \u00e0 un cahier des charges bien pr\u00e9cis, qui ne ressemble en rien \u00e0 certains produits disponibles sur le march\u00e9.&nbsp;<\/p>\n\n\n\n<h3 class=\"wp-block-heading\">Est-ce la m\u00eame chose pour les tapis de pierre&nbsp;?<\/h3>\n\n\n\n<p><p>Les <a href=\"https:\/\/staging.resineo.com\/guides\/be\/revetement-resine\/tapis-de-pierre\/\">tapis de pierre<\/a> font \u00e9galement partie de la m\u00eame gamme de produit. Toutefois, l\u00e0 encore, il est important de pr\u00eater attention aux mat\u00e9riaux entrant dans la composition du rev\u00eatement de sol. Les r\u00e9sines employ\u00e9es ne conf\u00e8rent pas forc\u00e9ment les propri\u00e9t\u00e9s drainantes des solutions propos\u00e9es par R\u00e9sin\u00e9o.<\/p><\/p>\n\n\n\n<figure class=\"wp-block-image\"><img loading=\"lazy\" decoding=\"async\" width=\"650\" height=\"487\" src=\"https:\/\/staging.resineo.com\/guides\/wp-content\/uploads\/sites\/2\/2019\/10\/revetement-granulat-piscine.jpg\" alt=\"Revetement Granulat Piscine\" class=\"wp-image-972\" srcset=\"https:\/\/staging.resineo.com\/guides\/wp-content\/uploads\/sites\/2\/2019\/10\/revetement-granulat-piscine.jpg 650w, https:\/\/staging.resineo.com\/guides\/wp-content\/uploads\/sites\/2\/2019\/10\/revetement-granulat-piscine-300x225.jpg 300w\" sizes=\"(max-width: 650px) 100vw, 650px\" \/><\/figure>\n\n\n\n<h2 class=\"wp-block-heading\">La r\u00e9sine de sol : une excellente solution pour les pistes cyclables<\/h2>\n\n\n\n<p>Un autre usage que l\u2019on fait de cette mati\u00e8re, c\u2019est la cr\u00e9ation de pistes cyclables. Compte tenu du pouvoir drainant d\u2019un sol en r\u00e9sine, il s\u2019av\u00e8re bien plus adapt\u00e9 pour la circulation de v\u00e9los, m\u00eame par temps humide. L\u2019\u00e9vacuation du trop-plein d\u2019eau se fait instantan\u00e9ment, et les usagers sont beaucoup moins expos\u00e9s aux risques de chute dus \u00e0 l&rsquo;aquaplaning.<\/p>\n\n\n\n<p>Les pistes cyclables urbaines sont souvent signifi\u00e9es par une peinture au sol de couleur facilement reconnaissable. Malheureusement pour les amoureux du v\u00e9lo, cette solution s\u2019av\u00e8re souvent d\u00e9sastreuse pour l\u2019adh\u00e9rence. L\u2019\u00e9tanch\u00e9it\u00e9 de cette peinture entra\u00eene une accumulation d\u2019eau, beaucoup plus propice \u00e0 provoquer des pertes d\u2019adh\u00e9rence. Or, on le sait bien, il s\u2019agit de la premi\u00e8re cause d\u2019accident \u00e0 v\u00e9lo.<\/p>\n\n\n\n<p>De fait, certaines communes ont pris la d\u00e9cision d\u2019avoir recours \u00e0 la pose d\u2019une couche de r\u00e9sine pour garantir la s\u00e9curit\u00e9 des usagers. Il n\u2019est plus n\u00e9cessaire de peindre, compte tenu du fait que le rev\u00eatement tranche d\u00e9j\u00e0 avec le bitume du reste de la chauss\u00e9e. Il suffit simplement que l\u2019esth\u00e9tique corresponde au code couleur impos\u00e9 par la commune.<\/p>\n\n\n\n<p>De plus, compte tenu de la r\u00e9sistance m\u00e9canique qu\u2019offre la r\u00e9sine associ\u00e9e \u00e0 du gravier, ces travaux ne n\u00e9cessitent pas de reprises avant plusieurs ann\u00e9es. Certes, il est important qu\u2019un sp\u00e9cialiste supervise l\u2019ensemble de la pose pour que cette derni\u00e8re soit p\u00e9renne, mais le tron\u00e7on \u00e9quip\u00e9 l\u2019est durablement.<\/p>\n\n\n\n<p><p><b>A noter : <\/b><i>En \u00e9largissant l\u2019application de ce concept \u00e0 d\u2019autres espaces que les pistes cyclables, il est tout \u00e0 fait possible d\u2019\u00e9quiper des tron\u00e7ons de chauss\u00e9e connus comme \u00e9tant sensible, du fait de leur faible drainage.<\/i><\/p><\/p>\n\n\n\n<h2 class=\"wp-block-heading\">La technicit\u00e9 d\u2019un sol en r\u00e9sine R\u00e9sineo rel\u00e8ve d\u2019un v\u00e9ritable savoir-faire<\/h2>\n\n\n\n<p>Si la marque est devenue sp\u00e9cialiste en innovation, ce n\u2019est pas par hasard. A force de travail et de recherche, la formule des rev\u00eatements de sol R\u00e9sin\u00e9o est devenu un standard dans son domaine.<\/p>\n\n\n\n<p>Seule marque proposant un syst\u00e8me de rev\u00eatement drainant en r\u00e9sine et granulats min\u00e9raux ayant fait l\u2019objet d\u2019une certification ATEX (appr\u00e9ciation technique d\u2019\u00e9valuation exp\u00e9rimentale) d\u00e9cern\u00e9e par le CSTB (centre scientifique et technique du b\u00e2timent), c\u2019est \u00e0 force de travail et d\u2019innovation qu\u2019elle s\u2019impose gr\u00e2ce \u00e0 sa gamme de produits.<\/p>\n\n\n\n<p>Comme le dit l\u2019adage : \u00ab On ne na\u00eet pas le meilleur, on le devient ! \u00bb. C\u2019est pr\u00e9cis\u00e9ment ce \u00e0 quoi s\u2019est employ\u00e9e toute l\u2019\u00e9quipe technique depuis plusieurs ann\u00e9es : devenir leader. Les travaux de recherche en mati\u00e8re de r\u00e9sine et d\u2019association de granulats de la meilleure qualit\u00e9, permettent aujourd\u2019hui de proposer tout un panel de solutions, reconnues tant pour leur esth\u00e9tique durable, que leurs propri\u00e9t\u00e9s m\u00e9caniques.<\/p>\n","protected":false},"excerpt":{"rendered":"<p>Il est d\u00e9sormais possible d\u2019opter pour une option diff\u00e9rente des rev\u00eatements de sol classiques ou amen\u00e9s \u00e0 mal vieillir. Connaissez vous les rev\u00eatements \u00e0 base de r\u00e9sine et de granulats de pierre? Cette solution pr\u00e9sente autant d\u2019avantages esth\u00e9tiques que techniques. A m\u00eame de couvrir une grande diversit\u00e9 de supports et de surfaces ext\u00e9rieures, ces produits [&hellip;]<\/p>\n","protected":false},"author":1,"featured_media":0,"parent":0,"menu_order":0,"comment_status":"closed","ping_status":"closed","template":"","meta":{"_uag_custom_page_level_css":"","footnotes":""},"class_list":["post-961","page","type-page","status-publish","hentry","entry"],"uagb_featured_image_src":{"full":false,"thumbnail":false,"medium":false,"medium_large":false,"large":false,"1536x1536":false,"2048x2048":false,"ocean-thumb-m":false,"ocean-thumb-ml":false,"ocean-thumb-l":false},"uagb_author_info":{"display_name":"admin","author_link":"https:\/\/staging.resineo.com\/guides\/be\/author\/agoralys\/"},"uagb_comment_info":0,"uagb_excerpt":"Il est d\u00e9sormais possible d\u2019opter pour une option diff\u00e9rente des rev\u00eatements de sol classiques ou amen\u00e9s \u00e0 mal vieillir. Connaissez vous les rev\u00eatements \u00e0 base de r\u00e9sine et de granulats de pierre? Cette solution pr\u00e9sente autant d\u2019avantages esth\u00e9tiques que techniques. A m\u00eame de couvrir une grande diversit\u00e9 de supports et de surfaces ext\u00e9rieures, ces produits&hellip;","_links":{"self":[{"href":"https:\/\/staging.resineo.com\/guides\/be\/wp-json\/wp\/v2\/pages\/961","targetHints":{"allow":["GET"]}}],"collection":[{"href":"https:\/\/staging.resineo.com\/guides\/be\/wp-json\/wp\/v2\/pages"}],"about":[{"href":"https:\/\/staging.resineo.com\/guides\/be\/wp-json\/wp\/v2\/types\/page"}],"author":[{"embeddable":true,"href":"https:\/\/staging.resineo.com\/guides\/be\/wp-json\/wp\/v2\/users\/1"}],"replies":[{"embeddable":true,"href":"https:\/\/staging.resineo.com\/guides\/be\/wp-json\/wp\/v2\/comments?post=961"}],"version-history":[{"count":0,"href":"https:\/\/staging.resineo.com\/guides\/be\/wp-json\/wp\/v2\/pages\/961\/revisions"}],"wp:attachment":[{"href":"https:\/\/staging.resineo.com\/guides\/be\/wp-json\/wp\/v2\/media?parent=961"}],"curies":[{"name":"wp","href":"https:\/\/api.w.org\/{rel}","templated":true}]}}