{"id":1001,"date":"2019-09-06T07:54:40","date_gmt":"2019-09-06T07:54:40","guid":{"rendered":"https:\/\/staging.resineo.com\/guides\/revetement-resine\/moquette-pierre\/"},"modified":"2025-03-18T10:16:43","modified_gmt":"2025-03-18T10:16:43","slug":"moquette-pierre","status":"publish","type":"page","link":"https:\/\/staging.resineo.com\/guides\/ch\/revetement-resine\/moquette-pierre\/","title":{"rendered":"Qu&#8217;est-ce que la moquette de pierre ?"},"content":{"rendered":"\n<h2 class=\"wp-block-heading\">Savez-vous pr\u00e9cis\u00e9ment ce qu\u2019est une <b>moquette de pierre<\/b> ?<\/h2>\n\n\n\n<p>Il s\u2019agit d\u2019un agglom\u00e9rat de pierres de quartz ou de marbre solidifi\u00e9s \u00e0 l\u2019aide d\u2019une r\u00e9sine de base polyur\u00e9thane. Ce m\u00e9lange donne un rev\u00eatement de sol ext\u00e9rieur \u00e0 la fois dur et drainant, qui permet de couvrir une grande vari\u00e9t\u00e9 de surfaces.<\/p>\n\n\n\n<figure class=\"wp-block-image\"><img decoding=\"async\" src=\"https:\/\/staging.resineo.com\/guides\/wp-content\/uploads\/sites\/2\/2019\/10\/revetement-granulat-bord-pisicne.jpg\" alt=\"Revetement Granulat Bord Pisicne\"\/><\/figure>\n\n\n\n<p>Principalement utilis\u00e9e pour \u00e9quiper les plages de piscine, une terrasse, une all\u00e9e de garage (carrossable) ou de jardin, des places publiques, voire m\u00eame pour la construction d\u2019une plage de piscine collective, <a href=\"https:\/\/staging.resineo.com\/moquette-de-pierre\/\">la moquette de pierre est un rev\u00eatement de sol<\/a> qui saura s&#8217;adapter \u00e0 de nombreuses applications.<\/p>\n\n\n\n<p>Sa r\u00e9sistance et son esth\u00e9tique en font un mat\u00e9riau id\u00e9al \u00e0 l\u2019heure de mener \u00e0 bien un projet de construction ou de r\u00e9novation.<\/p>\n\n\n\n<p>Quelles sont ses propri\u00e9t\u00e9s ? Quels types de travaux suppose son installation ? Quels avantages tire-t-on d\u2019un rev\u00eatement de sol de ce type ?<\/p>\n\n\n\n<h2 class=\"wp-block-heading\">Quels sont les \u00e9l\u00e9ments qui entrent dans la composition d\u2019une moquette de pierre ?<\/h2>\n\n\n\n<p>Chaque \u00e9l\u00e9ment qui la compose est s\u00e9lectionn\u00e9 pour sa qualit\u00e9 et les propri\u00e9t\u00e9s qu\u2019il conf\u00e8re \u00e0 l\u2019ensemble.<\/p>\n\n\n\n<h3 class=\"wp-block-heading\">Les pierres<\/h3>\n\n\n\n<p>Tout d\u2019abord, les min\u00e9raux utilis\u00e9s pour composer ce rev\u00eatement sont s\u00e9lectionn\u00e9s selon plusieurs crit\u00e8res :<\/p>\n\n\n\n<ul class=\"wp-block-list\">\n<li>La duret\u00e9 : Le quartz et le marbre qui entrent dans la composition de ce mat\u00e9riau sont des pierres naturelles tr\u00e8s dures et tr\u00e8s r\u00e9sistantes. Elles garantissent une excellente tenue dans le temps, m\u00eame lorsque l\u2019espace \u00e9quip\u00e9 devra subir des passages r\u00e9p\u00e9t\u00e9s.<\/li>\n\n\n\n<li>Leurs couleurs : Selon les coloris auxquels le rev\u00eatement devra \u00eatre associ\u00e9, il est possible de choisir parmi une large palette qui garantira de trouver le ton le plus adapt\u00e9. Des tons clairs pour <a href=\"https:\/\/staging.resineo.com\/guides\/ch\/revetement-resine\/sol-piscine\/\">les rev\u00eatements de sol des plages de piscine<\/a> et des tons fonc\u00e9s pour les all\u00e9es carrossables.&nbsp;<\/li>\n\n\n\n<li>Des granulats de qualit\u00e9 : un granulat min\u00e9ral utilis\u00e9 dans ces conditions doit \u00eatre pr\u00e9par\u00e9 en amont. Les pierres seront roul\u00e9es ou concass\u00e9es. Le quartz et le marbre supportent parfaitement ce traitement.<\/li>\n<\/ul>\n\n\n\n<p><b>A noter<\/b> : <i>Le granulat min\u00e9ral est s\u00e9lectionn\u00e9 en fonction de la taille des morceaux de pierre qui le constituent. C\u2019est la granulom\u00e9trie de ces granulats qui permet d\u2019obtenir des sols drainants, gr\u00e2ce \u00e0 la structure alv\u00e9ol\u00e9e qu\u2019ils cr\u00e9ent. Il existe une multitude de granulom\u00e9tries diff\u00e9rentes, ce sont g\u00e9n\u00e9ralement des granulom\u00e9tries en 1-3, 3-6 ou 4-8 qui sont utilis\u00e9es pour r\u00e9aliser une moquette de marbre.&nbsp;<\/i><\/p>\n\n\n\n<h3 class=\"wp-block-heading\">Les r\u00e9sines<\/h3>\n\n\n\n<p>Deux types de r\u00e9sine sont utilis\u00e9es pour l\u2019installation d\u2019une moquette de pierre :<\/p>\n\n\n\n<ul class=\"wp-block-list\">\n<li>La r\u00e9sine \u00e9poxy : Elle est appliqu\u00e9e sur le support qui accueillera le rev\u00eatement final. Elle sert de primaire d\u2019accrochage pour optimiser la tenue du rev\u00eatement.<\/li>\n\n\n\n<li>La r\u00e9sine polyur\u00e9thane : C\u2019est elle qui joue le r\u00f4le de liant entre les les granulats qui composent le rev\u00eatement en pierre final. Elle joue \u00e9galement le r\u00f4le de protection anti-UV, permettant de conserver les couleurs intactes, m\u00eame lorsque le rev\u00eatement est plac\u00e9 dans une zone expos\u00e9e au soleil direct. C\u2019est sa r\u00e9sistance qui rend ce mat\u00e9riau facile \u00e0 nettoyer.<\/li>\n<\/ul>\n\n\n\n<p>L\u2019utilisation de composants de qualit\u00e9 est primordiale pour s\u2019assurer de la durabilit\u00e9 et des propri\u00e9t\u00e9s techniques de la moquette de pierre.<\/p>\n\n\n\n<figure class=\"wp-block-image\"><img decoding=\"async\" src=\"https:\/\/staging.resineo.com\/guides\/wp-content\/uploads\/sites\/2\/2019\/10\/revetement-sol-ext\u00e9rieur-resineo-drain-allee.jpg\" alt=\"Revetement Sol Ext\u00e9rieur Resineo Drain Allee\"\/><\/figure>\n\n\n\n<h2 class=\"wp-block-heading\">Quelles sont les propri\u00e9t\u00e9s techniques de la r\u00e9sine de pierre ?<\/h2>\n\n\n\n<p>Ce mat\u00e9riau est appr\u00e9ci\u00e9 pour plusieurs facteurs, qui en font un \u00e9quipement \u00e0 la fois durable et s\u00fbr. Attention ces propri\u00e9t\u00e9s techniques ne sont pas inh\u00e9rents \u00e0 tous les <a href=\"https:\/\/staging.resineo.com\/quel-revetement-de-sol-choisir-pour-ses-exterieurs\/\">rev\u00eatements de sol ext\u00e9rieur<\/a> en moquette de pierre. Pensez \u00e0 demander les PV d&#8217;essais associ\u00e9s \u00e0 l&#8217;entreprise qui viendra vous proposer ce type de rev\u00eatement.&nbsp;<\/p>\n\n\n\n<h3 class=\"wp-block-heading\">La r\u00e9sistance<\/h3>\n\n\n\n<p>La combinaison granulat\/r\u00e9sine donne \u00e0 ce produit une r\u00e9sistance renforc\u00e9e. Face aux intemp\u00e9ries, \u00e0 l\u2019usure m\u00e9canique provoqu\u00e9e par des passages r\u00e9p\u00e9t\u00e9s, ou aux agressions dues au soleil, la moquette de pierre reste stable dans le temps. Elle est con\u00e7ue pour r\u00e9sister plusieurs ann\u00e9es dans des conditions d&#8217;application normalis\u00e9es.&nbsp;<\/p>\n\n\n\n<h3 class=\"wp-block-heading\">Son pouvoir drainant<\/h3>\n\n\n\n<p>Sa structure permet aux eaux de pluie de transiter au travers de l\u2019\u00e9paisseur de tout le rev\u00eatement, \u00e9vitant ainsi la stagnation et l\u2019apparition de flaques. Que cela soit les abords d\u2019une piscine, ou <a href=\"https:\/\/staging.resineo.com\/guides\/ch\/revetement-resine\/allee-carrossable\/\">le rev\u00eatement ext\u00e9rieur d&#8217;une voie carrossable<\/a>, ce point est d\u00e9terminant. Capable de drainer jusqu\u2019\u00e0 50 litres d\u2019eau par seconde et par m\u00b2, elle \u00e9vite ainsi les d\u00e9sagr\u00e9ments li\u00e9s \u00e0 des pr\u00e9cipitations abondantes, ou des \u00e9claboussures r\u00e9p\u00e9t\u00e9es.<\/p>\n\n\n\n<h3 class=\"wp-block-heading\">Un rev\u00eatement anti-glissant qui \u00e9vite l\u2019aquaplaning<\/h3>\n\n\n\n<p>C\u2019est pr\u00e9cis\u00e9ment gr\u00e2ce \u00e0 son pouvoir drainant que la surface de la moquette de pierre reste praticable par temps de pluie. Pour \u00e9quiper un espace public, une voie carrossable, ou les abords d\u2019une piscine, ce produit est id\u00e9al afin de garantir la s\u00e9curit\u00e9 des usagers. M\u00eame s&#8217;il n&#8217;est pas antid\u00e9rapant, il limite le risque de glissade en \u00e9vitant les eaux stagnantes.<\/p>\n\n\n\n<h2 class=\"wp-block-heading\">Comment la moquette de pierre doit-elle \u00eatre install\u00e9e ?<\/h2>\n\n\n\n<p>Avant toute chose, il est important de souligner qu\u2019il est recommand\u00e9 de confier l\u2019ex\u00e9cution des travaux de pose \u00e0 une entreprise habilit\u00e9e \u00e0 travailler ce type de produit. Il est n\u00e9cessaire de parfaitement ma\u00eetriser l\u2019ensemble des contraintes techniques \u00e0 respecter, afin que <a href=\"https:\/\/staging.resineo.com\/guides\/ch\/revetement-resine\/tapis-de-pierre\/\">le tapis de pierre<\/a> soit efficace et durable.<\/p>\n\n\n\n<h3 class=\"wp-block-heading\">Sur quel support l\u2019appliquer ?<\/h3>\n\n\n\n<p>Un des avantages de ce produit, c\u2019est sa capacit\u00e9 \u00e0 s\u2019adapter \u00e0 diff\u00e9rentes configurations. Il est ainsi possible de profiter de supports existants afin de les recouvrir et de s\u2019assurer de la stabilit\u00e9 de l\u2019ensemble :<\/p>\n\n\n\n<ul class=\"wp-block-list\">\n<li>Carrelage.<\/li>\n\n\n\n<li>Gravier non trait\u00e9.<\/li>\n\n\n\n<li>Dalle de b\u00e9ton.<\/li>\n\n\n\n<li>Dalles de pierres naturelles.<\/li>\n<\/ul>\n\n\n\n<p>Voil\u00e0 autant de mat\u00e9riaux qui pourront \u00eatre recouverts, \u00e0 condition qu\u2019ils soient pr\u00e9par\u00e9s pour recevoir le rev\u00eatement final.<\/p>\n\n\n\n<p>Le sol de base devra \u00eatre parfaitement stable et on devra en v\u00e9rifier l\u2019\u00e9tat. Il peut s\u2019av\u00e9rer n\u00e9cessaire d\u2019effectuer des r\u00e9parations pr\u00e9alables \u00e0 la pose. En cas de fissures ou zones endommag\u00e9es, on effectuera un ragr\u00e9age pour ensuite pr\u00e9parer la surface.<\/p>\n\n\n\n<p><b>A noter<\/b> : <i>Si le sol est \u00e9quip\u00e9 d\u2019un produit en bois (lames, caillebotis), il faudra retirer cette ouverture pour atteindre un support stable. De m\u00eame si un ancien carrelage sonne creux alors celui-ci devra \u00eatre retir\u00e9 avant l&#8217;application du rev\u00eatement.&nbsp;<\/i><\/p>\n\n\n\n<p>Dans le cadre d\u2019une pose sur gravier compact\u00e9 ou GNT normalis\u00e9e, il est imp\u00e9ratif que ce dernier soit parfaitement stable et tass\u00e9. Si ce n\u2019\u00e9tait pas le cas, un compactage serait n\u00e9cessaire afin de garantir sa stabilit\u00e9 et son homog\u00e9n\u00e9it\u00e9.<\/p>\n\n\n\n<p>Une fois le support pr\u00eat, il faut l\u2019enduire de r\u00e9sine \u00e9poxy sur toute sa surface (dans le cas d&#8217;un support &#8220;dur&#8221;). Ce primaire d\u2019accrochage est n\u00e9cessaire \u00e0 la bonne adh\u00e9rence du rev\u00eatement final. Sa dur\u00e9e de s\u00e9chage est d\u2019environ 24 heures dans des conditions correctes (temps sec et temp\u00e9rature moyenne). Pass\u00e9 ce d\u00e9lai, on peut continuer les travaux d\u2019installation. Ce primaire n&#8217;est n\u00e9cessaire que pour les supports &#8220;durs&#8221;, il ne sera pas appliqu\u00e9 sur une GNT.&nbsp;<\/p>\n\n\n\n<p>Il faudra d\u00e9limiter la zone \u00e0 \u00e9quiper \u00e0 l\u2019aide de r\u00e9glettes en aluminium, qui permettront de retenir le granulat pendant la pose, en plus d\u2019assurer des finitions impeccables. C\u2019est \u00e9galement \u00e0 cette \u00e9tape qu\u2019il est possible d\u2019installer des luminaires qui seront ensuite pris dans le rev\u00eatement.<\/p>\n\n\n\n<p>On pr\u00e9parera ensuite l\u2019agglom\u00e9rat dans un malaxeur puis on l\u2019\u00e9talera de fa\u00e7on homog\u00e8ne sur toute la surface \u00e0 \u00e9quiper. Il est important que toute la surface soit correctement liss\u00e9e. L\u2019aspect d\u00e9coratif de ces rev\u00eatements en d\u00e9pend, mais \u00e9galement l\u2019aspect pratique. Pour <a href=\"https:\/\/staging.resineo.com\/guides\/ch\/revetement-resine\/terrasse-exterieure\/\">le rev\u00eatement de sol d&#8217;une terrasse ext\u00e9rieure<\/a> par exemple, rien n\u2019est plus d\u00e9sagr\u00e9able qu\u2019une surface pr\u00e9sentant des asp\u00e9rit\u00e9s g\u00eanant l\u2019\u00e9quilibre d\u2019une table ou d\u2019une chaise par exemple. Il est donc primordial que cette \u00e9tape soit particuli\u00e8rement soign\u00e9e.<\/p>\n\n\n\n<p>Une fois l\u2019ensemble termin\u00e9 et bien solidifi\u00e9, il est n\u00e9cessaire d\u2019y appliquer une couche de r\u00e9sine polyur\u00e9thane anti-glissante de finition, afin de cr\u00e9er une protection suppl\u00e9mentaire. Cette couche de finition est indispensable \u00e0 la bonne tenue dans le temps et au caract\u00e8re anti-glissant du rev\u00eatement.&nbsp; Attention, toutes les entreprises ne proposent pas l&#8217;application d&#8217;un traitement de finition. Les performances anti-glissantes et de durabilit\u00e9 en d\u00e9pendent directement. Le syst\u00e8me R\u00e9sineo comprend ce traitement de finition et les performances techniques du rev\u00eatement ne sauraient \u00eatre garanties sans l&#8217;application de ce dernier.&nbsp;<\/p>\n\n\n\n<figure class=\"wp-block-image\"><img decoding=\"async\" src=\"https:\/\/staging.resineo.com\/guides\/wp-content\/uploads\/sites\/2\/2019\/10\/sol-exterieur-revetement-granulat.jpg\" alt=\"Sol Exterieur Revetement Granulat\"\/><\/figure>\n\n\n\n<h2 class=\"wp-block-heading\">Comment assurer l\u2019entretien de ces rev\u00eatements ?<\/h2>\n\n\n\n<p>Compte tenu de la r\u00e9sistance de ces produits et de leur pouvoir drainant, leur surface ne se salit que tr\u00e8s peu. <a href=\"https:\/\/staging.resineo.com\/guides\/ch\/revetement-resine\/resine-sol-exterieur\/\">La r\u00e9sine de sol pour surface ext\u00e9rieure<\/a> prot\u00e8ge efficacement des impuret\u00e9s, tandis que le granulat n\u2019offre que peu de surface d\u2019accrochage aux salissures.<\/p>\n\n\n\n<p>Un nettoyage occasionnel \u00e0 l\u2019aide d\u2019un jet d&#8217;eau suffit au quotidien pour garder le mat\u00e9riau propre. Il est possible d\u2019appliquer un produit de nettoyage une fois par an \u00e0 l\u2019aide d\u2019une brosse pour s\u2019assurer de chasser les moindres poussi\u00e8res et retrouver une surface \u00e9clatante comme au premier jour.&nbsp;Gr\u00e2ce \u00e0 un nettoyage de saison ou en fin d&#8217;hiver,&nbsp; les couleurs seront raviv\u00e9es.<\/p>\n\n\n\n<p>Compte tenu de l\u2019aspect d\u00e9coratif de la moquette de pierre, il est important qu\u2019elle puisse \u00eatre longtemps conserv\u00e9e dans son \u00e9tat d\u2019origine. C\u2019est d\u2019ailleurs ce qui en fait un rev\u00eatement de choix pour \u00e9quiper terrasses, all\u00e9es carrossables et plages de piscine. Malgr\u00e9 les passages r\u00e9p\u00e9t\u00e9s et les ann\u00e9es, l\u2019ensemble reste esth\u00e9tique. L&#8217;application d&#8217;une couche de vernis de finition tous les 5 ans permet de garder son sol comme neuf pendant plusieurs ann\u00e9es.&nbsp;<\/p>\n\n\n\n<h2 class=\"wp-block-heading\">Conclusion : une moquette de pierre correctement pos\u00e9e garantit s\u00e9curit\u00e9, durabilit\u00e9 et tranquillit\u00e9<\/h2>\n\n\n\n<p>Compte tenu de ses qualit\u00e9s techniques, la moquette de pierre est un mat\u00e9riau de choix \u00e0 l\u2019heure d\u2019\u00e9quiper sa terrasse ou tout autre zone expos\u00e9e aux al\u00e9as du temps et de la m\u00e9t\u00e9o. R\u00e9sistante aux UV, aux fortes chaleurs, comme au gel, elle garantit de s\u2019\u00e9quiper de fa\u00e7on durable. Pens\u00e9s pour r\u00e9sister plusieurs ann\u00e9es, ces produits sont adapt\u00e9s \u00e0 de nombreux usages. Pour qui envisage des travaux de r\u00e9novation, cette solution tr\u00e8s performante permet de s\u2019\u00e9quiper pour longtemps.<\/p>\n\n\n\n<p>Enfin, compte tenu de sa surface drainante et de la facilit\u00e9 avec laquelle on en assure l\u2019entretien, il s\u2019agit d\u2019un mat\u00e9riau de choix pour les abords d\u2019une piscine par exemple. En plus de garantir le confort des usagers, la moquette de pierre permettra d\u2019habiller \u00e9l\u00e9gamment cette zone, en mettant en valeur le bassin et en cr\u00e9ant un d\u00e9cor qui vous ressemble.<\/p>\n\n\n\n<p>Souvenez-vous qu\u2019il est important que la r\u00e9alisation du chantier soit effectu\u00e9e par une entreprise ou des professionnels habilit\u00e9s. Les propri\u00e9t\u00e9s du rev\u00eatement en d\u00e9pendent, ainsi que sa qualit\u00e9. Sa durabilit\u00e9 ne sera optimale qu\u2019\u00e0 condition que toutes les \u00e9tapes de pose aient \u00e9t\u00e9 respect\u00e9es et effectu\u00e9es correctement. De m\u00eame, le choix des composants (r\u00e9sine et granulats) sera primordial pour garantir la durabilit\u00e9 du rev\u00eatement, tous les rev\u00eatements en moquette de pierre n&#8217;ont pas des performances techniques \u00e9quivalentes.<\/p>\n\n\n\n<p>Si vous cherchez une option pour la r\u00e9novation de vos ext\u00e9rieurs, int\u00e9ressez-vous \u00e0 la moquette de pierre. Elle vous permettra de cr\u00e9er des espaces qui vous ressemblent, tout en vous garantissant d\u2019\u00eatre bien \u00e9quip\u00e9 pour longtemps.<\/p>\n\n\n\n<p>Pour aller plus loin :<\/p>\n\n\n\n<ul class=\"wp-block-list\">\n<li><a href=\"https:\/\/staging.resineo.com\/guides\/ch\/revetement-resine\/moquette-pierre\/avantages\/\">Avantages moquette de pierre <\/a><\/li>\n\n\n\n<li><a href=\"https:\/\/staging.resineo.com\/guides\/ch\/revetement-resine\/moquette-pierre\/entretien\/\">Entretien moquette de pierre<\/a><\/li>\n\n\n\n<li><a href=\"https:\/\/staging.resineo.com\/guides\/ch\/revetement-resine\/moquette-pierre\/choix-pierre\/\">Quelle pierre choisir pour une moquette de pierre<\/a><\/li>\n\n\n\n<li><a href=\"https:\/\/staging.resineo.com\/guides\/ch\/revetement-resine\/moquette-pierre\/fabrication\/\">Fabrication d&#8217;une moquette de pierre<\/a><\/li>\n\n\n\n<li><a href=\"https:\/\/staging.resineo.com\/guides\/ch\/revetement-resine\/moquette-pierre\/usage\/\">Usage moquette de pierre<\/a><\/li>\n\n\n\n<li><a href=\"https:\/\/staging.resineo.com\/guides\/ch\/revetement-resine\/moquette-pierre\/pouvoir-drainant\/\">Moquette de pierre et pouvoir drainan<\/a>t<\/li>\n<\/ul>\n","protected":false},"excerpt":{"rendered":"<p>Savez-vous pr\u00e9cis\u00e9ment ce qu\u2019est une moquette de pierre ? Il s\u2019agit d\u2019un agglom\u00e9rat de pierres de quartz ou de marbre solidifi\u00e9s \u00e0 l\u2019aide d\u2019une r\u00e9sine de base polyur\u00e9thane. Ce m\u00e9lange donne un rev\u00eatement de sol ext\u00e9rieur \u00e0 la fois dur et drainant, qui permet de couvrir une grande vari\u00e9t\u00e9 de surfaces. Principalement utilis\u00e9e pour \u00e9quiper [&hellip;]<\/p>\n","protected":false},"author":1,"featured_media":0,"parent":981,"menu_order":0,"comment_status":"closed","ping_status":"closed","template":"","meta":{"_uag_custom_page_level_css":"","footnotes":""},"class_list":["post-1001","page","type-page","status-publish","hentry","entry"],"uagb_featured_image_src":{"full":false,"thumbnail":false,"medium":false,"medium_large":false,"large":false,"1536x1536":false,"2048x2048":false,"ocean-thumb-m":false,"ocean-thumb-ml":false,"ocean-thumb-l":false},"uagb_author_info":{"display_name":"admin","author_link":"https:\/\/staging.resineo.com\/guides\/ch\/author\/agoralys\/"},"uagb_comment_info":0,"uagb_excerpt":"Savez-vous pr\u00e9cis\u00e9ment ce qu\u2019est une moquette de pierre ? Il s\u2019agit d\u2019un agglom\u00e9rat de pierres de quartz ou de marbre solidifi\u00e9s \u00e0 l\u2019aide d\u2019une r\u00e9sine de base polyur\u00e9thane. Ce m\u00e9lange donne un rev\u00eatement de sol ext\u00e9rieur \u00e0 la fois dur et drainant, qui permet de couvrir une grande vari\u00e9t\u00e9 de surfaces. Principalement utilis\u00e9e pour \u00e9quiper&hellip;","_links":{"self":[{"href":"https:\/\/staging.resineo.com\/guides\/ch\/wp-json\/wp\/v2\/pages\/1001","targetHints":{"allow":["GET"]}}],"collection":[{"href":"https:\/\/staging.resineo.com\/guides\/ch\/wp-json\/wp\/v2\/pages"}],"about":[{"href":"https:\/\/staging.resineo.com\/guides\/ch\/wp-json\/wp\/v2\/types\/page"}],"author":[{"embeddable":true,"href":"https:\/\/staging.resineo.com\/guides\/ch\/wp-json\/wp\/v2\/users\/1"}],"replies":[{"embeddable":true,"href":"https:\/\/staging.resineo.com\/guides\/ch\/wp-json\/wp\/v2\/comments?post=1001"}],"version-history":[{"count":8,"href":"https:\/\/staging.resineo.com\/guides\/ch\/wp-json\/wp\/v2\/pages\/1001\/revisions"}],"predecessor-version":[{"id":3887,"href":"https:\/\/staging.resineo.com\/guides\/ch\/wp-json\/wp\/v2\/pages\/1001\/revisions\/3887"}],"up":[{"embeddable":true,"href":"https:\/\/staging.resineo.com\/guides\/ch\/wp-json\/wp\/v2\/pages\/981"}],"wp:attachment":[{"href":"https:\/\/staging.resineo.com\/guides\/ch\/wp-json\/wp\/v2\/media?parent=1001"}],"curies":[{"name":"wp","href":"https:\/\/api.w.org\/{rel}","templated":true}]}}