{"id":1004,"date":"2019-09-03T14:49:12","date_gmt":"2019-09-03T14:49:12","guid":{"rendered":"https:\/\/staging.resineo.com\/guides\/revetement-resine\/sol-piscine\/"},"modified":"2024-05-16T12:44:26","modified_gmt":"2024-05-16T12:44:26","slug":"sol-piscine","status":"publish","type":"page","link":"https:\/\/staging.resineo.com\/guides\/ch\/revetement-resine\/sol-piscine\/","title":{"rendered":"Sol en r\u00e9sine de marbre : une solution id\u00e9ale pour l\u2019am\u00e9nagement d\u2019un tour de piscine"},"content":{"rendered":"\n<p>Avez-vous song\u00e9 au marbre pour \u00e9quiper les abords de votre piscine&nbsp;? Attention, on ne parle pas de dalles, mais d\u2019un mat\u00e9riau composite drainant et anti-glissant qui garantira la s\u00e9curit\u00e9 de chacun des membres de la famille.<\/p>\n\n\n\n<p>En optant pour un <a href=\"https:\/\/staging.resineo.com\/univers-particuliers\/univers-piscine\/\">rev\u00eatement de sol \u00e0 base de granulat de marbre et de r\u00e9sine polyur\u00e9thane<\/a>, il est d\u00e9sormais possible d\u2019allier durabilit\u00e9, solidit\u00e9, s\u00e9curit\u00e9 et esth\u00e9tique. Id\u00e9al pour mettre votre espace en valeur, ce rev\u00eatement offre \u00e0 la fois facilit\u00e9 d\u2019entretien et pouvoir drainant.\u00a0<\/p>\n\n\n\n<div class=\"wp-block-stackable-call-to-action is-style-default stk-block-call-to-action stk-block stk-798292d\" data-block-id=\"798292d\"><style>.stk-798292d-container{background-color:#f7f7f7 !important}.stk-798292d-container:before{background-color:#f7f7f7 !important}<\/style><div class=\"stk-block-call-to-action__content stk-content-align stk-798292d-column stk-container stk-798292d-container stk-hover-parent\"><div class=\"has-text-align-center stk-block-content stk-inner-blocks\">\n<div class=\"wp-block-stackable-heading stk-block-heading stk-block stk-743cda8\" id=\"decouvrez-notre-revetement-drainant-pour-les-plages-de-piscine\" data-block-id=\"743cda8\"><h3 class=\"stk-block-heading__text\">D\u00e9couvrez notre rev\u00eatement drainant pour les plages de piscine<\/h3><\/div>\n\n\n\n<div class=\"wp-block-stackable-text stk-block-text stk-block stk-1ff215e\" data-block-id=\"1ff215e\"><p class=\"stk-block-text__text\">Choisissez le fabricant fran\u00e7ais de r\u00e9f\u00e9rence<br>R\u00e9seau de plus de 200 partenaires agr\u00e9\u00e9s dans toute la France<\/p><\/div>\n\n\n\n<div class=\"wp-block-stackable-button-group stk-block-button-group stk-block stk-50578e5\" data-block-id=\"50578e5\"><div class=\"stk-row stk-inner-blocks stk-block-content stk-button-group\">\n<div class=\"wp-block-stackable-button stk-block-button stk-block stk-0314a3d\" data-block-id=\"0314a3d\"><style>.stk-0314a3d .stk-button{background:#71797d !important}.stk-0314a3d .stk-button__inner-text{font-size:20px !important}@media screen and (max-width:1023px){.stk-0314a3d .stk-button__inner-text{font-size:20px !important}}<\/style><a class=\"stk-link stk-button stk--hover-effect-darken\" href=\"https:\/\/staging.resineo.com\/univers-particuliers\/univers-piscine\/\"><span class=\"stk-button__inner-text\">D\u00e9couvrir R\u00e9sineo\u00ae pour la piscine<\/span><\/a><\/div>\n<\/div><\/div>\n<\/div><\/div><\/div>\n\n\n\n<p>Qu\u2019est ce qui conf\u00e8re ses particularit\u00e9s techniques \u00e0 ce produit&nbsp;? Comment et sur quelle surface peut-on l\u2019appliquer&nbsp;? Pourquoi offre-t-il plus de tranquillit\u00e9 que le carrelage&nbsp;?<\/p>\n\n\n\n<h2 class=\"wp-block-heading\">Les avantages d\u2019une plage de piscine en r\u00e9sine de marbre<\/h2>\n\n\n\n<p>Le choix du rev\u00eatement de sol qui \u00e9quipe les abords d\u2019une piscine est d\u00e9terminant, tant du point de vue de la s\u00e9curit\u00e9, que de l\u2019entretien ou du confort qu\u2019il procure aux utilisateurs. Gr\u00e2ce \u00e0 ses propri\u00e9t\u00e9s techniques, la r\u00e9sine cumule toutes les qualit\u00e9s n\u00e9cessaires \u00e0 la r\u00e9alisation d\u2019un tel \u00e9quipement&nbsp;:&nbsp;<\/p>\n\n\n\n<ul class=\"wp-block-list\">\n<li>Anti-glissant : L\u2019anti-glissance de ce mat\u00e9riau garantit que les utilisateurs \u00e9volueront en toute s\u00e9curit\u00e9, m\u00eame les pieds mouill\u00e9s.<\/li>\n\n\n\n<li>Drainant : Capable de drainer jusqu\u2019\u00e0 50 litres d\u2019eau par seconde et par m\u00b2, les sols qui en sont \u00e9quip\u00e9s n\u2019accumulent pas d\u2019eau en surface, \u00e9vitant ainsi la formation de flaques stagnantes.<\/li>\n\n\n\n<li>Facile d\u2019entretien : Pour en assurer le nettoyage, il suffit d\u2019un entretien p\u00e9riodique \u00e0 l\u2019aide d\u2019un jet haute pression pour faire dispara\u00eetre les salissures. Un nettoyage annuel avec un produit d&#8217;entretien est recommand\u00e9 en fin d&#8217;hiver.\u00a0<\/li>\n\n\n\n<li>Son aspect d\u00e9coratif : Id\u00e9al pour mettre un espace en valeur, un sol en r\u00e9sine de pierre donne un aspect tr\u00e8s esth\u00e9tique et tr\u00e8s soign\u00e9. Il autorise des finitions impeccables, quelles que soient les courbes ou les angles \u00e0 \u00e9quiper.<\/li>\n<\/ul>\n\n\n\n<figure class=\"wp-block-image\"><img decoding=\"async\" src=\"https:\/\/staging.resineo.com\/guides\/wp-content\/uploads\/sites\/2\/2019\/10\/revetement-exterieur-plage-pisicne.jpg\" alt=\"Revetement Exterieur Plage Pisicne\"\/><\/figure>\n\n\n\n<p>C\u2019est notamment pour tous ces avantages que l\u2019on appr\u00e9cie ce rev\u00eatement pour la cr\u00e9ation ou la r\u00e9novation d\u2019une plage de piscine.&nbsp;<\/p>\n\n\n\n<p><strong>A noter&nbsp;:<\/strong> <em>On parle de \u00ab&nbsp;r\u00e9sine de marbre&nbsp;\u00bb, mais on peut \u00e9galement dire \u00ab&nbsp;r\u00e9sine de pierre&nbsp;\u00bb. En r\u00e9alit\u00e9, ces deux rev\u00eatements de sols sont fabriqu\u00e9s de la m\u00eame fa\u00e7on. Seul le granulat min\u00e9ral utilis\u00e9 pour les composer diff\u00e8re. Dans un cas il s\u2019agit de marbre, dans l\u2019autre, on utilisera un granulat du quartz.<\/em><\/p>\n\n\n\n<h2 class=\"wp-block-heading\">Sur quel support ces produits doivent-ils \u00eatre appliqu\u00e9s ?<\/h2>\n\n\n\n<p>Cette gamme de rev\u00eatements de sols peut aussi bien servir \u00e0 recouvrir un carrelage, qu\u2019une dalle en b\u00e9ton ou du gravier stabilis\u00e9 (GNT). Le tout est de s\u2019assurer de l\u2019int\u00e9grit\u00e9 du support initial pour qu\u2019il puisse conf\u00e9rer toutes ses qualit\u00e9s techniques \u00e0 la r\u00e9sine de pierre.&nbsp;<\/p>\n\n\n\n<ul class=\"wp-block-list\">\n<li>Sur une dalle de b\u00e9ton, on devra s\u2019assurer qu\u2019aucune fissure n\u2019est pr\u00e9sente, sous peine de devoir appliquer un ragr\u00e9age qui uniformisera la surface avant d\u2019appliquer l\u2019agglom\u00e9rat de r\u00e9sine et de min\u00e9ral.<\/li>\n\n\n\n<li>Il en va de m\u00eame pour une pose sur carrelage. L\u2019\u00e9tat de ce dernier devra garantir qu\u2019aucun affaissement n\u2019est \u00e0 craindre au fil du temps. Ainsi, on v\u00e9rifiera l\u2019int\u00e9gralit\u00e9 des joints ainsi que l\u2019\u00e9tat des carreaux. L\u00e0 encore, en cas de d\u00e9faut, des r\u00e9parations de la surface seront n\u00e9cessaires avant d\u2019appliquer le rev\u00eatement.<\/li>\n\n\n\n<li>Pour ce qui est de la pose sur gravier, l\u2019ensemble du sol devra \u00eatre parfaitement stable et compact. Si la pose de ce dernier est r\u00e9cente, il se peut qu\u2019il faille le tasser au pr\u00e9alable, afin de rendre l\u2019ensemble suffisamment compact et homog\u00e8ne pour accueillir la r\u00e9sine de pierre.<\/li>\n<\/ul>\n\n\n\n<p>Dans chacun de ces trois cas, il sera n\u00e9cessaire de pr\u00e9parer le support afin qu\u2019il offre l\u2019adh\u00e9rence n\u00e9cessaire \u00e0 la mise en place du granulat m\u00e9lang\u00e9 \u00e0 la r\u00e9sine. Une couche de r\u00e9sine \u00e9poxy servira d\u2019accroche au rev\u00eatement final. Il faudra \u00e9galement poser des r\u00e9glette m\u00e9talliques destin\u00e9es \u00e0 marquer les limites de la surface \u00e0 \u00e9quiper. C\u2019est d\u2019ailleurs ce qui donnera une finition nette et pr\u00e9cise \u00e0 l\u2019ensemble.&nbsp;<\/p>\n\n\n\n<figure class=\"wp-block-image\"><img decoding=\"async\" src=\"https:\/\/staging.resineo.com\/guides\/wp-content\/uploads\/sites\/2\/2019\/10\/resine-plage-de-piscine.jpg\" alt=\"Resine Plage De Piscine\"\/><\/figure>\n\n\n\n<h2 class=\"wp-block-heading\">Un mat\u00e9riau aussi d\u00e9coratif qu\u2019efficace<\/h2>\n\n\n\n<p>Au-del\u00e0 des propri\u00e9t\u00e9s techniques de ce mat\u00e9riau, il est important de souligner qu\u2019il est possible de choisir parmi une large gamme de coloris pour \u00e9quiper sa plage de piscine.<\/p>\n\n\n\n<p>Selon le min\u00e9ral choisi (marbre ou quartz), il sera possible de cr\u00e9er une ambiance sur mesure, voire m\u00eame de choisir d\u2019incruster des motifs sur-mesure. En r\u00e9alit\u00e9, rien n\u2019oblige \u00e0 opter pour un seul granulat pour recouvrir la surface que l\u2019on entend \u00e9quiper. En s\u00e9lectionnant parmi la palette de couleurs propos\u00e9es, il est possible de commander \u00e0 l\u2019entreprise en charge des travaux de tracer un motif choisi au pr\u00e9alable.<\/p>\n\n\n\n<div class=\"wp-block-stackable-call-to-action is-style-default stk-block-call-to-action stk-block stk-v4wbeis\" data-block-id=\"v4wbeis\"><style>.stk-v4wbeis-container{background-color:#f7f7f7 !important}.stk-v4wbeis-container:before{background-color:#f7f7f7 !important}<\/style><div class=\"stk-block-call-to-action__content stk-content-align stk-v4wbeis-column stk-container stk-v4wbeis-container stk-hover-parent\"><div class=\"has-text-align-center stk-block-content stk-inner-blocks\">\n<div class=\"wp-block-stackable-heading stk-block-heading stk-block stk-0dkk8a6\" id=\"decouvrez-notre-revetement-drainant-pour-les-plages-de-piscine\" data-block-id=\"0dkk8a6\"><h3 class=\"stk-block-heading__text\">D\u00e9couvrez notre rev\u00eatement drainant pour les plages de piscine<\/h3><\/div>\n\n\n\n<div class=\"wp-block-stackable-text stk-block-text stk-block stk-ibm23hv\" data-block-id=\"ibm23hv\"><p class=\"stk-block-text__text\">Choisissez le fabricant fran\u00e7ais de r\u00e9f\u00e9rence<br>R\u00e9seau de plus de 200 partenaires agr\u00e9\u00e9s dans toute la France<\/p><\/div>\n\n\n\n<div class=\"wp-block-stackable-button-group stk-block-button-group stk-block stk-72eipmg\" data-block-id=\"72eipmg\"><div class=\"stk-row stk-inner-blocks stk-block-content stk-button-group\">\n<div class=\"wp-block-stackable-button stk-block-button stk-block stk-jgi256t\" data-block-id=\"jgi256t\"><style>.stk-jgi256t .stk-button{background:#71797d !important}.stk-jgi256t .stk-button__inner-text{font-size:20px !important}@media screen and (max-width:1023px){.stk-jgi256t .stk-button__inner-text{font-size:20px !important}}<\/style><a class=\"stk-link stk-button stk--hover-effect-darken\" href=\"https:\/\/staging.resineo.com\/univers-particuliers\/univers-piscine\/\"><span class=\"stk-button__inner-text\">D\u00e9couvrir R\u00e9sineo\u00ae pour la piscine<\/span><\/a><\/div>\n<\/div><\/div>\n<\/div><\/div><\/div>\n\n\n\n<p>&nbsp;A l\u2019heure d\u2019obtenir un devis, il ne faut surtout pas h\u00e9siter \u00e0 demander des \u00e9chantillons illustrant les diff\u00e9rentes possibilit\u00e9s. Cela permettra d\u2019avoir une id\u00e9e de l\u2019esth\u00e9tique finale.<\/p>\n\n\n\n<p>Nous nous focalisons ici sur la cr\u00e9ation d\u2019une plage ou d\u2019un tour de piscine, mais la r\u00e9sine de pierre peut \u00e9galement \u00eatre utilis\u00e9e pour \u00e9quiper une terrasse, une <a href=\"https:\/\/staging.resineo.com\/guides\/ch\/revetement-resine\/allee-carrossable\/\">all\u00e9e de garage<\/a> ou une all\u00e9e de jardin par exemple. En alternant les coloris et en les harmonisant, il est tout \u00e0 fait possible d\u2019accorder l\u2019ensemble pour rehausser la d\u00e9coration ext\u00e9rieure d\u2019une maison. L\u2019ensemble donne un rendu esth\u00e9tique sophistiqu\u00e9, et cr\u00e9\u00e9 une v\u00e9ritable plus-value.&nbsp;<\/p>\n\n\n\n<h2 class=\"wp-block-heading\">Gr\u00e2ce \u00e0 la r\u00e9sine de pierre, on peut pousser les d\u00e9tails tr\u00e8s loin<\/h2>\n\n\n\n<p>Au-del\u00e0 d\u2019habiller le contour d\u2019une piscine, il est \u00e9galement possible d\u2019en \u00e9quiper la douche ext\u00e9rieure attenante, de m\u00eame que l\u2019escalier qui m\u00e8ne \u00e0 l\u2019eau.&nbsp;<\/p>\n\n\n\n<p>Ce mat\u00e9riau peut prendre des formes vari\u00e9es et \u00eatre pos\u00e9 aussi bien \u00e0 plat qu\u2019\u00e0 la verticale. En revanche, pour que la r\u00e9alisation des travaux soit impeccable, il est important d\u2019en confier la r\u00e9alisation \u00e0 des professionnels agr\u00e9\u00e9s, habilit\u00e9s \u00e0 travailler ce mat\u00e9riau. Les contraintes techniques que suppose la r\u00e9sine de marbre demandent une parfaite ma\u00eetrise de l\u2019ex\u00e9cution de chaque. C\u2019est \u00e0 ce prix que sa durabilit\u00e9 sera garantie.<\/p>\n\n\n\n<p>La pose sur escalier suppose d\u2019enduire des surfaces horizontales et verticales (contremarches). En revanche, le rendu donne une esth\u00e9tique homog\u00e8ne avec le reste de l\u2019espace.&nbsp; Les margelles de piscines peuvent \u00e9galement \u00eatre recouvertes de r\u00e9sine de marbre. En jouant avec les coloris, c\u2019est un moyen de mettre en valeur le bassin.<\/p>\n\n\n\n<p>De plus, toujours dans un souci d\u2019am\u00e9liorer l\u2019aspect de l\u2019espace, il est tout \u00e0 fait possible d\u2019int\u00e9grer des spots lumineux. Concr\u00e8tement, au moment de la pose, il est possible de faire en sorte que des projecteurs soient install\u00e9s dans le rev\u00eatement, affleurant de la surface, et permettant ainsi de cr\u00e9er une ambiance agr\u00e9able une fois la nuit tomb\u00e9e.&nbsp;<\/p>\n\n\n\n<p>Les possibilit\u00e9s d\u00e9coratives qu\u2019offre une <a href=\"https:\/\/staging.resineo.com\/moquette-de-pierre\/\">moquette de marbre<\/a> sont tr\u00e8s vari\u00e9es. Il suffit d\u2019arr\u00eater ses choix avec l\u2019entreprise qui se chargera de sa pose, pour allier une esth\u00e9tique haut de gamme au c\u00f4t\u00e9 pratique de ce mat\u00e9riau.<\/p>\n\n\n\n<figure class=\"wp-block-image\"><img decoding=\"async\" src=\"https:\/\/staging.resineo.com\/guides\/wp-content\/uploads\/sites\/2\/2019\/10\/resine-granulat-bord-pisicne.jpg\" alt=\"Resine Granulat Bord Pisicne\"\/><\/figure>\n\n\n\n<h2 class=\"wp-block-heading\">Conclusion : l\u2019am\u00e9nagement d\u2019une plage de piscine en r\u00e9sine de marbre permet de mettre en valeur l\u2019espace, tout en garantissant confort et s\u00e9curit\u00e9<\/h2>\n\n\n\n<p>Quand un carrelage, imperm\u00e9able, peut s\u2019av\u00e9rer bien trop glissant pour ce type d\u2019am\u00e9nagement, et une dalle de b\u00e9ton trop peu esth\u00e9tique pour mettre une piscine en valeur, <a href=\"https:\/\/staging.resineo.com\/guides\/ch\/revetement-resine\/resine-sol-exterieur\/\">la r\u00e9sine de marbre<\/a> allie les avantages de ces deux mat\u00e9riaux.&nbsp;<\/p>\n\n\n\n<p>Les r\u00e9sines employ\u00e9es pour ce type de travaux sont parfaitement inertes une fois s\u00e8ches. Elles ne supposent aucune contamination \u00e0 l\u2019\u00e9chelle de l\u2019environnement, ni aucun d\u00e9gagement de particules, m\u00eame en cas de forte chaleur.&nbsp;<\/p>\n\n\n\n<p>De plus, en termes de r\u00e9sistance et de durabilit\u00e9, elles sont con\u00e7ues pour ne pas s\u2019alt\u00e9rer au fil des saisons. L\u2019agglom\u00e9rat de marbre et de r\u00e9sine reste parfaitement stable et intact pour plusieurs ann\u00e9es. Pour retrouver l&#8217;\u00e9clat initial du rev\u00eatement, le passage d&#8217;une r\u00e9sine transparente tous les 5 ans est pr\u00e9conis\u00e9.&nbsp;<\/p>\n\n\n\n<p>Pour ce qui est de l\u2019aspect du rev\u00eatement au fil du temps, ses couleurs restent stables. La r\u00e9sine forme une couche de protection anti-UV qui r\u00e9siste parfaitement, permettant ainsi de conserver l\u2019aspect originel pendant longtemps.<\/p>\n\n\n\n<p>Les <a href=\"https:\/\/staging.resineo.com\/guides\/ch\/revetement-resine\/terrasse-exterieure\/\">granulats de pierres<\/a> utilis\u00e9s sont \u00e9galement s\u00e9lectionn\u00e9s pour leur duret\u00e9. Tant le quartz que le marbre sont des pierres tr\u00e8s dures, qui r\u00e9sistent parfaitement aux passages r\u00e9p\u00e9t\u00e9s.<\/p>\n\n\n\n<p>Pour \u00e9quiper une plage de piscine d\u2019un mat\u00e9riau \u00e0 la fois drainant, r\u00e9sistant, s\u00fbr et fiable au fil des ann\u00e9es, les sols en r\u00e9sine de marbre et de quartz sont tout indiqu\u00e9s. Si vous envisagez la r\u00e9novation ou l\u2019installation d\u2019une piscine, vous devriez vous int\u00e9resser de pr\u00e8s \u00e0 ce mat\u00e9riau. Vous aurez la garantie de faire un choix alliant tous les avantages que l\u2019on attend de ce type de rev\u00eatement.<\/p>\n\n\n\n<p>Pour aller plus loin :<\/p>\n\n\n\n<ul class=\"wp-block-list\">\n<li><a href=\"https:\/\/staging.resineo.com\/guides\/ch\/revetement-resine\/sol-piscine\/equiper-plage-piscine\/\">Comment \u00e9quiper une plage de piscine d\u2019un rev\u00eatement en r\u00e9sine de pierre ?<\/a><\/li>\n\n\n\n<li><a href=\"https:\/\/staging.resineo.com\/guides\/ch\/revetement-resine\/sol-piscine\/eviter-glissure\/\">Comment \u00e9viter que votre plage de piscine soit glissante ?<\/a><\/li>\n\n\n\n<li><a href=\"https:\/\/staging.resineo.com\/guides\/ch\/revetement-resine\/sol-piscine\/meilleur-revetement\/\">Quel est le meilleur mat\u00e9riau pour fabriquer une plage de piscine ?<\/a><\/li>\n\n\n\n<li><a href=\"https:\/\/staging.resineo.com\/guides\/ch\/revetement-resine\/sol-piscine\/support\/\">Sur quel support poser une plage de piscine en r\u00e9sine de pierre ?<\/a><\/li>\n\n\n\n<li><a href=\"https:\/\/staging.resineo.com\/guides\/ch\/revetement-resine\/sol-piscine\/avantages\/\">Les avantages d&#8217;une plage de piscine en moquette de pierre<\/a><\/li>\n\n\n\n<li><a href=\"https:\/\/staging.resineo.com\/guides\/ch\/revetement-resine\/sol-piscine\/differences\/\">Diff\u00e9rence moquette de pierre\/carrelage (anti-glissance, etc&#8230;<\/a><\/li>\n<\/ul>\n","protected":false},"excerpt":{"rendered":"<p>Avez-vous song\u00e9 au marbre pour \u00e9quiper les abords de votre piscine&nbsp;? Attention, on ne parle pas de dalles, mais d\u2019un mat\u00e9riau composite drainant et anti-glissant qui garantira la s\u00e9curit\u00e9 de chacun des membres de la famille. En optant pour un rev\u00eatement de sol \u00e0 base de granulat de marbre et de r\u00e9sine polyur\u00e9thane, il est [&hellip;]<\/p>\n","protected":false},"author":1,"featured_media":0,"parent":981,"menu_order":0,"comment_status":"closed","ping_status":"closed","template":"","meta":{"_uag_custom_page_level_css":"","footnotes":""},"class_list":["post-1004","page","type-page","status-publish","hentry","entry"],"uagb_featured_image_src":{"full":false,"thumbnail":false,"medium":false,"medium_large":false,"large":false,"1536x1536":false,"2048x2048":false,"ocean-thumb-m":false,"ocean-thumb-ml":false,"ocean-thumb-l":false},"uagb_author_info":{"display_name":"admin","author_link":"https:\/\/staging.resineo.com\/guides\/ch\/author\/agoralys\/"},"uagb_comment_info":0,"uagb_excerpt":"Avez-vous song\u00e9 au marbre pour \u00e9quiper les abords de votre piscine&nbsp;? Attention, on ne parle pas de dalles, mais d\u2019un mat\u00e9riau composite drainant et anti-glissant qui garantira la s\u00e9curit\u00e9 de chacun des membres de la famille. En optant pour un rev\u00eatement de sol \u00e0 base de granulat de marbre et de r\u00e9sine polyur\u00e9thane, il est&hellip;","_links":{"self":[{"href":"https:\/\/staging.resineo.com\/guides\/ch\/wp-json\/wp\/v2\/pages\/1004","targetHints":{"allow":["GET"]}}],"collection":[{"href":"https:\/\/staging.resineo.com\/guides\/ch\/wp-json\/wp\/v2\/pages"}],"about":[{"href":"https:\/\/staging.resineo.com\/guides\/ch\/wp-json\/wp\/v2\/types\/page"}],"author":[{"embeddable":true,"href":"https:\/\/staging.resineo.com\/guides\/ch\/wp-json\/wp\/v2\/users\/1"}],"replies":[{"embeddable":true,"href":"https:\/\/staging.resineo.com\/guides\/ch\/wp-json\/wp\/v2\/comments?post=1004"}],"version-history":[{"count":8,"href":"https:\/\/staging.resineo.com\/guides\/ch\/wp-json\/wp\/v2\/pages\/1004\/revisions"}],"predecessor-version":[{"id":3839,"href":"https:\/\/staging.resineo.com\/guides\/ch\/wp-json\/wp\/v2\/pages\/1004\/revisions\/3839"}],"up":[{"embeddable":true,"href":"https:\/\/staging.resineo.com\/guides\/ch\/wp-json\/wp\/v2\/pages\/981"}],"wp:attachment":[{"href":"https:\/\/staging.resineo.com\/guides\/ch\/wp-json\/wp\/v2\/media?parent=1004"}],"curies":[{"name":"wp","href":"https:\/\/api.w.org\/{rel}","templated":true}]}}