{"id":1010,"date":"2019-09-06T08:20:25","date_gmt":"2019-09-06T08:20:25","guid":{"rendered":"https:\/\/staging.resineo.com\/guides\/revetement-resine\/moquette-pierre\/fabrication\/"},"modified":"2023-10-16T13:32:12","modified_gmt":"2023-10-16T13:32:12","slug":"fabrication","status":"publish","type":"page","link":"https:\/\/staging.resineo.com\/guides\/ch\/revetement-resine\/moquette-pierre\/fabrication\/","title":{"rendered":"La fabrication d\u2019une moquette de pierre : comment se d\u00e9roule la pose de ce rev\u00eatement ?"},"content":{"rendered":"\n<p>La pose de ce type de mat\u00e9riau \u00e0 base de r\u00e9sine et de granulat min\u00e9ral demande le respect de plusieurs \u00e9tapes durant l\u2019ex\u00e9cution des travaux&nbsp;:&nbsp;<\/p>\n\n\n\n<ul class=\"wp-block-list\">\n<li>L\u2019analyse du support sur lequel le rev\u00eatement final reposera et son \u00e9ventuelle r\u00e9paration.<\/li>\n\n\n\n<li>La pr\u00e9paration de la surface du support.<\/li>\n\n\n\n<li>La r\u00e9alisation et la pose de l\u2019agglom\u00e9rat de r\u00e9sine et de granulat.<\/li>\n\n\n\n<li>L&#8217;application d&#8217;une couche de finition anti-glissance<\/li>\n<\/ul>\n\n\n\n<figure class=\"wp-block-image\"><img decoding=\"async\" src=\"https:\/\/staging.resineo.com\/guides\/wp-content\/uploads\/sites\/2\/2019\/10\/revetement-antiderapant-piscine-resine.jpg\" alt=\"Revetement Antiderapant Piscine Resine\"\/><\/figure>\n\n\n\n<p>Chacune de ces \u00e9tapes compte pour obtenir un rev\u00eatement stable, drainant, solide et durable. Tout projet impliquant l\u2019application de ce produit pour habiller les sols ext\u00e9rieurs doit passer par chacune de ces phases.<\/p>\n\n\n\n<p>Depuis l\u2019analyse et la pr\u00e9paration des sols, jusqu\u2019\u00e0 leur habillage, voyons comment se d\u00e9roule un chantier de <a href=\"https:\/\/staging.resineo.com\/moquette-de-pierre\/\">r\u00e9alisation de moquette de pierre<\/a>.<\/p>\n\n\n\n<h2 class=\"wp-block-heading\">Pour une terrasse, un tour de piscine ou une all\u00e9e, les op\u00e9rations sont les m\u00eames<\/h2>\n\n\n\n<p>Avant d\u2019en venir \u00e0 appliquer le granulat de marbre ou de quartz au sol, il est n\u00e9cessaire de pr\u00eater attention au support sur lequel l\u2019ensemble du rev\u00eatement reposera.<\/p>\n\n\n\n<p>Qu\u2019il s\u2019agisse de carrelage, de b\u00e9ton ou de gravier compact\u00e9 (GNT), il faut avant tout s\u2019assurer de trois choses&nbsp;:&nbsp;<\/p>\n\n\n\n<ul class=\"wp-block-list\">\n<li>La surface du support ne doit pas pr\u00e9senter de fissure.<\/li>\n\n\n\n<li>Une pente doit \u00eatre pr\u00e9sente pour assurer l\u2019\u00e9coulement de l\u2019eau drain\u00e9e.<\/li>\n\n\n\n<li>L\u2019ensemble doit \u00eatre stable (gravier stabilis\u00e9, aucune dalle ne doit bouger, etc.).<\/li>\n<\/ul>\n\n\n\n<p>Si l\u2019un de ces trois points n\u2019est pas respect\u00e9, des travaux de r\u00e9paration peuvent \u00eatre entrepris pour <a href=\"https:\/\/staging.resineo.com\/guides\/ch\/revetement-resine\/moquette-pierre\/\">assurer un maximum de stabilit\u00e9 \u00e0 la moquette de pierre<\/a>. Un ragr\u00e9age peut \u00eatre n\u00e9cessaire pour cr\u00e9er la pente n\u00e9cessaire ou r\u00e9parer la surface des rev\u00eatements qui seront ensuite recouverts.<\/p>\n\n\n\n<p>Ces produits \u00e0 base de granulats min\u00e9raux et de r\u00e9sine polyur\u00e9thane sont des mat\u00e9riaux techniques. Leurs propri\u00e9t\u00e9s d\u00e9pendent de la bonne ex\u00e9cution de chaque op\u00e9ration. Il est donc primordial que cette \u00e9tape d\u2019analyse et de r\u00e9paration du support soit correctement ex\u00e9cut\u00e9e <a href=\"https:\/\/staging.resineo.com\/guides\/ch\/revetement-resine\/moquette-pierre\/avantages\/\">pour conf\u00e9rer toutes ses propri\u00e9t\u00e9s et tous ses avantages aux surfaces qui en seront \u00e9quip\u00e9es<\/a>.<\/p>\n\n\n\n<p><b>A noter<\/b>&nbsp;: <i>On ne peut pas appliquer ce mat\u00e9riau sur un rev\u00eatement bois. Si la surface que l\u2019on souhaite r\u00e9nover en est \u00e9quip\u00e9e, il faudra d\u2019abord retirer tous les \u00e9l\u00e9ments, puis passer \u00e0 la phase de pr\u00e9paration.<\/i><\/p>\n\n\n\n<h3 class=\"wp-block-heading\">La pr\u00e9paration du sol<\/h3>\n\n\n\n<p>Vient ensuite l\u2019\u00e9tape de la pose de r\u00e9glettes aluminium qui serviront \u00e0 d\u00e9limiter l\u2019espace qui sera ensuite recouvert. Elles ont deux fonctions&nbsp;:&nbsp;<\/p>\n\n\n\n<ul class=\"wp-block-list\">\n<li>Retenir le granulat m\u00e9lang\u00e9 \u00e0 la r\u00e9sine polyur\u00e9thane en phase mall\u00e9able.<\/li>\n\n\n\n<li>D\u00e9limiter les joints de fractionnement<\/li>\n<\/ul>\n\n\n\n<p>Ces r\u00e9glettes devront \u00e9pouser les contours de tous les obstacles pr\u00e9sents sur la surface, afin que le mat\u00e9riau s\u2019adapte parfaitement aux formes de la surface \u00e9quip\u00e9e. Il n\u2019est pas rare par exemple, qu\u2019un pot destin\u00e9 \u00e0 un v\u00e9g\u00e9tal soit construit et fix\u00e9 aux abords d\u2019une piscine. Ses courbes doivent \u00eatre respect\u00e9es pour que ce dernier soit parfaitement int\u00e9gr\u00e9 dans l\u2019ensemble cr\u00e9\u00e9.&nbsp;<\/p>\n\n\n\n<p>La pose de ces d\u00e9limitations est donc importante pour l\u2019homog\u00e9n\u00e9it\u00e9 visuelle et l\u2019aspect d\u00e9coratif de la moquette de pierre.<\/p>\n\n\n\n<p>Une fois l\u2019int\u00e9grit\u00e9 du sol assur\u00e9e, vient l\u2019\u00e9tape de la pr\u00e9paration. Pour ce faire, une couche de r\u00e9sine \u00e9poxy ou primaire d&#8217;accroche doit \u00eatre appliqu\u00e9e pour que l\u2019\u00e9paisseur du rev\u00eatement final adh\u00e8re au sol (cette couche n&#8217;est pas n\u00e9cessaire sur une GNT).&nbsp;<\/p>\n\n\n\n<p>A l\u2019aide d\u2019un rouleau, l\u2019int\u00e9gralit\u00e9 de la surface sera enduite de cette r\u00e9sine. 24 heures seront n\u00e9cessaires pour que cette derni\u00e8re s\u00e8che (dans des conditions d\u2019humidit\u00e9 et de temp\u00e9rature correctes).<\/p>\n\n\n\n<figure class=\"wp-block-image\"><img decoding=\"async\" src=\"https:\/\/staging.resineo.com\/guides\/wp-content\/uploads\/sites\/2\/2019\/10\/revetement-esthetique-resine.jpg\" alt=\"Revetement Esthetique Resine\"\/><\/figure>\n\n\n\n<h2 class=\"wp-block-heading\">La pose du rev\u00eatement final<\/h2>\n\n\n\n<p>Pour cette \u00e9tape, il faudra m\u00e9langer le granulat et la r\u00e9sine qui sert de liant selon les temps de m\u00e9lange conseill\u00e9s et les proportions indiqu\u00e9es sur la fiche technique. Ces proportions comptent pour s\u2019assurer que la moquette de pierre sera \u00e0 la fois drainante et r\u00e9sistance.&nbsp;<\/p>\n\n\n\n<p>Trop de r\u00e9sine dans le m\u00e9lange pourrait entra\u00eener l\u2019obstruction des interstices provoqu\u00e9s par les granulats et n\u00e9cessaires \u00e0 <a href=\"https:\/\/staging.resineo.com\/guides\/ch\/revetement-resine\/moquette-pierre\/pouvoir-drainant\/\">pourvoir le mat\u00e9riau de son pouvoir drainant<\/a>. Au contraire, un manque de r\u00e9sine donnerait un rev\u00eatement potentiellement friable au fil du temps et des intemp\u00e9ries qui entra\u00eenerait un ph\u00e9nom\u00e8ne de d\u00e9gravillonage.<\/p>\n\n\n\n<p>C\u2019est la raison pour laquelle il est recommand\u00e9 de confier les travaux \u00e0 une entreprise habilit\u00e9e et agr\u00e9\u00e9e \u00e0 la pose de rev\u00eatements drainants en r\u00e9sine. Les professionnels qui se chargeront de l\u2019ex\u00e9cution du chantier sont parfaitement au fait des donn\u00e9es constructeur, permettant \u00e0 votre rev\u00eatement de sol d\u2019\u00eatre dot\u00e9 de toutes les propri\u00e9t\u00e9s qui en sont attendues. Ils sauront pr\u00e9cis\u00e9ment quelle \u00e9paisseur appliquer en fonction du r\u00f4le de l\u2019espace r\u00e9nov\u00e9 (carrossable ou non). C&#8217;est d&#8217;ailleurs le professionnel qui est responsable de la pose du rev\u00eatement.&nbsp;<\/p>\n\n\n\n<p>Si le devis fait \u00e9tat de la volont\u00e9 du propri\u00e9taire de la cr\u00e9ation d\u2019un motif, les professionnels se chargeront de le cr\u00e9er en amont de cette \u00e9tape du chantier. En effet, il est possible de cr\u00e9er diff\u00e9rents motifs, dot\u00e9s de plusieurs couleurs (diff\u00e9rents granulats min\u00e9raux), qui dureront aussi longtemps que le rev\u00eatement lui-m\u00eame. Cette personnalisation permet ainsi d\u2019avoir un ext\u00e9rieur unique.<\/p>\n\n\n\n<p>Il faut ensuite laisser l\u2019ensemble prendre et durcir. Il est n\u00e9cessaire d\u2019appliquer une derni\u00e8re couche de r\u00e9sine polyur\u00e9thane qui servira de protection. Celle-ci est g\u00e9n\u00e9ralement appliqu\u00e9 le lendemain matin. Attention il est n\u00e9cessaire que le temps soit sec pour appliquer ce traitement de finition. Cette protection garantit la long\u00e9vit\u00e9 du rev\u00eatement par exemple, en plus d\u2019avoir un r\u00f4le de barri\u00e8re anti-UV.<\/p>\n\n\n\n<h2 class=\"wp-block-heading\">Il est important d\u2019utiliser des mat\u00e9riaux de qualit\u00e9 pour r\u00e9aliser une moquette de pierre<\/h2>\n\n\n\n<p>Tout d\u2019abord, <a href=\"https:\/\/staging.resineo.com\/guides\/ch\/revetement-resine\/moquette-pierre\/choix-pierre\/\">les granulats doivent \u00eatre s\u00e9lectionn\u00e9s<\/a> pour leur duret\u00e9 et leur granulom\u00e9trie. La taille de chaque grain de marbre ou de quartz doit r\u00e9pondre \u00e0 un calibre pr\u00e9cis pour assurer la perm\u00e9abilit\u00e9 du rev\u00eatement. Ces derniers ne sont pas seulement s\u00e9lectionn\u00e9s pour leurs couleurs, mais bien parce qu\u2019ils correspondent \u00e0 l\u2019usage que l\u2019on entend en faire.<\/p>\n\n\n\n<p>Pour que les rev\u00eatements obtenus soient agr\u00e9ables au toucher, il est \u00e9galement important que les granulats soient concass\u00e9s ou roul\u00e9s.&nbsp;<\/p>\n\n\n\n<p>Ils devront \u00e9galement \u00eatre lav\u00e9s. La poussi\u00e8re ou les particules min\u00e9rales qu\u2019ils charrient naturellement devront \u00eatre supprim\u00e9es pour garantir des espaces suffisants entre chaque grain de marbre ou de quartz pour laisser circuler l\u2019eau.&nbsp;<\/p>\n\n\n\n<p>Enfin, il est important que la r\u00e9sine polyur\u00e9thane utilis\u00e9e soit pr\u00e9vue pour un <a href=\"https:\/\/staging.resineo.com\/guides\/ch\/revetement-resine\/moquette-pierre\/usage\/\">usage ext\u00e9rieur<\/a>. Il ne faut surtout pas employer de r\u00e9sine \u00e9poxy en surface par exemple, encore moins une r\u00e9sine pr\u00e9vue pour un usage int\u00e9rieur. Sa r\u00e9sistance et la protection qu\u2019elle apporte au granulat min\u00e9ral est une des cl\u00e9s de la long\u00e9vit\u00e9 de la moquette de pierre. Il est donc n\u00e9cessaire de s\u2019assurer de la qualit\u00e9 de ce liant.&nbsp;<\/p>\n\n\n\n<figure class=\"wp-block-image\"><img decoding=\"async\" src=\"https:\/\/staging.resineo.com\/guides\/wp-content\/uploads\/sites\/2\/2019\/10\/resine-plage-de-piscine.jpg\" alt=\"Resine Plage De Piscine\"\/><\/figure>\n\n\n\n<h2 class=\"wp-block-heading\">Ce type de r\u00e9alisation est une affaire de professionnels<\/h2>\n\n\n\n<p>M\u00eame si l\u2019id\u00e9e d\u2019acheter un kit pr\u00eat \u00e0 la pose est tentante, il est&nbsp; recommand\u00e9 de faire appel aux services d\u2019une entreprise sp\u00e9cialis\u00e9e pour l\u2019ex\u00e9cution des travaux.&nbsp;<\/p>\n\n\n\n<p>Le savoir-faire des professionnels qui r\u00e9aliserons les travaux garantira <a href=\"https:\/\/staging.resineo.com\/guides\/ch\/revetement-resine\/moquette-pierre\/entretien\/\">sa long\u00e9vit\u00e9 et ses propri\u00e9t\u00e9s<\/a>. Bien qu\u2019il s\u2019agisse d\u2019un rev\u00eatement tr\u00e8s d\u00e9coratif, on attend qu\u2019il soit drainant et r\u00e9sistant. Tenter de r\u00e9aliser la pose d\u2019une moquette min\u00e9rale seul, peut s\u2019av\u00e9rer contre-productif.<\/p>\n\n\n\n<p>C\u2019est au prix d\u2019un v\u00e9ritable savoir-faire que ce rev\u00eatement offre les avantages qui en sont attendus. Il n\u00e9cessite une bonne connaissance des produits qui le composent, ainsi qu\u2019une parfaite ma\u00eetrise des consignes du fabricant. Pour un r\u00e9sultat optimal, faites confiance \u00e0 des professionnels, le r\u00e9sultat n\u2019en sera que plus satisfaisant.<\/p>\n","protected":false},"excerpt":{"rendered":"<p>La pose de ce type de mat\u00e9riau \u00e0 base de r\u00e9sine et de granulat min\u00e9ral demande le respect de plusieurs \u00e9tapes durant l\u2019ex\u00e9cution des travaux&nbsp;:&nbsp; Chacune de ces \u00e9tapes compte pour obtenir un rev\u00eatement stable, drainant, solide et durable. Tout projet impliquant l\u2019application de ce produit pour habiller les sols ext\u00e9rieurs doit passer par chacune [&hellip;]<\/p>\n","protected":false},"author":1,"featured_media":0,"parent":1001,"menu_order":0,"comment_status":"closed","ping_status":"closed","template":"","meta":{"_uag_custom_page_level_css":"","footnotes":""},"class_list":["post-1010","page","type-page","status-publish","hentry","entry"],"uagb_featured_image_src":{"full":false,"thumbnail":false,"medium":false,"medium_large":false,"large":false,"1536x1536":false,"2048x2048":false,"ocean-thumb-m":false,"ocean-thumb-ml":false,"ocean-thumb-l":false},"uagb_author_info":{"display_name":"admin","author_link":"https:\/\/staging.resineo.com\/guides\/ch\/author\/agoralys\/"},"uagb_comment_info":0,"uagb_excerpt":"La pose de ce type de mat\u00e9riau \u00e0 base de r\u00e9sine et de granulat min\u00e9ral demande le respect de plusieurs \u00e9tapes durant l\u2019ex\u00e9cution des travaux&nbsp;:&nbsp; Chacune de ces \u00e9tapes compte pour obtenir un rev\u00eatement stable, drainant, solide et durable. Tout projet impliquant l\u2019application de ce produit pour habiller les sols ext\u00e9rieurs doit passer par chacune&hellip;","_links":{"self":[{"href":"https:\/\/staging.resineo.com\/guides\/ch\/wp-json\/wp\/v2\/pages\/1010","targetHints":{"allow":["GET"]}}],"collection":[{"href":"https:\/\/staging.resineo.com\/guides\/ch\/wp-json\/wp\/v2\/pages"}],"about":[{"href":"https:\/\/staging.resineo.com\/guides\/ch\/wp-json\/wp\/v2\/types\/page"}],"author":[{"embeddable":true,"href":"https:\/\/staging.resineo.com\/guides\/ch\/wp-json\/wp\/v2\/users\/1"}],"replies":[{"embeddable":true,"href":"https:\/\/staging.resineo.com\/guides\/ch\/wp-json\/wp\/v2\/comments?post=1010"}],"version-history":[{"count":4,"href":"https:\/\/staging.resineo.com\/guides\/ch\/wp-json\/wp\/v2\/pages\/1010\/revisions"}],"predecessor-version":[{"id":3782,"href":"https:\/\/staging.resineo.com\/guides\/ch\/wp-json\/wp\/v2\/pages\/1010\/revisions\/3782"}],"up":[{"embeddable":true,"href":"https:\/\/staging.resineo.com\/guides\/ch\/wp-json\/wp\/v2\/pages\/1001"}],"wp:attachment":[{"href":"https:\/\/staging.resineo.com\/guides\/ch\/wp-json\/wp\/v2\/media?parent=1010"}],"curies":[{"name":"wp","href":"https:\/\/api.w.org\/{rel}","templated":true}]}}