{"id":1015,"date":"2019-09-06T08:07:24","date_gmt":"2019-09-06T08:07:24","guid":{"rendered":"https:\/\/staging.resineo.com\/guides\/revetement-resine\/moquette-pierre\/entretien\/"},"modified":"2023-10-16T13:29:55","modified_gmt":"2023-10-16T13:29:55","slug":"entretien","status":"publish","type":"page","link":"https:\/\/staging.resineo.com\/guides\/ch\/revetement-resine\/moquette-pierre\/entretien\/","title":{"rendered":"Quel entretien n\u00e9cessite une moquette de pierre ?"},"content":{"rendered":"\n<p>Les moquettes de pierre sont des rev\u00eatements de sol fabriqu\u00e9s \u00e0 base de granulats de marbre et de quartz agglom\u00e9r\u00e9s \u00e0 l\u2019aide de r\u00e9sine polyur\u00e9thane que l\u2019on appelle moquette de pierre. Ils sont connus pour leur r\u00e9sistance et leur pouvoir drainant, mais un de leurs avantages principaux r\u00e9side dans le fait qu\u2019ils sont faciles d\u2019entretien.<\/p>\n\n\n\n<figure class=\"wp-block-image\"><img decoding=\"async\" src=\"https:\/\/staging.resineo.com\/guides\/wp-content\/uploads\/sites\/2\/2019\/10\/revetement-resineo-piscine.jpg\" alt=\"Revetement Resineo Piscine\"\/><\/figure>\n\n\n\n<p>Souvent utilis\u00e9e pour <a href=\"https:\/\/staging.resineo.com\/guides\/ch\/revetement-resine\/moquette-pierre\/usage\/\">habiller une terrasse ou les abords d\u2019une piscine<\/a>, ce mat\u00e9riau est soumis \u00e0 des \u00e9claboussures, des passages r\u00e9p\u00e9t\u00e9s, ainsi qu\u2019\u00e0 des chutes d\u2019aliments et de boissons en cas de repas \u00e0 l\u2019ext\u00e9rieur. Est-ce donc judicieux d\u2019opter pour ce choix \u00e0 l\u2019heure d\u2019am\u00e9nager les parties ext\u00e9rieures de sa maison&nbsp;?<\/p>\n\n\n\n<p>Comment nettoyer ce type de rev\u00eatement\u00a0? Est-il n\u00e9cessaire d\u2019envisager une r\u00e9novation p\u00e9riodique\u00a0? <a href=\"https:\/\/staging.resineo.com\/moquette-de-pierre\/\">Comment pr\u00e9server l\u2019aspect esth\u00e9tique des moquettes de pierre<\/a>\u00a0?<\/p>\n\n\n\n<h2 class=\"wp-block-heading\">La moquette de pierre est un mat\u00e9riau durable<\/h2>\n\n\n\n<p>Bien que soumises aux intemp\u00e9ries et aux al\u00e9as du temps, <a href=\"https:\/\/staging.resineo.com\/guides\/ch\/revetement-resine\/moquette-pierre\/fabrication\/\">ce rev\u00eatement de sol est con\u00e7u pour durer longtemps<\/a>, sans avoir \u00e0 se soucier d\u2019un vieillissement pr\u00e9matur\u00e9. Un entretien r\u00e9gulier et l&#8217;application d&#8217;un traitement tous les 5 ans vous permettront de garder un rev\u00eatement presque comme neuf pendant des ann\u00e9es.&nbsp;<\/p>\n\n\n\n<p>D\u2019une part, les granulats min\u00e9raux qui la composent sont s\u00e9lectionn\u00e9s pour leur duret\u00e9 et leur r\u00e9sistance, d\u2019autre part, la r\u00e9sine polyur\u00e9thane qui sert de liant \u00e0 l\u2019ensemble offre une parfaite protection contre les rayons UV et les t\u00e2ches en tous genres.<\/p>\n\n\n\n<p>Si on utilise du marbre et du quartz <a href=\"https:\/\/staging.resineo.com\/guides\/ch\/revetement-resine\/moquette-pierre\/\">pour composer une moquette de pierre<\/a>, c\u2019est avant tout pour leur solidit\u00e9. Il s\u2019agit de min\u00e9raux naturels tr\u00e8s solides, qui sont concass\u00e9s pour atteindre la taille id\u00e9ale pour composer des rev\u00eatements de sols \u00e0 la fois drainants et r\u00e9sistants. La granulom\u00e9trie du granulat utilis\u00e9 est pens\u00e9e pour cr\u00e9er une structure interne alv\u00e9ol\u00e9e, permettant l\u2019\u00e9coulement des eaux qui entrent en contact. Ainsi, aucune flaque ne se forme en surface, garantissant un parfait drainage, m\u00eame par temps de pluie. Ce ne sont pas moins de 50 litres par seconde et par m\u00b2 que la moquette de pierre arrive \u00e0 drainer.<\/p>\n\n\n\n<h3 class=\"wp-block-heading\">En termes d\u2019entretien, que cela signifie-t-il&nbsp;?&nbsp;<\/h3>\n\n\n\n<p>Il faut comprendre que cette structure permet donc <a href=\"https:\/\/staging.resineo.com\/guides\/ch\/revetement-resine\/moquette-pierre\/pouvoir-drainant\/\">d\u2019\u00e9vacuer instantan\u00e9ment tous les liquides<\/a> qui entreront en contact avec sa surface. Qu\u2019il s\u2019agisse d\u2019eau ou de tout autre produit (sodas, boissons, etc.), l\u2019ensemble sera imm\u00e9diatement \u00e9vacu\u00e9, ne laissant que quelques traces superficielles. Il suffira ensuite d\u2019assurer un nettoyage \u00e0 l\u2019eau pour que celles-ci disparaissent compl\u00e8tement.<\/p>\n\n\n\n<p>D\u2019une part, le pouvoir assure donc une \u00e9vacuation rapide des liquides, d\u2019autre part, la r\u00e9sine polyur\u00e9thane joue un r\u00f4le protecteur qui emp\u00eache toute mati\u00e8re de p\u00e9n\u00e9trer dans le granulat de pierre. Dans les cas les plus tenaces (mati\u00e8res collantes, boissons sucr\u00e9es, mati\u00e8res grasses), il suffira d\u2019un nettoyage \u00e0 l\u2019aide d\u2019une brosse et d\u2019eau savonneuse pour retrouver un rev\u00eatement propre.<\/p>\n\n\n\n<p>En cas de t\u00e2che trop grasse et trop r\u00e9sistante pour \u00eatre enlev\u00e9e selon cette m\u00e9thode, il existe des produits d&#8217;entretien sp\u00e9cialement con\u00e7us pour les retirer facilement. R\u00e9sineo D\u00e9graissant par exemple, est parfaitement adapt\u00e9 pour \u00f4ter les t\u00e2ches grasses les plus difficiles \u00e0 supprimer.<\/p>\n\n\n\n<figure class=\"wp-block-image\"><img decoding=\"async\" src=\"https:\/\/staging.resineo.com\/guides\/wp-content\/uploads\/sites\/2\/2019\/10\/revetement-granulat-piscine.jpg\" alt=\"Revetement Granulat Piscine\"\/><\/figure>\n\n\n\n<h2 class=\"wp-block-heading\">En termes d\u2019entretien, est-il n\u00e9cessaire de pr\u00e9voir une r\u00e9novation p\u00e9riodique&nbsp;?<\/h2>\n\n\n\n<p>L\u00e0 encore, le r\u00f4le de la r\u00e9sine polyur\u00e9thane est de prot\u00e9ger efficacement le granulat de toute agression, naturelle ou accidentelle. Il suffit donc d\u2019un nettoyage saisonnier \u00e0 l\u2019aide d\u2019un jet d\u2019eau pour que la surface du rev\u00eatement retrouve tout son \u00e9clat et son esth\u00e9tique d\u2019origine. L&#8217;application d&#8217;une couche de r\u00e9sine en surface tous les 5 ans vous permettra de garder l&#8217;effet ouill\u00e9 et brillant de la moquette de pierre.&nbsp;<\/p>\n\n\n\n<p>C\u2019est la raison pour laquelle <a href=\"https:\/\/staging.resineo.com\/guides\/ch\/revetement-resine\/moquette-pierre\/choix-pierre\/\">la qualit\u00e9 de la r\u00e9sine qui sera employ\u00e9e<\/a> pour agglom\u00e9rer l\u2019ensemble joue un r\u00f4le majeur. Il est n\u00e9cessaire qu\u2019elle garantisse l\u2019\u00e9clat du rev\u00eatement, m\u00eame plusieurs ann\u00e9es apr\u00e8s sa pose. Elle prot\u00e8ge l\u2019ensemble, de m\u00eame qu\u2019elle lui conf\u00e8re sa r\u00e9sistance. Sans une r\u00e9sine de qualit\u00e9, le mat\u00e9riau p\u00e2tira du passage du temps et des al\u00e9as auxquels il sera expos\u00e9.<\/p>\n\n\n\n<p><b>A noter<\/b>&nbsp;: <i>A l\u2019heure d\u2019entreprendre les travaux d\u2019installation d\u2019une moquette de pierre, certains optent pour la solution \u00ab&nbsp;Do It Yourself&nbsp;\u00bb. Or, il est malheureusement trop facile de se tromper dans le choix des mat\u00e9riaux et dans leur application. Appliquer une r\u00e9sine destin\u00e9e \u00e0 un usage int\u00e9rieur par exemple, pourrait avoir un effet d\u00e9sastreux sur la long\u00e9vit\u00e9 du rev\u00eatement. Il est donc recommand\u00e9 de faire appel aux services d\u2019une entreprise habilit\u00e9e \u00e0 la r\u00e9alisation de ce type de travaux. Les professionnels sauront pr\u00e9cis\u00e9ment faire correspondre le produit appliqu\u00e9 aux besoins exprim\u00e9s.<\/i><\/p>\n\n\n\n<p>Apr\u00e8s quelques ann\u00e9es, il se peut qu\u2019en cas d\u2019exposition directe au soleil le rev\u00eatement perde l\u00e9g\u00e8rement de son \u00e9clat du fait de l\u2019action des UV et des al\u00e9as climatiques. Pour y rem\u00e9dier, l\u2019application d\u2019un produit r\u00e9novant \u00e0 l\u2019aide d\u2019un rouleau permettra de lui redonner tout son lustre. Dans cette gamme de solutions, R\u00e9sineo Badigeon HPS ravive l\u2019\u00e9clat et la brillance du rev\u00eatement, en une seule application. Apr\u00e8s l\u2019avoir pass\u00e9 sur toute la surface, il suffit ensuite de rincer \u00e0 l\u2019eau pour que la moquette de pierre soit \u00e0 nouveau prot\u00e9g\u00e9e efficacement. De plus, il apportera un traitement anti-glissance.<\/p>\n\n\n\n<p>Compte tenu de l\u2019atout esth\u00e9tique que repr\u00e9sente ce rev\u00eatement de sol, il est important qu\u2019il conserve ses couleurs et son \u00e9tat d\u2019origine pour souligner et mettre en valeur la terrasse ou les abords de piscine qu\u2019il \u00e9quipe.<\/p>\n\n\n\n<figure class=\"wp-block-image\"><img decoding=\"async\" src=\"https:\/\/staging.resineo.com\/guides\/wp-content\/uploads\/sites\/2\/2019\/10\/revetement-resine-esthetique-particulier.jpg\" alt=\"Revetement Resine Esthetique Particulier\"\/><\/figure>\n\n\n\n<h2 class=\"wp-block-heading\">Lorsqu\u2019on opte pour la cr\u00e9ation de motifs, ces derniers vont-ils durer et rester intacts&nbsp;?<\/h2>\n\n\n\n<p>Effectivement, un des <a href=\"https:\/\/staging.resineo.com\/guides\/ch\/revetement-resine\/moquette-pierre\/avantages\/\">avantages de l\u2019emploi de granulats min\u00e9raux<\/a>, c\u2019est la possibilit\u00e9 de composer des motifs d\u00e9taill\u00e9s en alternant&nbsp; diff\u00e9rents coloris de marbre ou de quartz pour jouer sur les couleurs. Ces dessins peuvent \u00eatre d\u00e9cid\u00e9s d\u00e8s la r\u00e9daction du devis, et les diff\u00e9rentes possibilit\u00e9s envisageables sont soumises par la soci\u00e9t\u00e9 en charge des travaux.<\/p>\n\n\n\n<p>Tout comme le reste du rev\u00eatement, ces motifs vont rester stables au fil du temps. Ils sont compos\u00e9s exactement de la m\u00eame mani\u00e8re que le reste de la moquette de pierre et en poss\u00e8dent toutes les qualit\u00e9s. Ils permettent donc d\u2019\u00e9quiper sa terrasse ou sa plage de piscine d\u2019une d\u00e9coration personnalis\u00e9e, compl\u00e8tement en accord avec l\u2019environnement dans lequel ils sont appliqu\u00e9s.<\/p>\n\n\n\n<h2 class=\"wp-block-heading\">Des rev\u00eatements de sols pens\u00e9s pour durer et faciliter la vie des propri\u00e9taires<\/h2>\n\n\n\n<p>Contrairement \u00e0 un carrelage qui demande d\u2019\u00eatre nettoy\u00e9 fr\u00e9quemment, ou \u00e0 une dalle de b\u00e9ton dont l\u2019\u00e9tanch\u00e9it\u00e9 entra\u00eene la formation de flaques, qui elles-m\u00eames supposent l\u2019apparition de traces de calcaire, les moquettes de pierre ne demandent qu\u2019un entretien limit\u00e9 (sous condition qu&#8217;elle eut \u00e9t\u00e9 pos\u00e9 selon nos recommandations).<\/p>\n\n\n\n<p>Un simple nettoyage saisonnier suffit \u00e0 pr\u00e9server leur \u00e9tat et leurs couleurs. Leur superficie demeure propre, de m\u00eame que leurs qualit\u00e9s techniques (pouvoir drainant, surface antid\u00e9rapante, r\u00e9sistance).<\/p>\n\n\n\n<p>Alliant \u00e0 la fois la beaut\u00e9 et la solidit\u00e9 des pierres, \u00e0 la r\u00e9sistance et la protection offerte par la r\u00e9sine polyur\u00e9thane, ces produits sont des r\u00e9ponses id\u00e9ales pour qui souhaite s\u2019\u00e9quiper durablement, sans que le rev\u00eatement choisi ne suppose trop d\u2019entretien. Confort, durabilit\u00e9 et s\u00e9curit\u00e9, tels sont les avantages d\u2019une moquette de pierre.<\/p>\n","protected":false},"excerpt":{"rendered":"<p>Les moquettes de pierre sont des rev\u00eatements de sol fabriqu\u00e9s \u00e0 base de granulats de marbre et de quartz agglom\u00e9r\u00e9s \u00e0 l\u2019aide de r\u00e9sine polyur\u00e9thane que l\u2019on appelle moquette de pierre. Ils sont connus pour leur r\u00e9sistance et leur pouvoir drainant, mais un de leurs avantages principaux r\u00e9side dans le fait qu\u2019ils sont faciles d\u2019entretien. [&hellip;]<\/p>\n","protected":false},"author":1,"featured_media":0,"parent":1001,"menu_order":0,"comment_status":"closed","ping_status":"closed","template":"","meta":{"_uag_custom_page_level_css":"","footnotes":""},"class_list":["post-1015","page","type-page","status-publish","hentry","entry"],"uagb_featured_image_src":{"full":false,"thumbnail":false,"medium":false,"medium_large":false,"large":false,"1536x1536":false,"2048x2048":false,"ocean-thumb-m":false,"ocean-thumb-ml":false,"ocean-thumb-l":false},"uagb_author_info":{"display_name":"admin","author_link":"https:\/\/staging.resineo.com\/guides\/ch\/author\/agoralys\/"},"uagb_comment_info":0,"uagb_excerpt":"Les moquettes de pierre sont des rev\u00eatements de sol fabriqu\u00e9s \u00e0 base de granulats de marbre et de quartz agglom\u00e9r\u00e9s \u00e0 l\u2019aide de r\u00e9sine polyur\u00e9thane que l\u2019on appelle moquette de pierre. Ils sont connus pour leur r\u00e9sistance et leur pouvoir drainant, mais un de leurs avantages principaux r\u00e9side dans le fait qu\u2019ils sont faciles d\u2019entretien.&hellip;","_links":{"self":[{"href":"https:\/\/staging.resineo.com\/guides\/ch\/wp-json\/wp\/v2\/pages\/1015","targetHints":{"allow":["GET"]}}],"collection":[{"href":"https:\/\/staging.resineo.com\/guides\/ch\/wp-json\/wp\/v2\/pages"}],"about":[{"href":"https:\/\/staging.resineo.com\/guides\/ch\/wp-json\/wp\/v2\/types\/page"}],"author":[{"embeddable":true,"href":"https:\/\/staging.resineo.com\/guides\/ch\/wp-json\/wp\/v2\/users\/1"}],"replies":[{"embeddable":true,"href":"https:\/\/staging.resineo.com\/guides\/ch\/wp-json\/wp\/v2\/comments?post=1015"}],"version-history":[{"count":3,"href":"https:\/\/staging.resineo.com\/guides\/ch\/wp-json\/wp\/v2\/pages\/1015\/revisions"}],"predecessor-version":[{"id":3775,"href":"https:\/\/staging.resineo.com\/guides\/ch\/wp-json\/wp\/v2\/pages\/1015\/revisions\/3775"}],"up":[{"embeddable":true,"href":"https:\/\/staging.resineo.com\/guides\/ch\/wp-json\/wp\/v2\/pages\/1001"}],"wp:attachment":[{"href":"https:\/\/staging.resineo.com\/guides\/ch\/wp-json\/wp\/v2\/media?parent=1015"}],"curies":[{"name":"wp","href":"https:\/\/api.w.org\/{rel}","templated":true}]}}