{"id":1039,"date":"2019-09-06T11:24:37","date_gmt":"2019-09-06T11:24:37","guid":{"rendered":"https:\/\/staging.resineo.com\/guides\/revetement-resine\/allee-carrossable\/equiper\/"},"modified":"2021-03-16T09:38:11","modified_gmt":"2021-03-16T09:38:11","slug":"equiper","status":"publish","type":"page","link":"https:\/\/staging.resineo.com\/guides\/ch\/revetement-resine\/allee-carrossable\/equiper\/","title":{"rendered":"Pourquoi choisir un rev\u00eatement de sol \u00e0 base de r\u00e9sine pour \u00e9quiper une all\u00e9e carrossable ?"},"content":{"rendered":"\t\t<div data-elementor-type=\"wp-post\" data-elementor-id=\"1039\" class=\"elementor elementor-1039 elementor-167\" data-elementor-post-type=\"page\">\n\t\t\t\t\t\t<section class=\"elementor-section elementor-top-section elementor-element elementor-element-3ef6201 elementor-section-boxed elementor-section-height-default elementor-section-height-default\" data-id=\"3ef6201\" data-element_type=\"section\">\n\t\t\t\t\t\t<div class=\"elementor-container elementor-column-gap-default\">\n\t\t\t\t\t<div class=\"elementor-column elementor-col-100 elementor-top-column elementor-element elementor-element-4031a885\" data-id=\"4031a885\" data-element_type=\"column\">\n\t\t\t<div class=\"elementor-widget-wrap elementor-element-populated\">\n\t\t\t\t\t\t<div class=\"elementor-element elementor-element-5c76fdd8 elementor-widget elementor-widget-text-editor\" data-id=\"5c76fdd8\" data-element_type=\"widget\" data-widget_type=\"text-editor.default\">\n\t\t\t\t<div class=\"elementor-widget-container\">\n\t\t\t\t\t\t\t\t\t<p><\/p>\n<p><span style=\"font-weight: 400;\">Parmi les diff\u00e9rentes solutions techniques envisageables sur le march\u00e9, force est de constater que certaines s\u2019av\u00e8rent beaucoup plus int\u00e9ressantes que d\u2019autres \u00e0 l\u2019heure d\u2019\u00e9quiper une <a href=\"https:\/\/staging.resineo.com\/guides\/revetement-resine\/allee-carrossable\/\">voie carrossable<\/a>.&nbsp;Qu\u2019il s\u2019agisse d\u2019une all\u00e9e de jardin ou de l\u2019entr\u00e9e d\u2019un garage, il est imp\u00e9ratif que le rev\u00eatement choisi soit \u00e0 la fois r\u00e9sistant et esth\u00e9tique.&nbsp;<\/span><\/p>\n<p><\/p>\n<figure><img decoding=\"async\" src=\"https:\/\/staging.resineo.com\/guides\/wp-content\/uploads\/sites\/2\/2019\/10\/revetement-antiderapant-allee-jardin.jpg\" alt=\"Revetement Antiderapant Allee Jardin\"><\/figure>\n<p><\/p>\n<p><span style=\"font-weight: 400;\">Graviers, enrob\u00e9 de bitume et dalles de b\u00e9ton ne sont pas forc\u00e9ment les seules solutions qui existent pour rev\u00eatir une all\u00e9e de garage.&nbsp;<\/span><\/p>\n<p><\/p>\n<p><span style=\"font-weight: 400;\">Faire le choix de faire&nbsp; poser une r\u00e9sine de pierre permet \u00e0 la fois de garantir stabilit\u00e9 et perm\u00e9abilit\u00e9 de votre all\u00e9e. Ce rev\u00eatement est applicable sur des all\u00e9es en faible pente (&lt; 10%).&nbsp;<\/span><\/p>\n<p><\/p>\n<h2><span style=\"font-weight: 400;\">La stabilit\u00e9 de l\u2019association granulat de pierre et r\u00e9sine<\/span><\/h2>\n<p><\/p>\n<p><span style=\"font-weight: 400;\">Un des avantages principaux de la r\u00e9sine de pierre, c\u2019est sa stabilit\u00e9. L\u2019homog\u00e9n\u00e9it\u00e9 et la compacit\u00e9 de ce mat\u00e9riaux garantissent que le rev\u00eatement va parfaitement r\u00e9sister au passage de v\u00e9hicules, de m\u00eame qu\u2019aux intemp\u00e9ries.<\/span><\/p>\n<p><\/p>\n<p><span style=\"font-weight: 400;\">Appliqu\u00e9 sur un mortier de r\u00e9sine, le granulat de marbre concass\u00e9 est tr\u00e8s r\u00e9sistant.&nbsp; A la diff\u00e9rence du gravier par exemple, ce produit reste stable et homog\u00e8ne, malgr\u00e9 le passage du temps. Les passages r\u00e9p\u00e9t\u00e9s en voiture ne laisseront des orni\u00e8res si les recommandations de pose sont respect\u00e9es.&nbsp;<\/span><\/p>\n<p><\/p>\n<p><span style=\"font-weight: 400;\">Bien \u00e9videmment, la pr\u00e9paration en amont du support sur lequel il sera pos\u00e9 sera n\u00e9cessaire.<\/span><\/p>\n<p><\/p>\n<h2><span style=\"font-weight: 400;\">La facilit\u00e9 d\u2019entretien de ce rev\u00eatement est un autre de ses atouts<\/span><\/h2>\n<p><\/p>\n<p><span style=\"font-weight: 400;\">Un des inconv\u00e9nients principaux de bien des rev\u00eatements r\u00e9side dans leur entretien. Un sol en <a href=\"https:\/\/staging.resineo.com\/guides\/revetement-resine\/allee-carrossable\/gravier\/\">gravier<\/a> devra \u00eatre d\u00e9sherb\u00e9, un bitume pourra laisser appara\u00eetre des mousses et des lichens assez rapidement, de m\u00eame qu\u2019une dalle de b\u00e9ton laiss\u00e9e brute pourra se tacher rapidement.&nbsp;<\/span><\/p>\n<p><\/p>\n<p><span style=\"font-weight: 400;\">En ce qui concerne un rev\u00eatement \u00e0 base de r\u00e9sine et de granulat de pierre, il suffira d\u2019un nettoyage p\u00e9riodique \u00e0 l\u2019eau pour que ce dernier retrouve son aspect originel. Un simple balai brosse et un jet d\u2019eau permettent de garder la surface propre.&nbsp;<\/span><\/p>\n<p><\/p>\n<p><span style=\"font-weight: 400;\">Pour ce qui est de l\u2019accumulation de feuilles mortes, elle seront facilement nettoy\u00e9es \u00e0 l&#8217;aide d&#8217;un produit d&#8217;entretien et d&#8217;un jet d&#8217;eau.&nbsp; Ce n\u2019est d\u2019ailleurs pas par hasard que ce rev\u00eatement \u00e9quipe aussi bien une terrasse qu\u2019une all\u00e9e de garage. Il est facile d\u2019entretien et garde son aspect durant des ann\u00e9es ( \u00e0 condition qu&#8217;il soit bien entretenu). Contrairement \u00e0 d\u2019autres produits qui se ternissent ou p\u00e2lissent au fil du temps, la r\u00e9sine r\u00e9sistance aux UV permet de pr\u00e9server l\u2019esth\u00e9tique de ce mat\u00e9riau. Une application d&#8217;un traitement anti-glissant tous les deux ans vous permettra de garder la rugosit\u00e9 du rev\u00eatement surface et de lui redonner son aspect brillant.&nbsp;<\/span><\/p>\n<p><\/p>\n<figure><img decoding=\"async\" src=\"https:\/\/staging.resineo.com\/guides\/wp-content\/uploads\/sites\/2\/2019\/10\/revetement-granulat-allee-carrossable.jpg\" alt=\"Revetement Granulat Allee Carrossable\"><\/figure>\n<p><\/p>\n<h2><span style=\"font-weight: 400;\">L\u2019esth\u00e9tique de la r\u00e9sine de pierre<\/span><\/h2>\n<p><\/p>\n<p><span style=\"font-weight: 400;\">Il existe plusieurs types de rev\u00eatements commun\u00e9ment appel\u00e9s r\u00e9sine de pierre, \u00e0 titre d&#8217;exemple deux produits sont propos\u00e9s \u00e0 notre gamme : R\u00e9sineo Drain, rev\u00eatement perm\u00e9able et R\u00e9sineo GRIP, un rev\u00eatement en granulats de marbre antid\u00e9rapant mais imperm\u00e9able.&nbsp;<\/span><\/p>\n<p>La moquette de pierre drainante pourra \u00eatre favoris\u00e9e sur des entr\u00e9es de garage ou des all\u00e9es \u00e0 faible pente.&nbsp;<\/p>\n<p><span style=\"font-weight: 400;\">Au-del\u00e0 des consid\u00e9rations li\u00e9es \u00e0 sa r\u00e9sistance dans le temps, ce rev\u00eatement est tr\u00e8s esth\u00e9tique.<\/span><\/p>\n<p><\/p>\n<p><span style=\"font-weight: 400;\">Selon le type de granulat choisi, il va \u00eatre possible de choisir parmi diff\u00e9rentes teintes pour \u00e9quiper son all\u00e9e de garage. Il est possible d\u2019en associer la couleur au reste de la maison. Bien plus esth\u00e9tique qu\u2019un bitume ou qu\u2019une simple dalle de b\u00e9ton, il va m\u00eame \u00eatre possible d\u2019incruster des motifs gr\u00e2ce \u00e0 des pochoirs. De plus, lors des travaux de pose, il sera possible d&#8217;illuminer l\u2019all\u00e9e en question, l\u2019incrustation d\u2019\u00e9clairage est tout \u00e0 fait envisageable. L\u2019effet esth\u00e9tique de luminaires incrust\u00e9s ajoute une touche sophistiqu\u00e9e aux espaces \u00e9quip\u00e9s, en plus d\u2019assurer la s\u00e9curit\u00e9 des utilisateurs.<\/span><\/p>\n<p><\/p>\n<h2><span style=\"font-weight: 400;\">Une voie carrossable demande d\u2019\u00eatre r\u00e9sistante au passage de v\u00e9hicules<\/span><\/h2>\n<p><\/p>\n<p><span style=\"font-weight: 400;\">Les rev\u00eatements utilis\u00e9s en all\u00e9es de garage demandent d\u2019\u00eatre r\u00e9sistants aux al\u00e9as climatiques, aux passages r\u00e9p\u00e9t\u00e9s de v\u00e9hicules, tout en garantissant bonne adh\u00e9rence li\u00e9e \u00e0 l&#8217;\u00e9coulement des eaux.&nbsp; La r\u00e9sine polyur\u00e9thane utilis\u00e9e assure la compacit\u00e9 du rev\u00eatement et une r\u00e9sistance renforc\u00e9e. De plus, le granulat assure une bonne adh\u00e9rence (PC 20 et PN18 selon la norme <\/span>NF EN 13036-4 dans le cas du R\u00e9sineo drain)<span style=\"font-size: 18px; font-weight: 400; color: var( --e-global-color-text );\">. Les rev\u00eatements drainants r\u00e9duisent consid\u00e9rablement les flaques d&#8217;eau en surface pour un confort maximal.&nbsp;<\/span><\/p>\n<p><\/p>\n<p><span style=\"font-weight: 400;\">En termes de r\u00e9sistance m\u00e9canique et de portance, si le support sur lequel il est pos\u00e9 est bien pr\u00e9par\u00e9, le rev\u00eatement limitera le risque de se fissurer ou de s\u2019affaisser.<\/span><\/p>\n<p><\/p>\n<figure><img decoding=\"async\" src=\"https:\/\/staging.resineo.com\/guides\/wp-content\/uploads\/sites\/2\/2019\/10\/revetement-antiderapant-plage-piscine.jpg\" alt=\"Revetement Antiderapant Plage Piscine\"><\/figure>\n<p><\/p>\n<h3><span style=\"font-weight: 400;\">Pose sur une dalle de b\u00e9ton<\/span><\/h3>\n<p><\/p>\n<p><span style=\"font-weight: 400;\">Afin de garantir la stabilit\u00e9, l\u2019homog\u00e9n\u00e9it\u00e9 et la long\u00e9vit\u00e9 de la r\u00e9sine de marbre, la dalle de b\u00e9ton sur laquelle elle sera pos\u00e9e devra \u00eatre pr\u00e9par\u00e9e en amont.<\/span><\/p>\n<p><\/p>\n<p><span style=\"font-weight: 400;\">Tout d\u2019abord, les \u00e9ventuelles fissures devront \u00eatre rebouch\u00e9es et le technicien en charge des travaux devra s\u2019assurer que la dalle est suffisamment \u00e9paisse et stable. Elle devra avoir une \u00e9paisseur minimale de 15 cm pour \u00e9viter toute d\u00e9gradation dans le temps. De m\u00eame une pente d&#8217;au moins 2% devra \u00eatre pr\u00e9sente.&nbsp;<\/span><\/p>\n<p><\/p>\n<p><span style=\"font-weight: 400;\">Une fois cette \u00e9tape assur\u00e9e, une sous-couche de r\u00e9sine de pr\u00e9paration devra \u00eatre appliqu\u00e9e, puis le rev\u00eatement pourra \u00eatre mise en place. Dans ce type de configuration, la long\u00e9vit\u00e9 de l\u2019ensemble est garantie, malgr\u00e9 les passages r\u00e9p\u00e9t\u00e9s de voitures.<\/span><\/p>\n<p><\/p>\n<h3><span style=\"font-weight: 400;\">Pose sur un gravier non trait\u00e9 (GNT)<\/span><\/h3>\n<p><\/p>\n<p><span style=\"font-weight: 400;\">Avant de d\u00e9buter les travaux, la stabilit\u00e9 du sol en graviers devra \u00eatre assur\u00e9e. Pour ce faire, ils devront \u00eatre suffisamment tass\u00e9s pour ne pas mettre \u00e0 mal l\u2019int\u00e9grit\u00e9 du rev\u00eatement de surface et repr\u00e9senter une \u00e9paisseur moyenne de 10 \u00e0 30 cm. La cr\u00e9ation d&#8217;une Grave Non-Trait\u00e9 est n\u00e9cessaire pour la cr\u00e9ation d&#8217;all\u00e9e carrossable.&nbsp;<\/span><\/p>\n<p><\/p>\n<p><span style=\"font-weight: 400;\">La r\u00e9sine de marbre ou de quartz pourra ensuite \u00eatre mise en place sur une \u00e9paisseur de 30 mm. Cette couche suffit \u00e0 garantir la r\u00e9sistance de l\u2019ensemble, malgr\u00e9 les passages r\u00e9p\u00e9t\u00e9s (PV d&#8217;essais de r\u00e9sistance m\u00e9canique disponibles sur demande).&nbsp;<\/span><\/p>\n<p><\/p>\n<p><b>A noter<\/b><span style=\"font-weight: 400;\"> : <i>Ce rev\u00eatement pourrait aussi \u00eatre appliqu\u00e9 sur carrelage en r\u00e9novation mais il ne serait plus adapt\u00e9 \u00e0 un usage en all\u00e9e carrossable. La pose sur GNT est conseill\u00e9e.&nbsp;<\/i><\/span><\/p>\n<p><\/p>\n<h2><span style=\"font-weight: 400;\">La r\u00e9sine de pierre pour une r\u00e9alisation sur mesure<\/span><\/h2>\n<p><\/p>\n<p><span style=\"font-weight: 400;\">Tout d\u2019abord, il est important de noter que la r\u00e9alisation des travaux doit \u00eatre r\u00e9alis\u00e9e par un professionnel agr\u00e9\u00e9. Ce dernier ma\u00eetrise parfaitement les contraintes li\u00e9es \u00e0 ce produit, et garantit une pose respectant les recommandations techniques.&nbsp;<\/span><\/p>\n<p><\/p>\n<p><span style=\"font-weight: 400;\">De plus, il sera \u00e0 m\u00eame de vous conseiller quant \u00e0 la fa\u00e7on la plus pertinente, s\u00fbre et durable d\u2019\u00e9quiper votre all\u00e9e carrossable. Les granulats de pierre naturelle qui seront utilis\u00e9s permettront de se marier \u00e0 l\u2019esth\u00e9tique de votre maison, tout en permettant d\u2019\u00e9voluer \u00e0 leur surface sans craindre de perte d\u2019adh\u00e9rence li\u00e9 \u00e0 l&#8217;aquaplaning.&nbsp;<\/span><\/p>\n<p><\/p>\n<p><span style=\"font-weight: 400;\">Ce rev\u00eatement de sol ext\u00e9rieur est aussi esth\u00e9tique que r\u00e9sistant. Si vous envisagez d\u2019\u00e9quiper votre all\u00e9e de garage, songez \u00e0 tous les avantages de la r\u00e9sine de sol. Vous aurez la certitude d\u2019opter pour une solution aussi p\u00e9renne que s\u00fbre.<\/span><\/p>\n<p><\/p>\n<ul>\n<li><a href=\"https:\/\/staging.resineo.com\/guides\/revetement-resine\/allee-carrossable\/comment-choisir\/\">Comment s&#8217;assurer de choisir un rev\u00eatement drainant pour son all\u00e9e carrossable ?<\/a><\/li>\n<li><a href=\"https:\/\/staging.resineo.com\/guides\/revetement-resine\/allee-carrossable\/travaux\/\">Quels travaux pr\u00e9voir pour le rev\u00eatement d&#8217;une all\u00e9e carrossable ?<\/a><\/li>\n<li><a href=\"https:\/\/staging.resineo.com\/guides\/revetement-resine\/allee-carrossable\/choisir-revetement\/\">Pourquoi choisir un rev\u00eatement \u00e0 base de r\u00e9sine pour une all\u00e9e carrossable ?<\/a>&nbsp;<\/li>\n<\/ul>\t\t\t\t\t\t\t\t<\/div>\n\t\t\t\t<\/div>\n\t\t\t\t\t<\/div>\n\t\t<\/div>\n\t\t\t\t\t<\/div>\n\t\t<\/section>\n\t\t\t\t<\/div>\n\t\t","protected":false},"excerpt":{"rendered":"<p>Parmi les diff\u00e9rentes solutions techniques envisageables sur le march\u00e9, force est de constater que certaines s\u2019av\u00e8rent beaucoup plus int\u00e9ressantes que d\u2019autres \u00e0 l\u2019heure d\u2019\u00e9quiper une voie carrossable.&nbsp;Qu\u2019il s\u2019agisse d\u2019une all\u00e9e de jardin ou de l\u2019entr\u00e9e d\u2019un garage, il est imp\u00e9ratif que le rev\u00eatement choisi soit \u00e0 la fois r\u00e9sistant et esth\u00e9tique.&nbsp; Graviers, enrob\u00e9 de bitume [&hellip;]<\/p>\n","protected":false},"author":1,"featured_media":0,"parent":991,"menu_order":0,"comment_status":"closed","ping_status":"closed","template":"","meta":{"_uag_custom_page_level_css":"","footnotes":""},"class_list":["post-1039","page","type-page","status-publish","hentry","entry"],"uagb_featured_image_src":{"full":false,"thumbnail":false,"medium":false,"medium_large":false,"large":false,"1536x1536":false,"2048x2048":false,"ocean-thumb-m":false,"ocean-thumb-ml":false,"ocean-thumb-l":false},"uagb_author_info":{"display_name":"admin","author_link":"https:\/\/staging.resineo.com\/guides\/ch\/author\/agoralys\/"},"uagb_comment_info":0,"uagb_excerpt":"Parmi les diff\u00e9rentes solutions techniques envisageables sur le march\u00e9, force est de constater que certaines s\u2019av\u00e8rent beaucoup plus int\u00e9ressantes que d\u2019autres \u00e0 l\u2019heure d\u2019\u00e9quiper une voie carrossable.&nbsp;Qu\u2019il s\u2019agisse d\u2019une all\u00e9e de jardin ou de l\u2019entr\u00e9e d\u2019un garage, il est imp\u00e9ratif que le rev\u00eatement choisi soit \u00e0 la fois r\u00e9sistant et esth\u00e9tique.&nbsp; Graviers, enrob\u00e9 de bitume&hellip;","_links":{"self":[{"href":"https:\/\/staging.resineo.com\/guides\/ch\/wp-json\/wp\/v2\/pages\/1039","targetHints":{"allow":["GET"]}}],"collection":[{"href":"https:\/\/staging.resineo.com\/guides\/ch\/wp-json\/wp\/v2\/pages"}],"about":[{"href":"https:\/\/staging.resineo.com\/guides\/ch\/wp-json\/wp\/v2\/types\/page"}],"author":[{"embeddable":true,"href":"https:\/\/staging.resineo.com\/guides\/ch\/wp-json\/wp\/v2\/users\/1"}],"replies":[{"embeddable":true,"href":"https:\/\/staging.resineo.com\/guides\/ch\/wp-json\/wp\/v2\/comments?post=1039"}],"version-history":[{"count":0,"href":"https:\/\/staging.resineo.com\/guides\/ch\/wp-json\/wp\/v2\/pages\/1039\/revisions"}],"up":[{"embeddable":true,"href":"https:\/\/staging.resineo.com\/guides\/ch\/wp-json\/wp\/v2\/pages\/991"}],"wp:attachment":[{"href":"https:\/\/staging.resineo.com\/guides\/ch\/wp-json\/wp\/v2\/media?parent=1039"}],"curies":[{"name":"wp","href":"https:\/\/api.w.org\/{rel}","templated":true}]}}