{"id":1048,"date":"2019-09-06T10:05:02","date_gmt":"2019-09-06T10:05:02","guid":{"rendered":"https:\/\/staging.resineo.com\/guides\/revetement-resine\/terrasse-exterieure\/differences-resine-carrelage\/"},"modified":"2021-03-16T09:59:16","modified_gmt":"2021-03-16T09:59:16","slug":"differences-resine-carrelage","status":"publish","type":"page","link":"https:\/\/staging.resineo.com\/guides\/ch\/revetement-resine\/terrasse-exterieure\/differences-resine-carrelage\/","title":{"rendered":"Pour \u00e9quiper une terrasse, quelles sont les diff\u00e9rences entre un rev\u00eatement de sol en r\u00e9sine de pierre et un carrelage ?"},"content":{"rendered":"\t\t<div data-elementor-type=\"wp-post\" data-elementor-id=\"1048\" class=\"elementor elementor-1048 elementor-158\" data-elementor-post-type=\"page\">\n\t\t\t\t\t\t<section class=\"elementor-section elementor-top-section elementor-element elementor-element-4cc2b12c elementor-section-boxed elementor-section-height-default elementor-section-height-default\" data-id=\"4cc2b12c\" data-element_type=\"section\">\n\t\t\t\t\t\t<div class=\"elementor-container elementor-column-gap-default\">\n\t\t\t\t\t<div class=\"elementor-column elementor-col-100 elementor-top-column elementor-element elementor-element-5ce1fd54\" data-id=\"5ce1fd54\" data-element_type=\"column\">\n\t\t\t<div class=\"elementor-widget-wrap elementor-element-populated\">\n\t\t\t\t\t\t<div class=\"elementor-element elementor-element-34754d74 elementor-widget elementor-widget-text-editor\" data-id=\"34754d74\" data-element_type=\"widget\" data-widget_type=\"text-editor.default\">\n\t\t\t\t<div class=\"elementor-widget-container\">\n\t\t\t\t\t\t\t\t\t<p><\/p>\n<p><span style=\"font-weight: 400;\">Pour entamer la r\u00e9novation ou la construction de la <a href=\"https:\/\/staging.resineo.com\/guides\/revetement-resine\/terrasse-exterieure\/\">terrasse<\/a> d\u2019une maison, il est important d\u2019envisager les diff\u00e9rentes solutions en mati\u00e8re de rev\u00eatement de sol, afin de s\u2019assurer de faire un choix p\u00e9renne et adapt\u00e9 \u00e0 ses attentes.<\/span><\/p>\n<p><\/p>\n<figure class=\"wp-block-image\"><img fetchpriority=\"high\" decoding=\"async\" width=\"650\" height=\"433\" class=\"wp-image-563\" src=\"https:\/\/staging.resineo.com\/guides\/wp-content\/uploads\/sites\/2\/2019\/10\/resine-granulat-terrasse-restaurant.jpg\" alt=\"Resine Granulat Terrasse Restaurant\" srcset=\"https:\/\/staging.resineo.com\/guides\/wp-content\/uploads\/sites\/2\/2019\/10\/resine-granulat-terrasse-restaurant.jpg 650w, https:\/\/staging.resineo.com\/guides\/wp-content\/uploads\/sites\/2\/2019\/10\/resine-granulat-terrasse-restaurant-300x200.jpg 300w\" sizes=\"(max-width: 650px) 100vw, 650px\" \/><\/figure>\n<p><\/p>\n<p><span style=\"font-weight: 400;\">Les avantages qu\u2019offre chaque mat\u00e9riau doivent \u00eatre mis en balance&nbsp;:&nbsp;<\/span><\/p>\n<p><\/p>\n<ul>\n<li style=\"font-weight: 400;\"><span style=\"font-weight: 400;\">Facilit\u00e9 de nettoyage.<\/span><\/li>\n<li style=\"font-weight: 400;\"><span style=\"font-weight: 400;\">Etanch\u00e9it\u00e9 ou pouvoir drainant.<\/span><\/li>\n<li style=\"font-weight: 400;\"><span style=\"font-weight: 400;\">Aspect esth\u00e9tique.<\/span><\/li>\n<li style=\"font-weight: 400;\"><span style=\"font-weight: 400;\">R\u00e9sistance au temps et aux intemp\u00e9ries.<\/span><\/li>\n<li style=\"font-weight: 400;\"><span style=\"font-weight: 400;\">Etendue de la surface et nature du support \u00e0 recouvrir.<\/span><\/li>\n<li style=\"font-weight: 400;\"><span style=\"font-weight: 400;\">Nature des travaux \u00e0 pr\u00e9voir.<\/span><\/li>\n<\/ul>\n<p><\/p>\n<p><span style=\"font-weight: 400;\">Voil\u00e0 autant de crit\u00e8res qui doivent \u00eatre pris en consid\u00e9ration pour faire son choix, tout en s\u2019assurant d\u2019\u00eatre bien \u00e9quip\u00e9 pour longtemps.<\/span><\/p>\n<p><\/p>\n<p><span style=\"font-weight: 400;\">En comparant les propri\u00e9t\u00e9s du carrelage et de la r\u00e9sine de pierre, voyons lequel de ces deux mat\u00e9riaux est le plus \u00e0 m\u00eame d\u2019\u00e9quiper une terrasse et d\u2019assurer la tranquillit\u00e9 des propri\u00e9taires.<\/span><\/p>\n<p><\/p>\n<h2><span style=\"font-weight: 400;\">Carrelage ou r\u00e9sine de pierre, quel mat\u00e9riau est le plus r\u00e9sistant&nbsp;?<\/span><\/h2>\n<p><\/p>\n<p><span style=\"font-weight: 400;\">En prenant en compte les intemp\u00e9ries et tous les al\u00e9as auxquels ces rev\u00eatements seront expos\u00e9s, lequel est le plus r\u00e9sistant&nbsp;?<\/span><\/p>\n<p><\/p>\n<h3><span style=\"font-weight: 400;\">Le carrelage<\/span><\/h3>\n<p><\/p>\n<p><span style=\"font-weight: 400;\">L\u2019\u00e9tanch\u00e9it\u00e9 des carreaux de carrelage leur permet de supporter les pr\u00e9cipitations ainsi que les fortes chaleurs. Toutefois, cette m\u00eame \u00e9tanch\u00e9it\u00e9 suppose que la pose soit r\u00e9alis\u00e9e en cr\u00e9ant une pente suffisante pour que l\u2019eau ruisselle et ne stagne pas en surface. Dans le cas contraire, l\u2019apparition de flaques peut s\u2019av\u00e9rer peu pratique pour les usagers. Il est important que le produit choisi soit anti glissant, au risque de provoquer des accidents de chutes.<\/span><\/p>\n<p><\/p>\n<p><span style=\"font-weight: 400;\">En termes de solidit\u00e9, les carreaux peuvent se briser sous l\u2019effet d\u2019un impact puissant (chute d\u2019un objet lourd). Si c\u2019est le cas, la r\u00e9paration peut s\u2019av\u00e9rer p\u00e9nible.<\/span><\/p>\n<p><\/p>\n<h3><span style=\"font-weight: 400;\">La r\u00e9sine de pierre<\/span><\/h3>\n<p><\/p>\n<p><span style=\"font-weight: 400;\">Le pouvoir drainant d\u2019une moquette de pierre permet d\u2019\u00e9viter les accumulations d\u2019eau et rend ainsi la surface praticable, quelles que soient les conditions. Un des avantages de ce mat\u00e9riau repose sur son aspect drainant qui le rend anti-glissant.<\/span> M\u00eame, s&#8217;il n&#8217;est pas antid\u00e9rapant, il \u00e9vite les risques de glissade en limitant les eaux stagnantes.<\/p>\n<p><\/p>\n<p><span style=\"font-weight: 400;\">En termes de r\u00e9sistance aux chutes d&#8217;objets, la r\u00e9sine de pierre est tr\u00e8s solide. Elle pr\u00e9sente une excellente r\u00e9sistance aux poin\u00e7onnements, ne supposant aucun d\u00e9g\u00e2t en cas de choc.<\/span><\/p>\n<p><\/p>\n<figure class=\"wp-block-image\"><img decoding=\"async\" width=\"650\" height=\"488\" class=\"wp-image-597\" src=\"https:\/\/staging.resineo.com\/guides\/wp-content\/uploads\/sites\/2\/2019\/10\/revetement-granulat-resineo-terrasse.jpg\" alt=\"Revetement Granulat Resineo Terrasse\" srcset=\"https:\/\/staging.resineo.com\/guides\/wp-content\/uploads\/sites\/2\/2019\/10\/revetement-granulat-resineo-terrasse.jpg 650w, https:\/\/staging.resineo.com\/guides\/wp-content\/uploads\/sites\/2\/2019\/10\/revetement-granulat-resineo-terrasse-300x225.jpg 300w\" sizes=\"(max-width: 650px) 100vw, 650px\" \/><\/figure>\n<p><\/p>\n<h2><span style=\"font-weight: 400;\">Lequel de ces deux produits est plus facile \u00e0 entretenir&nbsp;?<\/span><\/h2>\n<p><\/p>\n<p><span style=\"font-weight: 400;\">De ce point de vue, l\u2019avantage revient \u00e0 la moquette de pierre. C\u2019est encore une fois son pouvoir drainant qui fait la diff\u00e9rence quant \u00e0 l\u2019entretien n\u00e9cessaire pour que le rev\u00eatement conserve son aspect d\u2019origine.<\/span><\/p>\n<p><\/p>\n<p><span style=\"font-weight: 400;\">L\u2019\u00e9tanch\u00e9it\u00e9 du carrelage entra\u00eene des d\u00e9p\u00f4ts de poussi\u00e8res et l\u2019apparition d\u2019aur\u00e9oles apr\u00e8s chaque averse. Il faut donc nettoyer la terrasse qui en est \u00e9quip\u00e9 assez fr\u00e9quemment pour qu\u2019elle garde son lustre. La pr\u00e9sence de joints demande \u00e9galement plus d\u2019entretien. Ils servent de surface d\u2019accroche et de zone d\u2019accumulation des poussi\u00e8res et des impuret\u00e9s.<\/span><\/p>\n<p><\/p>\n<p><span style=\"font-weight: 400;\">La r\u00e9sine de pierre ne demande qu\u2019un bon nettoyage par an pour conserver son esth\u00e9tique et des couleurs \u00e9clatantes. Le pouvoir drainant de ce produit, combin\u00e9 \u00e0 la protection que lui conf\u00e8re la r\u00e9sine \u00e0 base de polyur\u00e9thane \u00e9vitent qu\u2019il ne se salisse. A raison d\u2019un bon nettoyage par an, \u00e0 l\u2019aide d\u2019une brosse et d\u2019un jet d\u2019eau, la surface de la terrasse reste propre.<\/span><\/p>\n<p><\/p>\n<p><span style=\"font-weight: 400;\">Conclusion&nbsp;: en mati\u00e8re d\u2019entretien, un sol recouvert de r\u00e9sine de pierre demande moins d\u2019effort pour rester propre, qu\u2019une surface recouverte de carrelage.<\/span><\/p>\n<p><\/p>\n<h2><span style=\"font-weight: 400;\">En mati\u00e8re d\u2019esth\u00e9tique, quelles sont les possibilit\u00e9s de ces deux rev\u00eatements de sols&nbsp;?<\/span><\/h2>\n<p><\/p>\n<p><span style=\"font-weight: 400;\">Selon le type de d\u00e9coration recherch\u00e9e, le carrelage offre une large palette de possibilit\u00e9s quant aux choix esth\u00e9tiques. Il peut pr\u00e9senter des motifs tr\u00e8s vari\u00e9s, imiter diff\u00e9rentes mati\u00e8res (bois, pierres, etc.). Libre \u00e0 chacun de choisir l\u2019effet d\u00e9sir\u00e9. En revanche, quel que soit le choix du produit, on verra n\u00e9cessairement les joints pr\u00e9sents en chaque carreau. Le rev\u00eatement ne sera pas uniforme et pr\u00e9sentera forc\u00e9ment le motif g\u00e9om\u00e9trique quadrill\u00e9, typique d\u2019un sol carrel\u00e9.<\/span><\/p>\n<p><\/p>\n<p><span style=\"font-weight: 400;\">Pour composer une moquette de pierre, le marbre ou le quartz sont utilis\u00e9s pour permettre de choisir parmi une palette de tons et de couleurs adaptables, en fonction de l\u2019espace qui sera \u00e9quip\u00e9. Le min\u00e9ral naturel souligne l\u2019esth\u00e9tique des zones o\u00f9 il est appliqu\u00e9 et permet de mettre en valeur les am\u00e9nagements qui la composent (piscine, fa\u00e7ade, jardin, et.). De plus, l\u2019absence de joints (hors dilatation) permet de cr\u00e9er des surfaces homog\u00e8nes et uniformes. L\u2019avantage d\u2019utiliser un rev\u00eatement composite \u00e0 base de particules min\u00e9rales permet au mat\u00e9riau d\u2019\u00e9pouser la moindre courbe pr\u00e9sente sur la surface. Les finitions sont impeccables et les pierres de qualit\u00e9 employ\u00e9es pour cr\u00e9er les granulats donnent un ensemble haut de gamme.<\/span><\/p>\n<p><\/p>\n<p><span style=\"font-weight: 400;\">De plus, il est possible de cr\u00e9er des motifs g\u00e9om\u00e9triques ou des dessins d\u00e9taill\u00e9s en alternant les granulats de diff\u00e9rentes couleurs. La personnalisation est donc totale, pour des <a href=\"https:\/\/staging.resineo.com\/guides\/revetement-resine\/terrasse-exterieure\/choix-du-revetement\/\">rev\u00eatements<\/a> de sols uniques.&nbsp;<\/span><\/p>\n<p><\/p>\n<p><span style=\"font-weight: 400;\">Tout est affaire de go\u00fbts, mais un sol \u00e9quip\u00e9 de r\u00e9sine de pierre donne g\u00e9n\u00e9ralement un aspect plus sophistiqu\u00e9, repr\u00e9sentant une v\u00e9ritable plus-value pour la terrasse et la maison qu\u2019il \u00e9quipe.<\/span><\/p>\n<p><\/p>\n<p><b>A noter<\/b><span style=\"font-weight: 400;\">&nbsp;: <\/span><i><span style=\"font-weight: 400;\">Si un sol recouvert de carrelage peut \u00eatre mis en place par un bricoleur averti, il est recommand\u00e9 de faire appel \u00e0 un professionnel ou \u00e0 une entreprise qualifi\u00e9e pour entamer une r\u00e9novation de terrasse \u00e0 l\u2019aide d\u2019une moquette de pierre. La pose de ce mat\u00e9riau demande un savoir-faire et une ma\u00eetrise que seul un professionnel habilit\u00e9 pourra r\u00e9aliser correctement.<\/span><\/i><\/p>\n<p><\/p>\n<figure class=\"wp-block-image\"><img decoding=\"async\" width=\"650\" height=\"488\" class=\"wp-image-615\" src=\"https:\/\/staging.resineo.com\/guides\/wp-content\/uploads\/sites\/2\/2019\/10\/revetement-sol-exterieur-resineo-drain.jpg\" alt=\"Revetement Sol Exterieur Resineo Drain\" srcset=\"https:\/\/staging.resineo.com\/guides\/wp-content\/uploads\/sites\/2\/2019\/10\/revetement-sol-exterieur-resineo-drain.jpg 650w, https:\/\/staging.resineo.com\/guides\/wp-content\/uploads\/sites\/2\/2019\/10\/revetement-sol-exterieur-resineo-drain-300x225.jpg 300w\" sizes=\"(max-width: 650px) 100vw, 650px\" \/><\/figure>\n<p><\/p>\n<h2><span style=\"font-weight: 400;\">Conclusion<\/span><\/h2>\n<p><\/p>\n<p><span style=\"font-weight: 400;\">Pour \u00e9quiper une terrasse d\u2019un rev\u00eatement offrant \u00e0 la fois r\u00e9sistance, s\u00e9curit\u00e9 de chaque membre de la famille, esth\u00e9tique et facilit\u00e9 d\u2019entretien, l\u2019avantage revient \u00e0 la r\u00e9sine de marbre.<\/span><\/p>\n<p><\/p>\n<p><span style=\"font-weight: 400;\">Parmi ces avantages, un point n\u2019a pas \u00e9t\u00e9 cit\u00e9 en amont, c\u2019est la possibilit\u00e9 de l\u2019appliquer sur diff\u00e9rents types de rev\u00eatements existants. Que le support d\u2019origine soit du carrelage, une dalle b\u00e9ton ou du gravier non trait\u00e9 (GNT), pourvu que ce dernier soit correctement pr\u00e9par\u00e9, la r\u00e9sine de pierre pourra \u00eatre appliqu\u00e9e. Dans le cadre d\u2019une r\u00e9novation, cet argument est tr\u00e8s souvent mis en avant, car il suppose des travaux moindres.<\/span><\/p>\n<p><\/p>\n<p><span style=\"font-weight: 400;\">La r\u00e9sistance de la r\u00e9sine \u00e0 base de polyur\u00e9thane, additionn\u00e9e \u00e0 la solidit\u00e9 des granulats de pierre utilis\u00e9s, font de ce mat\u00e9riau id\u00e9al pour assurer la tranquillit\u00e9 des propri\u00e9taires qui l\u2019ont choisi.&nbsp;<\/span><\/p>\n<p><\/p>\n<p><span style=\"font-weight: 400;\">Si vous souhaitez obtenir des conseils quant aux possibilit\u00e9s qu\u2019offre ce mat\u00e9riau pour des travaux de r\u00e9novation du rev\u00eatement de sol de votre terrasse, ou de tout autre espace, contactez-nous. Pour les abords de votre piscine, les all\u00e9es de votre jardin, ou m\u00eame vos escaliers ext\u00e9rieurs, notre \u00e9quipe d\u2019experts saura vous guider et vous renseigner.<\/span><\/p>\n<p><\/p>\n<ul>\n<li><a href=\"https:\/\/staging.resineo.com\/guides\/revetement-resine\/terrasse-exterieure\/pourquoi-un-revetement\/\">Pourquoi choisir un rev\u00eatement de sol r\u00e9sine pour sa terrasse ?<\/a><\/li>\n<li><a href=\"https:\/\/staging.resineo.com\/guides\/revetement-resine\/terrasse-exterieure\/comment-choisir\/\">Comment choisir un rev\u00eatement drainant pour sa terrasse ?<\/a><\/li>\n<li><a href=\"https:\/\/staging.resineo.com\/guides\/revetement-resine\/terrasse-exterieure\/differences-resine-beton\/\">Rev\u00eatement de sol en r\u00e9sine et rev\u00eatement b\u00e9ton : quelles sont les diff\u00e9rences <\/a><\/li>\n<\/ul>\t\t\t\t\t\t\t\t<\/div>\n\t\t\t\t<\/div>\n\t\t\t\t\t<\/div>\n\t\t<\/div>\n\t\t\t\t\t<\/div>\n\t\t<\/section>\n\t\t\t\t<\/div>\n\t\t","protected":false},"excerpt":{"rendered":"<p>Pour entamer la r\u00e9novation ou la construction de la terrasse d\u2019une maison, il est important d\u2019envisager les diff\u00e9rentes solutions en mati\u00e8re de rev\u00eatement de sol, afin de s\u2019assurer de faire un choix p\u00e9renne et adapt\u00e9 \u00e0 ses attentes. Les avantages qu\u2019offre chaque mat\u00e9riau doivent \u00eatre mis en balance&nbsp;:&nbsp; Facilit\u00e9 de nettoyage. Etanch\u00e9it\u00e9 ou pouvoir drainant. [&hellip;]<\/p>\n","protected":false},"author":1,"featured_media":0,"parent":994,"menu_order":0,"comment_status":"closed","ping_status":"closed","template":"","meta":{"_uag_custom_page_level_css":"","footnotes":""},"class_list":["post-1048","page","type-page","status-publish","hentry","entry"],"uagb_featured_image_src":{"full":false,"thumbnail":false,"medium":false,"medium_large":false,"large":false,"1536x1536":false,"2048x2048":false,"ocean-thumb-m":false,"ocean-thumb-ml":false,"ocean-thumb-l":false},"uagb_author_info":{"display_name":"admin","author_link":"https:\/\/staging.resineo.com\/guides\/ch\/author\/agoralys\/"},"uagb_comment_info":0,"uagb_excerpt":"Pour entamer la r\u00e9novation ou la construction de la terrasse d\u2019une maison, il est important d\u2019envisager les diff\u00e9rentes solutions en mati\u00e8re de rev\u00eatement de sol, afin de s\u2019assurer de faire un choix p\u00e9renne et adapt\u00e9 \u00e0 ses attentes. Les avantages qu\u2019offre chaque mat\u00e9riau doivent \u00eatre mis en balance&nbsp;:&nbsp; Facilit\u00e9 de nettoyage. Etanch\u00e9it\u00e9 ou pouvoir drainant.&hellip;","_links":{"self":[{"href":"https:\/\/staging.resineo.com\/guides\/ch\/wp-json\/wp\/v2\/pages\/1048","targetHints":{"allow":["GET"]}}],"collection":[{"href":"https:\/\/staging.resineo.com\/guides\/ch\/wp-json\/wp\/v2\/pages"}],"about":[{"href":"https:\/\/staging.resineo.com\/guides\/ch\/wp-json\/wp\/v2\/types\/page"}],"author":[{"embeddable":true,"href":"https:\/\/staging.resineo.com\/guides\/ch\/wp-json\/wp\/v2\/users\/1"}],"replies":[{"embeddable":true,"href":"https:\/\/staging.resineo.com\/guides\/ch\/wp-json\/wp\/v2\/comments?post=1048"}],"version-history":[{"count":0,"href":"https:\/\/staging.resineo.com\/guides\/ch\/wp-json\/wp\/v2\/pages\/1048\/revisions"}],"up":[{"embeddable":true,"href":"https:\/\/staging.resineo.com\/guides\/ch\/wp-json\/wp\/v2\/pages\/994"}],"wp:attachment":[{"href":"https:\/\/staging.resineo.com\/guides\/ch\/wp-json\/wp\/v2\/media?parent=1048"}],"curies":[{"name":"wp","href":"https:\/\/api.w.org\/{rel}","templated":true}]}}