{"id":1053,"date":"2019-09-06T09:41:52","date_gmt":"2019-09-06T09:41:52","guid":{"rendered":"https:\/\/staging.resineo.com\/guides\/revetement-resine\/terrasse-exterieure\/pourquoi-un-revetement\/"},"modified":"2021-03-16T09:55:13","modified_gmt":"2021-03-16T09:55:13","slug":"pourquoi-un-revetement","status":"publish","type":"page","link":"https:\/\/staging.resineo.com\/guides\/ch\/revetement-resine\/terrasse-exterieure\/pourquoi-un-revetement\/","title":{"rendered":"Pourquoi choisir un rev\u00eatement de sol r\u00e9sine pour sa terrasse ?"},"content":{"rendered":"\t\t<div data-elementor-type=\"wp-post\" data-elementor-id=\"1053\" class=\"elementor elementor-1053 elementor-152\" data-elementor-post-type=\"page\">\n\t\t\t\t\t\t<section class=\"elementor-section elementor-top-section elementor-element elementor-element-30dcb54d elementor-section-boxed elementor-section-height-default elementor-section-height-default\" data-id=\"30dcb54d\" data-element_type=\"section\">\n\t\t\t\t\t\t<div class=\"elementor-container elementor-column-gap-default\">\n\t\t\t\t\t<div class=\"elementor-column elementor-col-100 elementor-top-column elementor-element elementor-element-18bf2b2\" data-id=\"18bf2b2\" data-element_type=\"column\">\n\t\t\t<div class=\"elementor-widget-wrap elementor-element-populated\">\n\t\t\t\t\t\t<div class=\"elementor-element elementor-element-758610f0 elementor-widget elementor-widget-text-editor\" data-id=\"758610f0\" data-element_type=\"widget\" data-widget_type=\"text-editor.default\">\n\t\t\t\t<div class=\"elementor-widget-container\">\n\t\t\t\t\t\t\t\t\t<p><\/p>\n<p><span style=\"font-weight: 400;\">Tout d\u2019abord, derri\u00e8re l\u2019appellation \u00ab&nbsp;rev\u00eatement de sol r\u00e9sine&nbsp;\u00bb, plusieurs types de produits se cachent, tous ne poss\u00e9dant pas forc\u00e9ment les m\u00eames propri\u00e9t\u00e9s.<\/span><\/p>\n<p><\/p>\n<figure class=\"wp-block-image\"><img fetchpriority=\"high\" decoding=\"async\" width=\"650\" height=\"366\" src=\"https:\/\/staging.resineo.com\/guides\/wp-content\/uploads\/sites\/2\/2019\/10\/sol-exterieur-resineo-drain.jpg\" alt=\"Sol Exterieur Resineo Drain\" class=\"wp-image-621\" srcset=\"https:\/\/staging.resineo.com\/guides\/wp-content\/uploads\/sites\/2\/2019\/10\/sol-exterieur-resineo-drain.jpg 650w, https:\/\/staging.resineo.com\/guides\/wp-content\/uploads\/sites\/2\/2019\/10\/sol-exterieur-resineo-drain-300x169.jpg 300w\" sizes=\"(max-width: 650px) 100vw, 650px\" \/><\/figure>\n<p><\/p>\n<p><span style=\"font-weight: 400;\">Nous allons ici nous concentrer sur les sols en r\u00e9sine de pierre. Ce mat\u00e9riau est un agglom\u00e9rat de r\u00e9sine \u00e0 base de polyur\u00e9thane et de granulat de pierre, donnant un rev\u00eatement \u00e0 la fois appr\u00e9ci\u00e9 pour sa r\u00e9sistance, son aspect esth\u00e9tique et toutes ses qualit\u00e9s techniques.&nbsp;<\/span><\/p>\n<p><\/p>\n<p><span style=\"font-weight: 400;\">\u00c9galement appel\u00e9 moquette ou tapis de pierre, il r\u00e9unit les propri\u00e9t\u00e9s de diff\u00e9rents types de mat\u00e9riaux et permet la cr\u00e9ation de surfaces dot\u00e9es de toutes les qualit\u00e9s que l\u2019on attend pour \u00e9quiper une terrasse, tout en permettant d\u2019ajouter un aspect esth\u00e9tique qui mettra en valeur la maison \u00e9quip\u00e9e.<\/span><\/p>\n<p><\/p>\n<p><span style=\"font-weight: 400;\">Quelles sont ses propri\u00e9t\u00e9s&nbsp;? Quel int\u00e9r\u00eat repr\u00e9sente-t-il pour une terrasse&nbsp;? En quoi d\u00e9note-t-il des autres mat\u00e9riaux envisageables&nbsp;?<\/span><\/p>\n<p><\/p>\n<h2><span style=\"font-weight: 400;\">La construction d\u2019une terrasse demande l\u2019utilisation d\u2019un mat\u00e9riau r\u00e9sistant et esth\u00e9tique<\/span><\/h2>\n<p><\/p>\n<p><span style=\"font-weight: 400;\">Le bois, le carrelage, le b\u00e9ton et les dalles de pierres sont les solutions les plus conventionnelles et les plus utilis\u00e9es \u00e0 l\u2019heure d\u2019\u00e9quiper une <a href=\"https:\/\/staging.resineo.com\/guides\/revetement-resine\/terrasse-exterieure\/\">terrasse<\/a>. Toutefois, chacun de ces rev\u00eatements pr\u00e9sente des inconv\u00e9nients qui peuvent s\u2019av\u00e9rer d\u00e9rangeants au fil du temps.&nbsp;<\/span><\/p>\n<p><\/p>\n<p><span style=\"font-weight: 400;\">L\u2019entretien qu\u2019ils n\u00e9cessitent, leur comportement au fil des temps et des agressions climatiques, de m\u00eame que leur vieillissement sont des facteurs \u00e0 prendre en compte pour juger de l\u2019efficacit\u00e9 ou de la pertinence de l\u2019emploi de ces rev\u00eatements.<\/span><\/p>\n<p><\/p>\n<p><span style=\"font-weight: 400;\">Par sa structure et la r\u00e9sistance des mat\u00e9riaux qui la composent, la r\u00e9sine de pierre est con\u00e7ue pour \u00e9quiper une surface en supportant \u00e0 la fois les intemp\u00e9ries (forte chaleur et gel), le vieillissement d\u00fb \u00e0 l\u2019exposition au soleil, le tout sans n\u00e9cessiter de se preoccuper pour son int\u00e9grit\u00e9 ni de son \u00e9tat. Ce produit est pens\u00e9 pour \u00eatre drainant et r\u00e9sistant \u00e0 l\u2019usure m\u00e9canique entra\u00een\u00e9e par les chocs (chute d\u2019objets par ex.) et les passages r\u00e9p\u00e9t\u00e9s.<\/span><\/p>\n<p><\/p>\n<p><span style=\"font-weight: 400;\">Les pierres entrant dans sa composition sont utilis\u00e9es \u00e0 l\u2019\u00e9tat de granulat. Le quartz et le marbre \u00e9tant deux min\u00e9raux connus pour leur duret\u00e9 et leur r\u00e9sistance, ils octroient au rev\u00eatement une solidit\u00e9 \u00e0 toute \u00e9preuve. De plus, la r\u00e9sine qui sert de liant \u00e0 l\u2019agglom\u00e9rat, permet de prot\u00e9ger les granulats des effets des rayons UV, pr\u00e9servant ainsi l\u2019aspect esth\u00e9tique et les couleurs des surfaces \u00e9quip\u00e9es.&nbsp;<\/span><\/p>\n<p><\/p>\n<p><b>A noter<\/b><span style=\"font-weight: 400;\">&nbsp;: <\/span><i><span style=\"font-weight: 400;\">Attention \u00e0 la nature de la r\u00e9sine employ\u00e9e pour la construction d\u2019une moquette de pierre. Pour un usage ext\u00e9rieur, la r\u00e9sine polyur\u00e9thane doit \u00eatre pr\u00e9f\u00e9r\u00e9e \u00e0 la r\u00e9sine \u00e9poxy pour jouer le r\u00f4le de liant. Certains produits disponibles sur le march\u00e9 incluent une r\u00e9sine pr\u00e9vue pour une application int\u00e9rieure, qui malheureusement ne pr\u00e9sentera pas les qualit\u00e9s et les avantages attendus d\u2019un rev\u00eatement de sol ext\u00e9rieur.<\/span><\/i><\/p>\n<p><\/p>\n<figure class=\"wp-block-image\"><img decoding=\"async\" width=\"650\" height=\"487\" src=\"https:\/\/staging.resineo.com\/guides\/wp-content\/uploads\/sites\/2\/2019\/10\/sol-resineo-terrasse-restaurant.jpg\" alt=\"Sol Resineo Terrasse Restaurant\" class=\"wp-image-623\" srcset=\"https:\/\/staging.resineo.com\/guides\/wp-content\/uploads\/sites\/2\/2019\/10\/sol-resineo-terrasse-restaurant.jpg 650w, https:\/\/staging.resineo.com\/guides\/wp-content\/uploads\/sites\/2\/2019\/10\/sol-resineo-terrasse-restaurant-300x225.jpg 300w\" sizes=\"(max-width: 650px) 100vw, 650px\" \/><\/figure>\n<p><\/p>\n<h2><span style=\"font-weight: 400;\">D\u2019un point de vue technique, quelles sont les propri\u00e9t\u00e9s d\u2019une r\u00e9sine de pierre&nbsp;?<\/span><\/h2>\n<p><\/p>\n<p><span style=\"font-weight: 400;\">A l\u2019inverse d\u2019un sol carrel\u00e9 ou couvert d\u2019une dalle de b\u00e9ton, un tapis de pierre est drainant. Sur toute l\u2019\u00e9paisseur du rev\u00eatement, sa structure est pleine d\u2019interstices qui permettent \u00e0 l\u2019eau de s\u2019\u00e9couler.<\/span><\/p>\n<p><\/p>\n<p><span style=\"font-weight: 400;\">Cette drainance permet de conserver une surface praticable et s\u00e8che quel que soit le temps. En permettant un drainage pouvant atteindre 5O litres d\u2019eau par seconde et par m\u00b2, la r\u00e9sine de pierre permet de limiter le risque de glissade. Pour \u00e9quiper une terrasse, ou les abords d\u2019une piscine par exemple, ce point est un v\u00e9ritable avantage.&nbsp;<\/span><\/p>\n<p><\/p>\n<p><span style=\"font-weight: 400;\">C\u2019est gr\u00e2ce \u00e0 l\u2019utilisation de granulat min\u00e9ral naturel que tout ceci est possible. Ce dernier est s\u00e9lectionn\u00e9 en fonction de sa granulom\u00e9trie. En clair, la pierre est concass\u00e9e puis tamis\u00e9e pour n\u2019en retenir les particules qui correspondent \u00e0 une certaine taille. D\u2019une part, ce facteur permet la cr\u00e9ation d\u2019un rev\u00eatement homog\u00e8ne, d\u2019autre part, les anfractuosit\u00e9s pr\u00e9sentes sont calcul\u00e9es de fa\u00e7on \u00e0 obtenir le pouvoir drainant que l\u2019on souhaite.<\/span><\/p>\n<p><\/p>\n<p><span style=\"font-weight: 400;\">Cet effet est renforc\u00e9 par l\u2019emploi de r\u00e9sine \u00e0 base de polyur\u00e9thane qui lie l\u2019ensemble, et permet de conserver ces interstices de fa\u00e7on que l\u2019on puisse compter sur cette perm\u00e9abilit\u00e9.<\/span><\/p>\n<p><\/p>\n<p><span style=\"font-weight: 400;\">De plus, cette qualit\u00e9 permet d\u2019\u00e9viter l\u2019apparition de flaques d\u2019eau stagnante. Loin d\u2019\u00eatre anodin, ce point \u00e9vite donc l\u2019apparition de d\u00e9p\u00f4ts qui viennent souiller la surface du rev\u00eatement. En termes d\u2019entretien, la drainance facilite donc la vie des propri\u00e9taires qui ont fait le choix d\u2019\u00e9quiper leur terrasse de r\u00e9sine de pierre.&nbsp;<\/span><\/p>\n<p><\/p>\n<p><span style=\"font-weight: 400;\">Quand le bois demande d\u2019\u00eatre trait\u00e9 p\u00e9riodiquement pour ne pas souffrir au fil du temps, ou quand on doit assurer un nettoyage r\u00e9gulier d\u2019une terrasse en carrelage ou en dalles de pierres pour en enlever les d\u00e9p\u00f4ts, la r\u00e9sine de pierre reste intacte et propre.&nbsp;<\/span><\/p>\n<p><\/p>\n<p><span style=\"font-weight: 400;\">D\u2019un point de vue technique, il est \u00e9galement important de souligner la r\u00e9sistance au gel. La structure alv\u00e9ol\u00e9e de la r\u00e9sine de pierre permet \u00e0 l\u2019eau de s\u2019expandre par temp\u00e9ratures n\u00e9gatives. La r\u00e9sine \u00e0 base de polyur\u00e9thane qui conf\u00e8re \u00e0 la fois solidit\u00e9 et \u00e9lasticit\u00e9 au mat\u00e9riau permet de r\u00e9sister \u00e0 ces changements au sein de l\u2019\u00e9paisseur du rev\u00eatement. Ainsi, les risques de fissures en cas de grand froid sont limit\u00e9s.&nbsp;<\/span><\/p>\n<p><\/p>\n<p><span style=\"font-weight: 400;\">Pour \u00e9quiper une terrasse soumise aux \u00e9l\u00e9ments, cette qualit\u00e9 fait de la moquette de pierre est un rev\u00eatement de sol de choix.<\/span><\/p>\n<p><\/p>\n<figure class=\"wp-block-image\"><img decoding=\"async\" width=\"650\" height=\"433\" src=\"https:\/\/staging.resineo.com\/guides\/wp-content\/uploads\/sites\/2\/2019\/10\/revetement-granulat-esthetique-resine.jpg\" alt=\"Revetement Granulat Esthetique Resine\" class=\"wp-image-591\" srcset=\"https:\/\/staging.resineo.com\/guides\/wp-content\/uploads\/sites\/2\/2019\/10\/revetement-granulat-esthetique-resine.jpg 650w, https:\/\/staging.resineo.com\/guides\/wp-content\/uploads\/sites\/2\/2019\/10\/revetement-granulat-esthetique-resine-300x200.jpg 300w\" sizes=\"(max-width: 650px) 100vw, 650px\" \/><\/figure>\n<p><\/p>\n<h2><span style=\"font-weight: 400;\">Ne plus avoir \u00e0 choisir entre r\u00e9sistance, facilit\u00e9 d\u2019entretien, et esth\u00e9tique<\/span><\/h2>\n<p><\/p>\n<p><span style=\"font-weight: 400;\">D\u2019un point de vue d\u00e9coratif, ce mat\u00e9riau composite permet de choisir parmi une gamme de coloris \u00e9tendue, donnant ainsi la possibilit\u00e9 d\u2019accorder l\u2019esth\u00e9tique des terrasses \u00e0 l\u2019environnement qui les entoure. Le min\u00e9ral naturel s\u2019accorde bien \u00e0 l\u2019ambiance d\u2019un jardin, de m\u00eame qu\u2019il permet de mettre en valeur une piscine ou la fa\u00e7ade d\u2019une maison, quel que soit son style.<\/span><\/p>\n<p><\/p>\n<p><span style=\"font-weight: 400;\">De plus, les propri\u00e9t\u00e9s techniques de ce rev\u00eatement de sol assurent la tranquillit\u00e9 des propri\u00e9taires qui ont fait le <a href=\"https:\/\/staging.resineo.com\/guides\/revetement-resine\/terrasse-exterieure\/choix-du-revetement\/\">choix<\/a> d\u2019en \u00e9quiper leur terrasse. R\u00e9sistant et facile \u00e0 nettoyer, ce mat\u00e9riau est pens\u00e9 pour durer plusieurs d\u00e9cennies (sous r\u00e9serve d\u2019\u00eatre bien appliqu\u00e9 et bien entretenu).&nbsp;<\/span><\/p>\n<p><\/p>\n<p><span style=\"font-weight: 400;\">Il faut toutefois noter qu\u2019il est recommand\u00e9 d\u2019en confier l\u2019application \u00e0 des professionnels rompus \u00e0 ce type d\u2019ouvrages. Pour s\u2019assurer de l\u2019int\u00e9grit\u00e9 et de la long\u00e9vit\u00e9 de la terrasse, des personnes habilit\u00e9s \u00e0 travailler ce mat\u00e9riau doivent prendre en charge les travaux.<\/span><\/p>\n<p><\/p>\n<p><span style=\"font-weight: 400;\">Une terrasse est un \u00e9quipement tenu de durer et d\u2019offrir une plus-value au jardin et \u00e0 la maison qu\u2019elle \u00e9quipe. Tous les avantages d\u2019un sol en r\u00e9sine de pierre permettent d\u2019octroyer cette plus-value. Si cette solution vous int\u00e9resse pour \u00e9quiper votre terrasse ou tout autre espace ext\u00e9rieur, n\u2019h\u00e9sitez pas nous contacter. Nous saurons vous prodiguer les conseils n\u00e9cessaires. De m\u00eame, si vous souhaitez conna\u00eetre le prix d\u2019un tel rev\u00eatement, nous vous soumettrons un devis tenant compte de toutes vos attentes.<\/span><\/p>\n<p><\/p>\n<p><span style=\"font-weight: 400;\">Pour plus de renseignements concernant les possibilit\u00e9s envisageables gr\u00e2ce \u00e0 ces rev\u00eatements en r\u00e9sine de pierre, contactez-nous.<\/span><\/p>\n<p><\/p>\n<ul>\n<li><a href=\"https:\/\/staging.resineo.com\/guides\/revetement-resine\/terrasse-exterieure\/comment-choisir\/\">Comment choisir un rev\u00eatement drainant pour sa terrasse ?<\/a><\/li>\n<li><a href=\"https:\/\/staging.resineo.com\/guides\/revetement-resine\/terrasse-exterieure\/differences-resine-carrelage\/\">Pour \u00e9quiper une terrasse, quelles sont les diff\u00e9rences entre un rev\u00eatement de sol en r\u00e9sine de pierre et un carrelage<\/a><\/li>\n<li><a href=\"https:\/\/staging.resineo.com\/guides\/revetement-resine\/terrasse-exterieure\/differences-resine-beton\/\">Rev\u00eatement de sol en r\u00e9sine et rev\u00eatement b\u00e9ton : quelles sont les diff\u00e9rence<\/a><\/li>\n<\/ul>\n<p><\/p>\t\t\t\t\t\t\t\t<\/div>\n\t\t\t\t<\/div>\n\t\t\t\t\t<\/div>\n\t\t<\/div>\n\t\t\t\t\t<\/div>\n\t\t<\/section>\n\t\t\t\t<\/div>\n\t\t","protected":false},"excerpt":{"rendered":"<p>Tout d\u2019abord, derri\u00e8re l\u2019appellation \u00ab&nbsp;rev\u00eatement de sol r\u00e9sine&nbsp;\u00bb, plusieurs types de produits se cachent, tous ne poss\u00e9dant pas forc\u00e9ment les m\u00eames propri\u00e9t\u00e9s. Nous allons ici nous concentrer sur les sols en r\u00e9sine de pierre. Ce mat\u00e9riau est un agglom\u00e9rat de r\u00e9sine \u00e0 base de polyur\u00e9thane et de granulat de pierre, donnant un rev\u00eatement \u00e0 la [&hellip;]<\/p>\n","protected":false},"author":1,"featured_media":0,"parent":994,"menu_order":0,"comment_status":"closed","ping_status":"closed","template":"","meta":{"_uag_custom_page_level_css":"","footnotes":""},"class_list":["post-1053","page","type-page","status-publish","hentry","entry"],"uagb_featured_image_src":{"full":false,"thumbnail":false,"medium":false,"medium_large":false,"large":false,"1536x1536":false,"2048x2048":false,"ocean-thumb-m":false,"ocean-thumb-ml":false,"ocean-thumb-l":false},"uagb_author_info":{"display_name":"admin","author_link":"https:\/\/staging.resineo.com\/guides\/ch\/author\/agoralys\/"},"uagb_comment_info":0,"uagb_excerpt":"Tout d\u2019abord, derri\u00e8re l\u2019appellation \u00ab&nbsp;rev\u00eatement de sol r\u00e9sine&nbsp;\u00bb, plusieurs types de produits se cachent, tous ne poss\u00e9dant pas forc\u00e9ment les m\u00eames propri\u00e9t\u00e9s. Nous allons ici nous concentrer sur les sols en r\u00e9sine de pierre. Ce mat\u00e9riau est un agglom\u00e9rat de r\u00e9sine \u00e0 base de polyur\u00e9thane et de granulat de pierre, donnant un rev\u00eatement \u00e0 la&hellip;","_links":{"self":[{"href":"https:\/\/staging.resineo.com\/guides\/ch\/wp-json\/wp\/v2\/pages\/1053","targetHints":{"allow":["GET"]}}],"collection":[{"href":"https:\/\/staging.resineo.com\/guides\/ch\/wp-json\/wp\/v2\/pages"}],"about":[{"href":"https:\/\/staging.resineo.com\/guides\/ch\/wp-json\/wp\/v2\/types\/page"}],"author":[{"embeddable":true,"href":"https:\/\/staging.resineo.com\/guides\/ch\/wp-json\/wp\/v2\/users\/1"}],"replies":[{"embeddable":true,"href":"https:\/\/staging.resineo.com\/guides\/ch\/wp-json\/wp\/v2\/comments?post=1053"}],"version-history":[{"count":0,"href":"https:\/\/staging.resineo.com\/guides\/ch\/wp-json\/wp\/v2\/pages\/1053\/revisions"}],"up":[{"embeddable":true,"href":"https:\/\/staging.resineo.com\/guides\/ch\/wp-json\/wp\/v2\/pages\/994"}],"wp:attachment":[{"href":"https:\/\/staging.resineo.com\/guides\/ch\/wp-json\/wp\/v2\/media?parent=1053"}],"curies":[{"name":"wp","href":"https:\/\/api.w.org\/{rel}","templated":true}]}}