{"id":1055,"date":"2019-09-06T09:35:22","date_gmt":"2019-09-06T09:35:22","guid":{"rendered":"https:\/\/staging.resineo.com\/guides\/revetement-resine\/terrasse-exterieure\/choix-du-revetement\/"},"modified":"2021-03-16T09:53:00","modified_gmt":"2021-03-16T09:53:00","slug":"choix-du-revetement","status":"publish","type":"page","link":"https:\/\/staging.resineo.com\/guides\/ch\/revetement-resine\/terrasse-exterieure\/choix-du-revetement\/","title":{"rendered":"Quel type de rev\u00eatement choisir pour \u00e9quiper une terrasse ?"},"content":{"rendered":"\t\t<div data-elementor-type=\"wp-post\" data-elementor-id=\"1055\" class=\"elementor elementor-1055 elementor-149\" data-elementor-post-type=\"page\">\n\t\t\t\t\t\t<section class=\"elementor-section elementor-top-section elementor-element elementor-element-251af574 elementor-section-boxed elementor-section-height-default elementor-section-height-default\" data-id=\"251af574\" data-element_type=\"section\">\n\t\t\t\t\t\t<div class=\"elementor-container elementor-column-gap-default\">\n\t\t\t\t\t<div class=\"elementor-column elementor-col-100 elementor-top-column elementor-element elementor-element-54ef0487\" data-id=\"54ef0487\" data-element_type=\"column\">\n\t\t\t<div class=\"elementor-widget-wrap elementor-element-populated\">\n\t\t\t\t\t\t<div class=\"elementor-element elementor-element-9883026 elementor-widget elementor-widget-text-editor\" data-id=\"9883026\" data-element_type=\"widget\" data-widget_type=\"text-editor.default\">\n\t\t\t\t<div class=\"elementor-widget-container\">\n\t\t\t\t\t\t\t\t\t<p><\/p>\n<p><span style=\"font-weight: 400;\">Selon le type de maison, les mat\u00e9riaux qui la composent, son style et ses couleurs, le choix de rev\u00eatement de sol pour \u00e9quiper une <a href=\"https:\/\/staging.resineo.com\/guides\/revetement-resine\/terrasse-exterieure\/\">terrasse<\/a> peut s\u2019av\u00e9rer d\u00e9licat. <\/span><\/p>\n<p><\/p>\n<figure class=\"wp-block-image\"><img fetchpriority=\"high\" decoding=\"async\" width=\"650\" height=\"487\" src=\"https:\/\/staging.resineo.com\/guides\/wp-content\/uploads\/sites\/2\/2019\/10\/revetement-resine-sol-exterieur.jpg\" alt=\"Revetement Resine Sol Exterieur\" class=\"wp-image-609\" srcset=\"https:\/\/staging.resineo.com\/guides\/wp-content\/uploads\/sites\/2\/2019\/10\/revetement-resine-sol-exterieur.jpg 650w, https:\/\/staging.resineo.com\/guides\/wp-content\/uploads\/sites\/2\/2019\/10\/revetement-resine-sol-exterieur-300x225.jpg 300w\" sizes=\"(max-width: 650px) 100vw, 650px\" \/><\/figure>\n<p><\/p>\n<p><span style=\"font-weight: 400;\">Toutefois, si l\u2019on prend en consid\u00e9ration les crit\u00e8res importants pour ce type d\u2019\u00e9quipement, il est rapidement possible de r\u00e9duire la liste des possibilit\u00e9s : <\/span><\/p>\n<p><\/p>\n<ul>\n<li style=\"font-weight: 400;\"><span style=\"font-weight: 400;\">Une terrasse se doit d\u2019\u00eatre confortable.<\/span><\/li>\n<li style=\"font-weight: 400;\"><span style=\"font-weight: 400;\">L\u2019entretien de sa surface doit \u00eatre aussi facile que possible.<\/span><\/li>\n<li style=\"font-weight: 400;\"><span style=\"font-weight: 400;\">La solidit\u00e9 du rev\u00eatement doit \u00eatre durable (soleil, gel, chocs, etc.). Sa r\u00e9sistance conditionne sa long\u00e9vit\u00e9.<\/span><\/li>\n<li style=\"font-weight: 400;\"><span style=\"font-weight: 400;\">Elle doit repr\u00e9senter une plus-value esth\u00e9tique.<\/span><\/li>\n<\/ul>\n<p><span style=\"font-weight: 400;\">Un des seuls mat\u00e9riaux r\u00e9pondant \u00e0 l\u2019ensemble de ces crit\u00e8res est la r\u00e9sine de pierre. Son adoption offre de nombreux avantages, garantissant d\u2019opter pour une solution \u00e0 la fois drainante, r\u00e9sistante, durable et esth\u00e9tique. Autant d\u2019arguments pour s\u2019int\u00e9resser de plus pr\u00e8s \u00e0 ce rev\u00eatement.<\/span><\/p>\n<p><\/p>\n<h2><span style=\"font-weight: 400;\">La r\u00e9sine de pierre est un mat\u00e9riau r\u00e9sistant et parfait pour \u00e9quiper les abords de votre maison<\/span><\/h2>\n<p><\/p>\n<p><span style=\"font-weight: 400;\">En premier lieu, savez-vous ce qu\u2019est une r\u00e9sine de pierre ?<\/span><\/p>\n<p><\/p>\n<p><span style=\"font-weight: 400;\">Il s\u2019agit d\u2019un mat\u00e9riau composite, fait de granulat de min\u00e9ral et de r\u00e9sine \u00e0 base de polyur\u00e9thane (dans le cas du rev\u00eatement R\u00e9sineo).&nbsp; On obtient ainsi une surface homog\u00e8ne et tr\u00e8s esth\u00e9tique, contrairement \u00e0 ce que suppose la pose de dalles de carrelage ou de gr\u00e8s par exemple.<\/span><\/p>\n<p><\/p>\n<p><span style=\"font-weight: 400;\">L\u2019uniformit\u00e9 et la compacit\u00e9 de ce rev\u00eatement est assur\u00e9e par l\u2019emploi de r\u00e9sine, qui sert \u00e0 agglom\u00e9rer les particules min\u00e9rales (de quartz ou de marbre), tout en les prot\u00e9geant des rayons UV et des agressions ext\u00e9rieures.&nbsp;<\/span><\/p>\n<p><\/p>\n<p><span style=\"font-weight: 400;\">En effet, gr\u00e2ce \u00e0 structure alv\u00e9ol\u00e9e cr\u00e9\u00e9e par les granulats min\u00e9raux, l\u2019air circule facilement sur son \u00e9paisseur, permettant une r\u00e9gulation thermique. Ce sont ces m\u00eames interstices qui donnent tout son pouvoir drainant au mat\u00e9riau. Capable de drainer jusqu\u2019\u00e0 50 litres d\u2019eau par seconde et par m\u00b2, la r\u00e9sine de pierre \u00e9vite ainsi la formation de flaques \u00e0 sa surface.<\/span><\/p>\n<p><\/p>\n<p><span style=\"font-weight: 400;\">Ces m\u00eames anfractuosit\u00e9s lui permettent de r\u00e9sister au gel, en laissant la place \u00e0 l\u2019eau de se dilater en limitant le risque de fissures. Cet effet est accentu\u00e9 par la pr\u00e9sence de r\u00e9sine qui conf\u00e8re sa duret\u00e9 \u00e0 ce rev\u00eatement, accroissant la r\u00e9sistance aux temp\u00e9ratures n\u00e9gatives.<\/span><\/p>\n<p><\/p>\n<p><span style=\"font-weight: 400;\">Alors que des caillebotis ou des lames de bois deviendraient glissantes, la r\u00e9sine de pierre reste praticable.&nbsp;<\/span><\/p>\n<p><\/p>\n<figure class=\"wp-block-image\"><img decoding=\"async\" width=\"650\" height=\"488\" src=\"https:\/\/staging.resineo.com\/guides\/wp-content\/uploads\/sites\/2\/2019\/10\/revetement-granulat-resineo-terrasse.jpg\" alt=\"Revetement Granulat Resineo Terrasse\" class=\"wp-image-597\" srcset=\"https:\/\/staging.resineo.com\/guides\/wp-content\/uploads\/sites\/2\/2019\/10\/revetement-granulat-resineo-terrasse.jpg 650w, https:\/\/staging.resineo.com\/guides\/wp-content\/uploads\/sites\/2\/2019\/10\/revetement-granulat-resineo-terrasse-300x225.jpg 300w\" sizes=\"(max-width: 650px) 100vw, 650px\" \/><\/figure>\n<p><\/p>\n<h2><span style=\"font-weight: 400;\">Qu\u2019en est-il de l\u2019aspect d\u00e9coratif de ces rev\u00eatements ?<\/span><\/h2>\n<p><\/p>\n<p><span style=\"font-weight: 400;\">L\u2019esth\u00e9tique est de premi\u00e8re importance \u00e0 l\u2019heure de construire une terrasse. Cet espace se doit de parfaitement se marier au jardin, tout en mettant en valeur la maison qu\u2019elle \u00e9quipe.<\/span><\/p>\n<p><\/p>\n<p><span style=\"font-weight: 400;\">M\u00eame s\u2019il est vrai qu\u2019il est possible de trouver des carreaux de carrelage de toutes les couleurs et de tous types, il est n\u00e9anmoins n\u00e9cessaire que ces derniers soient s\u00e9par\u00e9s par des joints parfois disgracieux. Pour ce qui est des rev\u00eatements en bois, de nombreuses options sont envisageables (caillebotis de bois exotique, lame de bois composite, etc.), mais le choix de couleur est souvent limit\u00e9.&nbsp;<\/span><\/p>\n<p><\/p>\n<p><span style=\"font-weight: 400;\">Un sol en r\u00e9sine de pierre pourra \u00eatre choisi dans un ton naturel, compte tenu de l\u2019emploi de granulats min\u00e9raux pour le fabriquer. Il est possible d\u2019en choisir la couleur parmi une palette de teintes vari\u00e9es, permettant ainsi la construction de terrasses s\u2019accordant avec tous types d\u2019ambiance et de d\u00e9coration. On utilise d\u2019ailleurs souvent ces rev\u00eatements pour \u00e9quiper des abords de piscine, pour garantir la s\u00e9curit\u00e9 des utilisateurs \u00e0 leur sortie de l\u2019eau (r\u00e9sistant \u00e0 la glissance), ainsi que pour mettre le bassin en valeur. Etant donn\u00e9 qu\u2019il est possible de supprimer les margelles et de faire en sorte que le rev\u00eatement atteigne les abords de la piscine, l\u2019effet esth\u00e9tique est garanti. On pr\u00e9f\u00e9rera un coloris clair en bords de piscine afin d&#8217;\u00e9viter les risques de brulures. Comme pour un gr\u00e8s c\u00e9rame fonc\u00e9, une moquette de pierre fonc\u00e9 sera chaude au soleil.&nbsp;<\/span><\/p>\n<p><\/p>\n<p><b>A noter<\/b><span style=\"font-weight: 400;\"> : <\/span><i><span style=\"font-weight: 400;\">Les pierres utilis\u00e9es pour composer les granulats sont naturelles. Elles sont concass\u00e9es pour atteindre la granulom\u00e9trie n\u00e9cessaire pour cr\u00e9er ces <a href=\"https:\/\/staging.resineo.com\/guides\/revetement-resine\/terrasse-exterieure\/pourquoi-un-revetement\/\">rev\u00eatements de sols<\/a>. Les diff\u00e9rents coloris disponibles dans cette gamme de produits sont donc tous naturels. Bien que reconstitu\u00e9e, la pierre garde son aspect min\u00e9ral.<\/span><\/i><\/p>\n<p><\/p>\n<p><span style=\"font-weight: 400;\">Un des avantages de la r\u00e9sine de pierre en mati\u00e8re de d\u00e9coration, de style et de personnalisation, c\u2019est la possibilit\u00e9 de cr\u00e9er des motifs graphiques en alliant plusieurs granulats. Il est \u00e9galement possible de cr\u00e9er un effet mouchet\u00e9 en alliant le marbre et le quartz, pour la cr\u00e9ation d\u2019un rev\u00eatement sophistiqu\u00e9 et unique.<\/span><\/p>\n<p><\/p>\n<h2><span style=\"font-weight: 400;\">Comment s\u2019assurer de choisir un mat\u00e9riau facile d\u2019entretien ?<\/span><\/h2>\n<p><\/p>\n<p><span style=\"font-weight: 400;\">Les terrasses en bois demandent un nettoyage assez fr\u00e9quent notamment \u00e0 cause de la mousse qui se d\u00e9pose dessus, en plus d\u2019un traitement p\u00e9riodique afin de s\u2019assurer que le mat\u00e9riau ne vieillisse pas pr\u00e9matur\u00e9ment. Le carrelage demande plusieurs passages par an pour le d\u00e9barrasser des d\u00e9p\u00f4ts et des traces dus \u00e0 son \u00e9tanch\u00e9it\u00e9. Des flaques d\u2019eau peuvent se former puis s\u00e9cher, entra\u00eenant l\u2019apparition d\u2019aur\u00e9oles qu\u2019il est n\u00e9cessaire de laver.&nbsp;<\/span><\/p>\n<p><\/p>\n<p><span style=\"font-weight: 400;\">Les granulats de pierres utilis\u00e9s pour composer le rev\u00eatement sont utilis\u00e9s bruts roul\u00e9s ou concass\u00e9s.&nbsp; La protection qu\u2019offre la r\u00e9sine renforce le fait que la poussi\u00e8re et les impuret\u00e9s n\u2019aient que peu d\u2019accroche, chaque granulats \u00e9tant individuellement envelopp\u00e9 dans la r\u00e9sine. Si on ajoute \u00e0 cela le fait que le mat\u00e9riau soit drainant et qu\u2019il n\u2019entra\u00eene la formation d\u2019aucune flaque, on obtient ainsi un rev\u00eatement tr\u00e8s facile \u00e0 maintenir dans son \u00e9tat d\u2019origine. Un bon nettoyage par an, \u00e0 la sortie de l\u2019hiver, \u00e0 l\u2019aide d\u2019un jet d\u2019eau et d\u2019un balai brosse est suffisant pour un nettoyage en surface. Il est possible d\u2019y adjoindre un produit d\u00e9graissant pour d\u00e9crocher d\u2019\u00e9ventuelles t\u00e2ches occasionn\u00e9es par des feuilles d\u00e9compos\u00e9es et obtenir une surface tr\u00e8s propre.&nbsp;&nbsp;<\/span><\/p>\n<p><\/p>\n<p><span style=\"font-weight: 400;\">Ce rev\u00eatement de sol offre donc un v\u00e9ritable confort quant aux efforts qu\u2019il demande pour \u00eatre maintenu propre.<\/span><\/p>\n<p><\/p>\n<figure class=\"wp-block-image\"><img decoding=\"async\" width=\"650\" height=\"433\" src=\"https:\/\/staging.resineo.com\/guides\/wp-content\/uploads\/sites\/2\/2019\/10\/revetement-granulat-esthetique-resine.jpg\" alt=\"Revetement Granulat Esthetique Resine\" class=\"wp-image-591\" srcset=\"https:\/\/staging.resineo.com\/guides\/wp-content\/uploads\/sites\/2\/2019\/10\/revetement-granulat-esthetique-resine.jpg 650w, https:\/\/staging.resineo.com\/guides\/wp-content\/uploads\/sites\/2\/2019\/10\/revetement-granulat-esthetique-resine-300x200.jpg 300w\" sizes=\"(max-width: 650px) 100vw, 650px\" \/><\/figure>\n<p><\/p>\n<h2><span style=\"font-weight: 400;\">Quels travaux pr\u00e9voir pour la fabrication d\u2019une terrasse en r\u00e9sine de pierre ?<\/span><\/h2>\n<p><\/p>\n<p><span style=\"font-weight: 400;\">Contrairement \u00e0 bien d\u2019autres rev\u00eatements, si le support sur lequel la r\u00e9sine sera pos\u00e9e est en bon \u00e9tat, en seulement quelques jours l\u2019ensemble des travaux sera r\u00e9alis\u00e9.<\/span><\/p>\n<p><\/p>\n<p><span style=\"font-weight: 400;\">Dans un premier temps il faut pr\u00e9parer le support sur lequel la terrasse reposera. L\u2019application d\u2019une r\u00e9sine \u00e9poxy garantit l\u2019adh\u00e9rence du rev\u00eatement final. On placera ensuite des r\u00e8gles en aluminium pour d\u00e9limiter l\u2019espace de pose. Chacune sert \u00e0 la fois de guide et de finition.<\/span><\/p>\n<p><\/p>\n<p><span style=\"font-weight: 400;\">L\u2019\u00e9tape suivante est la pose du mat\u00e9riau final, \u00e0 savoir, l\u2019agglom\u00e9rat de granulat et de r\u00e9sine.&nbsp;<\/span><\/p>\n<p><\/p>\n<p><b>A noter<\/b><span style=\"font-weight: 400;\"> : <\/span><i><span style=\"font-weight: 400;\">Il est important de confier la r\u00e9alisation de ces travaux \u00e0 des professionnels habilit\u00e9s \u00e0 poser ce rev\u00eatement. C\u2019est \u00e0 ce prix que vous aurez l\u2019assurance d\u2019avoir une terrasse aussi durable que dot\u00e9e de toutes les qualit\u00e9s attendues du mat\u00e9riau qui la compose.<\/span><\/i><\/p>\n<p><\/p>\n<h2><span style=\"font-weight: 400;\">Conclusion<\/span><\/h2>\n<p><\/p>\n<p><span style=\"font-weight: 400;\">M\u00eame s\u2019il est vrai que les options sont nombreuses en mati\u00e8re de rev\u00eatements de sol pour composer une terrasse, pour qui cherche un mat\u00e9riau r\u00e9pondant parfaitement \u00e0 tous les avantages que l\u2019on attend de ce type d\u2019espace, la r\u00e9sine de pierre est une solution id\u00e9ale. A la fois durable, drainante, anti-glissante et facile d\u2019entretien, elle r\u00e9unit tous les crit\u00e8res n\u00e9cessaires pour faire un choix \u00e9clair\u00e9.<\/span><\/p>\n<p><\/p>\n<p><span style=\"font-weight: 400;\">Si vous n\u2019aviez pas envisag\u00e9 la r\u00e9sine de pierre pour \u00e9quiper votre future terrasse, vous devriez essayer d\u2019en savoir plus \u00e0 ce sujet. Les qualit\u00e9s et les avantages qu\u2019offre ce rev\u00eatement m\u00e9ritent que vous y pr\u00eatiez attention. Pour plus de conseils, n\u2019h\u00e9sitez pas \u00e0 nous contacter.<\/span><\/p>\n<p><\/p>\n<ul>\n<li><a href=\"https:\/\/staging.resineo.com\/guides\/revetement-resine\/terrasse-exterieure\/comment-choisir\/\">Comment choisir un rev\u00eatement drainant pour sa terrasse ?<\/a><\/li>\n<li><a href=\"https:\/\/staging.resineo.com\/guides\/revetement-resine\/terrasse-exterieure\/differences-resine-carrelage\/\">Pour \u00e9quiper une terrasse, quelles sont les diff\u00e9rences entre un rev\u00eatement de sol en r\u00e9sine de pierre et un carrelage<\/a><\/li>\n<li><a href=\"https:\/\/staging.resineo.com\/guides\/revetement-resine\/terrasse-exterieure\/differences-resine-beton\/\">Rev\u00eatement de sol en r\u00e9sine et rev\u00eatement b\u00e9ton : quelles sont les diff\u00e9rences<\/a><\/li>\n<\/ul>\t\t\t\t\t\t\t\t<\/div>\n\t\t\t\t<\/div>\n\t\t\t\t\t<\/div>\n\t\t<\/div>\n\t\t\t\t\t<\/div>\n\t\t<\/section>\n\t\t\t\t<\/div>\n\t\t","protected":false},"excerpt":{"rendered":"<p>Selon le type de maison, les mat\u00e9riaux qui la composent, son style et ses couleurs, le choix de rev\u00eatement de sol pour \u00e9quiper une terrasse peut s\u2019av\u00e9rer d\u00e9licat. Toutefois, si l\u2019on prend en consid\u00e9ration les crit\u00e8res importants pour ce type d\u2019\u00e9quipement, il est rapidement possible de r\u00e9duire la liste des possibilit\u00e9s : Une terrasse se [&hellip;]<\/p>\n","protected":false},"author":1,"featured_media":0,"parent":994,"menu_order":0,"comment_status":"closed","ping_status":"closed","template":"","meta":{"_uag_custom_page_level_css":"","footnotes":""},"class_list":["post-1055","page","type-page","status-publish","hentry","entry"],"uagb_featured_image_src":{"full":false,"thumbnail":false,"medium":false,"medium_large":false,"large":false,"1536x1536":false,"2048x2048":false,"ocean-thumb-m":false,"ocean-thumb-ml":false,"ocean-thumb-l":false},"uagb_author_info":{"display_name":"admin","author_link":"https:\/\/staging.resineo.com\/guides\/ch\/author\/agoralys\/"},"uagb_comment_info":0,"uagb_excerpt":"Selon le type de maison, les mat\u00e9riaux qui la composent, son style et ses couleurs, le choix de rev\u00eatement de sol pour \u00e9quiper une terrasse peut s\u2019av\u00e9rer d\u00e9licat. Toutefois, si l\u2019on prend en consid\u00e9ration les crit\u00e8res importants pour ce type d\u2019\u00e9quipement, il est rapidement possible de r\u00e9duire la liste des possibilit\u00e9s : Une terrasse se&hellip;","_links":{"self":[{"href":"https:\/\/staging.resineo.com\/guides\/ch\/wp-json\/wp\/v2\/pages\/1055","targetHints":{"allow":["GET"]}}],"collection":[{"href":"https:\/\/staging.resineo.com\/guides\/ch\/wp-json\/wp\/v2\/pages"}],"about":[{"href":"https:\/\/staging.resineo.com\/guides\/ch\/wp-json\/wp\/v2\/types\/page"}],"author":[{"embeddable":true,"href":"https:\/\/staging.resineo.com\/guides\/ch\/wp-json\/wp\/v2\/users\/1"}],"replies":[{"embeddable":true,"href":"https:\/\/staging.resineo.com\/guides\/ch\/wp-json\/wp\/v2\/comments?post=1055"}],"version-history":[{"count":0,"href":"https:\/\/staging.resineo.com\/guides\/ch\/wp-json\/wp\/v2\/pages\/1055\/revisions"}],"up":[{"embeddable":true,"href":"https:\/\/staging.resineo.com\/guides\/ch\/wp-json\/wp\/v2\/pages\/994"}],"wp:attachment":[{"href":"https:\/\/staging.resineo.com\/guides\/ch\/wp-json\/wp\/v2\/media?parent=1055"}],"curies":[{"name":"wp","href":"https:\/\/api.w.org\/{rel}","templated":true}]}}