{"id":1067,"date":"2019-09-06T07:16:09","date_gmt":"2019-09-06T07:16:09","guid":{"rendered":"https:\/\/staging.resineo.com\/guides\/revetement-resine\/sol-piscine\/eviter-glissure\/"},"modified":"2021-03-16T10:16:44","modified_gmt":"2021-03-16T10:16:44","slug":"eviter-glissure","status":"publish","type":"page","link":"https:\/\/staging.resineo.com\/guides\/ch\/revetement-resine\/sol-piscine\/eviter-glissure\/","title":{"rendered":"Comment \u00e9viter que votre plage de piscine soit glissante pieds nus ?"},"content":{"rendered":"\t\t<div data-elementor-type=\"wp-post\" data-elementor-id=\"1067\" class=\"elementor elementor-1067 elementor-41\" data-elementor-post-type=\"page\">\n\t\t\t\t\t\t<section class=\"elementor-section elementor-top-section elementor-element elementor-element-7fa369a7 elementor-section-boxed elementor-section-height-default elementor-section-height-default\" data-id=\"7fa369a7\" data-element_type=\"section\">\n\t\t\t\t\t\t<div class=\"elementor-container elementor-column-gap-default\">\n\t\t\t\t\t<div class=\"elementor-column elementor-col-100 elementor-top-column elementor-element elementor-element-61a6675b\" data-id=\"61a6675b\" data-element_type=\"column\">\n\t\t\t<div class=\"elementor-widget-wrap elementor-element-populated\">\n\t\t\t\t\t\t<div class=\"elementor-element elementor-element-79c61079 elementor-widget elementor-widget-text-editor\" data-id=\"79c61079\" data-element_type=\"widget\" data-widget_type=\"text-editor.default\">\n\t\t\t\t<div class=\"elementor-widget-container\">\n\t\t\t\t\t\t\t\t\t<p><\/p>\n<p><br><\/p>\n<p><\/p>\n<figure class=\"wp-block-image\"><img fetchpriority=\"high\" decoding=\"async\" width=\"650\" height=\"488\" src=\"https:\/\/staging.resineo.com\/guides\/wp-content\/uploads\/sites\/2\/2019\/10\/revetement-resine-plage-piscine.jpg\" alt=\"Revetement Resine Plage Piscine\" class=\"wp-image-608\" srcset=\"https:\/\/staging.resineo.com\/guides\/wp-content\/uploads\/sites\/2\/2019\/10\/revetement-resine-plage-piscine.jpg 650w, https:\/\/staging.resineo.com\/guides\/wp-content\/uploads\/sites\/2\/2019\/10\/revetement-resine-plage-piscine-300x225.jpg 300w\" sizes=\"(max-width: 650px) 100vw, 650px\" \/><\/figure>\n<p><\/p>\n<p>Plusieurs types de rev\u00eatements sont utilis\u00e9s pour rev\u00eatir une plage de piscine. Le bois, la pierre, le b\u00e9ton, voire le carrelage sont les plus courants. Mais connaissez-vous la moquette de marbre ?<\/p>\n<p><\/p>\n<p>Compte tenu du fait que le rev\u00eatement choisi doit \u00eatre \u00e0 la fois s\u00e9curisant et tr\u00e8s r\u00e9sistant, ce mat\u00e9riau est tout indiqu\u00e9 pour l\u2019<a href=\"https:\/\/staging.resineo.com\/guides\/revetement-resine\/sol-piscine\/\">am\u00e9nagement<\/a> de l\u2019espace qui composera votre plage de piscine.<\/p>\n<p><\/p>\n<h2>Un rev\u00eatement drainant, qui garantit le confort des usagers<\/h2>\n<p><\/p>\n<p>La r\u00e9sine de pierre est un rev\u00eatement compos\u00e9 d\u2019un m\u00e9lange de granulat min\u00e9ral et de r\u00e9sine polyur\u00e9thane. Le granulat utilis\u00e9 est soit en marbre, soit en quartz. Il est s\u00e9lectionn\u00e9 pour sa duret\u00e9 et sa r\u00e9sistance, tant \u00e0 la chaleur qu\u2019aux intemp\u00e9ries. La r\u00e9sine utilis\u00e9e pour l\u2019agglom\u00e9rer est elle aussi tr\u00e8s r\u00e9sistante et poss\u00e8de des propri\u00e9t\u00e9s protectrices anti-UV. <\/p>\n<p><\/p>\n<p>Le rev\u00eatement ainsi compos\u00e9 offre toutes les qualit\u00e9s attendues pour \u00e9quiper un sol ext\u00e9rieur qui sera expos\u00e9 \u00e0 des conditions climatiques difficiles. En effet, le granulat min\u00e9ral est compos\u00e9 de particules de marbre ou de quartz tri\u00e9es par calibre, permettant d\u2019obtenir une structure perm\u00e9able et drainante. D\u2019ailleurs, d\u2019un aspect purement technique, en cas de forte chaleur, le mat\u00e9riau ne se dilate pas, et en cas de gel, l\u2019eau peut parfaitement gonfler sans mettre \u00e0 mal l\u2019int\u00e9grit\u00e9 du sol. Il reste praticable en toutes circonstances.<\/p>\n<p><\/p>\n<p>Ce sont pr\u00e9cis\u00e9ment les qualit\u00e9s que l\u2019on attend d\u2019un rev\u00eatement au bord d\u2019un bassin ou d\u2019une piscine. Une fois sortis de l\u2019eau, les enfants et les membres de la famille ne risquent pas de glisser, m\u00eame en \u00e9voluant pieds nus et les pieds mouill\u00e9s. La r\u00e9sine de pierre garantit donc la s\u00e9curit\u00e9 des utilisateurs, contrairement \u00e0 une dalle de pierre naturelle ou \u00e0 un carrelage glissant par exemple.<\/p>\n<p><\/p>\n<h2>Un rev\u00eatement stable et durable<\/h2>\n<p><\/p>\n<p>Compte tenu de l\u2019homog\u00e9n\u00e9it\u00e9 du rev\u00eatement et de sa capacit\u00e9 \u00e0 r\u00e9sister aux agressions (chaleur, gel), il reste stable et uniforme, sans risquer de laisser appara\u00eetre des fissures. <\/p>\n<p><\/p>\n<p>Contrairement \u00e0 des lames de bois qui peuvent finir par se d\u00e9former au fil du temps.<\/p>\n<p><\/p>\n<p>Le bois par exemple, demande souvent d\u2019\u00eatre trait\u00e9 au bout de quelques temps, afin de conserver un aspect correct. De m\u00eame, le b\u00e9ton demande parfois d\u2019\u00eatre nettoy\u00e9 avec instance pour en retirer toutes les traces occasionn\u00e9es au fil du temps et des d\u00e9p\u00f4ts. Les dalles de pierre \u00e9tant \u00e9tanches, elles peuvent entra\u00eener l\u2019apparition de flaques. Or, cette eau stagnante laisse souvent des traces au fil des saisons, demandant un nettoyage intense et en profondeur pour en r\u00e9cup\u00e9rer l\u2019aspect d\u2019origine. <\/p>\n<p><\/p>\n<p>En termes d\u2019esth\u00e9tique, la r\u00e9sine de pierre permet de choisir parmi une large gamme de coloris pour la construction d\u2019un rev\u00eatement qui s\u2019accordera avec le reste des \u00e9l\u00e9ments pr\u00e9sents (maison, jardin, etc.). La protection qu\u2019offre la r\u00e9sine permet de conserver l\u2019esth\u00e9tique de l\u2019ensemble intacte au fil des ann\u00e9es. De mani\u00e8re g\u00e9n\u00e9rale, il est conseill\u00e9 d&#8217;opter pour des coloris clairs en bord de bassin afin d&#8217;\u00e9viter les risques de br\u00fblures, le coloris Coquillage ou D\u00e9sert seront parfaits en bords de piscine.&nbsp;<\/p>\n<p><\/p>\n<figure class=\"wp-block-image\"><img decoding=\"async\" width=\"650\" height=\"488\" src=\"https:\/\/staging.resineo.com\/guides\/wp-content\/uploads\/sites\/2\/2019\/10\/resine-granulat-bord-pisicne.jpg\" alt=\"Resine Granulat Bord Pisicne\" class=\"wp-image-561\" srcset=\"https:\/\/staging.resineo.com\/guides\/wp-content\/uploads\/sites\/2\/2019\/10\/resine-granulat-bord-pisicne.jpg 650w, https:\/\/staging.resineo.com\/guides\/wp-content\/uploads\/sites\/2\/2019\/10\/resine-granulat-bord-pisicne-300x225.jpg 300w\" sizes=\"(max-width: 650px) 100vw, 650px\" \/><\/figure>\n<p><\/p>\n<h2>Quels travaux suppose un rev\u00eatement de ce type ?<\/h2>\n<p><\/p>\n<p><a href=\"https:\/\/staging.resineo.com\/guides\/revetement-resine\/sol-piscine\/equiper-plage-piscine\/\">\u00c9quiper <\/a>un sol de r\u00e9sine de pierre demande une pr\u00e9paration minutieuse du support qui le supportera. La mise en place se d\u00e9roule essentiellement en trois grandes \u00e9tapes : <\/p>\n<p><\/p>\n<ul>\n<li>V\u00e9rification de l\u2019\u00e9tat du sol et \u00e9ventuelle r\u00e9paration des imperfections (fissures).<\/li>\n<li>Pr\u00e9paration de la surface en appliquant une r\u00e9sine qui servira de primaire d\u2019accrochage, puis pose de r\u00e9glettes aluminium pour bien d\u00e9limiter la surface et assurer une finition propre.<\/li>\n<li>Pose du granulat m\u00e9lang\u00e9 \u00e0 la r\u00e9sine polyur\u00e9thane pour cr\u00e9er l\u2019\u00e9paisseur n\u00e9cessaire \u00e0 la construction du rev\u00eatement.<\/li>\n<\/ul>\n<p>Pour cr\u00e9er une plage de piscine, il est possible de supprimer les margelles et de faire en sorte que le rev\u00eatement arrive jusqu\u2019aux abords du bassin. L\u2019effet esth\u00e9tique cr\u00e9\u00e9 permet de mettre la piscine en valeur. <\/p>\n<p><\/p>\n<p>Quel que soient vos choix esth\u00e9tiques, la r\u00e9alisation des travaux doit \u00eatre impeccable afin de garantir la long\u00e9vit\u00e9 du <a href=\"https:\/\/staging.resineo.com\/guides\/revetement-resine\/sol-piscine\/meilleur-revetement\/\">mat\u00e9riau<\/a> et bien \u00e9videmment toutes les qualit\u00e9s qu\u2019il est tenu d\u2019offrir (anti-glissant, drainant, r\u00e9sistant).<\/p>\n<p><\/p>\n<h2>Faites le choix d\u2019un mat\u00e9riau drainant et durable pour \u00e9quiper votre plage de piscine<\/h2>\n<p><\/p>\n<p>En faisant le choix d\u2019un rev\u00eatement en r\u00e9sine de pierre pour \u00e9quiper votre plage de piscine, vous optez pour une solution qui garantira le confort de vos enfants et de votre famille, tout en \u00e9tant s\u00fbr de pouvoir compter sur sa robustesse.<\/p>\n<p><\/p>\n<p>La moquette de pierre permet la cr\u00e9ation de motif personnalis\u00e9s directement int\u00e9gr\u00e9s dans votre sol.&nbsp; En utilisant plusieurs granulats et un pochoir, il est possible de cr\u00e9er diff\u00e9rents dessins qui seront int\u00e9gr\u00e9s \u00e0 la construction du rev\u00eatement. C\u2019est une fa\u00e7on de profiter d\u2019un am\u00e9nagement qui vous ressemble.<\/p>\n<p><\/p>\n<p>Ce rev\u00eatement technique poss\u00e8de toutes les qualit\u00e9s requises pour \u00e9quiper les abords de votre piscine. Renseignez-vous quant \u00e0 toutes les possibilit\u00e9s qu\u2019il offre, vous pourriez m\u00eame avoir envie d\u2019en \u00e9quiper votre terrasse ou les all\u00e9es de votre jardin. <\/p>\n<p><\/p>\n<p>La s\u00e9curit\u00e9 et la protection de sa famille n\u2019ont pas de prix. Quand il est possible d\u2019allier les deux, en s\u2019assurant de faire un choix durable, il peut s\u2019av\u00e9rer rentable et int\u00e9ressant de se pencher sur la question.<\/p>\n<p><\/p>\n<ul>\n<li><a href=\"https:\/\/staging.resineo.com\/guides\/revetement-resine\/sol-piscine\/support\/\">Sur quel support poser une plage de piscine en r\u00e9sine de pierre<\/a><\/li>\n<li><a href=\"https:\/\/staging.resineo.com\/guides\/revetement-resine\/sol-piscine\/avantages\/\">Les avantages d&#8217;une plage de piscine en moquette de pierre<\/a><\/li>\n<li><a href=\"https:\/\/staging.resineo.com\/guides\/revetement-resine\/sol-piscine\/differences\/\">Diff\u00e9rence moquette de pierre\/carrelage (anti-glissance, etc&#8230;)<\/a><\/li>\n<\/ul>\t\t\t\t\t\t\t\t<\/div>\n\t\t\t\t<\/div>\n\t\t\t\t\t<\/div>\n\t\t<\/div>\n\t\t\t\t\t<\/div>\n\t\t<\/section>\n\t\t\t\t<\/div>\n\t\t","protected":false},"excerpt":{"rendered":"<p>Plusieurs types de rev\u00eatements sont utilis\u00e9s pour rev\u00eatir une plage de piscine. Le bois, la pierre, le b\u00e9ton, voire le carrelage sont les plus courants. Mais connaissez-vous la moquette de marbre ? Compte tenu du fait que le rev\u00eatement choisi doit \u00eatre \u00e0 la fois s\u00e9curisant et tr\u00e8s r\u00e9sistant, ce mat\u00e9riau est tout indiqu\u00e9 pour [&hellip;]<\/p>\n","protected":false},"author":1,"featured_media":0,"parent":1004,"menu_order":0,"comment_status":"closed","ping_status":"closed","template":"","meta":{"_uag_custom_page_level_css":"","footnotes":""},"class_list":["post-1067","page","type-page","status-publish","hentry","entry"],"uagb_featured_image_src":{"full":false,"thumbnail":false,"medium":false,"medium_large":false,"large":false,"1536x1536":false,"2048x2048":false,"ocean-thumb-m":false,"ocean-thumb-ml":false,"ocean-thumb-l":false},"uagb_author_info":{"display_name":"admin","author_link":"https:\/\/staging.resineo.com\/guides\/ch\/author\/agoralys\/"},"uagb_comment_info":0,"uagb_excerpt":"Plusieurs types de rev\u00eatements sont utilis\u00e9s pour rev\u00eatir une plage de piscine. Le bois, la pierre, le b\u00e9ton, voire le carrelage sont les plus courants. Mais connaissez-vous la moquette de marbre ? Compte tenu du fait que le rev\u00eatement choisi doit \u00eatre \u00e0 la fois s\u00e9curisant et tr\u00e8s r\u00e9sistant, ce mat\u00e9riau est tout indiqu\u00e9 pour&hellip;","_links":{"self":[{"href":"https:\/\/staging.resineo.com\/guides\/ch\/wp-json\/wp\/v2\/pages\/1067","targetHints":{"allow":["GET"]}}],"collection":[{"href":"https:\/\/staging.resineo.com\/guides\/ch\/wp-json\/wp\/v2\/pages"}],"about":[{"href":"https:\/\/staging.resineo.com\/guides\/ch\/wp-json\/wp\/v2\/types\/page"}],"author":[{"embeddable":true,"href":"https:\/\/staging.resineo.com\/guides\/ch\/wp-json\/wp\/v2\/users\/1"}],"replies":[{"embeddable":true,"href":"https:\/\/staging.resineo.com\/guides\/ch\/wp-json\/wp\/v2\/comments?post=1067"}],"version-history":[{"count":0,"href":"https:\/\/staging.resineo.com\/guides\/ch\/wp-json\/wp\/v2\/pages\/1067\/revisions"}],"up":[{"embeddable":true,"href":"https:\/\/staging.resineo.com\/guides\/ch\/wp-json\/wp\/v2\/pages\/1004"}],"wp:attachment":[{"href":"https:\/\/staging.resineo.com\/guides\/ch\/wp-json\/wp\/v2\/media?parent=1067"}],"curies":[{"name":"wp","href":"https:\/\/api.w.org\/{rel}","templated":true}]}}