{"id":1070,"date":"2019-09-05T15:43:02","date_gmt":"2019-09-05T15:43:02","guid":{"rendered":"https:\/\/staging.resineo.com\/guides\/revetement-resine\/sol-piscine\/equiper-plage-piscine\/"},"modified":"2024-05-30T12:39:01","modified_gmt":"2024-05-30T12:39:01","slug":"equiper-plage-piscine","status":"publish","type":"page","link":"https:\/\/staging.resineo.com\/guides\/ch\/revetement-resine\/sol-piscine\/equiper-plage-piscine\/","title":{"rendered":"Comment \u00e9quiper une plage de piscine d\u2019un rev\u00eatement en r\u00e9sine de pierre ?"},"content":{"rendered":"\t\t<div data-elementor-type=\"wp-post\" data-elementor-id=\"1070\" class=\"elementor elementor-1070 elementor-7\" data-elementor-post-type=\"page\">\n\t\t\t\t\t\t<section class=\"elementor-section elementor-top-section elementor-element elementor-element-5a94b1fd elementor-section-boxed elementor-section-height-default elementor-section-height-default\" data-id=\"5a94b1fd\" data-element_type=\"section\">\n\t\t\t\t\t\t<div class=\"elementor-container elementor-column-gap-default\">\n\t\t\t\t\t<div class=\"elementor-column elementor-col-100 elementor-top-column elementor-element elementor-element-a4053e\" data-id=\"a4053e\" data-element_type=\"column\">\n\t\t\t<div class=\"elementor-widget-wrap elementor-element-populated\">\n\t\t\t\t\t\t<div class=\"elementor-element elementor-element-7eb17cd elementor-widget elementor-widget-text-editor\" data-id=\"7eb17cd\" data-element_type=\"widget\" data-widget_type=\"text-editor.default\">\n\t\t\t\t<div class=\"elementor-widget-container\">\n\t\t\t\t\t\t\t\t\t<p>Avant de r\u00e9pondre \u00e0 cette question, il est important de d\u00e9finir si cette pose intervient dans le cadre d\u2019une cr\u00e9ation de plage de piscine ou d\u2019une r\u00e9novation. Il faut \u00e9galement savoir s\u2019il existe d\u00e9j\u00e0 un support sur lequel on peut appliquer le rev\u00eatement en r\u00e9sine de pierre et pr\u00eater attention \u00e0 son \u00e9tat pour s\u2019assurer de sa qualit\u00e9.<\/p><figure class=\"wp-block-image\"><img fetchpriority=\"high\" decoding=\"async\" width=\"650\" height=\"487\" class=\"wp-image-583\" src=\"https:\/\/staging.resineo.com\/guides\/wp-content\/uploads\/sites\/2\/2019\/10\/revetement-exterieur-plage-piscine.jpg\" alt=\"Revetement Exterieur Plage Piscine\" srcset=\"https:\/\/staging.resineo.com\/guides\/wp-content\/uploads\/sites\/2\/2019\/10\/revetement-exterieur-plage-piscine.jpg 650w, https:\/\/staging.resineo.com\/guides\/wp-content\/uploads\/sites\/2\/2019\/10\/revetement-exterieur-plage-piscine-300x225.jpg 300w\" sizes=\"(max-width: 650px) 100vw, 650px\" \/><\/figure><p>M\u00eame si un agglom\u00e9rat de pierre et de r\u00e9sine peut \u00eatre appliqu\u00e9 sur diff\u00e9rents types de supports, il est important de d\u00e9finir pr\u00e9cis\u00e9ment la nature des travaux avant de d\u00e9buter le chantier. Selon la nature des \u00e9l\u00e9ments d\u00e9j\u00e0 en place et selon leur \u00e9tat, certains points doivent \u00eatre pris en compte pour s\u2019assurer d\u2019une r\u00e9alisation durable, garantissant aux utilisateurs de la <a href=\"https:\/\/staging.resineo.com\/univers-particuliers\/univers-piscine\/\">piscine<\/a> d\u2019\u00e9voluer aux abords en toute s\u00e9curit\u00e9.<\/p><h2>Quelle est la nature du support existant<\/h2><p>Il est important de souligner le fait qu\u2019une r\u00e9sine de pierre (de marbre ou de quartz) peut \u00eatre mise en place sur un sol en carrelage (s&#8217;il est sain), sur une dalle de b\u00e9ton ou sur gravier stabilis\u00e9 (GNT). Toutefois, il est n\u00e9cessaire que ces sols soient dans un \u00e9tat propice \u00e0 supporter correctement la couverture qui leur sera appos\u00e9e.<\/p><h3>Sol en carrelage<\/h3><p>Selon son anciennet\u00e9 et l\u2019entretien dont il a b\u00e9n\u00e9fici\u00e9, il se peut que certains carreaux aient p\u00e2ti des passages r\u00e9p\u00e9t\u00e9s, de m\u00eame que les joints peuvent avoir souffert de la chaleur et n\u2019\u00eatre plus aussi \u00e9tanches et solides qu\u2019au d\u00e9part.<\/p><p>Il va donc \u00eatre n\u00e9cessaire de v\u00e9rifier l\u2019int\u00e9grit\u00e9 et l\u2019\u00e9tat de l\u2019ensemble du sol avant toute autre op\u00e9ration. Dans le cas d\u2019un sol en mauvais \u00e9tat, une d\u00e9pose du carrelage et\u00a0 ragr\u00e9age permettront de restituer l\u2019homog\u00e9n\u00e9it\u00e9 \u00e0 l\u2019ensemble, garantissant ainsi l\u2019efficacit\u00e9 et la qualit\u00e9 de la couverture en r\u00e9sine de pierre.<\/p><p>Une fois cette \u00e9tape pass\u00e9e, le support sera ensuite pr\u00e9par\u00e9 \u00e0 l\u2019aide d\u2019une r\u00e9sine \u00e9poxy qui jouera le r\u00f4le de primaire d\u2019accrochage. Le granulat m\u00e9lang\u00e9 \u00e0 la r\u00e9sine polyur\u00e9thane sera ensuite appliqu\u00e9 une fois cette couche bien s\u00e8che.<\/p><h3>La pose sur dalle en b\u00e9ton<\/h3><p>L\u00e0 encore, la surface qui sera recouverte de r\u00e9sine de marbre ou de quartz devra \u00eatre en bon \u00e9tat. Toute fissure pourrait mettre \u00e0 mal la solidit\u00e9 et l\u2019homog\u00e9n\u00e9it\u00e9 du rev\u00eatement final.<\/p><p>Les professionnels en charge de l\u2019ex\u00e9cution des travaux devront donc s\u2019assurer de l\u2019\u00e9tat de la dalle, qu\u2019elle soit exempte de fissure, sous peine de devoir l\u00e0 aussi faire un ragr\u00e9age de r\u00e9paration. Ce n\u2019est qu\u2019apr\u00e8s cette \u00e9tape que la surface sera enduite de r\u00e9sine \u00e9poxy pour la pr\u00e9parer \u00e0 recevoir le rev\u00eatement final.<\/p><h3>La pose sur gravier stabilis\u00e9 (GNT)<\/h3><p>La couche de gravier tenue de supporter le rev\u00eatement en r\u00e9sine de pierre devra \u00eatre suffisamment \u00e9paisse et stable. Le gravier devra \u00eatre parfaitement tass\u00e9 et dense, pour permettre \u00e0 la couverture de ne pas fissurer dans le temps.<\/p><p>Il peut donc s\u2019av\u00e9rer n\u00e9cessaire de tasser l\u2019ensemble de la surface afin de lui donner la stabilit\u00e9 n\u00e9cessaire \u00e0 l\u2019ex\u00e9cution des travaux. Ainsi pr\u00e9par\u00e9 et stabilis\u00e9, l\u2019ensemble pourra supporter le granulat de pierre et la r\u00e9sine.<\/p><p><strong>A noter<\/strong> : <em>Si jusqu\u2019alors la plage de piscine \u00e9tait \u00e9quip\u00e9e d\u2019un rev\u00eatement en bois ou de lames en PVC, il sera n\u00e9cessaire de retirer l\u2019ensemble pour ensuite pouvoir installer la r\u00e9sine de pierre. G\u00e9n\u00e9ralement pos\u00e9 sur une surface dure et stable, il faudra que cette derni\u00e8re soit mise \u00e0 nu, puis pr\u00e9par\u00e9e.<\/em><\/p><figure class=\"wp-block-image\"><img decoding=\"async\" width=\"650\" height=\"365\" class=\"wp-image-570\" src=\"https:\/\/staging.resineo.com\/guides\/wp-content\/uploads\/sites\/2\/2019\/10\/revetement-antiderapant-piscine.jpg\" alt=\"Revetement Antiderapant Piscine\" srcset=\"https:\/\/staging.resineo.com\/guides\/wp-content\/uploads\/sites\/2\/2019\/10\/revetement-antiderapant-piscine.jpg 650w, https:\/\/staging.resineo.com\/guides\/wp-content\/uploads\/sites\/2\/2019\/10\/revetement-antiderapant-piscine-300x168.jpg 300w\" sizes=\"(max-width: 650px) 100vw, 650px\" \/><\/figure><h2>La qualit\u00e9 et la durabilit\u00e9 de la plage de piscine en r\u00e9sine de pierre d\u00e9pendent de la r\u00e9alisation des travaux<\/h2><p>Compte tenu de la technicit\u00e9 du produit et des qualit\u00e9s que l\u2019on en attend, il est important que la r\u00e9alisation des travaux soit effectu\u00e9e par une soci\u00e9t\u00e9 ou des professionnels habilit\u00e9s \u00e0 manipuler et installer ce type de rev\u00eatement.<\/p><p>La r\u00e9sine de marbre ou de quartz est notamment appr\u00e9ci\u00e9e pour \u00e9quiper les abords de piscine du fait de son fort pouvoir drainant. L\u2019eau ne s\u2019accumule pas en surface. Elle est imm\u00e9diatement drain\u00e9e puis restitu\u00e9e au sol. De plus, ce rev\u00eatement rend le sol antid\u00e9rapant. M\u00eame les pieds mouill\u00e9s, il est possible d\u2019y marcher en limitant le risque de <a href=\"https:\/\/staging.resineo.com\/guides\/revetement-resine\/sol-piscine\/eviter-glissure\/\">glisser<\/a>. Ce sont pr\u00e9cis\u00e9ment les qualit\u00e9s que l\u2019on attend d\u2019un mat\u00e9riau \u00e9quipant les abords d\u2019une piscine pour garantir la s\u00e9curit\u00e9 des utilisateurs.<\/p><p>Il est donc primordial que la qualit\u00e9 de la r\u00e9alisation soit parfaitement conforme aux consignes \u00e9dict\u00e9es par le fabricant. Il faut ma\u00eetriser tous les param\u00e8tres relatifs \u00e0 l\u2019ex\u00e9cution du chantier. C\u2019est la raison pour laquelle il est recommand\u00e9 de faire appel \u00e0 des professionnels qualifi\u00e9s.<\/p><p>Plusieurs points seront importants \u00e0 respecter<\/p><ul><li>L\u2019int\u00e9grit\u00e9 et la pr\u00e9paration du support.<\/li><li>L\u2019\u00e9ventuelle cr\u00e9ation d\u2019une pente suffisante pour garantir un bon drainage et une bonne \u00e9vacuation de l\u2019eau.<\/li><li>La pose de tous les \u00e9l\u00e9ments qui permettent de d\u00e9limiter le rev\u00eatement (r\u00e9glettes d\u2019arr\u00eat, corni\u00e8res m\u00e9talliques de finition, etc.).<\/li><li>Les bonnes proportions de chaque \u00e9l\u00e9ment composant ce mat\u00e9riau (r\u00e9sine polyur\u00e9thane bi-composant, granulat min\u00e9ral).<\/li><li>La pose et le lissage de l\u2019ensemble pour une surface agr\u00e9able au toucher et antid\u00e9rapante.<\/li><\/ul><p>Chacun de ces facteurs est d\u00e9cisifs quant \u00e0 la qualit\u00e9 finale du rev\u00eatement de sol en r\u00e9sine de pierre.<\/p><p><strong>A noter<\/strong> : <em>Les abords de piscines sont des endroits expos\u00e9s au soleil direct. Il est donc important que la r\u00e9sine ad\u00e9quate soit utilis\u00e9e pour composer le rev\u00eatement. Elle doit garantir une bonne protection anti-UV, ainsi qu\u2019une bonne coh\u00e9sion du granulat qui ne devra pas p\u00e2tir de la chaleur.<\/em><\/p><figure class=\"wp-block-image\"><img decoding=\"async\" class=\"aligncenter wp-image-561 size-full\" src=\"https:\/\/staging.resineo.com\/guides\/wp-content\/uploads\/sites\/2\/2019\/10\/resine-granulat-bord-pisicne.jpg\" alt=\"Resine Granulat Bord Pisicne\" width=\"650\" height=\"488\" srcset=\"https:\/\/staging.resineo.com\/guides\/wp-content\/uploads\/sites\/2\/2019\/10\/resine-granulat-bord-pisicne.jpg 650w, https:\/\/staging.resineo.com\/guides\/wp-content\/uploads\/sites\/2\/2019\/10\/resine-granulat-bord-pisicne-300x225.jpg 300w\" sizes=\"(max-width: 650px) 100vw, 650px\" \/><\/figure><h2>Il ne faut pas n\u00e9gliger l\u2019aspect d\u00e9coratif de ce mat\u00e9riau<\/h2><p>La r\u00e9sine de pierre permet de mettre en valeur l\u2019espace qu\u2019elle \u00e9quipe. Pour la cr\u00e9ation ou la r\u00e9novation d\u2019une plage de piscine, c\u2019est l\u2019occasion et le moyen de d\u00e9corer l\u2019ensemble avec style.<\/p><p>L\u2019esth\u00e9tique haut de gamme de ce <a href=\"https:\/\/staging.resineo.com\/guides\/revetement-resine\/sol-piscine\/meilleur-revetement\/\">mat\u00e9riau<\/a> permet la cr\u00e9ation d\u2019un environnement aussi agr\u00e9able que s\u00fbr. La palette de coloris disponible autorise des cr\u00e9ations qui mettront le bassin en valeur, tout en s\u2019accordant \u00e0 une terrasse ou au reste de la d\u00e9coration ext\u00e9rieure de la maison par exemple.<\/p><p>Le choix et la qualit\u00e9 du granulat min\u00e9ral compte beaucoup en termes d\u2019esth\u00e9tique. En optant pour le marbre ou le quartz, on peut faire son choix parmi de nombreux coloris, tout en s\u2019assurant de la duret\u00e9 et de la r\u00e9sistance du rev\u00eatement. De plus, en combinant plusieurs granulats, il est tout \u00e0 fait envisageable de cr\u00e9er des motifs personnalis\u00e9s, qui donneront une touche de style, pour des finitions haut de gamme.<\/p><p>Il est \u00e9galement possible de faire en sorte que le rev\u00eatement remplace les margelles et borde litt\u00e9ralement la piscine. L\u2019effet visuel est notable et permet de mettre le bassin en valeur. De m\u00eame, il est possible d\u2019\u00e9quiper l\u2019escalier qui m\u00e8ne \u00e0 l\u2019eau. L\u00e0 encore, en termes d\u2019esth\u00e9tique, ce type de r\u00e9novation permet d\u2019ajouter une v\u00e9ritable plus-value \u00e0 l\u2019ensemble.<\/p><p>Afin d\u2019\u00e9quiper sa piscine d\u2019une nouvelle plage, parfaitement int\u00e9gr\u00e9e \u00e0 l\u2019ensemble de votre maison et de votre jardin, tout en profitant d\u2019un espace s\u00fbr, facile d\u2019entretien et durable, la r\u00e9sine de pierre est un mat\u00e9riau tout indiqu\u00e9. Attention cependant \u00e0 confier la r\u00e9alisation des travaux \u00e0 une soci\u00e9t\u00e9 ou \u00e0 des professionnels comp\u00e9tents et habilit\u00e9s \u00e0 travailler avec ce rev\u00eatement de sols. Ces produits demandent un v\u00e9ritable savoir-faire et une parfaite ma\u00eetrise de toutes les contraintes techniques \u00e0 respecter pour que la r\u00e9alisation soit aussi durable qu\u2019esth\u00e9tique. Votre confort d\u2019utilisation en d\u00e9pend, de m\u00eame que la s\u00e9curit\u00e9 des gens amen\u00e9s \u00e0 \u00e9voluer aux abords de la piscine (pas antid\u00e9rapant mais anti glissant).<\/p><ul><li><a href=\"https:\/\/staging.resineo.com\/guides\/revetement-resine\/sol-piscine\/support\/\">Sur quel support poser une plage de piscine en r\u00e9sine de pierre<\/a><\/li><li><a href=\"https:\/\/staging.resineo.com\/guides\/revetement-resine\/sol-piscine\/avantages\/\">Les avantages d&#8217;une plage de piscine en moquette de pierre<\/a><\/li><li><a href=\"https:\/\/staging.resineo.com\/guides\/revetement-resine\/sol-piscine\/differences\/\">Diff\u00e9rence moquette de pierre\/carrelage (anti-glissance, etc&#8230;)<\/a><\/li><\/ul>\t\t\t\t\t\t\t\t<\/div>\n\t\t\t\t<\/div>\n\t\t\t\t\t<\/div>\n\t\t<\/div>\n\t\t\t\t\t<\/div>\n\t\t<\/section>\n\t\t\t\t<\/div>\n\t\t","protected":false},"excerpt":{"rendered":"<p>Avant de r\u00e9pondre \u00e0 cette question, il est important de d\u00e9finir si cette pose intervient dans le cadre d\u2019une cr\u00e9ation de plage de piscine ou d\u2019une r\u00e9novation. Il faut \u00e9galement savoir s\u2019il existe d\u00e9j\u00e0 un support sur lequel on peut appliquer le rev\u00eatement en r\u00e9sine de pierre et pr\u00eater attention \u00e0 son \u00e9tat pour s\u2019assurer [&hellip;]<\/p>\n","protected":false},"author":1,"featured_media":0,"parent":1004,"menu_order":0,"comment_status":"closed","ping_status":"closed","template":"","meta":{"_uag_custom_page_level_css":"","footnotes":""},"class_list":["post-1070","page","type-page","status-publish","hentry","entry"],"uagb_featured_image_src":{"full":false,"thumbnail":false,"medium":false,"medium_large":false,"large":false,"1536x1536":false,"2048x2048":false,"ocean-thumb-m":false,"ocean-thumb-ml":false,"ocean-thumb-l":false},"uagb_author_info":{"display_name":"admin","author_link":"https:\/\/staging.resineo.com\/guides\/ch\/author\/agoralys\/"},"uagb_comment_info":0,"uagb_excerpt":"Avant de r\u00e9pondre \u00e0 cette question, il est important de d\u00e9finir si cette pose intervient dans le cadre d\u2019une cr\u00e9ation de plage de piscine ou d\u2019une r\u00e9novation. Il faut \u00e9galement savoir s\u2019il existe d\u00e9j\u00e0 un support sur lequel on peut appliquer le rev\u00eatement en r\u00e9sine de pierre et pr\u00eater attention \u00e0 son \u00e9tat pour s\u2019assurer&hellip;","_links":{"self":[{"href":"https:\/\/staging.resineo.com\/guides\/ch\/wp-json\/wp\/v2\/pages\/1070","targetHints":{"allow":["GET"]}}],"collection":[{"href":"https:\/\/staging.resineo.com\/guides\/ch\/wp-json\/wp\/v2\/pages"}],"about":[{"href":"https:\/\/staging.resineo.com\/guides\/ch\/wp-json\/wp\/v2\/types\/page"}],"author":[{"embeddable":true,"href":"https:\/\/staging.resineo.com\/guides\/ch\/wp-json\/wp\/v2\/users\/1"}],"replies":[{"embeddable":true,"href":"https:\/\/staging.resineo.com\/guides\/ch\/wp-json\/wp\/v2\/comments?post=1070"}],"version-history":[{"count":3,"href":"https:\/\/staging.resineo.com\/guides\/ch\/wp-json\/wp\/v2\/pages\/1070\/revisions"}],"predecessor-version":[{"id":3848,"href":"https:\/\/staging.resineo.com\/guides\/ch\/wp-json\/wp\/v2\/pages\/1070\/revisions\/3848"}],"up":[{"embeddable":true,"href":"https:\/\/staging.resineo.com\/guides\/ch\/wp-json\/wp\/v2\/pages\/1004"}],"wp:attachment":[{"href":"https:\/\/staging.resineo.com\/guides\/ch\/wp-json\/wp\/v2\/media?parent=1070"}],"curies":[{"name":"wp","href":"https:\/\/api.w.org\/{rel}","templated":true}]}}