{"id":949,"date":"2019-09-09T08:38:53","date_gmt":"2019-09-09T08:38:53","guid":{"rendered":"https:\/\/staging.resineo.com\/guides\/les-guides-resineo\/"},"modified":"2021-02-11T07:54:00","modified_gmt":"2021-02-11T07:54:00","slug":"guides","status":"publish","type":"page","link":"https:\/\/staging.resineo.com\/guides\/ch\/","title":{"rendered":"Les Guides R\u00e9sineo"},"content":{"rendered":"\n<h2 class=\"wp-block-heading\"><a href=\"https:\/\/staging.resineo.com\/guides\/ch\/revetement-resine\/\">Rev\u00eatement de sol ext\u00e9rieur \u00e0 base de r\u00e9sine<\/a><\/h2>\n\n\n\n<h2 class=\"wp-block-heading\"><a href=\"https:\/\/staging.resineo.com\/guides\/ch\/revetement-resine\/moquette-pierre\/\">Moquette de pierre<\/a><\/h2>\n\n\n\n<p><a href=\"https:\/\/staging.resineo.com\/guides\/ch\/revetement-resine\/moquette-pierre\/avantages\/\">Avantages moquette de pierre<\/a><\/p>\n\n\n\n<p><a href=\"https:\/\/staging.resineo.com\/guides\/ch\/revetement-resine\/moquette-pierre\/entretien\/\">Entretien moquette de pierre<\/a><\/p>\n\n\n\n<p><a href=\"https:\/\/staging.resineo.com\/guides\/ch\/revetement-resine\/moquette-pierre\/choix-pierre\/\">Quelle pierre choisir pour une moquette de pierre ?<\/a><\/p>\n\n\n\n<p><a href=\"https:\/\/staging.resineo.com\/guides\/ch\/revetement-resine\/moquette-pierre\/fabrication\/\">Fabrication d&#8217;une moquette de pierre<\/a><\/p>\n\n\n\n<p><a href=\"https:\/\/staging.resineo.com\/guides\/ch\/revetement-resine\/moquette-pierre\/usage\/\">Usage moquette de pierre<\/a><\/p>\n\n\n\n<p><a href=\"https:\/\/staging.resineo.com\/guides\/ch\/revetement-resine\/moquette-pierre\/pouvoir-drainant\/\">Moquette de pierre et pouvoir drainant<\/a><\/p>\n\n\n\n<h2 class=\"wp-block-heading\"><a href=\"https:\/\/staging.resineo.com\/guides\/ch\/revetement-resine\/tapis-de-pierre\/\">Tapis de pierre<\/a><\/h2>\n\n\n\n<p><a href=\"https:\/\/staging.resineo.com\/guides\/ch\/revetement-resine\/tapis-de-pierre\/terrasse-et-piscine\/\">Tapis de pierre pour terrasse et piscine<\/a><\/p>\n\n\n\n<p><a href=\"https:\/\/staging.resineo.com\/guides\/ch\/revetement-resine\/tapis-de-pierre\/fabrication\/\">Fabrication d&#8217;un tapis de pierre<\/a><\/p>\n\n\n\n<p><a href=\"https:\/\/staging.resineo.com\/guides\/ch\/revetement-resine\/tapis-de-pierre\/pierre-a-utiliser\/\">Type de pierre \u00e0 utiliser pour un tapis de pierre ?<\/a><\/p>\n\n\n\n<p><a href=\"https:\/\/staging.resineo.com\/guides\/ch\/revetement-resine\/tapis-de-pierre\/entretien\/\">L&#8217;entretien du tapis de pierre<\/a><\/p>\n\n\n\n<p><a href=\"https:\/\/staging.resineo.com\/guides\/ch\/revetement-resine\/tapis-de-pierre\/tapis-de-marbre\/\">Le tapis de marbre<\/a><\/p>\n\n\n\n<h2 class=\"wp-block-heading\"><a href=\"https:\/\/staging.resineo.com\/guides\/ch\/revetement-resine\/allee-carrossable\/\">Rev\u00eatement de sol r\u00e9sine pour all\u00e9e carrossable<\/a><\/h2>\n\n\n\n<p><a href=\"https:\/\/staging.resineo.com\/guides\/ch\/revetement-resine\/allee-carrossable\/equiper\/\">Pourquoi choisir un rev\u00eatement de sol \u00e0 base de r\u00e9sine pour \u00e9quiper une all\u00e9e carrossable ?<\/a><\/p>\n\n\n\n<p>&#8212; <a href=\"https:\/\/staging.resineo.com\/guides\/ch\/revetement-resine\/allee-carrossable\/equiper\/piste-cyclable\/\">Rev\u00eatement de sol en r\u00e9sine drainant pour piste cyclable<\/a><\/p>\n\n\n\n<p>&#8212; <a href=\"https:\/\/staging.resineo.com\/guides\/ch\/revetement-resine\/allee-carrossable\/equiper\/camping\/\">Rev\u00eatement de sol r\u00e9sine pour all\u00e9e carrossable de camping et emplacements<\/a><\/p>\n\n\n\n<p><a href=\"https:\/\/staging.resineo.com\/guides\/ch\/revetement-resine\/allee-carrossable\/comment-choisir\/\">Comment s&#8217;assurer de choisir un rev\u00eatement drainant pour son all\u00e9e carrossable ?<\/a><\/p>\n\n\n\n<p><a href=\"https:\/\/staging.resineo.com\/guides\/ch\/revetement-resine\/allee-carrossable\/gravier\/\">Le gravier r\u00e9sine carrossable<\/a><\/p>\n\n\n\n<p><a href=\"https:\/\/staging.resineo.com\/guides\/ch\/revetement-resine\/allee-carrossable\/travaux\/\">Quels travaux pr\u00e9voir pour le rev\u00eatement d&#8217;une all\u00e9e carrossable ?<\/a><\/p>\n\n\n\n<p><a href=\"https:\/\/staging.resineo.com\/guides\/ch\/revetement-resine\/allee-carrossable\/choisir-revetement\/\">Pourquoi choisir un rev\u00eatement \u00e0 base de r\u00e9sine pour une all\u00e9e carrossable ?<\/a><\/p>\n\n\n\n<h2 class=\"wp-block-heading\"><a href=\"https:\/\/staging.resineo.com\/guides\/ch\/revetement-resine\/terrasse-exterieure\/\">Rev\u00eatement de sol r\u00e9sine pour l&#8217;am\u00e9nagement de terrasses<\/a><\/h2>\n\n\n\n<p><a href=\"https:\/\/staging.resineo.com\/guides\/ch\/revetement-resine\/terrasse-exterieure\/choix-du-revetement\/\">Quel type de rev\u00eatement terrasse choisir ?<\/a><\/p>\n\n\n\n<p><a href=\"https:\/\/staging.resineo.com\/guides\/ch\/revetement-resine\/terrasse-exterieure\/pourquoi-un-revetement\/\">Pourquoi choisir un rev\u00eatement de sol r\u00e9sine pour sa terrasse ?<\/a><\/p>\n\n\n\n<p><a href=\"https:\/\/staging.resineo.com\/guides\/ch\/revetement-resine\/terrasse-exterieure\/comment-choisir\/\">Comment choisir un rev\u00eatement drainant pour sa terrasse ?<\/a><\/p>\n\n\n\n<p><a href=\"https:\/\/staging.resineo.com\/guides\/ch\/revetement-resine\/terrasse-exterieure\/differences-resine-carrelage\/\">Pour \u00e9quiper une terrasse, quelles sont les diff\u00e9rences entre un rev\u00eatement de sol en r\u00e9sine de pierre et un carrelage ?<\/a><\/p>\n\n\n\n<p><a href=\"https:\/\/staging.resineo.com\/guides\/ch\/revetement-resine\/terrasse-exterieure\/differences-resine-beton\/\">Rev\u00eatement de sol en r\u00e9sine et rev\u00eatement b\u00e9ton : quelles sont les diff\u00e9rences ?<\/a><\/p>\n\n\n\n<h2 class=\"wp-block-heading\"><a href=\"https:\/\/staging.resineo.com\/guides\/ch\/revetement-resine\/resine-sol-exterieur\/\">R\u00e9sine sol ext\u00e9rieur<\/a><\/h2>\n\n\n\n<p><a href=\"https:\/\/staging.resineo.com\/guides\/ch\/revetement-resine\/resine-sol-exterieur\/revetement-drainant\/\">Rev\u00eatement de sol r\u00e9sine drainant<\/a><\/p>\n\n\n\n<p><a href=\"https:\/\/staging.resineo.com\/guides\/ch\/revetement-resine\/resine-sol-exterieur\/avantages\/\">Les avantages d&#8217;un rev\u00eatement de sol ext\u00e9rieur en r\u00e9sine<\/a><\/p>\n\n\n\n<p><a href=\"https:\/\/staging.resineo.com\/guides\/ch\/revetement-resine\/resine-sol-exterieur\/duree-de-vie\/\">Quelle est la dur\u00e9e de vie d\u2019un rev\u00eatement de sol ext\u00e9rieur en r\u00e9sine de pierre ?<\/a><\/p>\n\n\n\n<p><a href=\"https:\/\/staging.resineo.com\/guides\/ch\/revetement-resine\/resine-sol-exterieur\/granulat\/\">Quel granulat de pierre est associ\u00e9 \u00e0 la r\u00e9sine de sol ext\u00e9rieure ?<\/a><\/p>\n\n\n\n<h2 class=\"wp-block-heading\"><a href=\"https:\/\/staging.resineo.com\/guides\/ch\/revetement-resine\/sol-piscine\/\">Sol r\u00e9sine : une solution id\u00e9ale pour l&#8217;am\u00e9nagement d&#8217;un tour de piscine<\/a><\/h2>\n\n\n\n<p><a href=\"https:\/\/staging.resineo.com\/guides\/ch\/revetement-resine\/sol-piscine\/equiper-plage-piscine\/\">Comment \u00e9quiper une plage de piscine d\u2019un rev\u00eatement en r\u00e9sine de pierre ?<\/a><\/p>\n\n\n\n<p><a href=\"https:\/\/staging.resineo.com\/guides\/ch\/revetement-resine\/sol-piscine\/eviter-glissure\/\">Comment \u00e9viter que votre plage de piscine soit <\/a><a href=\"https:\/\/staging.resineo.com\/guides\/ch\/revetement-resine\/sol-piscine\/eviter-glissure\/\">glissante <\/a><a href=\"https:\/\/staging.resineo.com\/guides\/ch\/revetement-resine\/sol-piscine\/eviter-glissure\/\">?<\/a><\/p>\n\n\n\n<p><a href=\"https:\/\/staging.resineo.com\/guides\/ch\/revetement-resine\/sol-piscine\/meilleur-revetement\/\">Quel est le meilleur mat\u00e9riau pour fabriquer une plage de piscine ?<\/a><\/p>\n\n\n\n<p><a href=\"https:\/\/staging.resineo.com\/guides\/ch\/revetement-resine\/sol-piscine\/support\/\">Sur quel support poser une plage de piscine en r\u00e9sine de pierre ?<\/a><\/p>\n\n\n\n<p><a href=\"https:\/\/staging.resineo.com\/guides\/ch\/revetement-resine\/sol-piscine\/avantages\/\">Les avantages d&#8217;une plage de piscine en moquette de pierre<\/a><\/p>\n\n\n\n<p><a href=\"https:\/\/staging.resineo.com\/guides\/ch\/revetement-resine\/sol-piscine\/differences\/\">Diff\u00e9rence moquette de pierre\/carrelage (anti-glissance, etc&#8230;)<\/a><\/p>\n","protected":false},"excerpt":{"rendered":"<p>Rev\u00eatement de sol ext\u00e9rieur \u00e0 base de r\u00e9sine Moquette de pierre Avantages moquette de pierre Entretien moquette de pierre Quelle pierre choisir pour une moquette de pierre ? Fabrication d&#8217;une moquette de pierre Usage moquette de pierre Moquette de pierre et pouvoir drainant Tapis de pierre Tapis de pierre pour terrasse et piscine Fabrication d&#8217;un [&hellip;]<\/p>\n","protected":false},"author":1,"featured_media":0,"parent":0,"menu_order":0,"comment_status":"closed","ping_status":"closed","template":"","meta":{"_uag_custom_page_level_css":"","footnotes":""},"class_list":["post-949","page","type-page","status-publish","hentry","entry"],"uagb_featured_image_src":{"full":false,"thumbnail":false,"medium":false,"medium_large":false,"large":false,"1536x1536":false,"2048x2048":false,"ocean-thumb-m":false,"ocean-thumb-ml":false,"ocean-thumb-l":false},"uagb_author_info":{"display_name":"admin","author_link":"https:\/\/staging.resineo.com\/guides\/ch\/author\/agoralys\/"},"uagb_comment_info":0,"uagb_excerpt":"Rev\u00eatement de sol ext\u00e9rieur \u00e0 base de r\u00e9sine Moquette de pierre Avantages moquette de pierre Entretien moquette de pierre Quelle pierre choisir pour une moquette de pierre ? Fabrication d&#8217;une moquette de pierre Usage moquette de pierre Moquette de pierre et pouvoir drainant Tapis de pierre Tapis de pierre pour terrasse et piscine Fabrication d&#8217;un&hellip;","_links":{"self":[{"href":"https:\/\/staging.resineo.com\/guides\/ch\/wp-json\/wp\/v2\/pages\/949","targetHints":{"allow":["GET"]}}],"collection":[{"href":"https:\/\/staging.resineo.com\/guides\/ch\/wp-json\/wp\/v2\/pages"}],"about":[{"href":"https:\/\/staging.resineo.com\/guides\/ch\/wp-json\/wp\/v2\/types\/page"}],"author":[{"embeddable":true,"href":"https:\/\/staging.resineo.com\/guides\/ch\/wp-json\/wp\/v2\/users\/1"}],"replies":[{"embeddable":true,"href":"https:\/\/staging.resineo.com\/guides\/ch\/wp-json\/wp\/v2\/comments?post=949"}],"version-history":[{"count":0,"href":"https:\/\/staging.resineo.com\/guides\/ch\/wp-json\/wp\/v2\/pages\/949\/revisions"}],"wp:attachment":[{"href":"https:\/\/staging.resineo.com\/guides\/ch\/wp-json\/wp\/v2\/media?parent=949"}],"curies":[{"name":"wp","href":"https:\/\/api.w.org\/{rel}","templated":true}]}}