{"id":994,"date":"2019-09-06T09:29:37","date_gmt":"2019-09-06T09:29:37","guid":{"rendered":"https:\/\/staging.resineo.com\/guides\/revetement-resine\/terrasse-exterieure\/"},"modified":"2024-05-30T12:48:18","modified_gmt":"2024-05-30T12:48:18","slug":"terrasse-exterieure","status":"publish","type":"page","link":"https:\/\/staging.resineo.com\/guides\/ch\/revetement-resine\/terrasse-exterieure\/","title":{"rendered":"Rev\u00eatement de sol en r\u00e9sine pour am\u00e9nagement de terrasse ext\u00e9rieure"},"content":{"rendered":"\t\t<div data-elementor-type=\"wp-post\" data-elementor-id=\"994\" class=\"elementor elementor-994 elementor-146\" data-elementor-post-type=\"page\">\n\t\t\t\t\t\t<section class=\"elementor-section elementor-top-section elementor-element elementor-element-4beef630 elementor-section-boxed elementor-section-height-default elementor-section-height-default\" data-id=\"4beef630\" data-element_type=\"section\">\n\t\t\t\t\t\t<div class=\"elementor-container elementor-column-gap-default\">\n\t\t\t\t\t<div class=\"elementor-column elementor-col-100 elementor-top-column elementor-element elementor-element-6fa43e60\" data-id=\"6fa43e60\" data-element_type=\"column\">\n\t\t\t<div class=\"elementor-widget-wrap elementor-element-populated\">\n\t\t\t\t\t\t<div class=\"elementor-element elementor-element-389ba2cc elementor-widget elementor-widget-text-editor\" data-id=\"389ba2cc\" data-element_type=\"widget\" data-widget_type=\"text-editor.default\">\n\t\t\t\t<div class=\"elementor-widget-container\">\n\t\t\t\t\t\t\t\t\t<p>\u00a0<\/p><p><span style=\"font-weight: 400;\">Vous souhaitez am\u00e9nager <a href=\"https:\/\/staging.resineo.com\/univers-particuliers\/revetement-terrasse\/\">une terrasse ext\u00e9rieure<\/a> ou entamer la r\u00e9novation d\u2019une surface existante ? L\u2019utilisation d\u2019un <\/span><b>rev\u00eatement en r\u00e9sine<\/b><span style=\"font-weight: 400;\">, \u00e9galement appel\u00e9 tapis de pierre, pourrait \u00eatre la solution pour mener \u00e0 bien vos travaux.<\/span><\/p><p>\u00a0<\/p><figure class=\"wp-block-image\"><img fetchpriority=\"high\" decoding=\"async\" width=\"650\" height=\"487\" class=\"wp-image-596\" src=\"https:\/\/staging.resineo.com\/guides\/wp-content\/uploads\/sites\/2\/2019\/10\/revetement-granulat-resineo-restaurant.jpg\" alt=\"Revetement Granulat Resineo Restaurant\" srcset=\"https:\/\/staging.resineo.com\/guides\/wp-content\/uploads\/sites\/2\/2019\/10\/revetement-granulat-resineo-restaurant.jpg 650w, https:\/\/staging.resineo.com\/guides\/wp-content\/uploads\/sites\/2\/2019\/10\/revetement-granulat-resineo-restaurant-300x225.jpg 300w\" sizes=\"(max-width: 650px) 100vw, 650px\" \/><\/figure><p>\u00a0<\/p><p><span style=\"font-weight: 400;\">Ce rev\u00eatement est constitu\u00e9 de compos\u00e9s min\u00e9raux li\u00e9s entre eux par une\u00a0<a href=\"https:\/\/staging.resineo.com\/guides\/revetement-resine\/\">r\u00e9sine<\/a> sp\u00e9cifiquement s\u00e9lectionn\u00e9e, qui le rendent \u00e0 la fois r\u00e9sistant, durable et drainant. Toutefois, ses propri\u00e9t\u00e9s d\u00e9pendent de la qualit\u00e9 des mat\u00e9riaux qui le composent, ainsi que de l\u2019ex\u00e9cution des travaux de pose.<\/span><\/p><p>\u00a0<\/p><p><span style=\"font-weight: 400;\">Quels mat\u00e9riaux faut-il privil\u00e9gier pour la fabrication d&#8217;un rev\u00eatement drainant ?\u00a0 Comment s\u2019assurer de leur qualit\u00e9\u00a0? Quels avantages tire-t-on de la pose de ce mat\u00e9riau pour \u00e9quiper une terrasse ext\u00e9rieure\u00a0?<\/span><\/p><p>\u00a0<\/p><h2><span style=\"font-weight: 400;\">Une terrasse en tapis de pierre\u00a0: m\u00e9lange de mati\u00e8re min\u00e9rale et de r\u00e9sine<\/span><\/h2><p>\u00a0<\/p><p><span style=\"font-weight: 400;\">Un tapis de pierre \u00e0 base de r\u00e9sine est un produit parfaitement adapt\u00e9 pour am\u00e9nager la terrasse d\u2019une maison, <a href=\"https:\/\/staging.resineo.com\/guides\/revetement-resine\/sol-piscine\/\">le tour de votre piscine<\/a>, ou tout autre surface ext\u00e9rieure demandant d\u2019\u00eatre recouverte.\u00a0<\/span><\/p><p>\u00a0<\/p><p><span style=\"font-weight: 400;\">Ce rev\u00eatement de sol est indiqu\u00e9 pour le remplacement d&#8217;un ancien carrelage, d\u2019une dalle de b\u00e9ton, voire m\u00eame pos\u00e9 sur du gravier compact\u00e9 (GNT). Sa r\u00e9sistance aux intemp\u00e9ries et sa robustesse en font un mat\u00e9riau de choix, pens\u00e9 pour r\u00e9sister plusieurs d\u00e9cennies (sous r\u00e9serve de travaux de pose correctement r\u00e9alis\u00e9s, et d\u2019un entretien r\u00e9gulier).<\/span><\/p><p>\u00a0<\/p><h2><span style=\"font-weight: 400;\">Le marbre, le quartz sont les min\u00e9raux utilis\u00e9s pour cr\u00e9er un tapis de pierre<\/span><\/h2><p>\u00a0<\/p><p><span style=\"font-weight: 400;\">Ces min\u00e9raux sont utilis\u00e9s \u00e0 l\u2019\u00e9tat de granulats, li\u00e9s entre eux par une r\u00e9sine \u00e0 base de polyur\u00e9thane. Les pierres utilis\u00e9es pour composer ce rev\u00eatement de sol en r\u00e9sine sont le marbre et le quartz. Elles sont calibr\u00e9es par tamisage, apr\u00e8s broyage des pierres brutes. Elles sont ensuite roul\u00e9es ou concass\u00e9es.\u00a0<\/span><\/p><p>\u00a0<\/p><p><span style=\"font-weight: 400;\"><a href=\"https:\/\/staging.resineo.com\/guides\/revetement-resine\/moquette-pierre\/\">Les moquettes ou tapis de pierre<\/a> sont r\u00e9alis\u00e9s \u00e0 partir de granulats retenus pour leur granulom\u00e9trie. C\u2019est ce qui conf\u00e9rera sa structure au rev\u00eatement, permettant ainsi \u00e0 l\u2019eau d\u2019en traverser l\u2019\u00e9paisseur avant d\u2019\u00eatre \u00e9vacu\u00e9e. Ces petites anfractuosit\u00e9s qui s\u00e9parent les grains de min\u00e9ral sont fig\u00e9es par la r\u00e9sine et donnent \u00e0 la mati\u00e8re toute sa robustesse. C\u2019est cette structure qui permet \u00e0 l\u2019eau de gonfler en cas de temp\u00e9ratures n\u00e9gatives, n\u2019entra\u00eenant ainsi aucune fissure.<\/span><\/p><p>\u00a0<\/p><p><span style=\"font-weight: 400;\">Il est possible de combiner plusieurs granulats de diff\u00e9rentes couleurs, afin d\u2019obtenir des motifs d\u00e9coratifs et des compositions graphiques. La vari\u00e9t\u00e9 de coloris permet de choisir parmi une large palette de possibilit\u00e9s, faciles \u00e0 accorder. Ceci offre la possibilit\u00e9 de cr\u00e9er un rev\u00eatement vous ressemblant, et s\u2019accordant avec la d\u00e9coration de votre jardin par exemple.<\/span><\/p><p>\u00a0<\/p><h2><span style=\"font-weight: 400;\">La r\u00e9sine<\/span><\/h2><p>\u00a0<\/p><p><span style=\"font-weight: 400;\">La r\u00e9sine qui entre dans la composition d\u2019<a href=\"https:\/\/staging.resineo.com\/guides\/revetement-resine\/tapis-de-pierre\/\">un tapis de pierre<\/a> est de premi\u00e8re importance. C\u2019est elle qui constitue la protection des granulats contre les conditions climatiques en les enveloppant.\u00a0<\/span><\/p><p>\u00a0<\/p><p><span style=\"font-weight: 400;\">Pour la fabrication d\u2019un rev\u00eatement de sol ext\u00e9rieur, c\u2019est la r\u00e9sine polyur\u00e9thane qui est la plus indiqu\u00e9e. Le polyur\u00e9thane est une mati\u00e8re \u00e9cologique qui ne pr\u00e9sente aucune toxicit\u00e9 et qui est parfaitement r\u00e9sistante aux rayons ultraviolets (UV). Cette r\u00e9sine est transparente et permet au sol de rester \u00e9lastique pour subir les \u00e9ventuelles contraintes physiques de variations de temp\u00e9rature.<\/span><\/p><p>\u00a0<\/p><figure class=\"wp-block-image\"><img decoding=\"async\" width=\"650\" height=\"488\" class=\"wp-image-556\" src=\"https:\/\/staging.resineo.com\/guides\/wp-content\/uploads\/sites\/2\/2019\/10\/granulat-resine-exterieur.jpg\" alt=\"Granulat Resine Exterieur\" srcset=\"https:\/\/staging.resineo.com\/guides\/wp-content\/uploads\/sites\/2\/2019\/10\/granulat-resine-exterieur.jpg 650w, https:\/\/staging.resineo.com\/guides\/wp-content\/uploads\/sites\/2\/2019\/10\/granulat-resine-exterieur-300x225.jpg 300w\" sizes=\"(max-width: 650px) 100vw, 650px\" \/><\/figure><p>\u00a0<\/p><h2><span style=\"font-weight: 400;\">Le tapis de pierre\u00a0: un rev\u00eatement de choix pour \u00e9quiper une terrasse<\/span><\/h2><p>\u00a0<\/p><p><span style=\"font-weight: 400;\">Une terrasse en bois peut mal vieillir et demande un entretien r\u00e9gulier pour la conserver dans un \u00e9tat correct. Pour une terrasse en carrelage ou en pierre, le constat est le m\u00eame. Au fil du temps, la pierre et le carrelage se tachent et se cassent. Ces rev\u00eatements p\u00e2tissent \u00e9galement des variations de temp\u00e9rature.<\/span><\/p><p>\u00a0<\/p><p><span style=\"font-weight: 400;\">Un rev\u00eatement de sol en r\u00e9sine poss\u00e8de des propri\u00e9t\u00e9s qui en font un mat\u00e9riau beaucoup plus adapt\u00e9 \u00e0 l\u2019am\u00e9nagement d\u2019une terrasse ou d\u2019un tour de piscine par exemple. Il est robuste et durable. Il pr\u00e9sente \u00e9galement d\u2019autres caract\u00e9ristiques tr\u00e8s int\u00e9ressantes :<\/span><\/p><p>\u00a0<\/p><ul><li><span style=\"font-weight: 400;\">Aucun risque de voir appara\u00eetre d\u2019\u00e9normes flaques d\u2019eau sur votre terrasse par temps de pluie. Apr\u00e8s la pose, le produit ne pr\u00e9sente ni creux ni relief.<\/span><\/li><li><span style=\"font-weight: 400;\">Un sol en r\u00e9sine pr\u00e9sente une structure ouverte qui lui permet de drainer l\u2019eau de pluie. C\u2019est pr\u00e9cis\u00e9ment son pouvoir drainant qui en fait <a href=\"https:\/\/staging.resineo.com\/guides\/revetement-resine\/resine-sol-exterieur\/\">un rev\u00eatement de sol ext\u00e9rieur id\u00e9al<\/a>.<\/span><\/li><li><span style=\"font-weight: 400;\">Gr\u00e2ce \u00e0 la r\u00e9sine polyur\u00e9thane utilis\u00e9e comme agent liant, il pr\u00e9sente une \u00e9lasticit\u00e9 permanente qui lui permet de r\u00e9sister au gel en hiver et aux temp\u00e9ratures \u00e9lev\u00e9es en \u00e9t\u00e9. C\u2019est l\u2019assurance d\u2019\u00e9viter l\u2019apparition de fissures au fil du temps.<\/span>\u00a0<\/li><li><span style=\"font-weight: 400;\">Quand une terrasse en bois peut \u00eatre tr\u00e8s glissante par temps de pluie, un tapis de pierre reste praticable gr\u00e2ce \u00e0 sa drainance.\u00a0<\/span><\/li><\/ul><h2><span style=\"font-weight: 400;\">La pose d\u2019un rev\u00eatement de sol en r\u00e9sine et granulats, du travail de professionnel<\/span><\/h2><p>\u00a0<\/p><p><span style=\"font-weight: 400;\">Il est possible d\u2019acheter des kits comprenant tout le n\u00e9cessaire pour poser soi-m\u00eame un tapis pierre pour terrasse. Attention \u00e0 ces solutions. La pose de ce type de mat\u00e9riaux demande un v\u00e9ritable savoir-faire. L\u2019application du primaire d\u2019accrochage et la pr\u00e9paration du support par exemple sont des \u00e9tapes cruciales pour garantir la bonne tenue du rev\u00eatement final.\u00a0<\/span><\/p><p>\u00a0<\/p><p><b>A noter<\/b><span style=\"font-weight: 400;\">\u00a0: <\/span><i><span style=\"font-weight: 400;\">Il est recommand\u00e9 de confier l\u2019ex\u00e9cution des travaux de pose \u00e0 une entreprise sp\u00e9cialiste de ce type de r\u00e9alisations. Il convient d\u2019\u00eatre habilit\u00e9 \u00e0 manier ce produit pour en assurer la durabilit\u00e9. Il ne faut pas seulement le consid\u00e9rer comme un rev\u00eatement d\u00e9coratif dont l\u2019esth\u00e9tique prime, mais bien comme un rev\u00eatement technique dont on attend des qualit\u00e9s que seul un professionnel qualifi\u00e9 pourra garantir.<\/span><\/i><\/p><p>\u00a0<\/p><p><span style=\"font-weight: 400;\">Voici les grandes \u00e9tapes de la pose d\u2019un rev\u00eatement de sol en r\u00e9sine.<\/span><\/p><p>\u00a0<\/p><h3><span style=\"font-weight: 400;\">La pr\u00e9paration du support<\/span><\/h3><p>\u00a0<\/p><p><span style=\"font-weight: 400;\">Que la pose intervienne sur une surface en carrelage, en b\u00e9ton ou sur gravier, il est n\u00e9cessaire d\u2019en pr\u00e9parer la surface. Cette derni\u00e8re devra \u00eatre homog\u00e8ne et exempte de d\u00e9fauts (fissures, affaissements, etc.).\u00a0<\/span><\/p><p>\u00a0<\/p><p><span style=\"font-weight: 400;\">En cas d\u2019imperfections notables, il peut s\u2019av\u00e9rer n\u00e9cessaire d\u2019effectuer des r\u00e9parations pr\u00e9alables \u00e0 la suite des op\u00e9rations.\u00a0<\/span><\/p><p>\u00a0<\/p><h3><span style=\"font-weight: 400;\">Les baguettes en aluminium<\/span><\/h3><p>\u00a0<\/p><p><span style=\"font-weight: 400;\">Ce sont elles qui vont constituer la d\u00e9limitation de la surface \u00e0 \u00e9quiper, aux limites d\u2019une terrasse par exemple, pour retenir le m\u00e9lange r\u00e9sine et granulat. Elles vont permettre une application r\u00e9guli\u00e8re et des finitions tr\u00e8s nettes et esth\u00e9tiques.\u00a0<\/span><\/p><p>\u00a0<\/p><p><span style=\"font-weight: 400;\">Le deuxi\u00e8me r\u00f4le de ces baguettes d\u2019aluminium est de pouvoir r\u00e9aliser des formes g\u00e9om\u00e9triques, permettant de d\u00e9limiter des zones de couleur et d\u2019aspect diff\u00e9rentes. Pour la cr\u00e9ation de motifs, ces d\u00e9limitations donneront leur nettet\u00e9 aux dessins.<\/span><\/p><p>\u00a0<\/p><figure class=\"wp-block-image\"><img decoding=\"async\" width=\"650\" height=\"433\" class=\"wp-image-622\" src=\"https:\/\/staging.resineo.com\/guides\/wp-content\/uploads\/sites\/2\/2019\/10\/sol-exterieur-revetement-granulat.jpg\" alt=\"Sol Exterieur Revetement Granulat\" srcset=\"https:\/\/staging.resineo.com\/guides\/wp-content\/uploads\/sites\/2\/2019\/10\/sol-exterieur-revetement-granulat.jpg 650w, https:\/\/staging.resineo.com\/guides\/wp-content\/uploads\/sites\/2\/2019\/10\/sol-exterieur-revetement-granulat-300x200.jpg 300w\" sizes=\"(max-width: 650px) 100vw, 650px\" \/><\/figure><p>\u00a0<\/p><h3><span style=\"font-weight: 400;\">La pose d\u2019une couche de primaire d\u2019accrochage<\/span><\/h3><p>\u00a0<\/p><p><span style=\"font-weight: 400;\">Cette couche de primaire en r\u00e9sine \u00e9poxy permet de r\u00e9aliser une couche d\u2019accroche avant de poser le rev\u00eatement de sol en r\u00e9sine proprement dit final.<\/span><\/p><p>\u00a0<\/p><p><span style=\"font-weight: 400;\">Cette couche d\u2019\u00e9poxy diminue fortement la porosit\u00e9 du sol support existant et permet l\u2019adh\u00e9rence de votre nouveau rev\u00eatement de sol.<\/span><\/p><p>\u00a0<\/p><p><span style=\"font-weight: 400;\">La suite du chantier de pose de votre nouveau sol se d\u00e9roule lorsque la couche de primaire est totalement s\u00e8che.<\/span><\/p><p>\u00a0<\/p><h3><span style=\"font-weight: 400;\">La pr\u00e9paration du m\u00e9lange r\u00e9sine et granulats<\/span><\/h3><p>\u00a0<\/p><p><span style=\"font-weight: 400;\">La pr\u00e9paration de la r\u00e9sine est une \u00e9tape importante et d\u00e9licate. Le professionnel va devoir m\u00e9langer la r\u00e9sine polyur\u00e9thane liquide avec un durcisseur dans des proportions qu\u2019il est important de respecter.<\/span><\/p><p>\u00a0<\/p><p><span style=\"font-weight: 400;\">Lorsque ce m\u00e9lange est parfaitement pr\u00e9par\u00e9 et bien homog\u00e9n\u00e9is\u00e9, il est vers\u00e9 dans une b\u00e9tonni\u00e8re contenant les granulats (marbre, quartz). L\u2019ensemble est ensuite mis \u00e0 malaxer. Lorsque le m\u00e9lange est termin\u00e9, on proc\u00e8dera \u00e0 la pose du rev\u00eatement de sol dans les zones d\u00e9limit\u00e9es par les baguettes d\u2019aluminium.<\/span><\/p><p>\u00a0<\/p><h3><span style=\"font-weight: 400;\">Le lissage du sol en tapis pierre<\/span><\/h3><p>\u00a0<\/p><p><span style=\"font-weight: 400;\">Il s\u2019agit de l\u2019\u00e9tape finale de l\u2019installation du rev\u00eatement. Elle demande toute l\u2019expertise d\u2019un professionnel pour donner le rendu attendu. Le travail doit \u00eatre r\u00e9alis\u00e9 de mani\u00e8re rapide et fluide pour que les granulats soient parfaitement bien dispos\u00e9s au sein de leur gangue de r\u00e9sine. Toute l\u2019importance du savoir-faire d\u2019un professionnel se joue \u00e0 cette \u00e9tape.<\/span><\/p><p>\u00a0<\/p><h2><span style=\"font-weight: 400;\">Conclusion<\/span><\/h2><p>\u00a0<\/p><p><span style=\"font-weight: 400;\">Pour \u00e9quiper une terrasse, de m\u00eame que n\u2019importe quelle surface ext\u00e9rieure, un rev\u00eatement de sol \u00e0 base de r\u00e9sine et de granulat min\u00e9ral est une option qui garantira fiabilit\u00e9, solidit\u00e9 et facilit\u00e9 d\u2019entretien.<\/span><\/p><p>\u00a0<\/p><p><span style=\"font-weight: 400;\">Aussi adapt\u00e9 pour habiller <a href=\"https:\/\/staging.resineo.com\/guides\/revetement-resine\/allee-carrossable\/\">une all\u00e9e de garage carrossable<\/a>, qu\u2019un tour de piscine ou une terrasse, il permet d\u2019homog\u00e9n\u00e9iser l\u2019esth\u00e9tique des parties ext\u00e9rieures d\u2019une maison, tout en garantissant d\u2019opter pour un rev\u00eatement drainant. De plus, son aspect min\u00e9ral et ses couleurs permettront d\u2019opter pour une d\u00e9coration et une ambiance sur mesure.<\/span><\/p><p>\u00a0<\/p><p><span style=\"font-weight: 400;\">Toutefois, comme soulign\u00e9 en amont, il est important d\u2019en confier la r\u00e9alisation \u00e0 un professionnel, afin de s\u2019assurer qu\u2019il offrira les qualit\u00e9s techniques qui en sont attendues. Le m\u00e9lange de r\u00e9sine polyur\u00e9thane et de granulat de pierre (quartz ou marbre) demande un v\u00e9ritable savoir-faire.\u00a0<\/span><\/p><p>\u00a0<\/p><p>Pour aller plus loin :<\/p><p>\u00a0<\/p><ul><li><a href=\"https:\/\/staging.resineo.com\/guides\/revetement-resine\/terrasse-exterieure\/choix-du-revetement\/\">Quel type de rev\u00eatement terrasse choisir ?<\/a><\/li><li><a href=\"https:\/\/staging.resineo.com\/guides\/revetement-resine\/terrasse-exterieure\/pourquoi-un-revetement\/\">Pourquoi choisir un rev\u00eatement de sol r\u00e9sine pour sa terrasse ?<\/a><\/li><li><a href=\"https:\/\/staging.resineo.com\/guides\/revetement-resine\/terrasse-exterieure\/comment-choisir\/\">Comment choisir un rev\u00eatement drainant pour sa terrasse ?<\/a><\/li><li><a href=\"https:\/\/staging.resineo.com\/guides\/revetement-resine\/terrasse-exterieure\/differences-resine-carrelage\/\">Pour \u00e9quiper une terrasse, quelles sont les diff\u00e9rences entre un rev\u00eatement de sol en r\u00e9sine de pierre et un carrelage ?<\/a><\/li><li><a href=\"https:\/\/staging.resineo.com\/guides\/revetement-resine\/terrasse-exterieure\/differences-resine-beton\/\">Rev\u00eatement de sol en r\u00e9sine et rev\u00eatement b\u00e9ton : quelles sont les diff\u00e9rences ?<\/a><\/li><\/ul>\t\t\t\t\t\t\t\t<\/div>\n\t\t\t\t<\/div>\n\t\t\t\t\t<\/div>\n\t\t<\/div>\n\t\t\t\t\t<\/div>\n\t\t<\/section>\n\t\t\t\t<\/div>\n\t\t","protected":false},"excerpt":{"rendered":"<p>\u00a0 Vous souhaitez am\u00e9nager une terrasse ext\u00e9rieure ou entamer la r\u00e9novation d\u2019une surface existante ? L\u2019utilisation d\u2019un rev\u00eatement en r\u00e9sine, \u00e9galement appel\u00e9 tapis de pierre, pourrait \u00eatre la solution pour mener \u00e0 bien vos travaux. \u00a0 \u00a0 Ce rev\u00eatement est constitu\u00e9 de compos\u00e9s min\u00e9raux li\u00e9s entre eux par une\u00a0r\u00e9sine sp\u00e9cifiquement s\u00e9lectionn\u00e9e, qui le rendent \u00e0 [&hellip;]<\/p>\n","protected":false},"author":1,"featured_media":0,"parent":981,"menu_order":0,"comment_status":"closed","ping_status":"closed","template":"","meta":{"_uag_custom_page_level_css":"","footnotes":""},"class_list":["post-994","page","type-page","status-publish","hentry","entry"],"uagb_featured_image_src":{"full":false,"thumbnail":false,"medium":false,"medium_large":false,"large":false,"1536x1536":false,"2048x2048":false,"ocean-thumb-m":false,"ocean-thumb-ml":false,"ocean-thumb-l":false},"uagb_author_info":{"display_name":"admin","author_link":"https:\/\/staging.resineo.com\/guides\/ch\/author\/agoralys\/"},"uagb_comment_info":0,"uagb_excerpt":"\u00a0 Vous souhaitez am\u00e9nager une terrasse ext\u00e9rieure ou entamer la r\u00e9novation d\u2019une surface existante ? L\u2019utilisation d\u2019un rev\u00eatement en r\u00e9sine, \u00e9galement appel\u00e9 tapis de pierre, pourrait \u00eatre la solution pour mener \u00e0 bien vos travaux. \u00a0 \u00a0 Ce rev\u00eatement est constitu\u00e9 de compos\u00e9s min\u00e9raux li\u00e9s entre eux par une\u00a0r\u00e9sine sp\u00e9cifiquement s\u00e9lectionn\u00e9e, qui le rendent \u00e0&hellip;","_links":{"self":[{"href":"https:\/\/staging.resineo.com\/guides\/ch\/wp-json\/wp\/v2\/pages\/994","targetHints":{"allow":["GET"]}}],"collection":[{"href":"https:\/\/staging.resineo.com\/guides\/ch\/wp-json\/wp\/v2\/pages"}],"about":[{"href":"https:\/\/staging.resineo.com\/guides\/ch\/wp-json\/wp\/v2\/types\/page"}],"author":[{"embeddable":true,"href":"https:\/\/staging.resineo.com\/guides\/ch\/wp-json\/wp\/v2\/users\/1"}],"replies":[{"embeddable":true,"href":"https:\/\/staging.resineo.com\/guides\/ch\/wp-json\/wp\/v2\/comments?post=994"}],"version-history":[{"count":3,"href":"https:\/\/staging.resineo.com\/guides\/ch\/wp-json\/wp\/v2\/pages\/994\/revisions"}],"predecessor-version":[{"id":3858,"href":"https:\/\/staging.resineo.com\/guides\/ch\/wp-json\/wp\/v2\/pages\/994\/revisions\/3858"}],"up":[{"embeddable":true,"href":"https:\/\/staging.resineo.com\/guides\/ch\/wp-json\/wp\/v2\/pages\/981"}],"wp:attachment":[{"href":"https:\/\/staging.resineo.com\/guides\/ch\/wp-json\/wp\/v2\/media?parent=994"}],"curies":[{"name":"wp","href":"https:\/\/api.w.org\/{rel}","templated":true}]}}