{"id":999,"date":"2019-09-06T08:38:06","date_gmt":"2019-09-06T08:38:06","guid":{"rendered":"https:\/\/staging.resineo.com\/guides\/revetement-resine\/tapis-de-pierre\/"},"modified":"2023-10-16T13:38:07","modified_gmt":"2023-10-16T13:38:07","slug":"tapis-de-pierre","status":"publish","type":"page","link":"https:\/\/staging.resineo.com\/guides\/ch\/revetement-resine\/tapis-de-pierre\/","title":{"rendered":"Tapis de pierre"},"content":{"rendered":"\n<p>Tout d\u2019abord, savez-vous ce qu\u2019est un <b>tapis de pierre<\/b>&nbsp;?<\/p>\n\n\n\n<p>Il s\u2019agit d\u2019un agglom\u00e9rat de granulat min\u00e9ral, dont l\u2019homog\u00e9n\u00e9it\u00e9 et la r\u00e9sistance est assur\u00e9e par le pouvoir liant d\u2019une r\u00e9sine. En d\u2019autres termes, il s\u2019agit de petits morceaux de pierre, maintenus ensemble gr\u00e2ce \u00e0 une r\u00e9sine \u00e0 base de polyur\u00e9thane sp\u00e9cialement con\u00e7ue \u00e0 cet effet.\u00a0<\/p>\n\n\n\n<figure class=\"wp-block-image\"><img decoding=\"async\" src=\"https:\/\/staging.resineo.com\/guides\/wp-content\/uploads\/sites\/2\/2019\/10\/revetement-exterieur-plage-piscine.jpg\" alt=\"Revetement Exterieur Plage Piscine\"\/><\/figure>\n\n\n\n<p>Ce mat\u00e9riau est \u00e0 la fois drainant et r\u00e9sistant aux intemp\u00e9ries, permettant ainsi de l\u2019utiliser aussi bien en construction qu\u2019en r\u00e9novation, pour s\u2019assurer de finitions esth\u00e9tiques, s\u00fbres et durables. Sur une all\u00e9e de jardin, autour d\u2019une piscine, sur une terrasse ou un balcon, <a href=\"https:\/\/staging.resineo.com\/moquette-de-pierre\/\">l\u2019utilisation d\u2019un tapis de pierre (ou moquette de pierre)<\/a> est envisageable dans de nombreuses configurations.<\/p>\n\n\n\n<p>Voyons quelles sont ses particularit\u00e9s et ses avantages.<\/p>\n\n\n\n<h2 class=\"wp-block-heading\">Un rev\u00eatement de sol \u00e0 toute \u00e9preuve<\/h2>\n\n\n\n<p>Tout d\u2019abord, il est important de noter qu\u2019il ne s\u2019agit pas simplement d\u2019un rev\u00eatement d\u00e9coratif. Bien que tr\u00e8s esth\u00e9tique, il offre une <a href=\"https:\/\/staging.resineo.com\/guides\/ch\/revetement-resine\/resine-sol-exterieur\/\">r\u00e9sistance extr\u00eame aux conditions ext\u00e9rieures<\/a>. Voici ses avantages principaux&nbsp;:&nbsp;<\/p>\n\n\n\n<ul class=\"wp-block-list\">\n<li>R\u00e9sistance aux UV.<\/li>\n\n\n\n<li>C\u2019est un rev\u00eatement drainant dont la surface ne retient pas l\u2019eau.<\/li>\n\n\n\n<li>Il offre une excellente adh\u00e9rence sans \u00eatre abrasif, m\u00eame en cas de pluie. On peut donc y marcher pieds nus confortablement.<\/li>\n\n\n\n<li>R\u00e9sistant aux chocs.<\/li>\n\n\n\n<li>Bien qu\u2019expos\u00e9 au soleil, sa surface est moins chaude qu\u2019une dalle de b\u00e9ton ou du carrelage (\u00e0 couleur \u00e9gale). Il est cependant recommand\u00e9 de choisir des coloris clairs sur les surfaces o\u00f9 on marche pieds nus pour \u00e9viter les risques de br\u00fblure.<\/li>\n\n\n\n<li>Il r\u00e9siste au gel gr\u00e2ce aux interstices pr\u00e9sents entre chaque particule qui le compose. En fonction de la granulom\u00e9trie du min\u00e9ral utilis\u00e9, l\u2019eau gel\u00e9 peut gonfler sans alt\u00e9rer sa surface ni sa structure.<\/li>\n\n\n\n<li>Facile d\u2019entretien, il suffit de le nettoyer \u00e0 l\u2019aide d\u2019un jet haute pression pour conserver son aspect.<\/li>\n<\/ul>\n\n\n\n<p>A plusieurs titres donc, ce rev\u00eatement de sol est plus facilement adaptable \u00e0 diff\u00e9rents espaces que tout autre rev\u00eatement en pierres.<\/p>\n\n\n\n<h2 class=\"wp-block-heading\">Sur quel type de support doit-il \u00eatre pos\u00e9&nbsp;?<\/h2>\n\n\n\n<p>Son application est envisageable aussi bien en construction qu\u2019en r\u00e9novation. En effet, compte tenu du fait qu\u2019il peut recouvrir diff\u00e9rents rev\u00eatements d\u00e9j\u00e0 existants, le tapis de pierre est <a href=\"https:\/\/staging.resineo.com\/guides\/ch\/revetement-resine\/\">un mat\u00e9riau dont la pose est envisageable dans diverses configurations<\/a>\u00a0:<\/p>\n\n\n\n<ul class=\"wp-block-list\">\n<li>Il peut servir \u00e0 recouvrir un ancien carrelage (\u00e0 condition qu&#8217;il soit sain) sur une terrasse par exemple<\/li>\n\n\n\n<li>Il est applicable sur une dalle en b\u00e9ton (avec une pente n\u00e9cessaire de 2%)<\/li>\n\n\n\n<li>Sur un sol en gravier stabilis\u00e9 (GNT) d&#8217;une bonne \u00e9paisseur<\/li>\n<\/ul>\n\n\n\n<p>Il est toutefois important de noter que le sol sur lequel il sera appliqu\u00e9 se devra d\u2019\u00eatre en bon \u00e9tat. Sur une dalle en b\u00e9ton par exemple, cette derni\u00e8re devra \u00eatre exempte de fissures, au risque de compromettre l\u2019int\u00e9grit\u00e9 et l\u2019\u00e9tat de l\u2019ensemble.&nbsp;<\/p>\n\n\n\n<p>Il se peut donc que des travaux de pr\u00e9paration soient n\u00e9cessaires avant d\u2019entamer la mise en place du produit primaire qui servira d\u2019accroche. De m\u00eame, pour la mise en place de ce mat\u00e9riau sur une terrasse couverte de carrelage, il faudra d\u2019abord s\u2019assurer que les dalles d\u00e9j\u00e0 pr\u00e9sentes sont stables et non-fissur\u00e9es.<\/p>\n\n\n\n<p>Concernant la pose sur graviers (GNT), il est important que ces derniers soient bien tass\u00e9s et parfaitement stables. Dans le cas contraire, des travaux de terrassement seront \u00e0 pr\u00e9voir pour tasser correctement l\u2019ensemble et s\u2019assurer d\u2019une bonne homog\u00e9n\u00e9it\u00e9 du support.<\/p>\n\n\n\n<figure class=\"wp-block-image\"><img decoding=\"async\" src=\"https:\/\/staging.resineo.com\/guides\/wp-content\/uploads\/sites\/2\/2019\/10\/resine-plage-de-piscine.jpg\" alt=\"Resine Plage De Piscine\"\/><\/figure>\n\n\n\n<h2 class=\"wp-block-heading\">Son aspect esth\u00e9tique permet des finitions haut de gamme<\/h2>\n\n\n\n<p>Les granulats utilis\u00e9s pour cr\u00e9er les agglom\u00e9rats sont tous s\u00e9lectionn\u00e9s de fa\u00e7on drastique&nbsp;:&nbsp;<\/p>\n\n\n\n<ul class=\"wp-block-list\">\n<li>Chaque granulat est calibr\u00e9 et permet d\u2019adapter la granulom\u00e9trie \u00e0 l\u2019usage et au support souhait\u00e9.<\/li>\n\n\n\n<li>Chaque granulat est lav\u00e9 pour \u00eatre d\u00e9barrass\u00e9 d\u2019\u00e9ventuelles impuret\u00e9s qui pourraient s\u2019introduire dans les agglom\u00e9rats.<\/li>\n\n\n\n<li>Les min\u00e9raux utilis\u00e9s sont de premi\u00e8re qualit\u00e9, tous s\u00e9lectionn\u00e9s pour leur r\u00e9sistance et leur couleur.<\/li>\n\n\n\n<li>On classe chaque granulat par couleur pour obtenir des rev\u00eatements homog\u00e8nes et esth\u00e9tiques.<\/li>\n<\/ul>\n\n\n\n<p>On emploie du quartz et du marbre selon l\u2019aspect que l\u2019on souhaite obtenir. Le marbre peut-\u00eatre clair ou fonc\u00e9, ses teintes s&#8217;\u00e9tendent du blanc au gris en passant par le jaune, quant au quartz, il est disponible dans une palette de coloris permettant d\u2019harmoniser l\u2019aspect de l\u2019agglom\u00e9rat \u00e0 celui des lieux qu\u2019il \u00e9quipe. Le coloris sera choisi en fonction de l&#8217;usage qu&#8217;on souhaite en faire. Des tons clairs pour les surfaces o\u00f9 l&#8217;on marche pieds nus et inversement des tons fonc\u00e9s sur les surfaces de roulement.<\/p>\n\n\n\n<p><a href=\"https:\/\/staging.resineo.com\/guides\/ch\/revetement-resine\/terrasse-exterieure\/\">Pour la pose sur terrasse par exemple<\/a>, il est tout \u00e0 fait possible de cr\u00e9er des motifs faits de d\u00e9tails. En employant plusieurs min\u00e9raux pour la cr\u00e9ation du tapis de pierre, il est \u00e9galement possible de donner vie \u00e0 des cr\u00e9ations graphiques, \u00e0 condition de parfaitement conna\u00eetre ce rev\u00eatement et toutes les contraintes li\u00e9es \u00e0 son utilisation.<\/p>\n\n\n\n<p><b>A noter<\/b>&nbsp;: <i>Il est pr\u00e9f\u00e9rable, que la pose d\u2019un tapis de pierre soit effectu\u00e9e par une entreprise de professionnels habilit\u00e9s \u00e0 travailler avec ce type de mat\u00e9riau. Le maniement de la r\u00e9sine et les contraintes techniques doivent \u00eatre parfaitement ma\u00eetris\u00e9es pour s\u2019assurer d\u2019une r\u00e9alisation conforme aux normes \u00e9dict\u00e9es par le fabricant. Tout manquement durant la r\u00e9alisation pourrait mettre \u00e0 mal l\u2019efficacit\u00e9, l\u2019int\u00e9grit\u00e9 et les propri\u00e9t\u00e9s de ce produit.<\/i> La soci\u00e9t\u00e9 d&#8217;application reste responsable de la pose et donc de l&#8217;int\u00e9grit\u00e9 du rev\u00eatement final.<\/p>\n\n\n\n<p>Un rev\u00eatement de sol en r\u00e9sine de pierre peut donc s\u2019accorder avec tous types de lieux, de constructions, ajoutant une touche esth\u00e9tique et sophistiqu\u00e9e, tout en permettant un niveau de finitions tr\u00e8s abouti. On ne s\u2019\u00e9quipe donc pas seulement d\u2019un rev\u00eatement appr\u00e9ci\u00e9 pour ses propri\u00e9t\u00e9s techniques, mais plut\u00f4t d\u2019un mat\u00e9riau qui allie haute r\u00e9sistance et esth\u00e9tisme.&nbsp;<\/p>\n\n\n\n<h2 class=\"wp-block-heading\">Un mat\u00e9riau anti-glissant pour garantir la s\u00e9curit\u00e9 des utilisateurs<\/h2>\n\n\n\n<p>Une autre des qualit\u00e9s du tapis de pierre \u00e0 souligner, c\u2019est la parfaite adh\u00e9rence qu\u2019il offre m\u00eame par temps de pluie. <a href=\"https:\/\/staging.resineo.com\/guides\/ch\/revetement-resine\/sol-piscine\/\">Une plage de piscine<\/a> \u00e9quip\u00e9 de ce produit garantit aux utilisateurs de pouvoir \u00e9voluer en toute s\u00e9curit\u00e9, m\u00eame les pieds mouill\u00e9s (\u00e0 titre d&#8217;exemple le rev\u00eatement R\u00e9sineo Drain est class\u00e9 PN18).<\/p>\n\n\n\n<p>C\u2019est d\u2019ailleurs une des raisons pour lesquelles on le trouve souvent aux abords d\u2019une piscine. Municipalit\u00e9s, campings et particuliers l\u2019adoptent souvent dans ce type de configuration pour s\u2019assurer qu\u2019\u00e0 la sortie de l\u2019eau, les baigneurs ne risqueront pas de chuter au moindre pas. Cette qualit\u00e9 est due \u00e0 son pouvoir drainant. L\u2019eau s\u2019\u00e9coule directement au travers de la structure du sol, permettant ainsi \u00e0 la surface de rester praticable.<\/p>\n\n\n\n<p>Contrairement \u00e0 des rev\u00eatements de sol dont l\u2019\u00e9tanch\u00e9it\u00e9 entra\u00eene une accumulation hydrique en surface, la r\u00e9sine de pierre draine tout liquide entrant \u00e0 son contact.&nbsp;<\/p>\n\n\n\n<p>Cette particularit\u00e9 en fait \u00e9galement un mat\u00e9riau tr\u00e8s appr\u00e9ci\u00e9 pour <a href=\"https:\/\/staging.resineo.com\/guides\/ch\/revetement-resine\/allee-carrossable\/\">\u00e9quiper des voies carrossables<\/a>. Pour ce type d\u2019application, l\u2019adh\u00e9rence est un point cl\u00e9 d\u2019une utilisation en toute s\u00e9curit\u00e9. Tout v\u00e9hicule doit pouvoir \u00e9voluer \u00e0 sa surface, quelles que soient les conditions climatiques, sans risquer de perte d\u2019adh\u00e9rence. L\u2019anti-glissance qu\u2019offre donc ce rev\u00eatement est un atout.<\/p>\n\n\n\n<p>Plut\u00f4t que d\u2019entra\u00eener des accumulations et des ruissellements d\u2019eau de pluie, l\u2019agglom\u00e9rat permet la restitution directe au sol. D\u2019ailleurs, d\u2019un point de vue \u00e9cologique, cette propri\u00e9t\u00e9 est \u00e0 prendre en compte. D\u2019autres types de rev\u00eatements de sols demandent la mise en place de conduits d\u2019\u00e9vacuation pour canaliser l\u2019exc\u00e9dent d\u2019eau et le guider vers les \u00e9gouts. La r\u00e9sine de pierre laisse l\u2019eau alimenter le sol de fa\u00e7on naturelle.<\/p>\n\n\n\n<p>De plus, la r\u00e9sine de sol utilis\u00e9e pour lier les agglom\u00e9rats min\u00e9raux est inerte. Elle ne contamine donc pas ces \u00e9coulements. A l\u2019heure o\u00f9 l\u2019\u00e9cologie entre de plus en plus en ligne de compte pour nos choix d\u2019\u00e9quipements, ce facteur est un atout.<\/p>\n\n\n\n<figure class=\"wp-block-image\"><img decoding=\"async\" src=\"https:\/\/staging.resineo.com\/guides\/wp-content\/uploads\/sites\/2\/2019\/10\/revetement-antiderapant-resine-piscine.jpg\" alt=\"Revetement Antiderapant Resine Piscine\"\/><\/figure>\n\n\n\n<h2 class=\"wp-block-heading\">A l\u2019heure de faire son choix, tous les produits ne se valent pas<\/h2>\n\n\n\n<p>M\u00eame si certains produits se ressemblent, tous n\u2019offrent pas le m\u00eame niveau de qualit\u00e9.&nbsp;<\/p>\n\n\n\n<p>Tout d\u2019abord, il faut s\u2019int\u00e9resser aux granulats propos\u00e9s. Il est important de privil\u00e9gier le marbre et le quartz. Si ces pierres ont \u00e9t\u00e9 retenues, c\u2019est avant tout pour leur r\u00e9sistance dans le temps et leur qualit\u00e9. De plus, en termes de coloris, elles offrent suffisamment de nuances pour arriver \u00e0 \u00e9quiper des espaces qui s\u2019accorderont parfaitement avec leur environnement et en fonction de leur utilisation.<\/p>\n\n\n\n<p>Ensuite, il est important de s\u2019int\u00e9resser \u00e0 la granulom\u00e9trie de ces granulats. En fonction de la nature du sol sur lequel ils seront appliqu\u00e9s, le gabarit de chaque particule de pierre devra permettre de former une structure drainante, mais \u00e0 la fois homog\u00e8ne et r\u00e9sistante. A l\u2019heure de demander un devis, ce facteur est \u00e0 prendre en compte.<\/p>\n\n\n\n<p>Pour ce qui est des r\u00e9sines, il faut savoir que toutes ne se valent pas. Plut\u00f4t que de la r\u00e9sine \u00e9poxy, il faut pr\u00e9f\u00e9rer une r\u00e9sine polyur\u00e9thane. Elle devra \u00eatre transparente, tout en assurant une protection anti-UV du sol. Elle devra \u00e9galement \u00eatre suffisamment r\u00e9sistante pour garantir la bonne tenue de tout le rev\u00eatement. N&#8217;h\u00e9sitez pas \u00e0 demander des PV d&#8217;essais garantissant la qualit\u00e9 de la r\u00e9sine utilis\u00e9e.<\/p>\n\n\n\n<p><b>Attention<\/b>&nbsp;: <i>il est possible d\u2019acheter un kit permettant de fabriquer soi-m\u00eame son tapis de pierre. M\u00eame si le prix est attractif, il faut pr\u00eater attention \u00e0 chacun des composants, notamment \u00e0 la r\u00e9sine. Tr\u00e8s souvent, il s\u2019agit de r\u00e9sine \u00e9poxy, \u00e0 laquelle il faut pr\u00e9f\u00e9rer une r\u00e9sine polyur\u00e9thane. De m\u00eame, le granulat peut s\u2019av\u00e9rer n\u2019\u00eatre que du simple gravier. Attention donc \u00e0 ne pas c\u00e9der trop facilement \u00e0 un prix bas.<\/i><\/p>\n\n\n\n<h3 class=\"wp-block-heading\">Conclusion<\/h3>\n\n\n\n<p>Appr\u00e9ci\u00e9 pour son aspect tr\u00e8s esth\u00e9tique, sa facilit\u00e9 d\u2019entretien, sa durabilit\u00e9 et ses propri\u00e9t\u00e9s techniques, le tapis de pierre est un mat\u00e9riau qui permet d\u2019allier s\u00e9curit\u00e9 et tranquillit\u00e9. Pour qui souhaite r\u00e9nover son ext\u00e9rieur, ou simplement en assurer les finitions, <a href=\"https:\/\/staging.resineo.com\/guides\/ch\/revetement-resine\/moquette-pierre\/\">le tapis (ou moquette) de pierre<\/a> est un rev\u00eatement id\u00e9al.&nbsp;<\/p>\n\n\n\n<p>Toutefois, il est important de se souvenir que la pose et la r\u00e9alisation du chantier doivent \u00eatre confi\u00e9es \u00e0 des professionnels sp\u00e9cialis\u00e9s. On ne s\u2019improvise pas expert&nbsp;! La qualit\u00e9 et la durabilit\u00e9 de l\u2019ensemble en d\u00e9pendent. Pour une terrasse, une piscine, une all\u00e9e de jardin ou de garage, le tapis de pierre est un \u00e9quipement fiable, qui habillera l\u2019ext\u00e9rieur pour de longues ann\u00e9es.<\/p>\n\n\n\n<p>Pour aller plus loin :<\/p>\n\n\n\n<ul class=\"wp-block-list\">\n<li><a href=\"https:\/\/staging.resineo.com\/guides\/ch\/revetement-resine\/tapis-de-pierre\/terrasse-et-piscine\/\">Tapis de pierre pour terrasse et piscine<\/a><\/li>\n\n\n\n<li><a href=\"https:\/\/staging.resineo.com\/guides\/ch\/revetement-resine\/tapis-de-pierre\/fabrication\/\">Fabrication d&#8217;un tapis de pierre<\/a><\/li>\n\n\n\n<li><a href=\"https:\/\/staging.resineo.com\/guides\/ch\/revetement-resine\/tapis-de-pierre\/pierre-a-utiliser\/\">Type de pierre \u00e0 utiliser pour un tapis de pierre ?<\/a><\/li>\n\n\n\n<li><a href=\"https:\/\/staging.resineo.com\/guides\/ch\/revetement-resine\/tapis-de-pierre\/entretien\/\">Entretien tapis de pierre<\/a><\/li>\n\n\n\n<li><a href=\"https:\/\/staging.resineo.com\/guides\/ch\/revetement-resine\/tapis-de-pierre\/tapis-de-marbre\/\">Tapis de marbre<\/a><\/li>\n<\/ul>\n","protected":false},"excerpt":{"rendered":"<p>Tout d\u2019abord, savez-vous ce qu\u2019est un tapis de pierre&nbsp;? Il s\u2019agit d\u2019un agglom\u00e9rat de granulat min\u00e9ral, dont l\u2019homog\u00e9n\u00e9it\u00e9 et la r\u00e9sistance est assur\u00e9e par le pouvoir liant d\u2019une r\u00e9sine. En d\u2019autres termes, il s\u2019agit de petits morceaux de pierre, maintenus ensemble gr\u00e2ce \u00e0 une r\u00e9sine \u00e0 base de polyur\u00e9thane sp\u00e9cialement con\u00e7ue \u00e0 cet effet.\u00a0 Ce [&hellip;]<\/p>\n","protected":false},"author":1,"featured_media":0,"parent":981,"menu_order":0,"comment_status":"closed","ping_status":"closed","template":"","meta":{"_uag_custom_page_level_css":"","footnotes":""},"class_list":["post-999","page","type-page","status-publish","hentry","entry"],"uagb_featured_image_src":{"full":false,"thumbnail":false,"medium":false,"medium_large":false,"large":false,"1536x1536":false,"2048x2048":false,"ocean-thumb-m":false,"ocean-thumb-ml":false,"ocean-thumb-l":false},"uagb_author_info":{"display_name":"admin","author_link":"https:\/\/staging.resineo.com\/guides\/ch\/author\/agoralys\/"},"uagb_comment_info":0,"uagb_excerpt":"Tout d\u2019abord, savez-vous ce qu\u2019est un tapis de pierre&nbsp;? Il s\u2019agit d\u2019un agglom\u00e9rat de granulat min\u00e9ral, dont l\u2019homog\u00e9n\u00e9it\u00e9 et la r\u00e9sistance est assur\u00e9e par le pouvoir liant d\u2019une r\u00e9sine. En d\u2019autres termes, il s\u2019agit de petits morceaux de pierre, maintenus ensemble gr\u00e2ce \u00e0 une r\u00e9sine \u00e0 base de polyur\u00e9thane sp\u00e9cialement con\u00e7ue \u00e0 cet effet.\u00a0 Ce&hellip;","_links":{"self":[{"href":"https:\/\/staging.resineo.com\/guides\/ch\/wp-json\/wp\/v2\/pages\/999","targetHints":{"allow":["GET"]}}],"collection":[{"href":"https:\/\/staging.resineo.com\/guides\/ch\/wp-json\/wp\/v2\/pages"}],"about":[{"href":"https:\/\/staging.resineo.com\/guides\/ch\/wp-json\/wp\/v2\/types\/page"}],"author":[{"embeddable":true,"href":"https:\/\/staging.resineo.com\/guides\/ch\/wp-json\/wp\/v2\/users\/1"}],"replies":[{"embeddable":true,"href":"https:\/\/staging.resineo.com\/guides\/ch\/wp-json\/wp\/v2\/comments?post=999"}],"version-history":[{"count":2,"href":"https:\/\/staging.resineo.com\/guides\/ch\/wp-json\/wp\/v2\/pages\/999\/revisions"}],"predecessor-version":[{"id":3792,"href":"https:\/\/staging.resineo.com\/guides\/ch\/wp-json\/wp\/v2\/pages\/999\/revisions\/3792"}],"up":[{"embeddable":true,"href":"https:\/\/staging.resineo.com\/guides\/ch\/wp-json\/wp\/v2\/pages\/981"}],"wp:attachment":[{"href":"https:\/\/staging.resineo.com\/guides\/ch\/wp-json\/wp\/v2\/media?parent=999"}],"curies":[{"name":"wp","href":"https:\/\/api.w.org\/{rel}","templated":true}]}}