{"id":122,"date":"2019-09-06T08:50:13","date_gmt":"2019-09-06T08:50:13","guid":{"rendered":"https:\/\/staging.resineo.com\/guides\/?page_id=122"},"modified":"2023-10-16T13:45:58","modified_gmt":"2023-10-16T13:45:58","slug":"pierre-a-utiliser","status":"publish","type":"page","link":"https:\/\/staging.resineo.com\/guides\/revetement-resine\/tapis-de-pierre\/pierre-a-utiliser\/","title":{"rendered":"Quel type de pierre utiliser pour la fabrication d\u2019un tapis de pierre ?"},"content":{"rendered":"\n<p>Un des \u00e9l\u00e9ments cl\u00e9 de ce rev\u00eatement de sol r\u00e9side dans le choix de la pierre qui va le composer. Sa durabilit\u00e9, et sa solidit\u00e9 en d\u00e9pendent \u00e9norm\u00e9ment.<\/p>\n\n\n\n<figure class=\"wp-block-image\"><img decoding=\"async\" src=\"https:\/\/staging.resineo.com\/guides\/wp-content\/uploads\/sites\/2\/2019\/10\/revetement-exterieur-resine-piscine.jpg\" alt=\"Revetement Exterieur Resine Piscine\"\/><\/figure>\n\n\n\n<p>Au-del\u00e0, la qualit\u00e9 du granulat min\u00e9ral, sa granulom\u00e9trie et l\u2019aspect de chacun de ses grains octroieront le confort d\u2019utilisation (doux au toucher et non abrasif), de m\u00eame que son pouvoir drainant. L\u2019esth\u00e9tique de l\u2019ensemble que le rev\u00eatement donnera, comptera \u00e9galement quant \u00e0 la qualit\u00e9 de la finition et \u00e0 l\u2019effet visuel de l\u2019ensemble.<\/p>\n\n\n\n<p>En d\u2019autres termes, du choix des granulats d\u00e9pend la qualit\u00e9 de la r\u00e9sine de pierre.<\/p>\n\n\n\n<p>Comment choisir le bon type de pierre&nbsp;? Comment sait-on qu\u2019un granulat min\u00e9ral est de qualit\u00e9&nbsp;? Comment s\u2019assurer que le rev\u00eatement pos\u00e9 durera dans le temps&nbsp;?<\/p>\n\n\n\n<h2 class=\"wp-block-heading\">Quel type de pierre convient le mieux pour la fabrication d\u2019un tapis de pierre&nbsp;?<\/h2>\n\n\n\n<p>Deux min\u00e9raux sont retenus pour ce type de rev\u00eatement :&nbsp;<\/p>\n\n\n\n<ul class=\"wp-block-list\">\n<li>Le granulat de marbre.<\/li>\n\n\n\n<li>Le granulat de quartz.<\/li>\n<\/ul>\n\n\n\n<p>Ce n\u2019est pas par hasard que seuls ces mat\u00e9riaux sont m\u00e9lang\u00e9s \u00e0 de la r\u00e9sine \u00e0 base de&nbsp; polyur\u00e9thane pour recouvrir une surface d\u2019un rev\u00eatement en r\u00e9sine de pierre.<\/p>\n\n\n\n<p>Tout d\u2019abord, les deux sont connus pour leur duret\u00e9 et leur r\u00e9sistance. Tant le quartz que le marbre sont des pierres tr\u00e8s solides, qui supporteront parfaitement l\u2019usure m\u00e9canique et les passages r\u00e9p\u00e9t\u00e9s. Pour \u00e9quiper une terrasse ou une all\u00e9e de jardin par exemple, ils seront parfaitement indiqu\u00e9s pour durer tr\u00e8s longtemps sans subir de d\u00e9gradation (si la pose a \u00e9t\u00e9 r\u00e9alis\u00e9e correctement). D\u2019ailleurs, les voies carrossables \u00e9quip\u00e9es de ce type de rev\u00eatements r\u00e9sistent parfaitement, m\u00eame aux passages de v\u00e9hicules r\u00e9p\u00e9t\u00e9s.&nbsp;<\/p>\n\n\n\n<blockquote class=\"wp-block-quote is-layout-flow wp-block-quote-is-layout-flow\">\n<p>L\u2019autre avantage, c\u2019est la vari\u00e9t\u00e9 de nuances de couleurs qu\u2019ils autorisent. Depuis des teintes tr\u00e8s fonc\u00e9es, jusqu\u2019\u00e0 des tons tr\u00e8s clairs, il est possible de choisir l\u2019esth\u00e9tique de son rev\u00eatement afin qu\u2019il s\u2019accorde \u00e0 l\u2019environnement des lieux \u00e9quip\u00e9s. Sachant que ce genre de produit est con\u00e7u pour durer, il est important qu\u2019il se marie avec l\u2019esth\u00e9tique de l\u2019endroit o\u00f9 il est pos\u00e9. La couleur du granulat devra \u00eatre adapt\u00e9 \u00e0 l&rsquo;usage qu&rsquo;on souhaite en faire. Les tons clairs seront favoris\u00e9s pour des surfaces o\u00f9 l&rsquo;on marche pieds nus quand des tons fonc\u00e9s seront privil\u00e9gi\u00e9s pour les all\u00e9es carrossables.&nbsp;<\/p>\n<\/blockquote>\n\n\n\n<h2 class=\"wp-block-heading\">L\u2019importance de la granulom\u00e9trie du granulat de pierre<\/h2>\n\n\n\n<p>Outre la r\u00e9sistance attendue de tels rev\u00eatements de sols, <a href=\"https:\/\/staging.resineo.com\/moquette-de-pierre\/\" data-type=\"URL\" data-id=\"https:\/\/staging.resineo.com\/moquette-de-pierre\/\">un des avantages des tapis de pierre, appel\u00e9 \u00e9galement moquettes de pierre<\/a>, tient \u00e0 leur perm\u00e9abilit\u00e9. C\u2019est elle qui permet l\u2019adh\u00e9rence en surface en \u00e9vitant les eaux stagnantes.\u00a0<\/p>\n\n\n\n<p>Le pouvoir drainant de ce rev\u00eatement tient au fait que l\u2019eau et les diff\u00e9rents liquides peuvent s\u2019\u00e9couler au travers de la structure de l\u2019ensemble. Et c\u2019est pr\u00e9cis\u00e9ment gr\u00e2ce \u00e0 une granulom\u00e9trie particuli\u00e8re que tout ceci est possible. Si les granulats de marbre ou de quartz n\u2019\u00e9taient pas d\u2019un gabarit adapt\u00e9, il se peut que les propri\u00e9t\u00e9s techniques du rev\u00eatement soient remises en cause. Or, l\u2019\u00e9tanch\u00e9it\u00e9 en surface supposerait une r\u00e9tention d\u2019eau, donc la formation de flaques et de ruissellements. Dans ce cas, la r\u00e9sine de pierre n\u2019aurait pas plus d\u2019int\u00e9r\u00eat qu\u2019un carrelage ou qu\u2019une dalle de b\u00e9ton.<\/p>\n\n\n\n<p>Afin de garantir la drainance de l\u2019ensemble, les granulats sont justement s\u00e9lectionn\u00e9s par taille. On retient principalement deux types de granulom\u00e9tries afin de donner tout son pouvoir drainant \u00e0 <a href=\"https:\/\/staging.resineo.com\/guides\/revetement-resine\/tapis-de-pierre\/\">un tapis de pierre<\/a>\u00a0:\u00a0<\/p>\n\n\n\n<ul class=\"wp-block-list\">\n<li>2,5\/5 mm\u00a0 ou 3-6mm: c\u2019est ce type qui est le plus utilis\u00e9 <a href=\"https:\/\/staging.resineo.com\/guides\/revetement-resine\/tapis-de-pierre\/terrasse-et-piscine\/\">pour recouvrir une terrasse<\/a>, une plage de piscine par exemple.<\/li>\n\n\n\n<li>4\/8 mm&nbsp;: Il peut \u00eatre employ\u00e9 sur les plages de piscine ou all\u00e9es pi\u00e9tonnes.&nbsp;<\/li>\n<\/ul>\n\n\n\n<p>La structure m\u00eame du rev\u00eatement d\u00e9pend de la taille des particules qui composent le sol en r\u00e9sine de pierre. Il s\u2019agit d\u2019un \u00e9l\u00e9ment tr\u00e8s important, qui garantira une partie des qualit\u00e9s techniques de l\u2019ensemble.<\/p>\n\n\n\n<figure class=\"wp-block-image\"><img decoding=\"async\" src=\"https:\/\/staging.resineo.com\/guides\/wp-content\/uploads\/sites\/2\/2019\/10\/revetement-resineo-piscine.jpg\" alt=\"Revetement Resineo Piscine\"\/><\/figure>\n\n\n\n<h2 class=\"wp-block-heading\">Qu\u2019est-ce qu\u2019un granulat roul\u00e9 ou concass\u00e9 ?<\/h2>\n\n\n\n<p>\u00ab&nbsp;Roul\u00e9&nbsp;\u00bb signifie que les morceaux de pierre ont \u00e9t\u00e9 \u00e9rod\u00e9s afin d\u2019en supprimer les ar\u00eates.&nbsp;\u00ab&nbsp;Concass\u00e9&nbsp;\u00bb&nbsp;&nbsp;signifie que le granulat est utilis\u00e9 brut.&nbsp;<\/p>\n\n\n\n<blockquote class=\"wp-block-quote is-layout-flow wp-block-quote-is-layout-flow\">\n<p>Qu\u2019est-ce que cela change&nbsp;? Et bien, en comparaison \u00e0 des \u00e9clats de marbre ou de quartz bruts, le passage \u00e0 la surface s\u2019av\u00e8re plus arrondis. A contrario des granulats concass\u00e9s seront plus r\u00e9sistants.&nbsp;<\/p>\n<\/blockquote>\n\n\n\n<h2 class=\"wp-block-heading\">Quelle \u00e9paisseur de pierre faut-il pr\u00e9voir pour cr\u00e9er un tel rev\u00eatement&nbsp;?<\/h2>\n\n\n\n<p>Tout va d\u00e9pendre de la fonction de l\u2019espace \u00e9quip\u00e9. Selon qu\u2019il s\u2019agira d\u2019un espace pi\u00e9ton (terrasse, bord de piscine, all\u00e9e de jardin), ou d\u2019une voie carrossable (all\u00e9e de garage, parking, piste cyclable, all\u00e9e de camping).<\/p>\n\n\n\n<p>Compte tenu des contraintes m\u00e9caniques auxquelles l\u2019ensemble sera soumis, l\u2019\u00e9paisseur doit \u00eatre adapt\u00e9e. De plus, le support sur lequel reposera la r\u00e9sine de pierre comptera \u00e9galement quant au choix de l\u2019\u00e9paisseur en surface&nbsp;:&nbsp;<\/p>\n\n\n\n<ul class=\"wp-block-list\">\n<li>En pi\u00e9ton (non carrossable) : sur dalle b\u00e9ton&nbsp;12cm, 10 mm pour le marbre ou le quartz,&nbsp;<\/li>\n\n\n\n<li>En pi\u00e9ton \u00e9galement&nbsp;: sur GNT&nbsp;classique de&nbsp;10 \u00e0 12cm, 3cm d\u2019\u00e9paisseur de marbre ou de quartz.<\/li>\n<\/ul>\n\n\n\n<ul class=\"wp-block-list\">\n<li>V\u00e9hicules l\u00e9gers (&gt;3,5T)&nbsp;: Sur une dalle de b\u00e9ton de 15 cm d\u2019\u00e9paisseur, 15 mm de r\u00e9sine de marbre devront \u00eatre appliqu\u00e9s.<\/li>\n\n\n\n<li>V\u00e9hicules l\u00e9gers (&gt;3,5T)&nbsp;: Sur graves non trait\u00e9es (GNT) d\u2019une \u00e9paisseur de 10 \u00e0 12 cm, 30 mm de r\u00e9sine de marbre seront pos\u00e9s. Pour supporter le trafic de poids lourds (&gt;19T) : Sur dalle de b\u00e9ton (\u00e9paisse) 3 cm de marbre ou de quartz seront pos\u00e9s.<\/li>\n\n\n\n<li>Trafic poids lourds (&gt;19T)&nbsp;: Sur du gravier non trait\u00e9 (GNT carrossable de 50 cm) 3 cm de marbre ou quartz sont n\u00e9cessaires.<\/li>\n<\/ul>\n\n\n\n<p>Dans ces conditions, si l\u2019application du mat\u00e9riau respecte les consignes du constructeur, aucun risque n\u2019est \u00e0 craindre quant \u00e0 l\u2019int\u00e9grit\u00e9, les qualit\u00e9s et la r\u00e9sistance de l\u2019ensemble. Les particules de pierre agglom\u00e9r\u00e9es par la r\u00e9sine \u00e0 base de polyur\u00e9thane, qui joue le r\u00f4le de liant, resteront parfaitement solidaires de l\u2019ensemble de la structure.<\/p>\n\n\n\n<figure class=\"wp-block-image\"><img decoding=\"async\" src=\"https:\/\/staging.resineo.com\/guides\/wp-content\/uploads\/sites\/2\/2019\/10\/plage-pisicine-revetement-granulat.jpg\" alt=\"Plage Pisicine Revetement Granulat\"\/><\/figure>\n\n\n\n<h2 class=\"wp-block-heading\">Le choix de la pierre utilis\u00e9e importe autant que la r\u00e9alisation des travaux<\/h2>\n\n\n\n<p>Afin de garantir une r\u00e9alisation durable et sans faille, il est recommand\u00e9 de faire appel \u00e0 une entreprise dont les professionnels ma\u00eetrisent tous les aspects techniques li\u00e9s \u00e0 la pose de ce mat\u00e9riau. Il est important que toute la r\u00e9alisation soit conforme au cahier des charges que suppose un tel chantier. La durabilit\u00e9, la perm\u00e9abilit\u00e9 et le confort des usagers en d\u00e9pendent.<\/p>\n\n\n\n<blockquote class=\"wp-block-quote is-layout-flow wp-block-quote-is-layout-flow\">\n<p>Aussi, afin d\u2019\u00e9viter les \u00e9cueils li\u00e9s \u00e0 une installation trop approximative, il est important de se tourner vers des sp\u00e9cialistes. Toutefois, forts des renseignements li\u00e9s au choix de la pierre et de tous ses aspects, il est important de v\u00e9rifier que le devis \u00e9dit\u00e9 pour vos travaux mentionne les particularit\u00e9s li\u00e9es au choix du min\u00e9ral. La granulom\u00e9trie du granulat, la nature du min\u00e9ral, la nature de la r\u00e9sine (polyur\u00e9thane), l\u2019\u00e9paisseur de la couche, appliqu\u00e9e en fonction du support et de la fonction de l\u2019espace devront correspondre \u00e0 vos attentes. Les r\u00e9ponses que vous devrez obtenir de l\u2019entreprise en charge de vos travaux vous permettront de juger de son expertise.<\/p>\n<\/blockquote>\n\n\n\n<ul class=\"wp-block-list\">\n<li><a href=\"https:\/\/staging.resineo.com\/guides\/revetement-resine\/tapis-de-pierre\/fabrication\/\">Fabrication d&rsquo;un tapis de pierre<\/a><\/li>\n\n\n\n<li><a href=\"https:\/\/staging.resineo.com\/guides\/revetement-resine\/tapis-de-pierre\/entretien\/\">Entretien tapis de pierre<\/a><\/li>\n\n\n\n<li><a href=\"https:\/\/staging.resineo.com\/guides\/revetement-resine\/tapis-de-pierre\/tapis-de-marbre\/\">Tapis de marbre<\/a>&nbsp;<\/li>\n<\/ul>\n","protected":false},"excerpt":{"rendered":"<p>Un des \u00e9l\u00e9ments cl\u00e9 de ce rev\u00eatement de sol r\u00e9side dans le choix de la pierre qui va le composer. Sa durabilit\u00e9, et sa solidit\u00e9 en d\u00e9pendent \u00e9norm\u00e9ment. Au-del\u00e0, la qualit\u00e9 du granulat min\u00e9ral, sa granulom\u00e9trie et l\u2019aspect de chacun de ses grains octroieront le confort d\u2019utilisation (doux au toucher et non abrasif), de m\u00eame [&hellip;]<\/p>\n","protected":false},"author":1,"featured_media":0,"parent":113,"menu_order":0,"comment_status":"closed","ping_status":"closed","template":"","meta":{"_uag_custom_page_level_css":"","footnotes":""},"class_list":["post-122","page","type-page","status-publish","hentry","entry"],"uagb_featured_image_src":{"full":false,"thumbnail":false,"medium":false,"medium_large":false,"large":false,"1536x1536":false,"2048x2048":false,"ocean-thumb-m":false,"ocean-thumb-ml":false,"ocean-thumb-l":false},"uagb_author_info":{"display_name":"admin","author_link":"https:\/\/staging.resineo.com\/guides\/author\/agoralys\/"},"uagb_comment_info":0,"uagb_excerpt":"Un des \u00e9l\u00e9ments cl\u00e9 de ce rev\u00eatement de sol r\u00e9side dans le choix de la pierre qui va le composer. Sa durabilit\u00e9, et sa solidit\u00e9 en d\u00e9pendent \u00e9norm\u00e9ment. Au-del\u00e0, la qualit\u00e9 du granulat min\u00e9ral, sa granulom\u00e9trie et l\u2019aspect de chacun de ses grains octroieront le confort d\u2019utilisation (doux au toucher et non abrasif), de m\u00eame\u2026","_links":{"self":[{"href":"https:\/\/staging.resineo.com\/guides\/wp-json\/wp\/v2\/pages\/122","targetHints":{"allow":["GET"]}}],"collection":[{"href":"https:\/\/staging.resineo.com\/guides\/wp-json\/wp\/v2\/pages"}],"about":[{"href":"https:\/\/staging.resineo.com\/guides\/wp-json\/wp\/v2\/types\/page"}],"author":[{"embeddable":true,"href":"https:\/\/staging.resineo.com\/guides\/wp-json\/wp\/v2\/users\/1"}],"replies":[{"embeddable":true,"href":"https:\/\/staging.resineo.com\/guides\/wp-json\/wp\/v2\/comments?post=122"}],"version-history":[{"count":3,"href":"https:\/\/staging.resineo.com\/guides\/wp-json\/wp\/v2\/pages\/122\/revisions"}],"predecessor-version":[{"id":3816,"href":"https:\/\/staging.resineo.com\/guides\/wp-json\/wp\/v2\/pages\/122\/revisions\/3816"}],"up":[{"embeddable":true,"href":"https:\/\/staging.resineo.com\/guides\/wp-json\/wp\/v2\/pages\/113"}],"wp:attachment":[{"href":"https:\/\/staging.resineo.com\/guides\/wp-json\/wp\/v2\/media?parent=122"}],"curies":[{"name":"wp","href":"https:\/\/api.w.org\/{rel}","templated":true}]}}