{"id":125,"date":"2019-09-06T08:56:00","date_gmt":"2019-09-06T08:56:00","guid":{"rendered":"https:\/\/staging.resineo.com\/guides\/?page_id=125"},"modified":"2023-10-16T13:47:16","modified_gmt":"2023-10-16T13:47:16","slug":"entretien","status":"publish","type":"page","link":"https:\/\/staging.resineo.com\/guides\/revetement-resine\/tapis-de-pierre\/entretien\/","title":{"rendered":"Tout savoir de l&rsquo;entretien d&rsquo;un tapis de pierre"},"content":{"rendered":"\n<p>Un tapis de pierre est un rev\u00eatement de sol compos\u00e9 d\u2019un granulat min\u00e9ral auquel de la r\u00e9sine polyur\u00e9thane a \u00e9t\u00e9 ajout\u00e9e, afin de jouer le r\u00f4le de liant et de protection.<\/p>\n\n\n\n<figure class=\"wp-block-image\"><img decoding=\"async\" src=\"https:\/\/staging.resineo.com\/guides\/wp-content\/uploads\/sites\/2\/2019\/10\/resine-exterieur-plage-pisicne.jpg\" alt=\"Resine Exterieur Plage Pisicne\"\/><\/figure>\n\n\n\n<p><a href=\"https:\/\/staging.resineo.com\/moquette-de-pierre\/\">Le tapis de pierre, ou moquette de pierre, est recommand\u00e9 pour \u00e9quiper une surface en ext\u00e9rieur<\/a> (terrasse, plage de piscine, all\u00e9e de jardin, etc.), ce mat\u00e9riau est appr\u00e9ci\u00e9 pour sa r\u00e9sistance et sa facilit\u00e9 d\u2019entretien. Les granulats min\u00e9raux utilis\u00e9s pour le composer (quartz ou marbre) lui octroient un importante long\u00e9vit\u00e9 (sous r\u00e9serve de travaux correctement effectu\u00e9s et d\u2019un entretien r\u00e9gulier), tandis que la r\u00e9sine \u00e0 base de polyur\u00e9thane lui conf\u00e8re un pouvoir drainant tr\u00e8s efficace, tout en facilitant son nettoyage.<\/p>\n\n\n\n<p>Voici quelques recommandations relatives \u00e0 l\u2019entretien de ces rev\u00eatements de sols.<\/p>\n\n\n\n<h2 class=\"wp-block-heading\">Le tapis de pierre : un rev\u00eatement r\u00e9sistant, d\u00e9coratif et facile d\u2019entretien, id\u00e9al pour l\u2019ext\u00e9rieur de la maison<\/h2>\n\n\n\n<p>Ce rev\u00eatement de sol repr\u00e9sente bien des avantages pour qui entend entamer une r\u00e9novation ext\u00e9rieure. Il peut tout \u00e0 fait remplacer un sol en pierres naturelles, souvent glissantes et difficiles \u00e0 entretenir, pour habiller les abords d\u2019une piscine par exemple, ou une terrasse.<\/p>\n\n\n\n<p>A la diff\u00e9rence de bien d\u2019autres rev\u00eatements, le <a href=\"https:\/\/staging.resineo.com\/guides\/revetement-resine\/tapis-de-pierre\/\">tapis de pierre<\/a> est un mat\u00e9riau tr\u00e8s facile d\u2019entretien. Son pouvoir drainant notamment met \u00e0 profit les pr\u00e9cipitations pour participer \u00e0 son nettoyage naturel une bonne partie de l\u2019ann\u00e9e. Bien \u00e9vident, il est n\u00e9cessaire de le d\u00e9barrasser des \u00e9ventuelles accumulations de poussi\u00e8re de temps \u00e0 autres avec un nettoyage au jet d&rsquo;eau et balais brosse.&nbsp;<\/p>\n\n\n\n<p>Pour ce faire, rien de plus simple. Il suffit d\u2019un nettoyage une fois par an \u00e0 l\u2019aide d\u2019un nettoyeur haute pression pour que sa surface retrouve son \u00e9clat et ses couleurs d\u2019origine. Il se peut que durant la saison des pollens, un entretien soit utile pour d\u00e9barrasser les accumulations, mais pour le reste, il n\u2019y a quasiment pas \u00e0 se pr\u00e9occuper de son entretien.<\/p>\n\n\n\n<p>Tout ceci est d\u00fb au fait que la r\u00e9sine polyur\u00e9thane m\u00e9lang\u00e9e au granulat de marbre ou de quartz rend ce rev\u00eatement tr\u00e8s drainant. Ainsi, aucune accumulation ni stagnation d\u2019eau ne sont \u00e0 craindre.<\/p>\n\n\n\n<h2 class=\"wp-block-heading\">Est-il n\u00e9cessaire d\u2019employer un produit d\u2019entretien ?<\/h2>\n\n\n\n<p>Il existe en effet des produits facilitant l\u2019entretien de ce type de rev\u00eatement de sol. R\u00e9sin\u00e9o propose une formule con\u00e7ue pour raviver et entretenir la surface et les propri\u00e9t\u00e9s des tapis et des moquettes de pierre.<\/p>\n\n\n\n<p>Appliqu\u00e9 une fois par an et suivi d\u2019un brossage, il permet la d\u00e9sincrustation de toutes les poussi\u00e8res et salissures ayant pu se loger dans les porosit\u00e9s du granulat. Il suffit d\u2019une application puis d\u2019un brossage \u00e9nergique. Une fois l\u2019op\u00e9ration r\u00e9alis\u00e9e, il suffit alors de rincer \u00e0 l\u2019eau.<\/p>\n\n\n\n<p><b>A noter<\/b> : <i>En cas d\u2019utilisation d\u2019un nettoyeur haute pression, il est important de ne pas nettoyer de trop pr\u00e8s, ou avec un r\u00e9glage maximal de l\u2019appareil. Bien que tr\u00e8s r\u00e9sistant, insister trop longtemps sur un m\u00eame endroit peut entra\u00eener le d\u00e9collement de certains petits morceaux de marbre ou de quartz.<\/i><\/p>\n\n\n\n<figure class=\"wp-block-image\"><img decoding=\"async\" src=\"https:\/\/staging.resineo.com\/guides\/wp-content\/uploads\/sites\/2\/2019\/10\/revetement-resine-sol-piscine.jpg\" alt=\"Revetement Resine Sol Piscine\"\/><\/figure>\n\n\n\n<h2 class=\"wp-block-heading\">Il est \u00e9galement possible d\u2019utiliser un nettoyeur \u00e0 pression pour assurer l\u2019entretien de ce rev\u00eatement<\/h2>\n\n\n\n<p>Dans le cas o\u00f9 le nettoyage n\u2019aura pas \u00e9t\u00e9 fait durant longtemps, l\u2019utilisation d\u2019un nettoyeur peut s\u2019av\u00e9rer tr\u00e8s utile. Des traces dues \u00e0 des d\u00e9jections d\u2019oiseaux, ou \u00e0 des fruits rouges \u00e9cras\u00e9s par exemple, partiront rapidement et sans effort.<\/p>\n\n\n\n<p>Il suffit d\u2019un entretien de ce type pour r\u00e9cup\u00e9rer tout l\u2019\u00e9clat des couleurs et retrouver un rev\u00eatement dans son \u00e9tat d\u2019origine.<\/p>\n\n\n\n<p>Compte tenu de l\u2019aspect d\u00e9coratif de la r\u00e9sine de pierre, il est important de s\u2019assurer de maintenir l\u2019ensemble propre. D\u2019ailleurs, de nombreuses municipalit\u00e9s ont opt\u00e9 pour la mise en place de ce support dans de nombreux endroits (places, all\u00e9es de jardins publics, etc.), du fait de ces nombreux avantages, et notamment du fait de sa facilit\u00e9 d\u2019entretien. Les employ\u00e9s municipaux viennent rapidement \u00e0 bout de leur travail de nettoyage en ne passant que p\u00e9riodiquement avec un jet \u00e0 haute pression.<\/p>\n\n\n\n<h2 class=\"wp-block-heading\">Opter pour un rev\u00eatement de sol en r\u00e9sine de pierre, c\u2019est la possibilit\u00e9 de ne pas choisir entre esth\u00e9tique et facilit\u00e9 d\u2019entretien<\/h2>\n\n\n\n<p>A la diff\u00e9rence d\u2019un sol en gravier ou en carrelage, qui demandent un entretien constant (d\u00e9sherbage et ratissage dans un cas, lavage r\u00e9gulier dans l\u2019autre), un tapis de pierre ne demande qu\u2019un minimum d\u2019efforts pour garder un sol propre.&nbsp;<\/p>\n\n\n\n<p>De plus, il permet des finitions travaill\u00e9es, uniformes et exemptes de joints (hors joint de fractionnement), qui donnent aux espaces \u00e9quip\u00e9s un aspect sophistiqu\u00e9. Le marbre conf\u00e8re toujours une esth\u00e9tique tr\u00e8s soign\u00e9e aux lieux qu\u2019il habille. Une plage de piscine fabriqu\u00e9e de la sorte mettra en valeur tout l\u2019espace qui borde l\u2019eau. Il en va de m\u00eame pour une <a href=\"https:\/\/staging.resineo.com\/guides\/revetement-resine\/tapis-de-pierre\/terrasse-et-piscine\/\">terrasse<\/a> qui sera beaucoup plus homog\u00e8ne qu\u2019un sol carrel\u00e9 par exemple.<\/p>\n\n\n\n<p>Bien \u00e9videmment, tout ceci d\u00e9pend de la qualit\u00e9 de la pose et des travaux qui permettront l\u2019application de la r\u00e9sine de pierre. Afin que cette derni\u00e8re offre vraiment tous les avantages qu\u2019elle est cens\u00e9e offrir, il est recommand\u00e9 de faire appel \u00e0 une entreprise qui se chargera de sa pose. Les professionnels agr\u00e9\u00e9s \u00e0 manipuler et installer ce produit vous garantissent un respect total de toutes les obligations et toutes les propri\u00e9t\u00e9s de ce rev\u00eatement de sol.<\/p>\n\n\n\n<p>Ainsi, sa durabilit\u00e9, son pouvoir drainant et sa facilit\u00e9 d\u2019entretien seront garantis, sans craindre le passage du temps. Pour une r\u00e9novation ou une construction, un sol en r\u00e9sine de pierre apporte la touche esth\u00e9tique finale, rendant les surfaces \u00e9quip\u00e9es parfaitement s\u00fbres, anti glissantes et tr\u00e8s peu salissantes.<\/p>\n\n\n\n<ul class=\"wp-block-list\">\n<li><a href=\"https:\/\/staging.resineo.com\/guides\/revetement-resine\/tapis-de-pierre\/fabrication\/\">Fabrication d&rsquo;un tapis de pierre<\/a><\/li>\n\n\n\n<li><a href=\"https:\/\/staging.resineo.com\/guides\/revetement-resine\/tapis-de-pierre\/pierre-a-utiliser\/\">Type de pierre \u00e0 utiliser pour un tapis de pierre<\/a><\/li>\n\n\n\n<li><a href=\"https:\/\/staging.resineo.com\/guides\/revetement-resine\/tapis-de-pierre\/tapis-de-marbre\/\">Tapis de marbre<\/a>&nbsp;<\/li>\n<\/ul>\n","protected":false},"excerpt":{"rendered":"<p>Un tapis de pierre est un rev\u00eatement de sol compos\u00e9 d\u2019un granulat min\u00e9ral auquel de la r\u00e9sine polyur\u00e9thane a \u00e9t\u00e9 ajout\u00e9e, afin de jouer le r\u00f4le de liant et de protection. Le tapis de pierre, ou moquette de pierre, est recommand\u00e9 pour \u00e9quiper une surface en ext\u00e9rieur (terrasse, plage de piscine, all\u00e9e de jardin, etc.), [&hellip;]<\/p>\n","protected":false},"author":1,"featured_media":0,"parent":113,"menu_order":0,"comment_status":"closed","ping_status":"closed","template":"","meta":{"_uag_custom_page_level_css":"","footnotes":""},"class_list":["post-125","page","type-page","status-publish","hentry","entry"],"uagb_featured_image_src":{"full":false,"thumbnail":false,"medium":false,"medium_large":false,"large":false,"1536x1536":false,"2048x2048":false,"ocean-thumb-m":false,"ocean-thumb-ml":false,"ocean-thumb-l":false},"uagb_author_info":{"display_name":"admin","author_link":"https:\/\/staging.resineo.com\/guides\/author\/agoralys\/"},"uagb_comment_info":0,"uagb_excerpt":"Un tapis de pierre est un rev\u00eatement de sol compos\u00e9 d\u2019un granulat min\u00e9ral auquel de la r\u00e9sine polyur\u00e9thane a \u00e9t\u00e9 ajout\u00e9e, afin de jouer le r\u00f4le de liant et de protection. Le tapis de pierre, ou moquette de pierre, est recommand\u00e9 pour \u00e9quiper une surface en ext\u00e9rieur (terrasse, plage de piscine, all\u00e9e de jardin, etc.),\u2026","_links":{"self":[{"href":"https:\/\/staging.resineo.com\/guides\/wp-json\/wp\/v2\/pages\/125","targetHints":{"allow":["GET"]}}],"collection":[{"href":"https:\/\/staging.resineo.com\/guides\/wp-json\/wp\/v2\/pages"}],"about":[{"href":"https:\/\/staging.resineo.com\/guides\/wp-json\/wp\/v2\/types\/page"}],"author":[{"embeddable":true,"href":"https:\/\/staging.resineo.com\/guides\/wp-json\/wp\/v2\/users\/1"}],"replies":[{"embeddable":true,"href":"https:\/\/staging.resineo.com\/guides\/wp-json\/wp\/v2\/comments?post=125"}],"version-history":[{"count":2,"href":"https:\/\/staging.resineo.com\/guides\/wp-json\/wp\/v2\/pages\/125\/revisions"}],"predecessor-version":[{"id":3823,"href":"https:\/\/staging.resineo.com\/guides\/wp-json\/wp\/v2\/pages\/125\/revisions\/3823"}],"up":[{"embeddable":true,"href":"https:\/\/staging.resineo.com\/guides\/wp-json\/wp\/v2\/pages\/113"}],"wp:attachment":[{"href":"https:\/\/staging.resineo.com\/guides\/wp-json\/wp\/v2\/media?parent=125"}],"curies":[{"name":"wp","href":"https:\/\/api.w.org\/{rel}","templated":true}]}}