{"id":128,"date":"2019-09-06T08:59:50","date_gmt":"2019-09-06T08:59:50","guid":{"rendered":"https:\/\/staging.resineo.com\/guides\/?page_id=128"},"modified":"2023-10-16T13:48:12","modified_gmt":"2023-10-16T13:48:12","slug":"tapis-de-marbre","status":"publish","type":"page","link":"https:\/\/staging.resineo.com\/guides\/revetement-resine\/tapis-de-pierre\/tapis-de-marbre\/","title":{"rendered":"Tapis de marbre : un rev\u00eatement de sol d\u00e9coratif et drainant"},"content":{"rendered":"\n<p>Pour am\u00e9nager les abords d\u2019une maison, une terrasse, une plage de piscine, une all\u00e9e de jardin ou de garage, le tapis de marbre est un mat\u00e9riau qui permet de mettre en valeur les lieux qu\u2019il \u00e9quipe, tout en garantissant le confort des usagers ou des occupants.<\/p>\n\n\n\n<figure class=\"wp-block-image\"><img decoding=\"async\" src=\"https:\/\/staging.resineo.com\/guides\/wp-content\/uploads\/sites\/2\/2019\/10\/revetement-granulat-esthetique.jpg\" alt=\"Revetement Granulat Esthetique\"\/><\/figure>\n\n\n\n<p>En effet, en plus des qualit\u00e9s esth\u00e9tiques propres \u00e0 cette pierre, le marbre m\u00eal\u00e9 \u00e0 de la r\u00e9sine polyur\u00e9thane assure un excellent drainage, permettant ainsi de conserver une bonne adh\u00e9rence en surface par temps de pluie.&nbsp;<\/p>\n\n\n\n<p><a href=\"https:\/\/staging.resineo.com\/moquette-de-pierre\/\">\u00c9galement appel\u00e9 moquette de marbre<\/a>, ce mat\u00e9riau offre une grande vari\u00e9t\u00e9 de possibilit\u00e9 en termes d\u2019am\u00e9nagements ext\u00e9rieurs. Durable, solide et drainant, autant de qualit\u00e9s qui en font un rev\u00eatement de sol ext\u00e9rieur id\u00e9al.<\/p>\n\n\n\n<h2 class=\"wp-block-heading\">Quel type de marbre est utilis\u00e9 pour sa fabrication&nbsp;?<\/h2>\n\n\n\n<p>Tout d\u2019abord, il est important de noter que l\u2019\u00e9tat dans lequel le mat\u00e9riau se pr\u00e9sente au d\u00e9part est appel\u00e9 un granulat. Il s\u2019agit de petits morceaux de marbre qui seront solidaris\u00e9s par l\u2019application d\u2019une r\u00e9sine polyur\u00e9thane.<\/p>\n\n\n\n<p>Ce granulat est donc compos\u00e9 de petits morceaux dont la granulom\u00e9trie est s\u00e9lectionn\u00e9e pour r\u00e9pondre aux contraintes d\u2019utilisation. En clair, le marbre va \u00eatre tri\u00e9 par couleur et par gabarit pour donner corps \u00e0 des rev\u00eatements de sols homog\u00e8nes, tant du point de vue esth\u00e9tique que structurel.<\/p>\n\n\n\n<p>Ce granulat est roul\u00e9 ou concass\u00e9. On obtient un rev\u00eatement granuleux, mais agr\u00e9able au toucher, permettant de marcher pieds nus, sans risquer de se blesser. L\u2019un des avantages de cette structure granuleuse, c\u2019est qu\u2019il est anti-glissant. C\u2019est d\u2019ailleurs une des raisons qui en fait un mat\u00e9riau de choix pour cr\u00e9er une plage ou un contour de piscine. Bien que mouill\u00e9, l\u2019utilisateur peut sortir directement de l\u2019eau et marcher \u00e0 la surface sans risquer de glisser.<\/p>\n\n\n\n<p>G\u00e9n\u00e9ralement clair, le marbre s\u00e9lectionn\u00e9 pour ce type d\u2019am\u00e9nagement permet de mettre en valeur les espaces qu\u2019il \u00e9quipe. Oscillant de beige fonc\u00e9 \u00e0 blanc, la palette de coloris permet des compositions color\u00e9es en fonction de l\u2019ambiance du lieu et de la d\u00e9coration que l\u2019on y trouve.<\/p>\n\n\n\n<h2 class=\"wp-block-heading\">Quelle taille doit avoir le granulat&nbsp;d\u2019un tapis de marbre ?<\/h2>\n\n\n\n<p>Plus que de taille, on parle de granulom\u00e9trie. Cette derni\u00e8re doit \u00eatre adapt\u00e9e \u00e0 ce type de produit pour qu\u2019il soit bien drainant.<\/p>\n\n\n\n<p>En effet, c\u2019est pr\u00e9cis\u00e9ment la granulom\u00e9trie de ce mat\u00e9riau, qui va permettre l\u2019\u00e9coulement des eaux ou des liquides au travers de l\u2019\u00e9paisseur du granulat, en rendant l\u2019ensemble perm\u00e9able. Pour ce faire, diff\u00e9rentes tailles sont s\u00e9lectionn\u00e9es en fonction de l\u2019utilisation ou du r\u00f4le que le rev\u00eatement devra assur\u00e9&nbsp;:&nbsp;<\/p>\n\n\n\n<ul class=\"wp-block-list\">\n<li>2,5\/5 mm&nbsp; ou 3-6 mm pour la couverture de <a href=\"https:\/\/staging.resineo.com\/guides\/revetement-resine\/tapis-de-pierre\/terrasse-et-piscine\/\">terrasse<\/a> ou de contour de piscine par exemple.<\/li>\n\n\n\n<li><img decoding=\"async\" style=\"font-size: 18px; color: var( --e-global-color-text );\" src=\"https:\/\/staging.resineo.com\/guides\/wp-content\/uploads\/sites\/2\/2019\/10\/plage-pisicne-resine.jpg\" alt=\"Plage Pisicne Resine\"><\/li>\n<\/ul>\n\n\n\n<h2 class=\"wp-block-heading\">Un tapis de marbre peut-il \u00eatre carrossable&nbsp;?<\/h2>\n\n\n\n<p>C\u2019est effectivement une des possibilit\u00e9s qu\u2019offre ce rev\u00eatement de sol. Un v\u00e9hicule peut circuler \u00e0 sa surface, \u00e0 condition que la pose ait \u00e9t\u00e9 faite en respectant certaines contraintes techniques, notamment concernant l\u2019\u00e9paisseur&nbsp;:&nbsp;<\/p>\n\n\n\n<ul class=\"wp-block-list\">\n<li>Pour supporter le trafic de v\u00e9hicules l\u00e9gers (&gt;3,5T)&nbsp;: Sur une dalle de b\u00e9ton de 15 cm d\u2019\u00e9paisseur, 15 mm de r\u00e9sine de marbre devront \u00eatre appliqu\u00e9s.<\/li>\n\n\n\n<li>Pour supporter le trafic de v\u00e9hicules l\u00e9gers (&gt;3,5T)&nbsp;: Sur du gravier non trait\u00e9 (GNT) d\u2019une \u00e9paisseur de 10 \u00e0 12 cm, 30 mm de r\u00e9sine de marbre seront pos\u00e9s.<\/li>\n\n\n\n<li>Pour supporter le trafic de poids lourds (&gt;19T) : Sur dalle de b\u00e9ton (\u00e9paisse) 3 cm de marbre et de r\u00e9sine seront pos\u00e9s.<\/li>\n\n\n\n<li>Pour supporter le trafic de poids lourds (&gt;19T)&nbsp;: Sur du gravier non trait\u00e9 (GNT carrossable de 50 cm) 3 cm de rev\u00eatement marbre et r\u00e9sine sont n\u00e9cessaires.<\/li>\n<\/ul>\n\n\n\n<p>Il est ainsi possible d\u2019\u00e9quiper un parking, une all\u00e9e de garage, de m\u00eame qu\u2019une piste cyclable. Dans chacun de ces cas, le drainage de l\u2019eau de pluie sera assur\u00e9 par le rev\u00eatement, permettant d&rsquo;\u00e9viter une couche d&rsquo;eau stagnante en surface des sols \u00e9quip\u00e9s.<\/p>\n\n\n\n<p>D\u2019une part, ces rev\u00eatements sont tr\u00e8s r\u00e9sistants, d\u2019autre part, ils garantissent qu\u2019aucun gravillon ne se d\u00e9tachera de la structure (\u00e0 condition que la r\u00e9sine utilis\u00e9e soit de bonne qualit\u00e9 et utilis\u00e9e en quantit\u00e9 suffisante), contrairement \u00e0 d\u2019autres rev\u00eatements de sol moins stables supportant parfois mal la chaleur et le froid.<\/p>\n\n\n\n<h2 class=\"wp-block-heading\">Comment assurer le nettoyage d\u2019un tapis de marbre r\u00e9sine&nbsp;?<\/h2>\n\n\n\n<p>Tr\u00e8s facile d\u2019<a href=\"https:\/\/staging.resineo.com\/guides\/revetement-resine\/tapis-de-pierre\/entretien\/\">entretien<\/a>, il suffit de nettoyer sa terrasse ou sa plage de piscine \u00e0 l\u2019aide d\u2019un jet d\u2019eau haute pression.&nbsp;<\/p>\n\n\n\n<p>A raison de deux nettoyages par an, le tapis de marbre conserve son aspect d\u2019origine.<\/p>\n\n\n\n<p><b>A noter<\/b>&nbsp;: <i>La r\u00e9sine polyur\u00e9thane utilis\u00e9e pour agglom\u00e9rer le granulat de marbre conf\u00e8re une r\u00e9sistance anti t\u00e2che aux surfaces \u00e9quip\u00e9es. Ainsi, si des repas sont pris sur la terrasse, aucune crainte \u00e0 avoir si un soda ou tout autre aliment venait \u00e0 tomber par terre. Un simple nettoyage \u00e0 l\u2019eau suffira pour d\u00e9barrasser le sol de la trace de cet incident.<\/i><\/p>\n\n\n\n<h2 class=\"wp-block-heading\">La r\u00e9sine de marbre peut-elle \u00eatre utilis\u00e9e pour recouvrir une surface en carrelage&nbsp;?<\/h2>\n\n\n\n<p>A condition que ladite surface soit bien pr\u00e9par\u00e9e, un tapis de marbre peut parfaitement couvrir une zone en carrelage.<\/p>\n\n\n\n<p>Pour ce faire, il faut s\u2019assurer qu\u2019aucune fissure ne puisse nuire \u00e0 l\u2019int\u00e9grit\u00e9 du tapis. Il est donc n\u00e9cessaire de r\u00e9parer les \u00e9ventuelles anomalies avant d\u2019appliquer la r\u00e9sine qui servira de primaire d\u2019accrochage. C\u2019est elle qui garantira une parfaite adh\u00e9sion du rev\u00eatement qui sera ensuite pos\u00e9.<\/p>\n\n\n\n<p>Si la surface en question est parfaitement plate et n\u2019a aucune pente, il sera n\u00e9cessaire de recr\u00e9er une pente d&rsquo;au minium 2%. Pour en juger, il est recommand\u00e9 de confier la r\u00e9alisation des travaux \u00e0 une entreprise sp\u00e9cialis\u00e9s dont les professionnels sont form\u00e9s \u00e0 la mise en place de ce type de produit.&nbsp;<\/p>\n\n\n\n<figure class=\"wp-block-image\"><img decoding=\"async\" src=\"https:\/\/staging.resineo.com\/guides\/wp-content\/uploads\/sites\/2\/2019\/10\/revetement-exterieur-antiderapant-escalier.jpg\" alt=\"Revetement Exterieur Antiderapant Escalier\"\/><\/figure>\n\n\n\n<h2 class=\"wp-block-heading\">Peut-on recouvrir un escalier d\u2019un tapis de marbre&nbsp;?<\/h2>\n\n\n\n<p>Bien que ce type d\u2019op\u00e9ration soit relativement technique, c\u2019est tout \u00e0 fait envisageable.<\/p>\n\n\n\n<p><b>A noter<\/b>&nbsp;: <i>La partie la plus d\u00e9licate \u00e0 habiller est la contremarche. Compte tenu du fait que le mat\u00e9riau doit \u00eatre fix\u00e9 \u00e0 la verticale, l\u00e0 encore, il est recommand\u00e9 de faire appel \u00e0 des professionnels pour se charger de ce type d\u2019op\u00e9ration.<\/i><\/p>\n\n\n\n<p>Il s\u2019agit d\u2019une excellente fa\u00e7on d&#8217;embellir ses escaliers. Le tapis de marbre \u00e9tant drainant, il permet d&rsquo;\u00e9viter que l&rsquo;eau ne stagne sur la marche. Des nez de marche antid\u00e9rapant pourront \u00eatre utilis\u00e9s pour s\u00e9curiser la descente des escaliers par temps de pluie.&nbsp;<\/p>\n\n\n\n<h2 class=\"wp-block-heading\">Conclusion<\/h2>\n\n\n\n<p>Disponible en diff\u00e9rentes couleurs, parfaitement drainant, tr\u00e8s esth\u00e9tique et carrossable, le tapis de marbre est un mat\u00e9riau qui permettra d\u2019am\u00e9liorer le confort des occupants d\u2019une maison, tout en ajoutant une touche de finitions esth\u00e9tiques haut de gamme.<\/p>\n\n\n\n<p>Tr\u00e8s r\u00e9sistant aux UV et au passage du temps, il permet d\u2019am\u00e9nager diff\u00e9rents espaces de la maison, en ayant la garantie d\u2019\u00eatre tranquille pour de longues ann\u00e9es (sous r\u00e9serve de travaux conformes aux donn\u00e9es fabricant, et d\u2019un entretien p\u00e9riodique).<\/p>\n\n\n\n<p>De plus, il est facile d\u2019int\u00e9grer des \u00e9l\u00e9ments graphiques (dessins) lors de la cr\u00e9ation d\u2019un rev\u00eatement, ou des \u00e9clairages incrust\u00e9s dans le sol.&nbsp;<\/p>\n\n\n\n<p>Pour qui souhaite habiller une dalle de b\u00e9ton rest\u00e9e \u00e0 nu, ou recouvrir un carrelage trop glissant autour d\u2019une piscine par exemple, le tapis de marbre est une alternative facile d\u2019entretien, qui r\u00e9sistera parfaitement aux intemp\u00e9ries, tout en conservant son aspect originel.&nbsp;<\/p>\n\n\n\n<p>Cette combinaison de granulat de marbre et de r\u00e9sine offre les qualit\u00e9s recherch\u00e9es pour \u00e9quiper sa maison, quel que soit l\u2019espace ou la surface.<\/p>\n\n\n\n<ul class=\"wp-block-list\">\n<li><a href=\"https:\/\/staging.resineo.com\/guides\/revetement-resine\/tapis-de-pierre\/\">Tapis de pierre<\/a><\/li>\n\n\n\n<li><a href=\"https:\/\/staging.resineo.com\/guides\/revetement-resine\/tapis-de-pierre\/fabrication\/\">Fabrication d&rsquo;un tapis de pierre<\/a><\/li>\n\n\n\n<li><a href=\"https:\/\/staging.resineo.com\/guides\/revetement-resine\/tapis-de-pierre\/pierre-a-utiliser\/\">Type de pierre \u00e0 utiliser pour un tapis de pierre<\/a><\/li>\n<\/ul>\n","protected":false},"excerpt":{"rendered":"<p>Pour am\u00e9nager les abords d\u2019une maison, une terrasse, une plage de piscine, une all\u00e9e de jardin ou de garage, le tapis de marbre est un mat\u00e9riau qui permet de mettre en valeur les lieux qu\u2019il \u00e9quipe, tout en garantissant le confort des usagers ou des occupants. En effet, en plus des qualit\u00e9s esth\u00e9tiques propres \u00e0 [&hellip;]<\/p>\n","protected":false},"author":1,"featured_media":0,"parent":113,"menu_order":0,"comment_status":"closed","ping_status":"closed","template":"","meta":{"_uag_custom_page_level_css":"","footnotes":""},"class_list":["post-128","page","type-page","status-publish","hentry","entry"],"uagb_featured_image_src":{"full":false,"thumbnail":false,"medium":false,"medium_large":false,"large":false,"1536x1536":false,"2048x2048":false,"ocean-thumb-m":false,"ocean-thumb-ml":false,"ocean-thumb-l":false},"uagb_author_info":{"display_name":"admin","author_link":"https:\/\/staging.resineo.com\/guides\/author\/agoralys\/"},"uagb_comment_info":0,"uagb_excerpt":"Pour am\u00e9nager les abords d\u2019une maison, une terrasse, une plage de piscine, une all\u00e9e de jardin ou de garage, le tapis de marbre est un mat\u00e9riau qui permet de mettre en valeur les lieux qu\u2019il \u00e9quipe, tout en garantissant le confort des usagers ou des occupants. En effet, en plus des qualit\u00e9s esth\u00e9tiques propres \u00e0\u2026","_links":{"self":[{"href":"https:\/\/staging.resineo.com\/guides\/wp-json\/wp\/v2\/pages\/128","targetHints":{"allow":["GET"]}}],"collection":[{"href":"https:\/\/staging.resineo.com\/guides\/wp-json\/wp\/v2\/pages"}],"about":[{"href":"https:\/\/staging.resineo.com\/guides\/wp-json\/wp\/v2\/types\/page"}],"author":[{"embeddable":true,"href":"https:\/\/staging.resineo.com\/guides\/wp-json\/wp\/v2\/users\/1"}],"replies":[{"embeddable":true,"href":"https:\/\/staging.resineo.com\/guides\/wp-json\/wp\/v2\/comments?post=128"}],"version-history":[{"count":2,"href":"https:\/\/staging.resineo.com\/guides\/wp-json\/wp\/v2\/pages\/128\/revisions"}],"predecessor-version":[{"id":3829,"href":"https:\/\/staging.resineo.com\/guides\/wp-json\/wp\/v2\/pages\/128\/revisions\/3829"}],"up":[{"embeddable":true,"href":"https:\/\/staging.resineo.com\/guides\/wp-json\/wp\/v2\/pages\/113"}],"wp:attachment":[{"href":"https:\/\/staging.resineo.com\/guides\/wp-json\/wp\/v2\/media?parent=128"}],"curies":[{"name":"wp","href":"https:\/\/api.w.org\/{rel}","templated":true}]}}