{"id":131,"date":"2019-09-06T09:03:28","date_gmt":"2019-09-06T09:03:28","guid":{"rendered":"https:\/\/staging.resineo.com\/guides\/?page_id=131"},"modified":"2021-03-16T10:02:54","modified_gmt":"2021-03-16T10:02:54","slug":"resine-sol-exterieur","status":"publish","type":"page","link":"https:\/\/staging.resineo.com\/guides\/revetement-resine\/resine-sol-exterieur\/","title":{"rendered":"R\u00e9sine de sol pour surface ext\u00e9rieure"},"content":{"rendered":"\t\t<div data-elementor-type=\"wp-post\" data-elementor-id=\"131\" class=\"elementor elementor-131\" data-elementor-post-type=\"page\">\n\t\t\t\t\t\t<section class=\"elementor-section elementor-top-section elementor-element elementor-element-368eb74c elementor-section-boxed elementor-section-height-default elementor-section-height-default\" data-id=\"368eb74c\" data-element_type=\"section\">\n\t\t\t\t\t\t<div class=\"elementor-container elementor-column-gap-default\">\n\t\t\t\t\t<div class=\"elementor-column elementor-col-100 elementor-top-column elementor-element elementor-element-759fc844\" data-id=\"759fc844\" data-element_type=\"column\">\n\t\t\t<div class=\"elementor-widget-wrap elementor-element-populated\">\n\t\t\t\t\t\t<div class=\"elementor-element elementor-element-68dfb676 elementor-widget elementor-widget-text-editor\" data-id=\"68dfb676\" data-element_type=\"widget\" data-widget_type=\"text-editor.default\">\n\t\t\t\t<div class=\"elementor-widget-container\">\n\t\t\t\t\t\t\t\t\t<p><\/p>\n<p>Pour \u00e9quiper une surface ext\u00e9rieure d\u2019un rev\u00eatement \u00e0 la fois fiable et durable, dans le cadre de travaux de r\u00e9novation ou d\u2019une construction, un rev\u00eatement en r\u00e9sine est une solution qui m\u00e9rite d\u2019\u00eatre envisag\u00e9e.<\/p>\n<p><\/p>\n<figure class=\"wp-block-image\"><img fetchpriority=\"high\" decoding=\"async\" width=\"650\" height=\"487\" src=\"https:\/\/staging.resineo.com\/guides\/wp-content\/uploads\/sites\/2\/2019\/10\/revetement-sol-ext\u00e9rieur-escalier.jpg\" alt=\"Revetement Sol Ext\u00e9rieur Escalier\" class=\"wp-image-613\" srcset=\"https:\/\/staging.resineo.com\/guides\/wp-content\/uploads\/sites\/2\/2019\/10\/revetement-sol-ext\u00e9rieur-escalier.jpg 650w, https:\/\/staging.resineo.com\/guides\/wp-content\/uploads\/sites\/2\/2019\/10\/revetement-sol-ext\u00e9rieur-escalier-300x225.jpg 300w\" sizes=\"(max-width: 650px) 100vw, 650px\" \/><\/figure>\n<p><\/p>\n<p><span style=\"font-weight: 400;\">Permettant d\u2019\u00e9quiper de nombreux espaces en garantissant d\u2019allier propri\u00e9t\u00e9s techniques et esth\u00e9tiques, ce rev\u00eatement allie la duret\u00e9 et la r\u00e9sistance de la pierre, \u00e0 la protection et la durabilit\u00e9 de la r\u00e9sine.<\/span><\/p>\n<p><\/p>\n<p><span style=\"font-weight: 400;\">Lorsqu\u2019on parle de <a href=\"https:\/\/staging.resineo.com\/guides\/revetement-resine\/\">rev\u00eatement de sol \u00e0 base de r\u00e9sine<\/a>, il ne s\u2019agit pas n\u00e9cessairement d\u2019appliquer une r\u00e9sine et de cr\u00e9er une surface lisse, mais plut\u00f4t d\u2019opter pour l\u2019option r\u00e9sine m\u00e9lang\u00e9e \u00e0 des pierres naturelles.&nbsp;<\/span><\/p>\n<p><\/p>\n<p><span style=\"font-weight: 400;\">Ce mat\u00e9riau est un m\u00e9lange de granulat min\u00e9ral (pierre naturelle concass\u00e9e), agglom\u00e9r\u00e9 \u00e0 l\u2019aide de r\u00e9sine.&nbsp;Ce produit permet de profiter d\u2019un sol drainant, non-glissant, et reconnu pour sa duret\u00e9 est son aspect esth\u00e9tique haut de gamme.<\/span><\/p>\n<p><\/p>\n<h2><span style=\"font-weight: 400;\">Un rev\u00eatement de sol id\u00e9al pour entamer une r\u00e9novation<\/span><\/h2>\n<p><\/p>\n<p><span style=\"font-weight: 400;\">Compte tenu du fait que ce mat\u00e9riau peut \u00eatre appliqu\u00e9 sur de nombreux supports diff\u00e9rents en l\u2019appliquant directement \u00e0 sa surface (dans le cas o\u00f9 celui-ci est sain).&nbsp;<\/span><\/p>\n<p><\/p>\n<p><span style=\"font-weight: 400;\">Parfait pour recouvrir un carrelage ou une dalle de b\u00e9ton par exemple, il va permettre de rehausser l\u2019esth\u00e9tique des lieux, tout en profitant de ses qualit\u00e9s. Son pouvoir drainant va notamment permettre de conserver une surface praticable et exempte de flaque, m\u00eame en cas de pluie.&nbsp;<\/span><\/p>\n<p><\/p>\n<p><span style=\"font-weight: 400;\">En effet, l\u2019utilisation de granulat min\u00e9ral (marbre ou quartz) fait que la structure de ce rev\u00eatement est compos\u00e9e d\u2019une infinit\u00e9 de pores, qui permettent l\u2019\u00e9coulement de l\u2019eau. Les anfractuosit\u00e9s conf\u00e8rent \u00e0 ce mat\u00e9riau son fort pouvoir drainant. Cette porosit\u00e9 garantit \u00e9galement deux particularit\u00e9s importantes&nbsp;:&nbsp;<\/span><\/p>\n<p><\/p>\n<ul>\n<li style=\"font-weight: 400;\"><span style=\"font-weight: 400;\">Le rev\u00eatement r\u00e9siste au gel&nbsp;: en cas de temp\u00e9ratures n\u00e9gatives, l\u2019eau peut s\u2019expandre au sein de la structure du rev\u00eatement, sans mettre \u00e0 mal sa solidit\u00e9 ni son int\u00e9grit\u00e9. Le rev\u00eatement ne fissure pas sous cette action.<\/span><\/li>\n<li style=\"font-weight: 400;\"><span style=\"font-weight: 400;\">R\u00e9sistance \u00e0 la chaleur&nbsp;:&nbsp; en cas de forte chaleur, l\u2019air contenu dans les porosit\u00e9s permet une r\u00e9gulation thermique en surface. L\u2019ensemble ne souffre d\u2019aucune d\u00e9formation.<\/span><\/li>\n<\/ul>\n<p><span style=\"font-weight: 400;\">Pour les sols qui en sont \u00e9quip\u00e9s et qui sont soumis aux intemp\u00e9ries et aux \u00e9l\u00e9ments, comme une terrasse ou une plage de piscine par exemple, ces particularit\u00e9s sont un atout qui garantissent une r\u00e9sistance accrue.&nbsp;<\/span><\/p>\n<p><\/p>\n<p><span style=\"font-weight: 400;\">En termes d\u2019application, les possibilit\u00e9s sont tr\u00e8s nombreuses. Depuis <a href=\"https:\/\/staging.resineo.com\/guides\/revetement-resine\/allee-carrossable\/\">la cr\u00e9ation d\u2019une all\u00e9e de jardin ou de garage<\/a>.&nbsp;Le rev\u00eatement final pourra \u00eatre adapt\u00e9 en fonction des normes n\u00e9cessaires, notamment sur l&rsquo;anti-glissance.&nbsp;<\/span><\/p>\n<p><\/p>\n<figure class=\"wp-block-image\"><img decoding=\"async\" width=\"650\" height=\"433\" src=\"https:\/\/staging.resineo.com\/guides\/wp-content\/uploads\/sites\/2\/2019\/10\/revetement-resine-esthetique-particulier.jpg\" alt=\"Revetement Resine Esthetique Particulier\" class=\"wp-image-604\" srcset=\"https:\/\/staging.resineo.com\/guides\/wp-content\/uploads\/sites\/2\/2019\/10\/revetement-resine-esthetique-particulier.jpg 650w, https:\/\/staging.resineo.com\/guides\/wp-content\/uploads\/sites\/2\/2019\/10\/revetement-resine-esthetique-particulier-300x200.jpg 300w\" sizes=\"(max-width: 650px) 100vw, 650px\" \/><\/figure>\n<p><\/p>\n<h2><span style=\"font-weight: 400;\">Comment se d\u00e9roulent les travaux d\u2019application de ces produits&nbsp;?<\/span><\/h2>\n<p><\/p>\n<p><span style=\"font-weight: 400;\">Avant toute chose, il est important de souligner que la nature et l\u2019\u00e9tat du support sur lequel reposera le rev\u00eatement final auront leur importance.&nbsp;<\/span><\/p>\n<p><\/p>\n<p><span style=\"font-weight: 400;\">Voici les diff\u00e9rents sols sur lesquels la <a href=\"https:\/\/staging.resineo.com\/guides\/revetement-resine\/moquette-pierre\/\">moquette de pierre<\/a> (un des autres noms de la r\u00e9sine de pierre) peut \u00eatre mise en \u0153uvre&nbsp;:<\/span><\/p>\n<p><\/p>\n<ul>\n<li style=\"font-weight: 400;\"><span style=\"font-weight: 400;\">Carrelage&nbsp;: il faudra qu\u2019une pente minimale existe d\u00e9j\u00e0 et que l\u2019ensemble du support soit en bon \u00e9tat, sans fissure.<\/span><\/li>\n<li style=\"font-weight: 400;\"><span style=\"font-weight: 400;\">B\u00e9ton&nbsp;: en cas de d\u00e9fauts sur la surface, il peut s\u2019av\u00e9rer n\u00e9cessaire de faire un ragr\u00e9age pour s\u2019assurer de la solidit\u00e9 et de l\u2019int\u00e9grit\u00e9 du produit final.<\/span><\/li>\n<li style=\"font-weight: 400;\"><span style=\"font-weight: 400;\">Graves (GNT)&nbsp;: sur ce type de sol, il faudra s\u2019assurer de la compacit\u00e9 de l\u2019ensemble et de la possibilit\u00e9 d\u2019appliquer le granulat et la r\u00e9sine sans probl\u00e8me.<\/span><\/li>\n<\/ul>\n<p><span style=\"font-weight: 400;\">Dans toutes ces configurations, il sera n\u00e9cessaire de pr\u00e9parer le support avant d\u2019entamer la pose du rev\u00eatement final. Une couche de r\u00e9sine \u00e9poxy permettra d\u2019assurer l\u2019adh\u00e9rence du produit fini, en plus d\u2019assurer l\u2019\u00e9coulement de l\u2019eau drain\u00e9e sur le support d\u2019origine (hors GNT).&nbsp;<\/span><\/p>\n<p><\/p>\n<p><span style=\"font-weight: 400;\">Le m\u00e9lange de granulat min\u00e9ral et de r\u00e9sine est ensuite r\u00e9alis\u00e9 avant d\u2019\u00eatre \u00e9tendu au sol. Apr\u00e8s un lissage \u00e0 la lisseuse a main ou taloche, il peut s\u2019av\u00e9rer n\u00e9cessaire d\u2019effectuer un passage \u00e0 l\u2019aide d\u2019une lisseuse \u00e9lectrique.&nbsp; Ensuite, une couche de r\u00e9sine de finition est appliqu\u00e9e afin de prot\u00e9ger des rayons UV et de l\u2019usure des passages r\u00e9p\u00e9t\u00e9s.<\/span><\/p>\n<p><\/p>\n<p><b>A noter<\/b><span style=\"font-weight: 400;\">&nbsp;: <\/span><i><span style=\"font-weight: 400;\">on emploie g\u00e9n\u00e9ralement une r\u00e9sine bi-composante \u00e0 base de polyur\u00e9thane pour finir la <a href=\"https:\/\/staging.resineo.com\/guides\/revetement-resine\/tapis-de-pierre\/\">moquette de pierre<\/a>. Toutefois, en fonction des configurations, la nature de ce produit peut changer pour \u00eatre adapt\u00e9 aux conditions et \u00e0 l\u2019usage.<\/span><\/i><span style=\"font-weight: 400;\">&nbsp;<\/span><\/p>\n<p><\/p>\n<h2><span style=\"font-weight: 400;\">Il est recommand\u00e9 de confier la r\u00e9alisation des travaux \u00e0 un professionnel&nbsp;<\/span><\/h2>\n<p><\/p>\n<p><span style=\"font-weight: 400;\">Afin que le rev\u00eatement soit dot\u00e9 de toutes les qualit\u00e9s techniques que l\u2019on en attend, il est pr\u00e9f\u00e9rable qu\u2019une entreprise ou un professionnel r\u00e9alise les travaux de pr\u00e9paration et de pose.<\/span><\/p>\n<p><\/p>\n<p><span style=\"font-weight: 400;\">L\u2019int\u00e9grit\u00e9, la durabilit\u00e9, la r\u00e9sistance et le pouvoir drainant du mat\u00e9riau en d\u00e9pendent.<\/span><\/p>\n<p><\/p>\n<p><span style=\"font-weight: 400;\">Le rev\u00eatement en r\u00e9sine demande d\u2019\u00eatre habilit\u00e9 \u00e0 travailler ce mat\u00e9riau. Un m\u00e9lange de composants en mauvaises proportions pourrait s\u2019av\u00e9rer contre-productif. Le granulat pourrait ne pas \u00eatre aussi stable que pr\u00e9vu, ou une trop grande proportion de r\u00e9sine pourrait entra\u00eener l\u2019\u00e9tanch\u00e9it\u00e9 de la surface.<\/span><\/p>\n<p><\/p>\n<p><span style=\"font-weight: 400;\">Pour ces raisons, les fabricants conseillent de faire appel aux services d\u2019experts qualifi\u00e9s, \u00e0 m\u00eame de respecter toutes les consignes relatives \u00e0 ce produit.&nbsp;<\/span><\/p>\n<p><\/p>\n<figure class=\"wp-block-image\"><img decoding=\"async\" width=\"650\" height=\"433\" src=\"https:\/\/staging.resineo.com\/guides\/wp-content\/uploads\/sites\/2\/2019\/10\/sol-exterieur-revetement-granulat.jpg\" alt=\"Sol Exterieur Revetement Granulat\" class=\"wp-image-622\" srcset=\"https:\/\/staging.resineo.com\/guides\/wp-content\/uploads\/sites\/2\/2019\/10\/sol-exterieur-revetement-granulat.jpg 650w, https:\/\/staging.resineo.com\/guides\/wp-content\/uploads\/sites\/2\/2019\/10\/sol-exterieur-revetement-granulat-300x200.jpg 300w\" sizes=\"(max-width: 650px) 100vw, 650px\" \/><\/figure>\n<p><\/p>\n<h2><span style=\"font-weight: 400;\">Comment assurer l\u2019entretien de ce rev\u00eatement de sol&nbsp;?<\/span><\/h2>\n<p><\/p>\n<p><span style=\"font-weight: 400;\">Compte tenu de son fort pouvoir drainant, un sol \u00e9quip\u00e9 de ce produit ne suppose que peu d\u2019entretien.<\/span><\/p>\n<p><\/p>\n<p><span style=\"font-weight: 400;\">En effet, l\u2019absence de formation de flaques permet d\u2019\u00e9viter les d\u00e9p\u00f4ts qu\u2019entra\u00eene le s\u00e9chage de l\u2019eau stagnante. Pour un carrelage par exemple, il est n\u00e9cessaire de nettoyer la surface relativement souvent, du fait de ces traces entra\u00een\u00e9es par l\u2019\u00e9tanch\u00e9it\u00e9 de ce mat\u00e9riau. Pour la r\u00e9sine de pierre, sa surface lisse et sa capacit\u00e9 \u00e0 drainer les eaux de pluie permettent d\u2019\u00e9viter ce type de contrainte.<\/span><\/p>\n<p><\/p>\n<p><span style=\"font-weight: 400;\">Il est recommand\u00e9 d\u2019effectuer au moins un entretien par an. Ce dernier se r\u00e9sume \u00e0 laver la surface avec un produit d&rsquo;entretien \u00e0 l\u2019aide d\u2019un jet d\u2019eau et d\u2019une brosse pour d\u00e9sincruster les impuret\u00e9s qui auraient pu adh\u00e9rer durant l\u2019hiver. Tous les 5 ans, il sera possible d&rsquo;appliquer un badigeon qui viendra raviver l&rsquo;effet mouill\u00e9 des pierres et prot\u00e9ger la surface.&nbsp;<\/span><\/p>\n<p><\/p>\n<p><span style=\"font-weight: 400;\">En cas de t\u00e2ches grasses, il existe des produits pens\u00e9s pour enlever ce type salissure. Une application d&rsquo;un d\u00e9graissant et un rin\u00e7age \u00e0 l\u2019eau claire permettent de les \u00e9liminer efficacement.&nbsp;<\/span><\/p>\n<p><\/p>\n<h2><span style=\"font-weight: 400;\">Quelles sont les possibilit\u00e9s en mati\u00e8re d\u2019esth\u00e9tique et de d\u00e9coration&nbsp;?<\/span><\/h2>\n<p><\/p>\n<p><span style=\"font-weight: 400;\">Le marbre et le quartz employ\u00e9s pour composer ces rev\u00eatements offrent une palette de couleurs naturelles. L\u2019aspect min\u00e9ral du rev\u00eatement ajoute ainsi une touche d\u00e9corative sophistiqu\u00e9e aux espaces qui en sont \u00e9quip\u00e9s.&nbsp;<\/span><\/p>\n<p><\/p>\n<p><span style=\"font-weight: 400;\">Terrasses et <a href=\"https:\/\/staging.resineo.com\/guides\/revetement-resine\/sol-piscine\/\">plages de piscine<\/a> sont ainsi des \u00e9l\u00e9ments d\u00e9coratifs \u00e0 part enti\u00e8re. La palette de tons disponibles donne le choix d\u2019accorder la couleur du sol aux espaces environnants. Il est possible de cr\u00e9er des compositions harmonieuses en tenant compte de l\u2019aspect de chaque \u00e9l\u00e9ment (fa\u00e7ade de la maison, pr\u00e9sence d\u2019un appentis en bois pr\u00e8s de la piscine, etc.).<\/span><\/p>\n<p><\/p>\n<p><b>A noter<\/b><span style=\"font-weight: 400;\">&nbsp;: <\/span><i><span style=\"font-weight: 400;\">les r\u00e9sines utilis\u00e9es sont transparentes. Mis \u00e0 part l\u2019effet brillant qu\u2019elles donnent aux surfaces, elles n\u2019alt\u00e8rent pas les couleurs naturelles des sols.<\/span><\/i><\/p>\n<p><\/p>\n<p><span style=\"font-weight: 400;\">On peut aussi envisager la cr\u00e9ation de motifs en utilisant plusieurs granulats de couleur diff\u00e9rente. En alternant leur utilisation, on obtient des compositions graphiques qui permettent la personnalisation des sols. Aux abords d\u2019une piscine par exemple, ou sur une terrasse, ce type de cr\u00e9ation pr\u00e9sente un v\u00e9ritable int\u00e9r\u00eat.&nbsp;<\/span><\/p>\n<p><\/p>\n<p><span style=\"font-weight: 400;\">D\u2019ailleurs, les collectivit\u00e9s ou les villes qui utilisent ce mat\u00e9riau pour \u00e9quiper des places profitent souvent de cette possibilit\u00e9 pour inclure un motif au milieu du rev\u00eatement.&nbsp;<\/span><\/p>\n<p><\/p>\n<figure class=\"wp-block-image\"><img loading=\"lazy\" decoding=\"async\" width=\"650\" height=\"488\" src=\"https:\/\/staging.resineo.com\/guides\/wp-content\/uploads\/sites\/2\/2019\/10\/resine-granulat-bord-pisicne.jpg\" alt=\"Resine Granulat Bord Pisicne\" class=\"wp-image-561\" srcset=\"https:\/\/staging.resineo.com\/guides\/wp-content\/uploads\/sites\/2\/2019\/10\/resine-granulat-bord-pisicne.jpg 650w, https:\/\/staging.resineo.com\/guides\/wp-content\/uploads\/sites\/2\/2019\/10\/resine-granulat-bord-pisicne-300x225.jpg 300w\" sizes=\"(max-width: 650px) 100vw, 650px\" \/><\/figure>\n<p><\/p>\n<h2><span style=\"font-weight: 400;\">Pour votre <a href=\"https:\/\/staging.resineo.com\/guides\/revetement-resine\/terrasse-exterieure\/\">terrasse<\/a> ou pour vos ext\u00e9rieurs, la r\u00e9sine de sol est une solution durable<\/span><\/h2>\n<p><\/p>\n<p><span style=\"font-weight: 400;\">Un rev\u00eatement en granulats min\u00e9raux est un choix alliant tranquillit\u00e9 des propri\u00e9taires, facilit\u00e9 d\u2019entretien et esth\u00e9tique raffin\u00e9e.<\/span><\/p>\n<p><\/p>\n<p><span style=\"font-weight: 400;\">Pour qui souhaite entamer une r\u00e9novation de ses ext\u00e9rieurs, ce rev\u00eatement repr\u00e9sente une v\u00e9ritable plus-value pour la maison ou la construction attenante. Ce mat\u00e9riau haut de gamme est une excellente solution pour faire prendre de la valeur \u00e0 un bien immobilier.<\/span><\/p>\n<p><\/p>\n<p><span style=\"font-weight: 400;\">Il faut simplement se souvenir que faire appel \u00e0 un professionnel ou \u00e0 une entreprise sp\u00e9cialis\u00e9e sera la meilleure fa\u00e7on de s\u2019assurer de la qualit\u00e9 du rev\u00eatement final. Toutes les contraintes techniques que suppose sa pose devront \u00eatre prises en compte pour une r\u00e9alisation sans faille.<\/span><\/p>\n<p><\/p>\n<p><span style=\"font-weight: 400;\">Si vous souhaitez obtenir plus de conseils et de renseignement au sujet des possibilit\u00e9s envisageables \u00e0 l\u2019aide de ce mat\u00e9riau, n\u2019h\u00e9sitez pas nous contacter. Nous vous donnerons les cl\u00e9s pour faire un choix \u00e9clair\u00e9 de la meilleure solution pour r\u00e9pondre \u00e0 vos attentes.<\/span><\/p>\n<p><\/p>\n<p>Pour aller plus loin :<\/p>\n<p><\/p>\n<ul>\n<li><a href=\"https:\/\/staging.resineo.com\/guides\/revetement-resine\/resine-sol-exterieur\/revetement-drainant\/\">Rev\u00eatement de sol r\u00e9sine drainant<\/a><\/li>\n<li><a href=\"https:\/\/staging.resineo.com\/guides\/revetement-resine\/resine-sol-exterieur\/avantages\/\">Les avantages d&rsquo;un rev\u00eatement de sol ext\u00e9rieur en r\u00e9sine<\/a><\/li>\n<li><a href=\"https:\/\/staging.resineo.com\/guides\/revetement-resine\/resine-sol-exterieur\/duree-de-vie\/\">Quelle est la dur\u00e9e de vie d\u2019un rev\u00eatement de sol ext\u00e9rieur en r\u00e9sine de pierre ?<\/a><\/li>\n<li><a href=\"https:\/\/staging.resineo.com\/guides\/revetement-resine\/resine-sol-exterieur\/granulat\/\">Quel granulat de pierre est associ\u00e9 \u00e0 la r\u00e9sine de sol ext\u00e9rieure ?<\/a><\/li>\n<\/ul>\t\t\t\t\t\t\t\t<\/div>\n\t\t\t\t<\/div>\n\t\t\t\t\t<\/div>\n\t\t<\/div>\n\t\t\t\t\t<\/div>\n\t\t<\/section>\n\t\t\t\t<\/div>\n\t\t","protected":false},"excerpt":{"rendered":"<p>Pour \u00e9quiper une surface ext\u00e9rieure d\u2019un rev\u00eatement \u00e0 la fois fiable et durable, dans le cadre de travaux de r\u00e9novation ou d\u2019une construction, un rev\u00eatement en r\u00e9sine est une solution qui m\u00e9rite d\u2019\u00eatre envisag\u00e9e. Permettant d\u2019\u00e9quiper de nombreux espaces en garantissant d\u2019allier propri\u00e9t\u00e9s techniques et esth\u00e9tiques, ce rev\u00eatement allie la duret\u00e9 et la r\u00e9sistance de [&hellip;]<\/p>\n","protected":false},"author":1,"featured_media":0,"parent":22,"menu_order":0,"comment_status":"closed","ping_status":"closed","template":"","meta":{"_uag_custom_page_level_css":"","footnotes":""},"class_list":["post-131","page","type-page","status-publish","hentry","entry"],"uagb_featured_image_src":{"full":false,"thumbnail":false,"medium":false,"medium_large":false,"large":false,"1536x1536":false,"2048x2048":false,"ocean-thumb-m":false,"ocean-thumb-ml":false,"ocean-thumb-l":false},"uagb_author_info":{"display_name":"admin","author_link":"https:\/\/staging.resineo.com\/guides\/author\/agoralys\/"},"uagb_comment_info":0,"uagb_excerpt":"Pour \u00e9quiper une surface ext\u00e9rieure d\u2019un rev\u00eatement \u00e0 la fois fiable et durable, dans le cadre de travaux de r\u00e9novation ou d\u2019une construction, un rev\u00eatement en r\u00e9sine est une solution qui m\u00e9rite d\u2019\u00eatre envisag\u00e9e. Permettant d\u2019\u00e9quiper de nombreux espaces en garantissant d\u2019allier propri\u00e9t\u00e9s techniques et esth\u00e9tiques, ce rev\u00eatement allie la duret\u00e9 et la r\u00e9sistance de\u2026","_links":{"self":[{"href":"https:\/\/staging.resineo.com\/guides\/wp-json\/wp\/v2\/pages\/131","targetHints":{"allow":["GET"]}}],"collection":[{"href":"https:\/\/staging.resineo.com\/guides\/wp-json\/wp\/v2\/pages"}],"about":[{"href":"https:\/\/staging.resineo.com\/guides\/wp-json\/wp\/v2\/types\/page"}],"author":[{"embeddable":true,"href":"https:\/\/staging.resineo.com\/guides\/wp-json\/wp\/v2\/users\/1"}],"replies":[{"embeddable":true,"href":"https:\/\/staging.resineo.com\/guides\/wp-json\/wp\/v2\/comments?post=131"}],"version-history":[{"count":0,"href":"https:\/\/staging.resineo.com\/guides\/wp-json\/wp\/v2\/pages\/131\/revisions"}],"up":[{"embeddable":true,"href":"https:\/\/staging.resineo.com\/guides\/wp-json\/wp\/v2\/pages\/22"}],"wp:attachment":[{"href":"https:\/\/staging.resineo.com\/guides\/wp-json\/wp\/v2\/media?parent=131"}],"curies":[{"name":"wp","href":"https:\/\/api.w.org\/{rel}","templated":true}]}}