{"id":134,"date":"2019-09-06T09:09:45","date_gmt":"2019-09-06T09:09:45","guid":{"rendered":"https:\/\/staging.resineo.com\/guides\/?page_id=134"},"modified":"2021-03-16T10:03:35","modified_gmt":"2021-03-16T10:03:35","slug":"revetement-drainant","status":"publish","type":"page","link":"https:\/\/staging.resineo.com\/guides\/revetement-resine\/resine-sol-exterieur\/revetement-drainant\/","title":{"rendered":"Rev\u00eatement de sol r\u00e9sine drainant"},"content":{"rendered":"\t\t<div data-elementor-type=\"wp-post\" data-elementor-id=\"134\" class=\"elementor elementor-134\" data-elementor-post-type=\"page\">\n\t\t\t\t\t\t<section class=\"elementor-section elementor-top-section elementor-element elementor-element-e405b8b elementor-section-boxed elementor-section-height-default elementor-section-height-default\" data-id=\"e405b8b\" data-element_type=\"section\">\n\t\t\t\t\t\t<div class=\"elementor-container elementor-column-gap-default\">\n\t\t\t\t\t<div class=\"elementor-column elementor-col-100 elementor-top-column elementor-element elementor-element-655d03d0\" data-id=\"655d03d0\" data-element_type=\"column\">\n\t\t\t<div class=\"elementor-widget-wrap elementor-element-populated\">\n\t\t\t\t\t\t<div class=\"elementor-element elementor-element-4e437585 elementor-widget elementor-widget-text-editor\" data-id=\"4e437585\" data-element_type=\"widget\" data-widget_type=\"text-editor.default\">\n\t\t\t\t<div class=\"elementor-widget-container\">\n\t\t\t\t\t\t\t\t\t<p><\/p>\n<p><span style=\"font-weight: 400;\">Dans la cat\u00e9gorie des rev\u00eatements de sols \u00e0 base de r\u00e9sine, un type poss\u00e8de un excellent pouvoir drainant, la r\u00e9sine de pierre, \u00e9galement appel\u00e9e moquette de pierre.<\/span><\/p>\n<p><\/p>\n<figure class=\"wp-block-image\"><img fetchpriority=\"high\" decoding=\"async\" width=\"650\" height=\"366\" src=\"https:\/\/staging.resineo.com\/guides\/wp-content\/uploads\/sites\/2\/2019\/10\/sol-exterieur-resineo-drain.jpg\" alt=\"Sol Exterieur Resineo Drain\" class=\"wp-image-621\" srcset=\"https:\/\/staging.resineo.com\/guides\/wp-content\/uploads\/sites\/2\/2019\/10\/sol-exterieur-resineo-drain.jpg 650w, https:\/\/staging.resineo.com\/guides\/wp-content\/uploads\/sites\/2\/2019\/10\/sol-exterieur-resineo-drain-300x169.jpg 300w\" sizes=\"(max-width: 650px) 100vw, 650px\" \/><\/figure>\n<p><\/p>\n<p><span style=\"font-weight: 400;\">Ce mat\u00e9riau met \u00e0 profit la duret\u00e9 et l\u2019aspect d\u00e9coratif de granulats min\u00e9raux, alli\u00e9s \u00e0 la r\u00e9sistance de la r\u00e9sine.&nbsp;<\/span><\/p>\n<p><\/p>\n<p><span style=\"font-weight: 400;\">Ces produits repr\u00e9sentent un panel de solutions int\u00e9ressantes quant \u00e0 la cr\u00e9ation ou la r\u00e9novation d\u2019une terrasse, d\u2019une all\u00e9e de garage ou jardin, de m\u00eame que pour \u00e9quiper une plage de piscine par exemple.<\/span><\/p>\n<p><\/p>\n<p><span style=\"font-weight: 400;\">A la fois perm\u00e9able, esth\u00e9tique et tr\u00e8s solide, ce rev\u00eatement en r\u00e9sine de pierre poss\u00e8de des <a href=\"https:\/\/staging.resineo.com\/guides\/revetement-resine\/resine-sol-exterieur\/avantages\/\">avantages<\/a> qui permettent d\u2019envisager d\u2019\u00e9quiper certains espaces inhabituels, qui demandent l\u2019emploi d\u2019un mat\u00e9riau \u00e0 la fois drainant, performant et durable.<\/span><\/p>\n<p><\/p>\n<p><span style=\"font-weight: 400;\">Voyons en quoi ce rev\u00eatement repr\u00e9sente une solution int\u00e9ressante pour ces \u00e9quipements.<\/span><\/p>\n<p><\/p>\n<h2><span style=\"font-weight: 400;\">La technicit\u00e9 d\u2019un rev\u00eatement de sol au service d\u2019infrastructures particuli\u00e8res<\/span><\/h2>\n<p><\/p>\n<p><span style=\"font-weight: 400;\">S\u2019il est vrai que l\u2019on cite l\u2019esth\u00e9tique et la r\u00e9sistance de la r\u00e9sine de pierre pour la d\u00e9finir, nous allons ici nous int\u00e9resser aux propri\u00e9t\u00e9s qui en font un rev\u00eatement de sol technique. C\u2019est notamment son pouvoir drainant et la durabilit\u00e9 qui la caract\u00e9risent que nous allons mettre en avant pour \u00e9quiper des espaces moins conventionnels que peut l\u2019\u00eatre une terrasse ou une all\u00e9e de garage par exemple.<\/span><\/p>\n<p><\/p>\n<figure class=\"wp-block-image\"><img decoding=\"async\" width=\"650\" height=\"365\" src=\"https:\/\/staging.resineo.com\/guides\/wp-content\/uploads\/sites\/2\/2019\/10\/revetement-antiderapant-piscine.jpg\" alt=\"Revetement Antiderapant Piscine\" class=\"wp-image-570\" srcset=\"https:\/\/staging.resineo.com\/guides\/wp-content\/uploads\/sites\/2\/2019\/10\/revetement-antiderapant-piscine.jpg 650w, https:\/\/staging.resineo.com\/guides\/wp-content\/uploads\/sites\/2\/2019\/10\/revetement-antiderapant-piscine-300x168.jpg 300w\" sizes=\"(max-width: 650px) 100vw, 650px\" \/><\/figure>\n<p><\/p>\n<h3><span style=\"font-weight: 400;\">Une excellente solution pour \u00e9quiper un camping<\/span><\/h3>\n<p><\/p>\n<p><span style=\"font-weight: 400;\">Pour ce qui est de son utilisation dans les campings, un rev\u00eatement drainant en r\u00e9sine est essentiellement mise en place au niveau des sanitaires, de la plage de piscine (lorsqu\u2019il y en a une), ainsi que sur les all\u00e9es carrossables permettant de desservir les diff\u00e9rents emplacements.<\/span><\/p>\n<p><\/p>\n<p><span style=\"font-weight: 400;\">L\u00e0 encore, c\u2019est son excellent pouvoir drainant qui est recherch\u00e9, ainsi que sa facilit\u00e9 d\u2019entretien. En effet, les sanitaires d\u2019un camping demandent un entretien quotidien, tr\u00e8s fortement conditionn\u00e9 par le mat\u00e9riau employ\u00e9 pour les \u00e9quiper.&nbsp;<\/span><\/p>\n<p><\/p>\n<p><span style=\"font-weight: 400;\">Pour ce qui est d\u2019\u00e9quiper les all\u00e9es du camping, ainsi que la plage de piscine, outre le pouvoir drainant, c\u2019est l\u2019adh\u00e9rence qu\u2019il offre, m\u00eame en cas de pluie (ou d\u2019\u00e9claboussures pour la piscine). C\u2019est un excellent moyen de garantir la s\u00e9curit\u00e9 des usagers en toutes circonstances.<\/span><\/p>\n<p><\/p>\n<h2><span style=\"font-weight: 400;\">La composition de ce mat\u00e9riau en explique les avantages<\/span><\/h2>\n<p><\/p>\n<p><span style=\"font-weight: 400;\">Son excellent pouvoir drainant est directement d\u00fb \u00e0 la structure m\u00eame de ce rev\u00eatement. Les granulats employ\u00e9s (marbre ou quartz) sont s\u00e9lectionn\u00e9s en fonction de leur granulom\u00e9trie. Les particules min\u00e9rales qui composent ainsi l\u2019\u00e9paisseur du mat\u00e9riau occasionnent la cr\u00e9ation de petits interstices.<\/span><\/p>\n<p><\/p>\n<p><span style=\"font-weight: 400;\">Ce sont ces m\u00eames interstices, fig\u00e9s par la r\u00e9sine, qui permettent \u00e0 ce rev\u00eatement de laisser passer de l\u2019eau par temps de pluie, ou de conserver de l\u2019air en circulation par temps qui garantira la r\u00e9gulation thermique de sa surface. Ainsi, ce rev\u00eatement est capable de drainer jusqu\u2019\u00e0 50 litres d\u2019eau par m\u00b2 et par seconde. Sa surface reste donc praticable, m\u00eame par forte pluie.&nbsp;<\/span><\/p>\n<p><\/p>\n<p><span style=\"font-weight: 400;\">Ce sont les qualit\u00e9s que l\u2019on attend aussi bien pour \u00e9quiper une piste cyclable, que les parties les plus fr\u00e9quent\u00e9es d\u2019un camping.<\/span><\/p>\n<p><\/p>\n<h3><span style=\"font-weight: 400;\">Le choix du granulat<\/span><\/h3>\n<p><\/p>\n<p><span style=\"font-weight: 400;\">Si le marbre et le quartz sont pr\u00e9f\u00e9r\u00e9s \u00e0 d\u2019autres min\u00e9raux, c\u2019est pour leur co\u00fbt accessible et leur duret\u00e9. Ces pierres r\u00e9sistent parfaitement \u00e0 de fortes contraintes m\u00e9caniques.<\/span><\/p>\n<p><\/p>\n<p><span style=\"font-weight: 400;\">Le granulat utilis\u00e9 provient de pierres naturelles concass\u00e9es. On ne retient que les particules r\u00e9pondant \u00e0 une certaine granulom\u00e9trie, permettant ensuite d\u2019obtenir la structure souhait\u00e9e.&nbsp;<\/span><\/p>\n<p><\/p>\n<figure class=\"wp-block-image\"><img decoding=\"async\" width=\"650\" height=\"488\" src=\"https:\/\/staging.resineo.com\/guides\/wp-content\/uploads\/sites\/2\/2019\/10\/revetement-exterieur-resine-piscine.jpg\" alt=\"Revetement Exterieur Resine Piscine\" class=\"wp-image-585\" srcset=\"https:\/\/staging.resineo.com\/guides\/wp-content\/uploads\/sites\/2\/2019\/10\/revetement-exterieur-resine-piscine.jpg 650w, https:\/\/staging.resineo.com\/guides\/wp-content\/uploads\/sites\/2\/2019\/10\/revetement-exterieur-resine-piscine-300x225.jpg 300w\" sizes=\"(max-width: 650px) 100vw, 650px\" \/><\/figure>\n<p><\/p>\n<h3><span style=\"font-weight: 400;\">La r\u00e9sine prot\u00e8ge et unit l\u2019ensemble du rev\u00eatement<\/span><\/h3>\n<p><\/p>\n<p><span style=\"font-weight: 400;\">Deux types diff\u00e9rents de r\u00e9sines sont utilis\u00e9s pour la cr\u00e9ation de cette gamme de rev\u00eatements&nbsp;:&nbsp;<\/span><\/p>\n<p><\/p>\n<ul>\n<li style=\"font-weight: 400;\"><span style=\"font-weight: 400;\">La r\u00e9sine \u00e9poxy permet de pr\u00e9parer le support lequel le rev\u00eatement final reposera.<\/span><\/li>\n<li style=\"font-weight: 400;\"><span style=\"font-weight: 400;\">Une r\u00e9sine bi-composant \u00e0 base de polyur\u00e9thane permettra ensuite d\u2019agglom\u00e9rer le granulat d\u2019apporter toute la solidit\u00e9 \u00e0 l\u2019\u00e9paisseur du mat\u00e9riau.<\/span><\/li>\n<\/ul>\n<p><span style=\"font-weight: 400;\">La r\u00e9sine \u00e9poxy sert de couche primaire qui garantit l\u2019adh\u00e9rence de l\u2019\u00e9paisseur sup\u00e9rieure du rev\u00eatement. Elle assure \u00e9galement l\u2019\u00e9coulement de l\u2019eau qui p\u00e9n\u00e8tre en surface et qui est drain\u00e9e par la structure.<\/span><\/p>\n<p><\/p>\n<p><span style=\"font-weight: 400;\">La r\u00e9sine \u00e0 base de polyur\u00e9thane permet d\u2019agglom\u00e9rer l\u2019ensemble, de prot\u00e9ger le granulat contre les UV, de m\u00eame qu\u2019elle donne au rev\u00eatement son pouvoir adh\u00e9rant.<\/span><\/p>\n<p><\/p>\n<p><span style=\"font-weight: 400;\">Aussi importante que le granulat, la r\u00e9sine est un composant qu\u2019il est essentiel de bien m\u00e9langer et bien appliquer pour que le produit final offre toutes les propri\u00e9t\u00e9s que l\u2019on en attend.<\/span><\/p>\n<p><\/p>\n<p><b>Conseil pratique<\/b><span style=\"font-weight: 400;\">&nbsp;: <\/span><i><span style=\"font-weight: 400;\">Il est recommand\u00e9 qu\u2019un professionnel habilit\u00e9 se charge de l\u2019ex\u00e9cution des travaux de pose de ce rev\u00eatement. Il est n\u00e9cessaire de parfaitement ma\u00eetriser chaque phase du d\u00e9roulement des travaux, ainsi que chaque composant de ce rev\u00eatement pour obtenir une surface dot\u00e9e des propri\u00e9t\u00e9s techniques qu\u2019elle est cens\u00e9e offrir.<\/span><\/i><\/p>\n<p><\/p>\n<h2><span style=\"font-weight: 400;\">Un rev\u00eatement de sol aussi technique que d\u00e9coratif<\/span><\/h2>\n<p><\/p>\n<p><span style=\"font-weight: 400;\">Il faut \u00e9galement noter l\u2019aspect d\u00e9coratif de ce mat\u00e9riau.<\/span><\/p>\n<p><\/p>\n<p><span style=\"font-weight: 400;\">L\u2019utilisation de granulats de pierres naturelles ajoute une touche min\u00e9rale aux lieux qui en sont \u00e9quip\u00e9s, permettant de profiter d\u2019une plus-value esth\u00e9tique. Ce n\u2019est d\u2019ailleurs pas par hasard que de nombreuses municipalit\u00e9s \u00e9quipent de plus en plus de places et de parkings de r\u00e9sine de pierre.<\/span><\/p>\n<p><\/p>\n<p><span style=\"font-weight: 400;\">Pour ce qui est d\u2019\u00e9quiper une piste cyclable, l\u2019utilisation de min\u00e9raux permet d\u2019\u00e9viter l\u2019emploi de peinture. De nombreuses couleurs diff\u00e9rentes sont disponibles, permettant ainsi une diff\u00e9renciation marqu\u00e9e avec le reste des \u00e9quipements routiers autour. La couleur naturelle du granulat suffit \u00e0 signaler l\u2019emplacement de la voie r\u00e9serv\u00e9e aux cyclistes.<\/span><\/p>\n<p><\/p>\n<p><span style=\"font-weight: 400;\">De plus, ce mat\u00e9riau \u00e9vite l\u2019accumulation d\u2019impuret\u00e9s en surface, facilitant ainsi tout le processus et la fr\u00e9quence des nettoyages n\u00e9cessaires pour qu\u2019il conserve son aspect d\u2019origine. De fait, aussi bien dans le cadre de l\u2019\u00e9quipement d\u2019un camping que d\u2019une piste cyclable, la surface reste \u00e0 la fois praticable et propre.<\/span><\/p>\n<p><\/p>\n<p><span style=\"font-weight: 400;\">A l\u2019\u00e9chelle domestique ou publique, la r\u00e9sine de pierre poss\u00e8de des atouts qui en font un \u00e9quipement haut de gamme. Bien \u00e9videmment, ses qualit\u00e9s d\u00e9pendent de la r\u00e9alisation de la mise en \u0153uvre. Mais en faisant appel \u00e0 la bonne entreprise ou \u00e0 un professionnel habilit\u00e9 \u00e0 r\u00e9aliser ce type de chantier, faire le choix d\u2019\u00e9quiper un lieu une surface de r\u00e9sine de pierre permet de profiter d\u2019un espace esth\u00e9tique, s\u00fbr, et facile \u00e0 entretenir.<\/span><\/p>\n<p><\/p>\n<ul>\n<li><a href=\"https:\/\/staging.resineo.com\/guides\/revetement-resine\/resine-sol-exterieur\/duree-de-vie\/\">Quelle est la dur\u00e9e de vie d\u2019un rev\u00eatement de sol ext\u00e9rieur en r\u00e9sine de pierre ?<\/a><\/li>\n<li><a href=\"https:\/\/staging.resineo.com\/guides\/revetement-resine\/resine-sol-exterieur\/granulat\/\">Quel granulat de pierre est associ\u00e9 \u00e0 la r\u00e9sine de sol ext\u00e9rieure&nbsp;<\/a><\/li>\n<\/ul>\t\t\t\t\t\t\t\t<\/div>\n\t\t\t\t<\/div>\n\t\t\t\t\t<\/div>\n\t\t<\/div>\n\t\t\t\t\t<\/div>\n\t\t<\/section>\n\t\t\t\t<\/div>\n\t\t","protected":false},"excerpt":{"rendered":"<p>Dans la cat\u00e9gorie des rev\u00eatements de sols \u00e0 base de r\u00e9sine, un type poss\u00e8de un excellent pouvoir drainant, la r\u00e9sine de pierre, \u00e9galement appel\u00e9e moquette de pierre. Ce mat\u00e9riau met \u00e0 profit la duret\u00e9 et l\u2019aspect d\u00e9coratif de granulats min\u00e9raux, alli\u00e9s \u00e0 la r\u00e9sistance de la r\u00e9sine.&nbsp; Ces produits repr\u00e9sentent un panel de solutions int\u00e9ressantes [&hellip;]<\/p>\n","protected":false},"author":1,"featured_media":0,"parent":131,"menu_order":0,"comment_status":"closed","ping_status":"closed","template":"","meta":{"_uag_custom_page_level_css":"","footnotes":""},"class_list":["post-134","page","type-page","status-publish","hentry","entry"],"uagb_featured_image_src":{"full":false,"thumbnail":false,"medium":false,"medium_large":false,"large":false,"1536x1536":false,"2048x2048":false,"ocean-thumb-m":false,"ocean-thumb-ml":false,"ocean-thumb-l":false},"uagb_author_info":{"display_name":"admin","author_link":"https:\/\/staging.resineo.com\/guides\/author\/agoralys\/"},"uagb_comment_info":0,"uagb_excerpt":"Dans la cat\u00e9gorie des rev\u00eatements de sols \u00e0 base de r\u00e9sine, un type poss\u00e8de un excellent pouvoir drainant, la r\u00e9sine de pierre, \u00e9galement appel\u00e9e moquette de pierre. Ce mat\u00e9riau met \u00e0 profit la duret\u00e9 et l\u2019aspect d\u00e9coratif de granulats min\u00e9raux, alli\u00e9s \u00e0 la r\u00e9sistance de la r\u00e9sine.&nbsp; Ces produits repr\u00e9sentent un panel de solutions int\u00e9ressantes\u2026","_links":{"self":[{"href":"https:\/\/staging.resineo.com\/guides\/wp-json\/wp\/v2\/pages\/134","targetHints":{"allow":["GET"]}}],"collection":[{"href":"https:\/\/staging.resineo.com\/guides\/wp-json\/wp\/v2\/pages"}],"about":[{"href":"https:\/\/staging.resineo.com\/guides\/wp-json\/wp\/v2\/types\/page"}],"author":[{"embeddable":true,"href":"https:\/\/staging.resineo.com\/guides\/wp-json\/wp\/v2\/users\/1"}],"replies":[{"embeddable":true,"href":"https:\/\/staging.resineo.com\/guides\/wp-json\/wp\/v2\/comments?post=134"}],"version-history":[{"count":0,"href":"https:\/\/staging.resineo.com\/guides\/wp-json\/wp\/v2\/pages\/134\/revisions"}],"up":[{"embeddable":true,"href":"https:\/\/staging.resineo.com\/guides\/wp-json\/wp\/v2\/pages\/131"}],"wp:attachment":[{"href":"https:\/\/staging.resineo.com\/guides\/wp-json\/wp\/v2\/media?parent=134"}],"curies":[{"name":"wp","href":"https:\/\/api.w.org\/{rel}","templated":true}]}}