{"id":140,"date":"2019-09-06T09:18:20","date_gmt":"2019-09-06T09:18:20","guid":{"rendered":"https:\/\/staging.resineo.com\/guides\/?page_id=140"},"modified":"2022-04-13T14:38:24","modified_gmt":"2022-04-13T14:38:24","slug":"duree-de-vie","status":"publish","type":"page","link":"https:\/\/staging.resineo.com\/guides\/revetement-resine\/resine-sol-exterieur\/duree-de-vie\/","title":{"rendered":"Quelle est la dur\u00e9e de vie d\u2019un rev\u00eatement de sol ext\u00e9rieur en r\u00e9sine de pierre ?"},"content":{"rendered":"\t\t<div data-elementor-type=\"wp-post\" data-elementor-id=\"140\" class=\"elementor elementor-140\" data-elementor-post-type=\"page\">\n\t\t\t\t\t\t<section class=\"elementor-section elementor-top-section elementor-element elementor-element-5f532c6f elementor-section-boxed elementor-section-height-default elementor-section-height-default\" data-id=\"5f532c6f\" data-element_type=\"section\">\n\t\t\t\t\t\t<div class=\"elementor-container elementor-column-gap-default\">\n\t\t\t\t\t<div class=\"elementor-column elementor-col-100 elementor-top-column elementor-element elementor-element-617745e7\" data-id=\"617745e7\" data-element_type=\"column\">\n\t\t\t<div class=\"elementor-widget-wrap elementor-element-populated\">\n\t\t\t\t\t\t<div class=\"elementor-element elementor-element-74705efc elementor-widget elementor-widget-text-editor\" data-id=\"74705efc\" data-element_type=\"widget\" data-widget_type=\"text-editor.default\">\n\t\t\t\t<div class=\"elementor-widget-container\">\n\t\t\t\t\t\t\t\t\t<p><\/p>\n<p><span style=\"font-weight: 400;\">Nous allons nous int\u00e9resser au rev\u00eatement de sol \u00e0 base de r\u00e9sine et pierrs naturelles. Contrairement \u00e0 ce que l\u2019on appelle \u00ab&nbsp;<a href=\"https:\/\/staging.resineo.com\/guides\/revetement-resine\/resine-sol-exterieur\/\">r\u00e9sine de sol<\/a>&nbsp;\u00bb, ce mat\u00e9riau est un m\u00e9lange de granulat min\u00e9ral m\u00eal\u00e9 \u00e0 une r\u00e9sine bi-composante.&nbsp;<\/span><\/p>\n<p><\/p>\n<figure class=\"wp-block-image\"><img fetchpriority=\"high\" decoding=\"async\" width=\"650\" height=\"433\" src=\"https:\/\/staging.resineo.com\/guides\/wp-content\/uploads\/sites\/2\/2019\/10\/sol-exterieur-revetement-granulat.jpg\" alt=\"Sol Exterieur Revetement Granulat\" class=\"wp-image-622\" srcset=\"https:\/\/staging.resineo.com\/guides\/wp-content\/uploads\/sites\/2\/2019\/10\/sol-exterieur-revetement-granulat.jpg 650w, https:\/\/staging.resineo.com\/guides\/wp-content\/uploads\/sites\/2\/2019\/10\/sol-exterieur-revetement-granulat-300x200.jpg 300w\" sizes=\"(max-width: 650px) 100vw, 650px\" \/><\/figure>\n<p><\/p>\n<p><span style=\"font-weight: 400;\">Ce produit sur lequel nous allons porter notre attention est \u00e9galement appel\u00e9 \u00ab&nbsp;moquette de pierre&nbsp;\u00bb. Pr\u00e9vu pour \u00e9quiper une terrasse, une surface aux abords d\u2019une piscine ou une all\u00e9e de jardin ou de garage par exemple, il est \u00e0 la fois drainant et tr\u00e8s r\u00e9sistant aux conditions ext\u00e9rieures.<\/span><\/p>\n<p><\/p>\n<p><span style=\"font-weight: 400;\">Qu\u2019est-ce qui conditionne la long\u00e9vit\u00e9 de ce rev\u00eatement&nbsp;de sol ? Comment s\u2019assurer qu\u2019il ne bougera pas au fil du temps&nbsp;? Comment optimiser sa dur\u00e9e de vie&nbsp;?<\/span><\/p>\n<p><\/p>\n<h2><span style=\"font-weight: 400;\">Le d\u00e9roulement des travaux est un point cl\u00e9 de la durabilit\u00e9 de ce mat\u00e9riau<\/span><\/h2>\n<p><\/p>\n<p><span style=\"font-weight: 400;\">Il est important de pr\u00e9ciser \u00e0 quel point les travaux de pose et le respect de chaque \u00e9tape de la r\u00e9alisation d\u2019une moquette de pierre vont importer quant \u00e0 la durabilit\u00e9 de l\u2019ensemble.<\/span><\/p>\n<p><\/p>\n<p><span style=\"font-weight: 400;\">D\u2019une part, l\u2019\u00e9tape de pr\u00e9paration du support va conditionner son adh\u00e9rence et son pouvoir drainant, d\u2019autre part, la r\u00e9alisation de l\u2019\u00e9paisseur de m\u00e9lange granulat\/r\u00e9sine va d\u00e9terminer la qualit\u00e9, la fiabilit\u00e9 et la dur\u00e9e de vie du mat\u00e9riau.<\/span><\/p>\n<p><\/p>\n<h3><span style=\"font-weight: 400;\">La pr\u00e9paration du support<\/span><\/h3>\n<p><\/p>\n<p><span style=\"font-weight: 400;\">Il est primordial que le support sur lequel l\u2019ensemble reposera soit parfaitement pr\u00e9par\u00e9&nbsp;:<\/span><\/p>\n<p><\/p>\n<ul>\n<li><span style=\"font-weight: 400;\">Qu\u2019il s\u2019agisse d\u2019une dalle de b\u00e9ton, de graves (GNT), ou de carrelage, il faudra analyser l\u2019\u00e9tat de la surface et entreprendre les \u00e9ventuelles r\u00e9parations n\u00e9cessaires. Le support doit \u00eatre exempt de fissure ou de d\u00e9g\u00e2ts pouvant mettre \u00e0 mal l\u2019adh\u00e9rence du rev\u00eatement final.<\/span><\/li>\n<li><span style=\"font-weight: 400;\">De m\u00eame, il faudra s&rsquo;assurer de la pr\u00e9sence de joint de fractionnement ou de joint de dilatation.&nbsp;<\/span><\/li>\n<li><span style=\"font-weight: 400;\">Il faudra s\u2019assurer de la pr\u00e9sence d\u2019une pente suffisante pour garantir l\u2019\u00e9vacuation de l\u2019eau en cas de pr\u00e9cipitations. En cas d\u2019absence, il faudra cr\u00e9er cette pente pour un drainage parfait.<\/span><\/li>\n<li><span style=\"font-weight: 400;\">Une fois les \u00e9tapes pr\u00e9c\u00e9dentes assur\u00e9es, il faudra enduire la surface du support d\u2019une r\u00e9sine d&rsquo;accrochage (souvent \u00e0 base d&rsquo;Epoxy) pour garantir une parfaite adh\u00e9rence du rev\u00eatement final.<\/span><\/li>\n<\/ul>\n<p><span style=\"font-weight: 400;\">Le bon d\u00e9roulement de cette phase des travaux est n\u00e9cessaire \u00e0 garantir l\u2019int\u00e9grit\u00e9 du rev\u00eatement final et ses propri\u00e9t\u00e9s techniques.&nbsp;<\/span><\/p>\n<p><\/p>\n<figure class=\"wp-block-image\"><img decoding=\"async\" width=\"650\" height=\"487\" src=\"https:\/\/staging.resineo.com\/guides\/wp-content\/uploads\/sites\/2\/2019\/10\/revetement-exterieur-plage-pisicne.jpg\" alt=\"Revetement Exterieur Plage Pisicne\" class=\"wp-image-584\" srcset=\"https:\/\/staging.resineo.com\/guides\/wp-content\/uploads\/sites\/2\/2019\/10\/revetement-exterieur-plage-pisicne.jpg 650w, https:\/\/staging.resineo.com\/guides\/wp-content\/uploads\/sites\/2\/2019\/10\/revetement-exterieur-plage-pisicne-300x225.jpg 300w\" sizes=\"(max-width: 650px) 100vw, 650px\" \/><\/figure>\n<p><\/p>\n<h3><span style=\"font-weight: 400;\">La pose de la r\u00e9sine de pierre<\/span><\/h3>\n<p><\/p>\n<p><span style=\"font-weight: 400;\">Le fabricant fournit une fiche faisant \u00e9tat des proportions de chaque composant entrant dans la composition du rev\u00eatement.<\/span><\/p>\n<p><\/p>\n<ul>\n<li><span style=\"font-weight: 400;\">Le m\u00e9lange de granulat de pierre (marbre ou quartz) et de r\u00e9sine (bi-composante \u00e0 base de polyur\u00e9thane) devra \u00eatre effectu\u00e9 dans un malaxeur \u00e0 axe vertical. Le rapport (proportion) de chaque composant doit \u00eatre respect\u00e9.<\/span><\/li>\n<li><span style=\"font-weight: 400;\">On appliquera ensuite l\u2019ensemble de l&rsquo;agglom\u00e9rat sur la surface \u00e0 \u00e9quiper.&nbsp;<\/span><\/li>\n<li><span style=\"font-weight: 400;\">Le premier lissage se fait lors de la pose, \u00e0 la taloche, tandis que l\u2019ensemble n\u2019est pas encore fig\u00e9.<\/span><\/li>\n<li><span style=\"font-weight: 400;\">Un lissage m\u00e9canique peut \u00eatre n\u00e9cessaire (lisseuse \u00e9lectrique).<\/span><\/li>\n<li><span style=\"font-weight: 400;\">Une derni\u00e8re couche de r\u00e9sine doit \u00eatre appliqu\u00e9e pour renforcer l\u2019effet anti-glissance du rev\u00eatement et am\u00e9liorer sa tenue dans le temps.&nbsp;<\/span><\/li>\n<\/ul>\n<p><b>A noter<\/b><span style=\"font-weight: 400;\">&nbsp;: <\/span><i><span style=\"font-weight: 400;\">Pour la r\u00e9alisation de ces travaux, il est n\u00e9cessaire de faire appel \u00e0 un professionnel habilit\u00e9, ou aux services d\u2019une entreprise \u00e0 m\u00eame de garantir le bon d\u00e9roulement de chaque phase. Une r\u00e9alisation correcte octroie une garantie de long\u00e9vit\u00e9 et un suivi p\u00e9riodique qui permet \u00e0 l\u2019ensemble du rev\u00eatement de vieillir correctement.<\/span><\/i><\/p>\n<p><\/p>\n<p><span style=\"font-weight: 400;\">Un point important est \u00e9galement \u00e0 noter&nbsp;: en cas d\u2019un m\u00e9lange trop riche en r\u00e9sine, il se pourrait que le pouvoir drainant attendu ne soit pas obtenu. Au contraire, si trop peu de r\u00e9sine est incorpor\u00e9e dans la fabrication de ce rev\u00eatement, il se peut qu&rsquo;un ph\u00e9nom\u00e8ne appel\u00e9 d\u00e9gravillonnage apparaisse . De m\u00eame, en cas d\u2019absence de pente, l\u2019accumulation d\u2019eau en surface est possible.<\/span><\/p>\n<p><\/p>\n<p><span style=\"font-weight: 400;\">Aussi, pour garantir que la r\u00e9sine de pierre soit dot\u00e9e de toutes les propri\u00e9t\u00e9s que l\u2019on en attend, il est primordial de parfaitement ma\u00eetriser toutes les \u00e9tapes de sa mise en \u0153uvre.<\/span><\/p>\n<p><\/p>\n<h2><span style=\"font-weight: 400;\">L\u2019optimisation de la long\u00e9vit\u00e9 de ce rev\u00eatement de sol<\/span><\/h2>\n<p><\/p>\n<p><span style=\"font-weight: 400;\">Un des points importants quant \u00e0 la dur\u00e9e de vie d\u2019une moquette de pierre con\u00e7ue pour r\u00e9sister en ext\u00e9rieur, est son entretien. Le professionnel ou l\u2019entreprise qui se sera charg\u00e9 de la r\u00e9alisation des travaux devra assurer la maintenance du rev\u00eatement.<\/span><\/p>\n<p><\/p>\n<p><span style=\"font-weight: 400;\">Concr\u00e8tement, il est pr\u00e9conis\u00e9 l\u2019application d\u2019une couche de r\u00e9sine d\u2019entretien au bout de cinq ans. Cette derni\u00e8re garantit la protection de l\u2019ensemble, de m\u00eame qu\u2019elle sert \u00e0 pr\u00e9server ses propri\u00e9t\u00e9s. Son pouvoir <a href=\"https:\/\/staging.resineo.com\/guides\/revetement-resine\/resine-sol-exterieur\/revetement-drainant\/\">drainant<\/a>, sa r\u00e9sistance aux UV, ainsi que sa r\u00e9sistance \u00e0 la chaleur et au gel en d\u00e9pendent.<\/span><\/p>\n<p><\/p>\n<p><span style=\"font-weight: 400;\">Si ce mat\u00e9riau r\u00e9siste si bien \u00e0 des conditions ext\u00e9rieures, c\u2019est gr\u00e2ce aux propri\u00e9t\u00e9s de la r\u00e9sine qui le compose.&nbsp;<\/span><\/p>\n<p><\/p>\n<p><span style=\"font-weight: 400;\">Certes, la duret\u00e9 du granulat de pierre compte \u00e9norm\u00e9ment en ce qui concerne la p\u00e9rennit\u00e9 des sols \u00e9quip\u00e9s, mais il ne faut pas oublier que c\u2019est la r\u00e9sine qui en assure la coh\u00e9sion.&nbsp;<\/span><\/p>\n<p><\/p>\n<p><span style=\"font-weight: 400;\">De m\u00eame, en termes d\u2019esth\u00e9tique, l\u2019emploi d\u2019une r\u00e9sine adapt\u00e9e est n\u00e9cessaire, au risque de voir la surface du rev\u00eatement se ternir ou jaunir sous les effets des rayons UV. Seule une r\u00e9sine sp\u00e9cialement d\u00e9velopp\u00e9e pour la r\u00e9alisation de sol drainant permet de garantir la stabilit\u00e9 de la transparence.<\/span><\/p>\n<p><\/p>\n<figure class=\"wp-block-image\"><img decoding=\"async\" width=\"650\" height=\"433\" src=\"https:\/\/staging.resineo.com\/guides\/wp-content\/uploads\/sites\/2\/2019\/10\/revetement-resine-esthetique-particulier.jpg\" alt=\"Revetement Resine Esthetique Particulier\" class=\"wp-image-604\" srcset=\"https:\/\/staging.resineo.com\/guides\/wp-content\/uploads\/sites\/2\/2019\/10\/revetement-resine-esthetique-particulier.jpg 650w, https:\/\/staging.resineo.com\/guides\/wp-content\/uploads\/sites\/2\/2019\/10\/revetement-resine-esthetique-particulier-300x200.jpg 300w\" sizes=\"(max-width: 650px) 100vw, 650px\" \/><\/figure>\n<p><\/p>\n<h2><span style=\"font-weight: 400;\">La dur\u00e9e de vie de ce mat\u00e9riau est relative \u00e0 la qualit\u00e9 des travaux de pose, ainsi qu\u2019\u00e0 l\u2019emploi des bons mat\u00e9riaux<\/span><\/h2>\n<p><\/p>\n<p><span style=\"font-weight: 400;\">Comme d\u2019autres rev\u00eatements techniques, l\u2019int\u00e9grit\u00e9, la robustesse et la dur\u00e9e de vie d\u2019un rev\u00eatement de sol en r\u00e9sine de pierre tient \u00e0 l\u2019expertise du professionnel en charge des travaux de pose. S\u2019il est habilit\u00e9 \u00e0 travailler ce mat\u00e9riau, il en garantira l\u2019int\u00e9grit\u00e9 et permettra de profiter de tous les avantages qu\u2019il promet.&nbsp;<\/span><\/p>\n<p><\/p>\n<p><span style=\"font-weight: 400;\">Afin d\u2019\u00e9viter toute d\u00e9convenue, souvenez-vous que faire appel au bon professionnel reste la solution la plus int\u00e9ressante, tant concernant la long\u00e9vit\u00e9 du mat\u00e9riau, que la tranquillit\u00e9 que vous tirerez d\u2019une telle r\u00e9alisation.&nbsp;<\/span><\/p>\n<p><\/p>\n<ul>\n<li><a href=\"https:\/\/staging.resineo.com\/guides\/revetement-resine\/resine-sol-exterieur\/avantages\/\">Les avantages d&rsquo;un rev\u00eatement de sol ext\u00e9rieur en r\u00e9sine<\/a><\/li>\n<li><a href=\"https:\/\/staging.resineo.com\/guides\/revetement-resine\/resine-sol-exterieur\/granulat\/\">Quel granulat de pierre est associ\u00e9 \u00e0 la r\u00e9sine de sol ext\u00e9rieure ?<\/a><\/li>\n<\/ul>\t\t\t\t\t\t\t\t<\/div>\n\t\t\t\t<\/div>\n\t\t\t\t\t<\/div>\n\t\t<\/div>\n\t\t\t\t\t<\/div>\n\t\t<\/section>\n\t\t\t\t<\/div>\n\t\t","protected":false},"excerpt":{"rendered":"<p>Nous allons nous int\u00e9resser au rev\u00eatement de sol \u00e0 base de r\u00e9sine et pierrs naturelles. Contrairement \u00e0 ce que l\u2019on appelle \u00ab&nbsp;r\u00e9sine de sol&nbsp;\u00bb, ce mat\u00e9riau est un m\u00e9lange de granulat min\u00e9ral m\u00eal\u00e9 \u00e0 une r\u00e9sine bi-composante.&nbsp; Ce produit sur lequel nous allons porter notre attention est \u00e9galement appel\u00e9 \u00ab&nbsp;moquette de pierre&nbsp;\u00bb. Pr\u00e9vu pour \u00e9quiper [&hellip;]<\/p>\n","protected":false},"author":1,"featured_media":3486,"parent":131,"menu_order":0,"comment_status":"closed","ping_status":"closed","template":"","meta":{"_uag_custom_page_level_css":"","footnotes":""},"class_list":["post-140","page","type-page","status-publish","has-post-thumbnail","hentry","entry","has-media"],"uagb_featured_image_src":{"full":["https:\/\/staging.resineo.com\/guides\/wp-content\/uploads\/sites\/2\/2022\/04\/resineo-marbre-resine-piscine-carree.jpg",1024,768,false],"thumbnail":["https:\/\/staging.resineo.com\/guides\/wp-content\/uploads\/sites\/2\/2022\/04\/resineo-marbre-resine-piscine-carree-150x150.jpg",150,150,true],"medium":["https:\/\/staging.resineo.com\/guides\/wp-content\/uploads\/sites\/2\/2022\/04\/resineo-marbre-resine-piscine-carree-300x225.jpg",300,225,true],"medium_large":["https:\/\/staging.resineo.com\/guides\/wp-content\/uploads\/sites\/2\/2022\/04\/resineo-marbre-resine-piscine-carree-768x576.jpg",768,576,true],"large":["https:\/\/staging.resineo.com\/guides\/wp-content\/uploads\/sites\/2\/2022\/04\/resineo-marbre-resine-piscine-carree.jpg",1024,768,false],"1536x1536":["https:\/\/staging.resineo.com\/guides\/wp-content\/uploads\/sites\/2\/2022\/04\/resineo-marbre-resine-piscine-carree.jpg",1024,768,false],"2048x2048":["https:\/\/staging.resineo.com\/guides\/wp-content\/uploads\/sites\/2\/2022\/04\/resineo-marbre-resine-piscine-carree.jpg",1024,768,false],"ocean-thumb-m":["https:\/\/staging.resineo.com\/guides\/wp-content\/uploads\/sites\/2\/2022\/04\/resineo-marbre-resine-piscine-carree.jpg",600,450,false],"ocean-thumb-ml":["https:\/\/staging.resineo.com\/guides\/wp-content\/uploads\/sites\/2\/2022\/04\/resineo-marbre-resine-piscine-carree.jpg",600,450,false],"ocean-thumb-l":["https:\/\/staging.resineo.com\/guides\/wp-content\/uploads\/sites\/2\/2022\/04\/resineo-marbre-resine-piscine-carree.jpg",933,700,false]},"uagb_author_info":{"display_name":"admin","author_link":"https:\/\/staging.resineo.com\/guides\/author\/agoralys\/"},"uagb_comment_info":0,"uagb_excerpt":"Nous allons nous int\u00e9resser au rev\u00eatement de sol \u00e0 base de r\u00e9sine et pierrs naturelles. Contrairement \u00e0 ce que l\u2019on appelle \u00ab&nbsp;r\u00e9sine de sol&nbsp;\u00bb, ce mat\u00e9riau est un m\u00e9lange de granulat min\u00e9ral m\u00eal\u00e9 \u00e0 une r\u00e9sine bi-composante.&nbsp; Ce produit sur lequel nous allons porter notre attention est \u00e9galement appel\u00e9 \u00ab&nbsp;moquette de pierre&nbsp;\u00bb. Pr\u00e9vu pour \u00e9quiper\u2026","_links":{"self":[{"href":"https:\/\/staging.resineo.com\/guides\/wp-json\/wp\/v2\/pages\/140","targetHints":{"allow":["GET"]}}],"collection":[{"href":"https:\/\/staging.resineo.com\/guides\/wp-json\/wp\/v2\/pages"}],"about":[{"href":"https:\/\/staging.resineo.com\/guides\/wp-json\/wp\/v2\/types\/page"}],"author":[{"embeddable":true,"href":"https:\/\/staging.resineo.com\/guides\/wp-json\/wp\/v2\/users\/1"}],"replies":[{"embeddable":true,"href":"https:\/\/staging.resineo.com\/guides\/wp-json\/wp\/v2\/comments?post=140"}],"version-history":[{"count":9,"href":"https:\/\/staging.resineo.com\/guides\/wp-json\/wp\/v2\/pages\/140\/revisions"}],"predecessor-version":[{"id":3492,"href":"https:\/\/staging.resineo.com\/guides\/wp-json\/wp\/v2\/pages\/140\/revisions\/3492"}],"up":[{"embeddable":true,"href":"https:\/\/staging.resineo.com\/guides\/wp-json\/wp\/v2\/pages\/131"}],"wp:featuredmedia":[{"embeddable":true,"href":"https:\/\/staging.resineo.com\/guides\/wp-json\/wp\/v2\/media\/3486"}],"wp:attachment":[{"href":"https:\/\/staging.resineo.com\/guides\/wp-json\/wp\/v2\/media?parent=140"}],"curies":[{"name":"wp","href":"https:\/\/api.w.org\/{rel}","templated":true}]}}