{"id":155,"date":"2019-09-06T09:46:46","date_gmt":"2019-09-06T09:46:46","guid":{"rendered":"https:\/\/staging.resineo.com\/guides\/?page_id=155"},"modified":"2024-11-08T11:39:57","modified_gmt":"2024-11-08T11:39:57","slug":"comment-choisir","status":"publish","type":"page","link":"https:\/\/staging.resineo.com\/guides\/revetement-resine\/terrasse-exterieure\/comment-choisir\/","title":{"rendered":"Pourquoi choisir un rev\u00eatement drainant pour sa terrasse ?"},"content":{"rendered":"\n<p>\u00c9quiper sa maison d\u2019une terrasse, ou entreprendre la r\u00e9novation d\u2019une surface existante demande de se poser la question du choix du mat\u00e9riau \u00e0 employer. Certes, il est possible d\u2019opter pour des dalles de carrelages, ou une dalle de b\u00e9ton cir\u00e9, mais envisager la pose d\u2019une r\u00e9sine de pierre pourrait s\u2019av\u00e9rer beaucoup plus int\u00e9ressant.<\/p>\n\n\n\n<figure class=\"wp-block-image\"><img decoding=\"async\" src=\"https:\/\/staging.resineo.com\/guides\/wp-content\/uploads\/sites\/2\/2019\/10\/granulat-resine-exterieur.jpg\" alt=\"Granulat Resine Exterieur\"\/><\/figure>\n\n\n\n<p>Une terrasse \u00e9tant un espace ext\u00e9rieur expos\u00e9 aux intemp\u00e9ries, pourquoi pr\u00e9f\u00e9rer un mat\u00e9riau \u00e9tanche quand on peut profiter de tous les avantages d\u2019un mat\u00e9riau drainant ?<\/p>\n\n\n\n<p>Voyons ensemble tous les avantages qu\u2019offre <a href=\"https:\/\/staging.resineo.com\/univers-particuliers\/revetement-terrasse\/\">un rev\u00eatement en r\u00e9sine de pierre \u00e0 l\u2019heure d\u2019\u00e9quiper sa terrasse<\/a>.<\/p>\n\n\n\n<h2 class=\"wp-block-heading\">Am\u00e9nager sa terrasse et en faire un lieu s\u00fbr, r\u00e9sistant et anti glissant<\/h2>\n\n\n\n<p>Que garantit un rev\u00eatement de sol drainant ?<\/p>\n\n\n\n<p>Outre le fait qu\u2019il reste praticable m\u00eame en cas de pluie, il pr\u00e9sente plusieurs avantages notables :<\/p>\n\n\n\n<ul class=\"wp-block-list\">\n<li>\u00c9vacuation des eaux de pluie instantan\u00e9e sans formation de flaques.<\/li>\n\n\n\n<li>Facilit\u00e9 d\u2019entretien du fait de l\u2019absence d\u2019eau stagnante.<\/li>\n\n\n\n<li>Possibilit\u00e9s de marcher pieds nus et mouill\u00e9s sans risquer de glisser.<\/li>\n\n\n\n<li>Possibilit\u00e9 d\u2019\u00e9quiper des abords de piscine sans craindre pour la s\u00e9curit\u00e9 de ses enfants ou de sa famille.<\/li>\n<\/ul>\n\n\n\n<p>Voil\u00e0 autant d\u2019arguments qui donnent l\u2019avantage \u00e0 la moquette de pierre sur bien d\u2019autres mat\u00e9riaux.<\/p>\n\n\n\n<p>Ce qui permet \u00e0 ce <a href=\"https:\/\/staging.resineo.com\/guides\/revetement-resine\/terrasse-exterieure\/choix-du-revetement\/\">rev\u00eatement<\/a> de sol d\u2019\u00eatre aussi int\u00e9ressant, c\u2019est sa composition. Une r\u00e9sine de pierre est un mat\u00e9riau composite mettant \u00e0 profit la r\u00e9sistance et la duret\u00e9 des min\u00e9raux employ\u00e9s (quartz et marbre), coupl\u00e9es \u00e0 la protection qu\u2019offre la r\u00e9sine \u00e0 base de polyur\u00e9thane utilis\u00e9e pour amalgamer le granulat min\u00e9ral et le prot\u00e9ger contre les UV et les intemp\u00e9ries.<\/p>\n\n\n\n<p>Le pouvoir drainant de ce mat\u00e9riau vient de sa structure. Les granulats min\u00e9raux utilis\u00e9s sont s\u00e9lectionn\u00e9s en fonction de leur granulom\u00e9trie. Le marbre et le quartz sont concass\u00e9s puis tamis\u00e9s pour obtenir des particules min\u00e9rales calibr\u00e9es. Elles seront li\u00e9es pour former l\u2019\u00e9paisseur du rev\u00eatement, tout en laissant appara\u00eetre au sein de sa structure des anfractuosit\u00e9s qui permettront \u00e0 l\u2019eau de s\u2019\u00e9couler.<\/p>\n\n\n\n<p>Le drain ainsi cr\u00e9\u00e9 peut laisser passer pr\u00e8s de 50 litres d\u2019eau par seconde et par m\u00e8tre carr\u00e9. Difficile dans ces conditions que quelque flaque se forme.<\/p>\n\n\n\n<p>Pour la construction ou <a href=\"https:\/\/staging.resineo.com\/guides\/revetement-resine\/terrasse-exterieure\/\">la r\u00e9novation d\u2019une terrasse<\/a>, on comprend tout l\u2019int\u00e9r\u00eat que repr\u00e9sente cet aspect technique.<\/p>\n\n\n\n<figure class=\"wp-block-image\"><img decoding=\"async\" src=\"https:\/\/staging.resineo.com\/guides\/wp-content\/uploads\/sites\/2\/2019\/10\/sol-resineo-terrasse-restaurant.jpg\" alt=\"Sol Resineo Terrasse Restaurant\"\/><\/figure>\n\n\n\n<h2 class=\"wp-block-heading\">La drainance de la r\u00e9sine de pierre facilite son entretien<\/h2>\n\n\n\n<p>L\u2019autre avantage \u00e0 souligner concernant le pouvoir drainant de ces rev\u00eatements m\u00ealant granulat min\u00e9ral et r\u00e9sine, c\u2019est la facilit\u00e9 avec laquelle ils sont nettoy\u00e9s.<\/p>\n\n\n\n<p>L\u2019absence de formation de d\u00e9p\u00f4ts d\u2019eau en surface permet d\u2019\u00e9viter l\u2019apparition d\u2019aur\u00e9oles salissantes. Ainsi, l\u2019aspect esth\u00e9tique de la terrasse est pr\u00e9serv\u00e9 au fil du temps en \u00e9vitant les traces d&rsquo;eau stagnante.&nbsp;<\/p>\n\n\n\n<p>Au quotidien, un nettoyage au jet d&rsquo;eau suffit. pour un nettoyage approfondi , il est recommand\u00e9 de s\u2019en charger une fois par an, \u00e0 la sortie de l\u2019hiver. A l\u2019aide d\u2019un jet d\u2019eau et d\u2019une brosse, on se chargera de d\u00e9loger les quelques salissures pr\u00e9sentes, permettant ainsi de raviver l\u2019aspect d\u2019origine du mat\u00e9riau et rendant les couleurs \u00e9clatantes comme au premier jour.<\/p>\n\n\n\n<p>Quand le bois, le carrelage ou le b\u00e9ton demandent un entretien r\u00e9gulier et fr\u00e9quent, la moquette de pierre ne n\u00e9cessite que peu d\u2019effort pour pr\u00e9server la couleur et la propret\u00e9 de l\u2019ensemble de la surface.<\/p>\n\n\n\n<p>C\u2019est d\u2019ailleurs une des raisons qui en fait une solution de choix pour \u00e9quiper une plage de piscine par exemple. Ce type d\u2019espace re\u00e7oit in\u00e9vitablement des \u00e9claboussures du fait des jeux dans l\u2019eau, sans pour autant se salir au fil du temps. Accessoirement, le fait que la surface soit drainante permet aux baigneurs de sortir de l\u2019eau les pieds mouill\u00e9s sans risquer de glisser.<\/p>\n\n\n\n<p>\u00c9tant donn\u00e9 que l\u2019on prend souvent des repas sur une terrasse, il se peut que des accidents (sodas renvers\u00e9s, chute d\u2019aliments au sol) se produisent. Or, la r\u00e9sine \u00e0 base de polyur\u00e9thane repr\u00e9sente une v\u00e9ritable barri\u00e8re contre les t\u00e2ches. Il suffit de nettoyer l\u2019incident \u00e0 l\u2019aide d\u2019eau savonneuse pour qu\u2019il n\u2019en reste aucune trace. Si toutefois une t\u00e2che grasse s\u2019av\u00e9rait difficile \u00e0 enlever, il existe des produits pens\u00e9s pour les \u00e9liminer.\u00a0<\/p>\n\n\n\n<figure class=\"wp-block-image\"><img decoding=\"async\" src=\"https:\/\/staging.resineo.com\/guides\/wp-content\/uploads\/sites\/2\/2019\/10\/revetement-resine-esthetique.jpg\" alt=\"Revetement Resine Esthetique\"\/><\/figure>\n\n\n\n<h2 class=\"wp-block-heading\">La moquette de pierre est un mat\u00e9riau esth\u00e9tique et d\u00e9coratif<\/h2>\n\n\n\n<p>Au-del\u00e0 de sa r\u00e9sistance et de son pouvoir drainant, la moquette de pierre ajoute une touche esth\u00e9tique \u00e0 l\u2019espace qu\u2019elle \u00e9quipe.<\/p>\n\n\n\n<p>L\u2019aspect min\u00e9ral du rev\u00eatement s\u2019int\u00e8gre parfaitement au jardin et \u00e0 la maison qu\u2019il \u00e9quipe. Il donne un aspect raffin\u00e9 qui permet de souligner et de mettre en valeur les \u00e9l\u00e9ments pr\u00e9sents dans l\u2019espace qui l\u2019entoure. La couleur min\u00e9rale de la moquette pourra \u00eatre choisie en fonction de la fa\u00e7ade, du jardin ou encore de la piscine pour repr\u00e9senter une plus-value esth\u00e9tique et d\u00e9corative.<\/p>\n\n\n\n<p>La gamme de coloris disponible est tr\u00e8s large, permettant des compositions sur-mesure, pour un espace qui vous ressemble.<\/p>\n\n\n\n<p>En termes de d\u00e9coration, il faut noter qu\u2019il est possible d\u2019int\u00e9grer des motifs dans la construction d\u2019une terrasse ou d\u2019une plage de piscine. En alternant l\u2019utilisation de granulats de diff\u00e9rents coloris, il est possible de donner vie \u00e0 des cr\u00e9ations graphiques, permettant une personnalisation totale. L\u2019effet qu\u2019ils produisent donne une autre dimension aux zones ainsi habill\u00e9es.<\/p>\n\n\n\n<h2 class=\"wp-block-heading\">Faites le choix d\u2019\u00e9quiper votre terrasse d\u2019un mat\u00e9riau drainant et esth\u00e9tique<\/h2>\n\n\n\n<p>En optant pour la construction d\u2019une terrasse en r\u00e9sine de pierre, vous vous assurez de choisir une solution m\u00ealant durabilit\u00e9, r\u00e9sistance, facilit\u00e9 d\u2019entretien et s\u00e9curit\u00e9.<\/p>\n\n\n\n<p>A l\u2019inverse de sols pav\u00e9s ou carrel\u00e9s, les efforts n\u00e9cessaires pour maintenir l\u2019ensemble dans leur \u00e9tat d\u2019origine seront moindres. De plus, la r\u00e9sistance de l\u2019ensemble promet d\u2019\u00eatre assur\u00e9 en comptant sur les qualit\u00e9s de ce mat\u00e9riau pendant des d\u00e9cennies (\u00e0 condition que les travaux de pose aient \u00e9t\u00e9 r\u00e9alis\u00e9s correctement et l\u2019entretien p\u00e9riodique respect\u00e9).<\/p>\n\n\n\n<p>Les terrasses construites ainsi pourront r\u00e9sister aux al\u00e9as du temps, \u00e0 condition que les travaux aient \u00e9t\u00e9 r\u00e9alis\u00e9s par des professionnels habilit\u00e9s \u00e0 travailler avec ce produit. En effet, les contraintes techniques li\u00e9es \u00e0 sa pose demandent un certain savoir-faire qui garantira la long\u00e9vit\u00e9 et les propri\u00e9t\u00e9s techniques attendues. Se lancer dans la r\u00e9alisation des travaux de pose soi-m\u00eame pourrait s\u2019av\u00e9rer contre-productif et mettre \u00e0 mal la qualit\u00e9 du rev\u00eatement.<\/p>\n\n\n\n<p>Pour obtenir davantage de renseignements et de conseils sur les possibilit\u00e9s envisageables pour la construction de votre terrasse, n\u2019h\u00e9sitez pas nous contacter. Nos sp\u00e9cialistes sauront vous fournir les informations n\u00e9cessaires pour vous permettre de faire le choix le plus adapt\u00e9 \u00e0 la configuration de votre espace et \u00e0 vos attentes.<\/p>\n\n\n\n<ul class=\"wp-block-list\">\n<li><a href=\"https:\/\/staging.resineo.com\/guides\/revetement-resine\/terrasse-exterieure\/pourquoi-un-revetement\/\">Pourquoi choisir un rev\u00eatement de sol en r\u00e9sine pour sa terrasse ?<\/a><\/li>\n\n\n\n<li><a href=\"https:\/\/staging.resineo.com\/guides\/revetement-resine\/terrasse-exterieure\/differences-resine-carrelage\/\">Pour \u00e9quiper une terrasse, quelles sont les diff\u00e9rences entre un rev\u00eatement de sol en r\u00e9sine de pierre et un carrelage<\/a><\/li>\n\n\n\n<li><a href=\"https:\/\/staging.resineo.com\/guides\/revetement-resine\/terrasse-exterieure\/differences-resine-beton\/\">Rev\u00eatement de sol en r\u00e9sine et rev\u00eatement b\u00e9ton : quelles sont les diff\u00e9rences<\/a><\/li>\n<\/ul>\n","protected":false},"excerpt":{"rendered":"<p>\u00c9quiper sa maison d\u2019une terrasse, ou entreprendre la r\u00e9novation d\u2019une surface existante demande de se poser la question du choix du mat\u00e9riau \u00e0 employer. Certes, il est possible d\u2019opter pour des dalles de carrelages, ou une dalle de b\u00e9ton cir\u00e9, mais envisager la pose d\u2019une r\u00e9sine de pierre pourrait s\u2019av\u00e9rer beaucoup plus int\u00e9ressant. Une terrasse [&hellip;]<\/p>\n","protected":false},"author":1,"featured_media":0,"parent":146,"menu_order":0,"comment_status":"closed","ping_status":"closed","template":"","meta":{"_uag_custom_page_level_css":"","footnotes":""},"class_list":["post-155","page","type-page","status-publish","hentry","entry"],"uagb_featured_image_src":{"full":false,"thumbnail":false,"medium":false,"medium_large":false,"large":false,"1536x1536":false,"2048x2048":false,"ocean-thumb-m":false,"ocean-thumb-ml":false,"ocean-thumb-l":false},"uagb_author_info":{"display_name":"admin","author_link":"https:\/\/staging.resineo.com\/guides\/author\/agoralys\/"},"uagb_comment_info":0,"uagb_excerpt":"\u00c9quiper sa maison d\u2019une terrasse, ou entreprendre la r\u00e9novation d\u2019une surface existante demande de se poser la question du choix du mat\u00e9riau \u00e0 employer. Certes, il est possible d\u2019opter pour des dalles de carrelages, ou une dalle de b\u00e9ton cir\u00e9, mais envisager la pose d\u2019une r\u00e9sine de pierre pourrait s\u2019av\u00e9rer beaucoup plus int\u00e9ressant. Une terrasse\u2026","_links":{"self":[{"href":"https:\/\/staging.resineo.com\/guides\/wp-json\/wp\/v2\/pages\/155","targetHints":{"allow":["GET"]}}],"collection":[{"href":"https:\/\/staging.resineo.com\/guides\/wp-json\/wp\/v2\/pages"}],"about":[{"href":"https:\/\/staging.resineo.com\/guides\/wp-json\/wp\/v2\/types\/page"}],"author":[{"embeddable":true,"href":"https:\/\/staging.resineo.com\/guides\/wp-json\/wp\/v2\/users\/1"}],"replies":[{"embeddable":true,"href":"https:\/\/staging.resineo.com\/guides\/wp-json\/wp\/v2\/comments?post=155"}],"version-history":[{"count":2,"href":"https:\/\/staging.resineo.com\/guides\/wp-json\/wp\/v2\/pages\/155\/revisions"}],"predecessor-version":[{"id":3867,"href":"https:\/\/staging.resineo.com\/guides\/wp-json\/wp\/v2\/pages\/155\/revisions\/3867"}],"up":[{"embeddable":true,"href":"https:\/\/staging.resineo.com\/guides\/wp-json\/wp\/v2\/pages\/146"}],"wp:attachment":[{"href":"https:\/\/staging.resineo.com\/guides\/wp-json\/wp\/v2\/media?parent=155"}],"curies":[{"name":"wp","href":"https:\/\/api.w.org\/{rel}","templated":true}]}}