{"id":161,"date":"2019-09-06T10:10:25","date_gmt":"2019-09-06T10:10:25","guid":{"rendered":"https:\/\/staging.resineo.com\/guides\/?page_id=161"},"modified":"2021-03-16T10:00:15","modified_gmt":"2021-03-16T10:00:15","slug":"differences-resine-beton","status":"publish","type":"page","link":"https:\/\/staging.resineo.com\/guides\/revetement-resine\/terrasse-exterieure\/differences-resine-beton\/","title":{"rendered":"Rev\u00eatement de sol en r\u00e9sine et rev\u00eatement b\u00e9ton : quelles sont les diff\u00e9rences ?"},"content":{"rendered":"\t\t<div data-elementor-type=\"wp-post\" data-elementor-id=\"161\" class=\"elementor elementor-161\" data-elementor-post-type=\"page\">\n\t\t\t\t\t\t<section class=\"elementor-section elementor-top-section elementor-element elementor-element-6922d926 elementor-section-boxed elementor-section-height-default elementor-section-height-default\" data-id=\"6922d926\" data-element_type=\"section\">\n\t\t\t\t\t\t<div class=\"elementor-container elementor-column-gap-default\">\n\t\t\t\t\t<div class=\"elementor-column elementor-col-100 elementor-top-column elementor-element elementor-element-55b5a5da\" data-id=\"55b5a5da\" data-element_type=\"column\">\n\t\t\t<div class=\"elementor-widget-wrap elementor-element-populated\">\n\t\t\t\t\t\t<div class=\"elementor-element elementor-element-2058e5c5 elementor-widget elementor-widget-text-editor\" data-id=\"2058e5c5\" data-element_type=\"widget\" data-widget_type=\"text-editor.default\">\n\t\t\t\t<div class=\"elementor-widget-container\">\n\t\t\t\t\t\t\t\t\t<p><\/p>\n<p><span style=\"font-weight: 400;\">Pour l\u2019am\u00e9nagement ou la r\u00e9novation d\u2019une terrasse, le choix du rev\u00eatement de sol est important. De lui vont d\u00e9pendre le confort des utilisateurs, leur s\u00e9curit\u00e9, de m\u00eame que la facilit\u00e9 \u00e0 en assurer l\u2019entretien.<\/span><\/p>\n<p><\/p>\n<figure class=\"wp-block-image\"><img fetchpriority=\"high\" decoding=\"async\" width=\"650\" height=\"487\" src=\"https:\/\/staging.resineo.com\/guides\/wp-content\/uploads\/sites\/2\/2019\/10\/revetement-granulat-terrasse.jpg\" alt=\"Revetement Granulat Terrasse\" class=\"wp-image-600\" srcset=\"https:\/\/staging.resineo.com\/guides\/wp-content\/uploads\/sites\/2\/2019\/10\/revetement-granulat-terrasse.jpg 650w, https:\/\/staging.resineo.com\/guides\/wp-content\/uploads\/sites\/2\/2019\/10\/revetement-granulat-terrasse-300x225.jpg 300w\" sizes=\"(max-width: 650px) 100vw, 650px\" \/><\/figure>\n<p><\/p>\n<p><span style=\"font-weight: 400;\">Le b\u00e9ton est une option souvent utilis\u00e9e pour ce type d\u2019am\u00e9nagement, mais la r\u00e9sine de pierre tend \u00e0 se r\u00e9pandre de plus en plus, notamment gr\u00e2ce \u00e0 ses avantages techniques et esth\u00e9tiques. Ces deux rev\u00eatements pr\u00e9sentent tous deux des avantages que nous allons d\u00e9tailler pour voir lequel des deux offre le plus de possibilit\u00e9s et d\u2019avantages pour \u00e9quiper une <a href=\"https:\/\/staging.resineo.com\/guides\/revetement-resine\/terrasse-exterieure\/\">terrasse<\/a>.<\/span><\/p>\n<p><\/p>\n<h2><span style=\"font-weight: 400;\">Les particularit\u00e9s techniques de ces deux mat\u00e9riaux<\/span><\/h2>\n<p><\/p>\n<p><span style=\"font-weight: 400;\">Voyons quelles sont les particularit\u00e9s de chacun de ces rev\u00eatements de sols.<\/span><\/p>\n<p><\/p>\n<h3><span style=\"font-weight: 400;\">La r\u00e9sine de pierre<\/span><\/h3>\n<p><\/p>\n<p><span style=\"font-weight: 400;\">Ce mat\u00e9riau composite m\u00ealant r\u00e9sine \u00e0 base de polyur\u00e9thane et granulat min\u00e9ral poss\u00e8de caract\u00e9ristiques techniques adapt\u00e9es \u00e0 la cr\u00e9ation ou la r\u00e9novation d\u2019une terrasse&nbsp;:&nbsp;<\/span><\/p>\n<p><\/p>\n<ul>\n<li style=\"font-weight: 400;\"><span style=\"font-weight: 400;\">Fort pouvoir drainant&nbsp;: sa structure alv\u00e9ol\u00e9e permet un drainage pouvant atteindre 50 litres d\u2019eau par m\u00e8tre carr\u00e9 et par seconde. En cas de forte pluie, sa surface reste praticable, exempte de flaque.<\/span><\/li>\n<li style=\"font-weight: 400;\"><span style=\"font-weight: 400;\">Elle r\u00e9siste au gel et aux fortes chaleurs&nbsp;: l\u00e0 encore, sa structure poreuse joue un r\u00f4le important. En cas de gel, l\u2019eau peut s\u2019expandre au sein des cavit\u00e9s pr\u00e9sente dans l\u2019\u00e9paisseur du rev\u00eatement sans le fissurer.&nbsp;<\/span><\/li>\n<li style=\"font-weight: 400;\"><span style=\"font-weight: 400;\">La r\u00e9sine \u00e0 base de polyur\u00e9thane repr\u00e9sente une protection anti- UV&nbsp;: la r\u00e9sistance \u00e0 ces agressions permet de garantir la couleur \u00e9clatante de l\u2019ensemble du granulat, m\u00eame au bout de plusieurs ann\u00e9es.<\/span><\/li>\n<li style=\"font-weight: 400;\"><span style=\"font-weight: 400;\">La r\u00e9sistance du marbre et de la r\u00e9sine<\/span><\/li>\n<li style=\"font-weight: 400;\"><span style=\"font-weight: 400;\">Surface anti-glissante : cette particularit\u00e9 est due \u00e0 son pouvoir drainant ainsi qu\u2019\u00e0 la r\u00e9sine utilis\u00e9e qui \u00e9vite l&rsquo;aquaplaning.&nbsp;<\/span><\/li>\n<li style=\"font-weight: 400;\"><span style=\"font-weight: 400;\">Mall\u00e9abilit\u00e9&nbsp;: du fait qu\u2019il s\u2019agit d\u2019un mat\u00e9riau composite fait de petites particules de pierre, il peut \u00eatre appliqu\u00e9 en suivant les moindres courbes pr\u00e9sentes sur le sol \u00e0 recouvrir.<\/span><\/li>\n<\/ul>\n<h3><span style=\"font-weight: 400;\">La dalle de b\u00e9ton<\/span><\/h3>\n<p><\/p>\n<p><span style=\"font-weight: 400;\">Ce mat\u00e9riau est compos\u00e9 de ciment, de gravier et souvent d\u2019un enduit de finition appliqu\u00e9 \u00e0 sa surface (cir\u00e9).<\/span><\/p>\n<p><\/p>\n<ul>\n<li style=\"font-weight: 400;\"><span style=\"font-weight: 400;\">Drainance&nbsp;: selon le type de mat\u00e9riaux employ\u00e9s pour le fabriquer, ce rev\u00eatement peut \u00eatre drainant. Attention toutefois \u00e0 ce que cette propri\u00e9t\u00e9 soit bien d\u00e9finie en amont des travaux de pose, sans quoi il se peut que la surface soit finie de fa\u00e7on \u00e0 permettre une parfaite \u00e9tanch\u00e9it\u00e9.<\/span><\/li>\n<li style=\"font-weight: 400;\"><span style=\"font-weight: 400;\">Sa r\u00e9sistance&nbsp;: afin de s\u2019assurer que la chape r\u00e9siste aux diff\u00e9rences de temp\u00e9rature, la pose de joints de dilatation est n\u00e9cessaire. Ce sont eux qui \u00e9viteront l\u2019apparition de fissures au fil du temps.&nbsp;<\/span><\/li>\n<li style=\"font-weight: 400;\"><span style=\"font-weight: 400;\">Diff\u00e9rents types de finitions&nbsp;: En termes de couleur, il est possible d\u2019appliquer une peinture sur la surface d\u2019une dalle en b\u00e9ton, ou simplement de le teinter dans la masse. Il est \u00e9galement possible de cr\u00e9er des motifs appliqu\u00e9s par effet tampon. On peut ainsi imiter une surface en bois, ou orn\u00e9e de motifs particuliers.<\/span><\/li>\n<\/ul>\n<p><span style=\"font-weight: 400;\">Du point de vue technique, l\u2019avantage revient \u00e0 la r\u00e9sine de pierre qui allie s\u00e9curit\u00e9, r\u00e9sistance et durabilit\u00e9.<\/span><\/p>\n<p><\/p>\n<p><span style=\"font-weight: 400;\">Pour le sol d\u2019une terrasse, la r\u00e9sine de pierre est plus indiqu\u00e9e pour rehausser la qualit\u00e9 esth\u00e9tique et harmoniser la d\u00e9coration des lieux.<\/span><\/p>\n<p><\/p>\n<figure class=\"wp-block-image\"><img decoding=\"async\" width=\"650\" height=\"433\" src=\"https:\/\/staging.resineo.com\/guides\/wp-content\/uploads\/sites\/2\/2019\/10\/revetement-resine-esthetique-particulier.jpg\" alt=\"Revetement Resine Esthetique Particulier\" class=\"wp-image-604\" srcset=\"https:\/\/staging.resineo.com\/guides\/wp-content\/uploads\/sites\/2\/2019\/10\/revetement-resine-esthetique-particulier.jpg 650w, https:\/\/staging.resineo.com\/guides\/wp-content\/uploads\/sites\/2\/2019\/10\/revetement-resine-esthetique-particulier-300x200.jpg 300w\" sizes=\"(max-width: 650px) 100vw, 650px\" \/><\/figure>\n<p><\/p>\n<h2><span style=\"font-weight: 400;\">Les possibilit\u00e9s esth\u00e9tiques pour \u00e9quiper un sol de terrasse<\/span><\/h2>\n<p><\/p>\n<p><span style=\"font-weight: 400;\">D\u2019un point de vue d\u00e9coratif, la r\u00e9sine de marbre conf\u00e8re des finitions plus haut de gamme qu\u2019une dalle en b\u00e9ton. L\u2019utilisation d\u2019un min\u00e9ral naturel a toujours un effet plus saisissant en mati\u00e8re d\u2019esth\u00e9tique.<\/span><\/p>\n<p><\/p>\n<p><span style=\"font-weight: 400;\">Quel que soit l\u2019espace et la d\u00e9coration des lieux \u00e9quip\u00e9s, l\u2019utilisation de marbre et de quartz permet d\u2019adapter la couleur du rev\u00eatement de sol en r\u00e9sine de pierre \u00e0 son environnement. Il donne un aspect plus sophistiqu\u00e9 aux lieux qui en sont \u00e9quip\u00e9s. C\u2019est notamment autour d\u2019une piscine que l\u2019on se rend mieux compte que ce mat\u00e9riau permet de mettre en valeur le bassin, tout en cr\u00e9ant un d\u00e9cor raffin\u00e9.<\/span><\/p>\n<p><\/p>\n<h2><span style=\"font-weight: 400;\">Quels travaux pr\u00e9voir pour la pose de ces mat\u00e9riaux&nbsp;?<\/span><\/h2>\n<p><\/p>\n<h3><span style=\"font-weight: 400;\">B\u00e9ton<\/span><\/h3>\n<p><\/p>\n<p><span style=\"font-weight: 400;\">Il faudra s\u2019assurer de la stabilit\u00e9 du support (gravier, chape de b\u00e9ton brut, etc.), et appliquer un \u00e9ventuel ragr\u00e9age pour s\u2019assurer de la stabilit\u00e9 de l\u2019ensemble.<\/span><\/p>\n<p><\/p>\n<p><span style=\"font-weight: 400;\">On coulera ensuite une chape qui sera retenue par un coffrage. Un fois sec, le <a href=\"https:\/\/staging.resineo.com\/guides\/revetement-resine\/terrasse-exterieure\/choix-du-revetement\/\">rev\u00eatement<\/a> peut recevoir le traitement final (r\u00e9sine, peinture, etc.).<\/span><\/p>\n<p><\/p>\n<h3><span style=\"font-weight: 400;\">R\u00e9sine de pierre<\/span><\/h3>\n<p><\/p>\n<p><span style=\"font-weight: 400;\">Apr\u00e8s avoir v\u00e9rifi\u00e9 l\u2019int\u00e9grit\u00e9 du support et l\u2019avoir pr\u00e9par\u00e9 (carrelage, dalle de b\u00e9ton ou gravier) \u00e0 l\u2019aide d\u2019une r\u00e9sine \u00e9poxy qui servira de primaire d\u2019accrochage (dans le cas de supports durs uniquement), le granulat m\u00eal\u00e9 \u00e0 la r\u00e9sine \u00e0 base de polyur\u00e9thane sera appliqu\u00e9. Il faudra le r\u00e9partir de fa\u00e7on homog\u00e8ne et en lisser la surface.<\/span><\/p>\n<p><\/p>\n<p><span style=\"font-weight: 400;\">Apr\u00e8s s\u00e9chage, il est possible d\u2019y appliquer une couche de r\u00e9sine polyur\u00e9thane pour renforcer la protection de l\u2019ensemble du rev\u00eatement de sol.<\/span><\/p>\n<p><\/p>\n<p><b>A noter<\/b><span style=\"font-weight: 400;\">&nbsp;: <\/span><i><span style=\"font-weight: 400;\">pour la pose d\u2019une moquette de pierre, il est recommand\u00e9 de faire appel \u00e0 un professionnel qui se chargera de l\u2019ex\u00e9cution des travaux. Il est n\u00e9cessaire que ce dernier soit habilit\u00e9 \u00e0 travailler ce mat\u00e9riau pour garantir le bon d\u00e9roulement de chaque \u00e9tape, assurant une long\u00e9vit\u00e9 et des qualit\u00e9s garanties.<\/span><\/i><\/p>\n<p><\/p>\n<h2><span style=\"font-weight: 400;\">Pour la fabrication ou la r\u00e9novation d\u2019une terrasse, le pouvoir drainant, l\u2019aspect anti-glissant et l\u2019esth\u00e9tique priment<\/span><\/h2>\n<p><\/p>\n<p><span style=\"font-weight: 400;\">Compte tenu des propri\u00e9t\u00e9s que l\u2019on attend d\u2019un rev\u00eatement de terrasse, l\u2019avantage revient \u00e0 la r\u00e9sine de pierre. Ce rev\u00eatement composite, \u00e0 haute technicit\u00e9, garantit des propri\u00e9t\u00e9s qui sont pr\u00e9cis\u00e9ment celles que l\u2019on cherche pour \u00e9quiper une surface ext\u00e9rieure&nbsp;:<\/span><\/p>\n<p><\/p>\n<ul>\n<li style=\"font-weight: 400;\"><span style=\"font-weight: 400;\">Anti-glissance&nbsp;: garantit la s\u00e9curit\u00e9 des occupants de la maison, le rev\u00eatement R\u00e9sineo est class\u00e9 PN 18 et \u00e9quivalent PC20.&nbsp;<\/span><\/li>\n<li style=\"font-weight: 400;\"><span style=\"font-weight: 400;\">Drainant et facile d\u2019entretien.<\/span><\/li>\n<li style=\"font-weight: 400;\"><span style=\"font-weight: 400;\">R\u00e9sistance aux chocs (chute d\u2019objets lourds par exemple) ainsi qu\u2019aux intemp\u00e9ries (rayons UV, gel).<\/span><\/li>\n<li style=\"font-weight: 400;\"><span style=\"font-weight: 400;\">Haute r\u00e9sistance m\u00e9canique&nbsp;: les passages r\u00e9p\u00e9t\u00e9s n\u2019alt\u00e8rent pas l\u2019\u00e9tat du mat\u00e9riau.<\/span><\/li>\n<li style=\"font-weight: 400;\"><span style=\"font-weight: 400;\">Qualit\u00e9 esth\u00e9tique et finitions haut de gamme&nbsp;: les couleurs des granulats peuvent s\u2019accorder avec tous types d\u2019environnement.<\/span><\/li>\n<\/ul>\n<p><span style=\"font-weight: 400;\">Si vous envisagez des travaux de r\u00e9novation ou d\u2019installation d\u2019une terrasse, int\u00e9ressez-vous \u00e0 toutes les possibilit\u00e9s qu\u2019offre la r\u00e9sine de pierre. Si vous souhaitez de plus amples informations et davantage de renseignements, contactez-nous. Chaque professionnel composant notre \u00e9quipe sera \u00e0 m\u00eame de vous servir de guide quant aux choix envisageables pour votre terrasse.<\/span><\/p>\n<p><\/p>\n<p><span style=\"font-weight: 400;\">Et surtout souvenez-vous que c\u2019est au prix d\u2019un v\u00e9ritable savoir-faire que l\u2019on peut cr\u00e9er une r\u00e9sine de pierre dot\u00e9e de toutes les qualit\u00e9s qu\u2019elle est cens\u00e9e offrir.&nbsp;<\/span><\/p>\n<p><\/p>\n<ul>\n<li><a href=\"https:\/\/staging.resineo.com\/guides\/revetement-resine\/terrasse-exterieure\/pourquoi-un-revetement\/\">Pourquoi choisir un rev\u00eatement de sol r\u00e9sine pour sa terrasse ?<\/a><\/li>\n<li><a href=\"https:\/\/staging.resineo.com\/guides\/revetement-resine\/terrasse-exterieure\/comment-choisir\/\">Comment choisir un rev\u00eatement drainant pour sa terrasse ?<\/a><\/li>\n<li><a href=\"https:\/\/staging.resineo.com\/guides\/revetement-resine\/terrasse-exterieure\/differences-resine-carrelage\/\">Pour \u00e9quiper une terrasse, quelles sont les diff\u00e9rences entre un rev\u00eatement de sol en r\u00e9sine de pierre et un carrelage<\/a><\/li>\n<\/ul>\t\t\t\t\t\t\t\t<\/div>\n\t\t\t\t<\/div>\n\t\t\t\t\t<\/div>\n\t\t<\/div>\n\t\t\t\t\t<\/div>\n\t\t<\/section>\n\t\t\t\t<\/div>\n\t\t","protected":false},"excerpt":{"rendered":"<p>Pour l\u2019am\u00e9nagement ou la r\u00e9novation d\u2019une terrasse, le choix du rev\u00eatement de sol est important. De lui vont d\u00e9pendre le confort des utilisateurs, leur s\u00e9curit\u00e9, de m\u00eame que la facilit\u00e9 \u00e0 en assurer l\u2019entretien. Le b\u00e9ton est une option souvent utilis\u00e9e pour ce type d\u2019am\u00e9nagement, mais la r\u00e9sine de pierre tend \u00e0 se r\u00e9pandre de [&hellip;]<\/p>\n","protected":false},"author":1,"featured_media":0,"parent":146,"menu_order":0,"comment_status":"closed","ping_status":"closed","template":"","meta":{"_uag_custom_page_level_css":"","footnotes":""},"class_list":["post-161","page","type-page","status-publish","hentry","entry"],"uagb_featured_image_src":{"full":false,"thumbnail":false,"medium":false,"medium_large":false,"large":false,"1536x1536":false,"2048x2048":false,"ocean-thumb-m":false,"ocean-thumb-ml":false,"ocean-thumb-l":false},"uagb_author_info":{"display_name":"admin","author_link":"https:\/\/staging.resineo.com\/guides\/author\/agoralys\/"},"uagb_comment_info":0,"uagb_excerpt":"Pour l\u2019am\u00e9nagement ou la r\u00e9novation d\u2019une terrasse, le choix du rev\u00eatement de sol est important. De lui vont d\u00e9pendre le confort des utilisateurs, leur s\u00e9curit\u00e9, de m\u00eame que la facilit\u00e9 \u00e0 en assurer l\u2019entretien. Le b\u00e9ton est une option souvent utilis\u00e9e pour ce type d\u2019am\u00e9nagement, mais la r\u00e9sine de pierre tend \u00e0 se r\u00e9pandre de\u2026","_links":{"self":[{"href":"https:\/\/staging.resineo.com\/guides\/wp-json\/wp\/v2\/pages\/161","targetHints":{"allow":["GET"]}}],"collection":[{"href":"https:\/\/staging.resineo.com\/guides\/wp-json\/wp\/v2\/pages"}],"about":[{"href":"https:\/\/staging.resineo.com\/guides\/wp-json\/wp\/v2\/types\/page"}],"author":[{"embeddable":true,"href":"https:\/\/staging.resineo.com\/guides\/wp-json\/wp\/v2\/users\/1"}],"replies":[{"embeddable":true,"href":"https:\/\/staging.resineo.com\/guides\/wp-json\/wp\/v2\/comments?post=161"}],"version-history":[{"count":0,"href":"https:\/\/staging.resineo.com\/guides\/wp-json\/wp\/v2\/pages\/161\/revisions"}],"up":[{"embeddable":true,"href":"https:\/\/staging.resineo.com\/guides\/wp-json\/wp\/v2\/pages\/146"}],"wp:attachment":[{"href":"https:\/\/staging.resineo.com\/guides\/wp-json\/wp\/v2\/media?parent=161"}],"curies":[{"name":"wp","href":"https:\/\/api.w.org\/{rel}","templated":true}]}}