{"id":184,"date":"2019-09-06T15:21:55","date_gmt":"2019-09-06T15:21:55","guid":{"rendered":"https:\/\/staging.resineo.com\/guides\/?page_id=184"},"modified":"2021-03-16T09:45:08","modified_gmt":"2021-03-16T09:45:08","slug":"travaux","status":"publish","type":"page","link":"https:\/\/staging.resineo.com\/guides\/revetement-resine\/allee-carrossable\/travaux\/","title":{"rendered":"Quels travaux pr\u00e9voir pour la pose d&rsquo;un rev\u00eatement r\u00e9sine pour une all\u00e9e carrossable ?"},"content":{"rendered":"\t\t<div data-elementor-type=\"wp-post\" data-elementor-id=\"184\" class=\"elementor elementor-184\" data-elementor-post-type=\"page\">\n\t\t\t\t\t\t<section class=\"elementor-section elementor-top-section elementor-element elementor-element-1fe963f1 elementor-section-boxed elementor-section-height-default elementor-section-height-default\" data-id=\"1fe963f1\" data-element_type=\"section\">\n\t\t\t\t\t\t<div class=\"elementor-container elementor-column-gap-default\">\n\t\t\t\t\t<div class=\"elementor-column elementor-col-100 elementor-top-column elementor-element elementor-element-678c7245\" data-id=\"678c7245\" data-element_type=\"column\">\n\t\t\t<div class=\"elementor-widget-wrap elementor-element-populated\">\n\t\t\t\t\t\t<div class=\"elementor-element elementor-element-5d719fd4 elementor-widget elementor-widget-text-editor\" data-id=\"5d719fd4\" data-element_type=\"widget\" data-widget_type=\"text-editor.default\">\n\t\t\t\t<div class=\"elementor-widget-container\">\n\t\t\t\t\t\t\t\t\t<p><span style=\"font-weight: 400;\">Pour qui souhaite \u00e9quiper une all\u00e9e de jardin carrossable, ou tout autre passage qui devra \u00eatre \u00e0 m\u00eame de supporter le passage de v\u00e9hicules, la r\u00e9sine de pierre est une solution aussi durable que pratique.<\/span><\/p>\n<figure class=\"wp-block-image\"><img fetchpriority=\"high\" decoding=\"async\" width=\"650\" height=\"487\" class=\"wp-image-569\" src=\"https:\/\/staging.resineo.com\/guides\/wp-content\/uploads\/sites\/2\/2019\/10\/revetement-antiderapant-allee-jardin.jpg\" alt=\"Revetement Antiderapant Allee Jardin\" srcset=\"https:\/\/staging.resineo.com\/guides\/wp-content\/uploads\/sites\/2\/2019\/10\/revetement-antiderapant-allee-jardin.jpg 650w, https:\/\/staging.resineo.com\/guides\/wp-content\/uploads\/sites\/2\/2019\/10\/revetement-antiderapant-allee-jardin-300x225.jpg 300w\" sizes=\"(max-width: 650px) 100vw, 650px\" \/><\/figure>\n<p><span style=\"font-weight: 400;\">Afin de s\u2019assurer de pleinement profiter des qualit\u00e9s de ce mat\u00e9riaux, il est important que ce dernier soit pos\u00e9 dans les r\u00e8gles de l\u2019art. La pr\u00e9paration du support, le choix de la r\u00e9sine et du min\u00e9ral utilis\u00e9, ainsi que la mise en \u0153uvre&nbsp; seront autant de facteurs \u00e0 respecter pour que l\u2019ensemble du rev\u00eatement soit parfaitement stable, drainant et anti glissant.<\/span><\/p>\n<p><span style=\"font-weight: 400;\">Quelles sont les \u00e9tapes d\u2019un tel chantier&nbsp;? Combien de temps prend la pose de ce rev\u00eatement de sol&nbsp;? Pourquoi faut-il en confier la r\u00e9alisation \u00e0 des professionnels&nbsp;?<\/span><\/p>\n<h2><span style=\"font-weight: 400;\">Chaque fourniture a son importance<\/span><\/h2>\n<p><span style=\"font-weight: 400;\">Tout d\u2019abord, il est important de souligner que le choix de chaque mat\u00e9riau utilis\u00e9 pour ce type de r\u00e9alisation importera sur la qualit\u00e9 du r\u00e9sultat final.&nbsp;<\/span><\/p>\n<p><span style=\"font-weight: 400;\">Une r\u00e9sine de pierre doit \u00eatre compos\u00e9e de diff\u00e9rents \u00e9l\u00e9ments, tous choisis pour leur qualit\u00e9 et leur compatibilit\u00e9&nbsp;:&nbsp;<\/span><\/p>\n<ul>\n<li><span style=\"font-weight: 400;\">Le granulat min\u00e9ral&nbsp;: il s\u2019agit de pierre concass\u00e9e, puis tamis\u00e9e, qui permet ainsi de choisir une granulom\u00e9trie pr\u00e9cise en fonction de la fonction du support. En l\u2019occurrence, pour une <a href=\"https:\/\/staging.resineo.com\/guides\/revetement-resine\/allee-carrossable\/\">voie carrossable<\/a>, il est important que le granulat retenu ait un calibre suffisant pour \u00e0 la fois permettre un parfait \u00e9coulement de l\u2019eau de pluie (drainant), et \u00e0 la fois garantir une parfaite adh\u00e9rence pour chaque voiture ou v\u00e9hicule amen\u00e9 \u00e0 l\u2019emprunter.<\/span><\/li>\n<li><span style=\"font-weight: 400;\">Le choix de la r\u00e9sine&nbsp;: cette derni\u00e8re devra permettre \u00e0 l\u2019ensemble du rev\u00eatement d\u2019\u00eatre parfaitement homog\u00e8ne et r\u00e9sistant. C\u2019est la r\u00e9sine qui sert \u00e0 la fois de liant et de protection anti UV au support. C\u2019est la raison pour laquelle cette r\u00e9sine se doit de respecter un cahier des charges pr\u00e9cis afin d\u2019octroyer ses propri\u00e9t\u00e9s au rev\u00eatement.<\/span><\/li>\n<\/ul>\n<p><span style=\"font-weight: 400;\">En fonction du terrain, il se peut que des travaux de terrassement soient n\u00e9cessaires avant la pose du rev\u00eatement, de m\u00eame qu\u2019il sera n\u00e9cessaire de s\u2019assurer de l\u2019int\u00e9grit\u00e9 et de l\u2019homog\u00e9n\u00e9it\u00e9 du support qui sera recouvert par la r\u00e9sine de pierre.<\/span><\/p>\n<p><span style=\"font-weight: 400;\">Un des avantages de ce mat\u00e9riau, c\u2019est la possibilit\u00e9 de le poser aussi bien sur du gravier (GNT), que sur du carrelage ou sur une dalle de b\u00e9ton. Toutefois, afin que la r\u00e9alisation soit durable, il est n\u00e9cessaire que le support, quel qu\u2019il soit, soit parfaitement stable&nbsp;:&nbsp;<\/span><\/p>\n<ul>\n<li style=\"font-weight: 400;\"><span style=\"font-weight: 400;\">On r\u00e9parera les fissures du b\u00e9ton en r\u00e9alisant un \u00e9ventuel ragr\u00e9age.<\/span><\/li>\n<li style=\"font-weight: 400;\"><span style=\"font-weight: 400;\">On s\u2019assurera du bon \u00e9tat de fixation du carrelage.<\/span><\/li>\n<li style=\"font-weight: 400;\"><span style=\"font-weight: 400;\">Le gravier pourra n\u00e9cessit\u00e9 d\u2019\u00eatre tass\u00e9 pour garantir l\u2019homog\u00e9n\u00e9it\u00e9 et la stabilit\u00e9 de l\u2019ensemble.<\/span><\/li>\n<\/ul>\n<p><span style=\"font-weight: 400;\">Quel que soit le support, il sera \u00e9galement n\u00e9cessaire d\u2019y appliquer une couche de r\u00e9sine d\u2019accrochage. C\u2019est elle qui finira la pr\u00e9paration du sol, avant la pose de l\u2019agglom\u00e9rat min\u00e9ral\/r\u00e9sine polyur\u00e9thane.<\/span><\/p>\n<figure class=\"wp-block-image\"><img decoding=\"async\" width=\"650\" height=\"487\" class=\"wp-image-554\" src=\"https:\/\/staging.resineo.com\/guides\/wp-content\/uploads\/sites\/2\/2019\/10\/allee-jardin-revetement-resine.jpg\" alt=\"Allee Jardin Revetement Resine\" srcset=\"https:\/\/staging.resineo.com\/guides\/wp-content\/uploads\/sites\/2\/2019\/10\/allee-jardin-revetement-resine.jpg 650w, https:\/\/staging.resineo.com\/guides\/wp-content\/uploads\/sites\/2\/2019\/10\/allee-jardin-revetement-resine-300x225.jpg 300w\" sizes=\"(max-width: 650px) 100vw, 650px\" \/><\/figure>\n<h2><span style=\"font-weight: 400;\">La pr\u00e9paration et la pose de la r\u00e9sine de pierre<\/span><\/h2>\n<p><span style=\"font-weight: 400;\">Apr\u00e8s s\u2019\u00eatre assur\u00e9 de la stabilit\u00e9 et de l\u2019int\u00e9grit\u00e9 de la surface sur laquelle reposera l\u2019agglom\u00e9rat, vient l\u2019\u00e9tape de sa pr\u00e9paration.<\/span><\/p>\n<p><span style=\"font-weight: 400;\">Le m\u00e9lange va devoir s\u2019effectuer dans un malaxeur selon des proportions bien pr\u00e9cises. Les professionnels qui se chargent de ce type de travaux ma\u00eetrisent les particularit\u00e9s de ce mat\u00e9riau, \u00e9tant agr\u00e9\u00e9s \u00e0 le poser.<\/span><\/p>\n<p><span style=\"font-weight: 400;\">Certains points sont primordiaux pour une r\u00e9alisation sans encombre &nbsp;:&nbsp;<\/span><\/p>\n<ul>\n<li style=\"font-weight: 400;\"><span style=\"font-weight: 400;\">Le granulat de pierre (quartz ou marbre) devra \u00eatre propre et sec. La pr\u00e9sence d\u2019impuret\u00e9s ou d\u2019humidit\u00e9 pourrait poser des probl\u00e8mes lors de la r\u00e9alisation du rev\u00eatement.&nbsp;<\/span><\/li>\n<li style=\"font-weight: 400;\"><span style=\"font-weight: 400;\">La r\u00e9sine \u00e9tant compos\u00e9e de 2 \u00e9l\u00e9ments (r\u00e9sine + durcisseur), il est important que le travail soit effectu\u00e9 au fur et \u00e0 mesure, sans discontinuit\u00e9. La prise de l\u2019agglom\u00e9rat devra se faire de fa\u00e7on homog\u00e8ne, \u00e0 m\u00eame le sol.<\/span><\/li>\n<li style=\"font-weight: 400;\"><span style=\"font-weight: 400;\">La r\u00e9sine de pierre devra \u00eatre liss\u00e9e au fil de la pose afin d\u2019en assurer le niveau et l\u2019homog\u00e9n\u00e9it\u00e9.&nbsp;<\/span><\/li>\n<\/ul>\n<p><b>A noter<\/b><span style=\"font-weight: 400;\">&nbsp;: <\/span><i><span style=\"font-weight: 400;\">En fonction de la longueur de l\u2019all\u00e9e ou de la voie \u00e0 \u00e9quiper, les travaux peuvent \u00eatre r\u00e9alis\u00e9s en plusieurs \u00e9tapes, plusieurs jours cons\u00e9cutifs. Un des avantages de la r\u00e9sine de pierre, c\u2019est l\u2019absence de raccords. Contrairement \u00e0 une surface que l\u2019on va goudronner, o\u00f9 on notera les r\u00e9parations ou les jonctions, la r\u00e9sine de pierre permet des retouches ou des reprises invisibles.<\/span><\/i><\/p>\n<p><span style=\"font-weight: 400;\">Sur une all\u00e9e carrossable, il est important que l\u2019\u00e9paisseur du rev\u00eatement soit homog\u00e8ne. Compte tenu du passage r\u00e9p\u00e9t\u00e9 de v\u00e9hicules, la r\u00e9sistance est de mise. Afin que les propri\u00e9t\u00e9s m\u00e9caniques du support soient au rendez-vous, ce param\u00e8tre est tr\u00e8s important, sa portance en d\u00e9pend.<\/span><\/p>\n<h2><span style=\"font-weight: 400;\">Pourquoi est-il important de confier la r\u00e9alisation de ces travaux \u00e0 des professionnels&nbsp;?<\/span><\/h2>\n<p><span style=\"font-weight: 400;\">Outre le fait qu\u2019il faut ma\u00eetriser chaque \u00e9tape de la pose, l\u2019int\u00e9grit\u00e9, les propri\u00e9t\u00e9s et la durabilit\u00e9 du rev\u00eatement en d\u00e9pendent.<\/span><\/p>\n<ol>\n<li style=\"font-weight: 400;\"><span style=\"font-weight: 400;\">Tout d\u2019abord, il faut avoir conscience que le pouvoir drainant de la r\u00e9sine de pierre d\u00e9pend d\u2019une parfaite ex\u00e9cution des travaux. Tant la pr\u00e9paration du support, que la pose de l\u2019agglom\u00e9rat devront donc assurer cette capacit\u00e9 \u00e0 drainer l\u2019eau de pluie.<\/span><\/li>\n<li style=\"font-weight: 400;\"><span style=\"font-weight: 400;\">La durabilit\u00e9 d\u00e9pend \u00e9galement de la bonne proportion de chaque fourniture qui aura \u00e9t\u00e9 incluse dans le m\u00e9lange min\u00e9ral\/r\u00e9sine.&nbsp;<\/span><\/li>\n<li style=\"font-weight: 400;\"><span style=\"font-weight: 400;\">M\u00eame si la r\u00e9sine de marbre ou de quartz est aussi bien utilis\u00e9e pour \u00e9quiper une terrasse, qu\u2019un tour de piscine ou une all\u00e9e carrossable, il est important de savoir que les \u00e9paisseurs ne seront pas forc\u00e9ment les m\u00eames. Une all\u00e9e carrossable est soumise \u00e0 des contraintes m\u00e9caniques qui imposent un cahier des charges qui leur est propre.<\/span><\/li>\n<\/ol>\n<p><span style=\"font-weight: 400;\">L\u2019entreprise ou les professionnels qui se chargeront de la mise en place du rev\u00eatement doivent ma\u00eetriser toutes les contraintes li\u00e9es \u00e0 ce mat\u00e9riau. Contrairement \u00e0 la pose de goudron, de sol pav\u00e9 (pav\u00e9 autobloquant), ou de quelque autre rev\u00eatement de sol, la r\u00e9sine de pierre demande une parfaite ma\u00eetrise du mat\u00e9riau et de ses contraintes, sans quoi, son pouvoir drainant et sa r\u00e9sistance pourraient \u00eatre mis \u00e0 mal.<\/span><\/p>\n<figure class=\"wp-block-image\"><img decoding=\"async\" width=\"650\" height=\"433\" class=\"wp-image-587\" src=\"https:\/\/staging.resineo.com\/guides\/wp-content\/uploads\/sites\/2\/2019\/10\/revetement-granulat-allee-resine.jpg\" alt=\"Revetement Granulat Allee Resine\" srcset=\"https:\/\/staging.resineo.com\/guides\/wp-content\/uploads\/sites\/2\/2019\/10\/revetement-granulat-allee-resine.jpg 650w, https:\/\/staging.resineo.com\/guides\/wp-content\/uploads\/sites\/2\/2019\/10\/revetement-granulat-allee-resine-300x200.jpg 300w\" sizes=\"(max-width: 650px) 100vw, 650px\" \/><\/figure>\n<h2><span style=\"font-weight: 400;\">Quel que soit le type de surface \u00e0 \u00e9quiper, la r\u00e9sine de sol est une option stable, p\u00e9renne et esth\u00e9tique<\/span><\/h2>\n<p><span style=\"font-weight: 400;\">Au-del\u00e0 des all\u00e9es carrossables (all\u00e9e de garage, parking, ou tout espace emprunt\u00e9 par des v\u00e9hicules), la r\u00e9sine de pierre sert \u00e0 \u00e9quiper diff\u00e9rents types d\u2019espaces&nbsp;:&nbsp;<\/span><\/p>\n<ul>\n<li style=\"font-weight: 400;\"><span style=\"font-weight: 400;\">Terrasse.<\/span><\/li>\n<li style=\"font-weight: 400;\"><span style=\"font-weight: 400;\">Abords d\u2019une maison.<\/span><\/li>\n<li style=\"font-weight: 400;\"><span style=\"font-weight: 400;\">Place publique.<\/span><\/li>\n<li style=\"font-weight: 400;\"><span style=\"font-weight: 400;\">Tour de piscine.<\/span><\/li>\n<li style=\"font-weight: 400;\"><span style=\"font-weight: 400;\">All\u00e9e de jardin.<\/span><\/li>\n<li style=\"font-weight: 400;\"><span style=\"font-weight: 400;\">Escaliers.<\/span><\/li>\n<li style=\"font-weight: 400;\"><span style=\"font-weight: 400;\">Etc.<\/span><\/li>\n<\/ul>\n<p><span style=\"font-weight: 400;\">Qu\u2019il s\u2019agisse de lieux publics ou priv\u00e9s, les particularit\u00e9s techniques de ce mat\u00e9riau demandent que la pose en soit effectu\u00e9e de fa\u00e7on parfaitement ma\u00eetris\u00e9e, afin de garantir la s\u00e9curit\u00e9 des utilisateurs, les propri\u00e9t\u00e9s du rev\u00eatement (pouvoir drainant et adh\u00e9rence notamment), ainsi que sa durabilit\u00e9.<\/span><\/p>\n<p><span style=\"font-weight: 400;\">Il est donc important de confier la r\u00e9alisation des travaux \u00e0 la bonne entreprise.<\/span><\/p>\n<p><span style=\"font-weight: 400;\">Cette derni\u00e8re, au fait du produit, pourra proposer une couleur (ou plusieurs) adapt\u00e9e \u00e0 l\u2019espace \u00e0 \u00e9quiper, conf\u00e9rant ainsi un aspect esth\u00e9tique bien plus sophistiqu\u00e9 que ne le permet le goudron par exemple.&nbsp;<\/span><\/p>\n<p><span style=\"font-weight: 400;\">De plus, une r\u00e9sine de pierre devient praticable seulement 24 \u00e0 48 heures apr\u00e8s sa pose, selon les conditions climatiques, ce qui suppose une mise en travaux peu contraignante en comparaison \u00e0 d\u2019autres rev\u00eatements.<\/span><\/p>\n<p><span style=\"font-weight: 400;\">A l\u2019heure d\u2019\u00e9quiper votre all\u00e9e de garage par exemple, pensez \u00e0 la r\u00e9sine de pierre. Ce mat\u00e9riau offre de nombreuses possibilit\u00e9s en termes d\u2019esth\u00e9tique, tout en garantissant des sp\u00e9cificit\u00e9s techniques particuli\u00e8rement adapt\u00e9es pour ce type de voie. A l\u2019heure d\u2019envisager les diff\u00e9rentes possibilit\u00e9s et de comparer les prix, gardez \u00e0 l\u2019esprit que ce rev\u00eatement est \u00e0 la fois adh\u00e9rent, drainant et durable. Autrement dit, il offre toutes les caract\u00e9ristiques recherch\u00e9es \u00e0 l\u2019heure d\u2019\u00e9quiper sa maison.<\/span><\/p>\n<ul>\n<li><a href=\"https:\/\/staging.resineo.com\/guides\/revetement-resine\/allee-carrossable\/equiper\/\">Pourquoi choisir un rev\u00eatement de sol \u00e0 base de r\u00e9sine pour \u00e9quiper une all\u00e9e carrossable&nbsp; ?<\/a><\/li>\n<li><a href=\"https:\/\/staging.resineo.com\/guides\/revetement-resine\/allee-carrossable\/gravier\/\">Gravier r\u00e9sine carrossable<\/a><\/li>\n<li><a href=\"https:\/\/staging.resineo.com\/guides\/revetement-resine\/allee-carrossable\/choisir-revetement\/\">Pourquoi choisir un rev\u00eatement \u00e0 base de r\u00e9sine pour une all\u00e9e carrossable ?<\/a><\/li>\n<\/ul>\t\t\t\t\t\t\t\t<\/div>\n\t\t\t\t<\/div>\n\t\t\t\t\t<\/div>\n\t\t<\/div>\n\t\t\t\t\t<\/div>\n\t\t<\/section>\n\t\t\t\t<\/div>\n\t\t","protected":false},"excerpt":{"rendered":"<p>Pour qui souhaite \u00e9quiper une all\u00e9e de jardin carrossable, ou tout autre passage qui devra \u00eatre \u00e0 m\u00eame de supporter le passage de v\u00e9hicules, la r\u00e9sine de pierre est une solution aussi durable que pratique. Afin de s\u2019assurer de pleinement profiter des qualit\u00e9s de ce mat\u00e9riaux, il est important que ce dernier soit pos\u00e9 dans [&hellip;]<\/p>\n","protected":false},"author":1,"featured_media":0,"parent":164,"menu_order":0,"comment_status":"closed","ping_status":"closed","template":"","meta":{"_uag_custom_page_level_css":"","footnotes":""},"class_list":["post-184","page","type-page","status-publish","hentry","entry"],"uagb_featured_image_src":{"full":false,"thumbnail":false,"medium":false,"medium_large":false,"large":false,"1536x1536":false,"2048x2048":false,"ocean-thumb-m":false,"ocean-thumb-ml":false,"ocean-thumb-l":false},"uagb_author_info":{"display_name":"admin","author_link":"https:\/\/staging.resineo.com\/guides\/author\/agoralys\/"},"uagb_comment_info":0,"uagb_excerpt":"Pour qui souhaite \u00e9quiper une all\u00e9e de jardin carrossable, ou tout autre passage qui devra \u00eatre \u00e0 m\u00eame de supporter le passage de v\u00e9hicules, la r\u00e9sine de pierre est une solution aussi durable que pratique. Afin de s\u2019assurer de pleinement profiter des qualit\u00e9s de ce mat\u00e9riaux, il est important que ce dernier soit pos\u00e9 dans\u2026","_links":{"self":[{"href":"https:\/\/staging.resineo.com\/guides\/wp-json\/wp\/v2\/pages\/184","targetHints":{"allow":["GET"]}}],"collection":[{"href":"https:\/\/staging.resineo.com\/guides\/wp-json\/wp\/v2\/pages"}],"about":[{"href":"https:\/\/staging.resineo.com\/guides\/wp-json\/wp\/v2\/types\/page"}],"author":[{"embeddable":true,"href":"https:\/\/staging.resineo.com\/guides\/wp-json\/wp\/v2\/users\/1"}],"replies":[{"embeddable":true,"href":"https:\/\/staging.resineo.com\/guides\/wp-json\/wp\/v2\/comments?post=184"}],"version-history":[{"count":0,"href":"https:\/\/staging.resineo.com\/guides\/wp-json\/wp\/v2\/pages\/184\/revisions"}],"up":[{"embeddable":true,"href":"https:\/\/staging.resineo.com\/guides\/wp-json\/wp\/v2\/pages\/164"}],"wp:attachment":[{"href":"https:\/\/staging.resineo.com\/guides\/wp-json\/wp\/v2\/media?parent=184"}],"curies":[{"name":"wp","href":"https:\/\/api.w.org\/{rel}","templated":true}]}}