{"id":64,"date":"2019-09-06T07:35:37","date_gmt":"2019-09-06T07:35:37","guid":{"rendered":"https:\/\/staging.resineo.com\/guides\/?page_id=64"},"modified":"2021-02-08T14:35:42","modified_gmt":"2021-02-08T14:35:42","slug":"differences","status":"publish","type":"page","link":"https:\/\/staging.resineo.com\/guides\/revetement-resine\/sol-piscine\/differences\/","title":{"rendered":"Quelles sont les diff\u00e9rences entre une moquette de pierre et un sol couvert de carrelage ?"},"content":{"rendered":"\n<p>Il existe de nombreuses diff\u00e9rences notables entre ces deux types de rev\u00eatements de sols. Il est bon de les comparer pour souligner les avantages de l\u2019un et de l\u2019autre avant de s\u2019\u00e9quiper, surtout pour la cr\u00e9ation d\u2019une <a href=\"https:\/\/staging.resineo.com\/guides\/revetement-resine\/sol-piscine\/\">plage de piscine<\/a> par exemple. Ce type de surface demande l\u2019emploi d\u2019un mat\u00e9riau adapt\u00e9, tant pour en faciliter l\u2019entretien, que pour assurer la s\u00e9curit\u00e9 des utilisateurs.<\/p>\n\n\n\n<figure class=\"wp-block-image\"><img fetchpriority=\"high\" decoding=\"async\" width=\"650\" height=\"365\" src=\"https:\/\/staging.resineo.com\/guides\/wp-content\/uploads\/sites\/2\/2019\/10\/revetement-antiderapant-plage-piscine.jpg\" alt=\"Revetement Antiderapant Plage Piscine\" class=\"wp-image-572\" srcset=\"https:\/\/staging.resineo.com\/guides\/wp-content\/uploads\/sites\/2\/2019\/10\/revetement-antiderapant-plage-piscine.jpg 650w, https:\/\/staging.resineo.com\/guides\/wp-content\/uploads\/sites\/2\/2019\/10\/revetement-antiderapant-plage-piscine-300x168.jpg 300w\" sizes=\"(max-width: 650px) 100vw, 650px\" \/><\/figure>\n\n\n\n<p>Lequel de ces deux mat\u00e9riaux offre le plus de confort et d\u2019avantages pour \u00e9quiper les abords d\u2019une piscine ? Comment s\u2019assurer de faire le bon choix ? Ces deux mat\u00e9riaux sont-ils aussi faciles d\u2019entretien l\u2019un que l\u2019autre ? Offrent-ils les m\u00eames possibilit\u00e9s en mati\u00e8re de finition et de couleur ?<\/p>\n\n\n\n<h2 class=\"wp-block-heading\">Comparatif des diff\u00e9rentes caract\u00e9ristiques de chacun de ces produits<\/h2>\n\n\n\n<p>Nous allons d\u00e9tailler les propri\u00e9t\u00e9s de chacune de ces solutions pour l\u2019\u00e9quipement des abords d\u2019une piscine. Nous pourrons ainsi mettre en \u00e9vidence les avantages de chacune, en nous concentrant sur la pose, le confort d\u2019utilisation quotidienne, l\u2019aspect esth\u00e9tique et la s\u00e9curit\u00e9 des utilisateurs.<\/p>\n\n\n\n<h3 class=\"wp-block-heading\">Quels travaux suppose la mise en place de chacun de ces rev\u00eatements de sol ?<\/h3>\n\n\n\n<ul class=\"wp-block-list\"><li>Le carrelage : Il doit \u00eatre pos\u00e9 sur une dalle en b\u00e9ton lisse. Apr\u00e8s s\u2019\u00eatre assur\u00e9 du bon \u00e9tat du support, ce dernier va \u00eatre encoll\u00e9 puis les carreaux seront pos\u00e9s \u00e0 intervalle r\u00e9gulier. Il est important d\u2019\u00e9carter chaque carreau de fa\u00e7on r\u00e9guli\u00e8re afin que l\u2019ensemble soit homog\u00e8ne. Il faut ensuite appliquer des joints qui garantiront l\u2019\u00e9tanch\u00e9it\u00e9 du sol.<\/li><li>La r\u00e9sine de pierre : Elle peut \u00eatre pos\u00e9 sur une dalle en b\u00e9ton, sur un carrelage, voire m\u00eame sur un sol en gravier stabilis\u00e9 (GNT). Apr\u00e8s s\u2019\u00eatre assur\u00e9 du bon \u00e9tat de la surface du support, une premi\u00e8re couche de r\u00e9sine \u00e9poxy sera appliqu\u00e9e pour assurer l\u2019accrochage de la couche sup\u00e9rieure. Apr\u00e8s s\u00e9chage, on peut ensuite appliquer une \u00e9paisseur de granulat de pierre (marbre ou quartz) m\u00e9lang\u00e9 \u00e0 de la r\u00e9sine polyur\u00e9thane pour couvrir l\u2019ensemble. Aucun joint n\u2019est apparent (hors joint de fractionnement). Il faut simplement poser des r\u00e9glettes m\u00e9talliques afin de d\u00e9limiter la surface de pose et donner un aspect bien fini au rev\u00eatement. L\u2019\u00e9paisseur du rev\u00eatement d\u00e9pendra notamment du support sur lequel on le pose. Dans tous les cas, il s\u2019agit d\u2019un mat\u00e9riau r\u00e9sistant.<\/li><\/ul>\n\n\n\n<p>Il s\u2019agit l\u00e0 d\u2019un r\u00e9sum\u00e9 rapide des diff\u00e9rentes op\u00e9rations, mais on peut noter que la r\u00e9sine de sol peut \u00eatre appliqu\u00e9e sur plusieurs types de sols, contrairement au carrelage.<\/p>\n\n\n\n<h3 class=\"wp-block-heading\">Quelles seront les propri\u00e9t\u00e9s du sol une fois \u00e9quip\u00e9 de son rev\u00eatement ?<\/h3>\n\n\n\n<ul class=\"wp-block-list\"><li>Sol en carrelage : L\u2019\u00e9tanch\u00e9it\u00e9 est la principale caract\u00e9ristique de ce type de rev\u00eatement (dans le cas o\u00f9 il est scell\u00e9\/coll\u00e9). L\u2019eau ruissellera \u00e0 la surface. Si une pente n\u2019est pas appliqu\u00e9e d\u00e8s la construction de la plage de piscine, il se peut que des flaques se forment, entra\u00eenant la stagnation de l\u2019eau. Il faut faire attention \u00e0 choisir un carrelage antid\u00e9rapant (> R11), sous peine de risquer de <a href=\"https:\/\/staging.resineo.com\/guides\/revetement-resine\/sol-piscine\/eviter-glissure\/\">glisser<\/a> \u00e0 la sortie de l\u2019eau. De plus, la c\u00e9ramique a tendance \u00e0 emmagasiner la chaleur \u00e0 laquelle elle est expos\u00e9e, rendant parfois le rev\u00eatement difficile \u00e0 pratiquer pieds nus.<\/li><li>Tapis de pierre : Il s\u2019agit d\u2019un mat\u00e9riau drainant qui permettra l\u2019\u00e9limination rapide des \u00e9claboussures. Aucune flaque ne se forme \u00e0 sa surface si l\u2019ex\u00e9cution des travaux a \u00e9t\u00e9 correcte. De plus, il s\u2019agit d\u2019un rev\u00eatement anti-glissant (si un traitement de finition anti-glissant est appliqu\u00e9). <\/li><\/ul>\n\n\n\n<p>Dans les deux cas, l\u2019entretien peut s\u2019effectuer \u00e0 l\u2019aide d\u2019un jet haute pression, pour conserver la propret\u00e9 de l\u2019ensemble. Toutefois, selon le type de carrelage utilis\u00e9, il se peut que ce dernier se t\u00e2che au fil du temps, contrairement \u00e0 la r\u00e9sine de sol qui garde son aspect originel pendant longtemps.<\/p>\n\n\n\n<figure class=\"wp-block-image\"><img decoding=\"async\" width=\"650\" height=\"488\" src=\"https:\/\/staging.resineo.com\/guides\/wp-content\/uploads\/sites\/2\/2019\/10\/revetement-esthetique-plage-de-piscine.jpg\" alt=\"Revetement Esthetique Plage De Piscine\" class=\"wp-image-580\" srcset=\"https:\/\/staging.resineo.com\/guides\/wp-content\/uploads\/sites\/2\/2019\/10\/revetement-esthetique-plage-de-piscine.jpg 650w, https:\/\/staging.resineo.com\/guides\/wp-content\/uploads\/sites\/2\/2019\/10\/revetement-esthetique-plage-de-piscine-300x225.jpg 300w\" sizes=\"(max-width: 650px) 100vw, 650px\" \/><\/figure>\n\n\n\n<h3 class=\"wp-block-heading\">L\u2019aspect esth\u00e9tique de ces rev\u00eatements<\/h3>\n\n\n\n<ul class=\"wp-block-list\"><li>Dans le cas de la pose de carrelage : Compte tenu de la vari\u00e9t\u00e9 de carreaux diff\u00e9rents qui existent, il est possible de composer un rev\u00eatement d\u00e9coratif s\u2019accordant parfaitement \u00e0 l\u2019espace \u00e9quip\u00e9. En termes de couleurs et de d\u00e9tails, les possibilit\u00e9s sont tr\u00e8s vari\u00e9es.<\/li><li>Pour une moquette de pierre : Selon le min\u00e9ral utilis\u00e9 (marbre ou quartz), il va \u00eatre possible d\u2019adapter la couleur du sol \u00e0 l\u2019environnement que l\u2019on entend <a href=\"https:\/\/staging.resineo.com\/guides\/revetement-resine\/sol-piscine\/equiper-plage-piscine\/\">\u00e9quiper<\/a>. Ne poss\u00e9dant pas de joints, la surface sera uniforme. Il est toutefois possible de composer des m\u00e9langes de granulats pour obtenir des motifs personnalis\u00e9s directement dans le sol. <\/li><\/ul>\n\n\n\n<p>En mati\u00e8re d\u2019esth\u00e9tique, l\u2019avantage revient \u00e0 la r\u00e9sine de marbre qui donne un aspect plus haut de gamme \u00e0 l\u2019espace \u00e9quip\u00e9, en permettant de mettre en valeur la piscine. Les pierres naturelles utilis\u00e9es pour composer une moquette de pierre donnent un style plus noble aux finitions. L&rsquo;absence de joint hors dilatation donne une sensation d&rsquo;espace in\u00e9gal\u00e9. <\/p>\n\n\n\n<h2 class=\"wp-block-heading\">La r\u00e9sine de marbre est une option plus durable, plus esth\u00e9tique et plus s\u00fbre que le carrelage pour \u00e9quiper une plage de piscine<\/h2>\n\n\n\n<p>En conclusion de ce comparatif, l\u2019avantage revient \u00e0 la moquette de pierre. Ce produit allie toutes les qualit\u00e9s attendues d\u2019un rev\u00eatement ext\u00e9rieur, en bord de piscine.<\/p>\n\n\n\n<p>Pouvant \u00e9galement \u00eatre utilis\u00e9 pour \u00e9quiper une terrasse ou une all\u00e9e de jardin, il est possible de composer un ensemble \u00e0 l\u2019esth\u00e9tique homog\u00e8ne, s\u2019int\u00e9grant parfaitement dans l\u2019environnement. A la fois anti-glissant, d\u00e9coratif, durable et solide, la r\u00e9sine de marbre ou de quartz r\u00e9unit tous les avantages qui en font le produit id\u00e9al pour \u00e9quiper son espace ext\u00e9rieur.  <\/p>\n\n\n\n<p>A l\u2019heure d\u2019entamer la r\u00e9novation des parties ext\u00e9rieures de votre maison, envisagez cette solution comme une option vous permettant de vous \u00e9quiper de fa\u00e7on durable, tout en garantissant la s\u00e9curit\u00e9 des occupants. De plus, facile \u00e0 entretenir, ce mat\u00e9riau vous garantira la tranquillit\u00e9, pour des d\u00e9cennies.<\/p>\n\n\n\n<ul class=\"wp-block-list\"><li><a href=\"https:\/\/staging.resineo.com\/guides\/revetement-resine\/sol-piscine\/meilleur-revetement\/\">Quel est le meilleur mat\u00e9riau pour fabriquer une plage de piscine ?<\/a><\/li><li><a href=\"https:\/\/staging.resineo.com\/guides\/revetement-resine\/sol-piscine\/support\/\">Sur quel support poser une plage de piscine en r\u00e9sine de pierre<\/a><\/li><li><a href=\"https:\/\/staging.resineo.com\/guides\/revetement-resine\/sol-piscine\/avantages\/\">Les avantages d&rsquo;une plage de piscine en moquette de pierre<\/a><\/li><\/ul>\n","protected":false},"excerpt":{"rendered":"<p>Il existe de nombreuses diff\u00e9rences notables entre ces deux types de rev\u00eatements de sols. Il est bon de les comparer pour souligner les avantages de l\u2019un et de l\u2019autre avant de s\u2019\u00e9quiper, surtout pour la cr\u00e9ation d\u2019une plage de piscine par exemple. Ce type de surface demande l\u2019emploi d\u2019un mat\u00e9riau adapt\u00e9, tant pour en faciliter [&hellip;]<\/p>\n","protected":false},"author":1,"featured_media":0,"parent":2,"menu_order":6,"comment_status":"closed","ping_status":"closed","template":"","meta":{"_uag_custom_page_level_css":"","footnotes":""},"class_list":["post-64","page","type-page","status-publish","hentry","entry"],"uagb_featured_image_src":{"full":false,"thumbnail":false,"medium":false,"medium_large":false,"large":false,"1536x1536":false,"2048x2048":false,"ocean-thumb-m":false,"ocean-thumb-ml":false,"ocean-thumb-l":false},"uagb_author_info":{"display_name":"admin","author_link":"https:\/\/staging.resineo.com\/guides\/author\/agoralys\/"},"uagb_comment_info":0,"uagb_excerpt":"Il existe de nombreuses diff\u00e9rences notables entre ces deux types de rev\u00eatements de sols. Il est bon de les comparer pour souligner les avantages de l\u2019un et de l\u2019autre avant de s\u2019\u00e9quiper, surtout pour la cr\u00e9ation d\u2019une plage de piscine par exemple. Ce type de surface demande l\u2019emploi d\u2019un mat\u00e9riau adapt\u00e9, tant pour en faciliter\u2026","_links":{"self":[{"href":"https:\/\/staging.resineo.com\/guides\/wp-json\/wp\/v2\/pages\/64","targetHints":{"allow":["GET"]}}],"collection":[{"href":"https:\/\/staging.resineo.com\/guides\/wp-json\/wp\/v2\/pages"}],"about":[{"href":"https:\/\/staging.resineo.com\/guides\/wp-json\/wp\/v2\/types\/page"}],"author":[{"embeddable":true,"href":"https:\/\/staging.resineo.com\/guides\/wp-json\/wp\/v2\/users\/1"}],"replies":[{"embeddable":true,"href":"https:\/\/staging.resineo.com\/guides\/wp-json\/wp\/v2\/comments?post=64"}],"version-history":[{"count":0,"href":"https:\/\/staging.resineo.com\/guides\/wp-json\/wp\/v2\/pages\/64\/revisions"}],"up":[{"embeddable":true,"href":"https:\/\/staging.resineo.com\/guides\/wp-json\/wp\/v2\/pages\/2"}],"wp:attachment":[{"href":"https:\/\/staging.resineo.com\/guides\/wp-json\/wp\/v2\/media?parent=64"}],"curies":[{"name":"wp","href":"https:\/\/api.w.org\/{rel}","templated":true}]}}