{"id":85,"date":"2019-09-06T07:39:37","date_gmt":"2019-09-06T07:39:37","guid":{"rendered":"https:\/\/staging.resineo.com\/guides\/?page_id=85"},"modified":"2022-05-08T19:09:35","modified_gmt":"2022-05-08T19:09:35","slug":"avantages","status":"publish","type":"page","link":"https:\/\/staging.resineo.com\/guides\/revetement-resine\/sol-piscine\/avantages\/","title":{"rendered":"Les avantages d\u2019une plage de piscine en moquette de pierre"},"content":{"rendered":"\n<p><span style=\"font-weight: 400;\">Afin d\u2019assurer la r\u00e9novation ou l\u2019installation d\u2019un <a href=\"https:\/\/staging.resineo.com\/guides\/revetement-resine\/sol-piscine\/\">rev\u00eatement de sol<\/a> aux abords d\u2019une piscine, il est certes important de pr\u00eater attention \u00e0 l\u2019aspect esth\u00e9tique et d\u00e9coratif, mais il est \u00e9galement n\u00e9cessaire de penser \u00e0 la s\u00e9curit\u00e9 des utilisateurs. Sortis du bain, ces derniers ne doivent pas risquer de <a href=\"https:\/\/staging.resineo.com\/guides\/revetement-resine\/sol-piscine\/eviter-glissure\/\">glisser<\/a> sur la surface pos\u00e9e.<\/span> Les glissades sont souvent le r\u00e9sultat de flaques d&rsquo;eau stagnantes en bords de bassin, un rev\u00eatement drainant va limiter l&rsquo;accumulation d&rsquo;eau en surface et donc limiter le risque de glissade. <\/p>\n\n\n\n<figure class=\"wp-block-image\"><img fetchpriority=\"high\" decoding=\"async\" width=\"650\" height=\"531\" src=\"https:\/\/staging.resineo.com\/guides\/wp-content\/uploads\/sites\/2\/2019\/10\/revetement-sol-resine-piscine.jpg\" alt=\"Revetement Sol Resine Piscine\" class=\"wp-image-618\" srcset=\"https:\/\/staging.resineo.com\/guides\/wp-content\/uploads\/sites\/2\/2019\/10\/revetement-sol-resine-piscine.jpg 650w, https:\/\/staging.resineo.com\/guides\/wp-content\/uploads\/sites\/2\/2019\/10\/revetement-sol-resine-piscine-300x245.jpg 300w\" sizes=\"(max-width: 650px) 100vw, 650px\" \/><\/figure>\n\n\n\n<p><span style=\"font-weight: 400;\">C\u2019est notamment l\u2019une des raisons pour lesquelles envisager la pose d\u2019une moquette de pierre, \u00e9galement appel\u00e9e r\u00e9sine de pierre, s\u2019av\u00e8re \u00eatre une option int\u00e9ressante au bords d&rsquo;une piscine. Au-del\u00e0 d\u2019un aspect esth\u00e9tique particuli\u00e8rement soign\u00e9, ce mat\u00e9riau anti-glissant permet d\u2019\u00e9voluer pieds nus et mouill\u00e9s, sans risquer la chute.<\/span><\/p>\n\n\n\n<div class=\"wp-block-stackable-call-to-action is-style-default stk-block-call-to-action stk-block stk-798292d\" data-block-id=\"798292d\"><style>.stk-798292d-container{background-color:#f7f7f7 !important}.stk-798292d-container:before{background-color:#f7f7f7 !important}<\/style><div class=\"stk-block-call-to-action__content stk-content-align stk-798292d-column stk-container stk-798292d-container stk-hover-parent\"><div class=\"has-text-align-center stk-block-content stk-inner-blocks\">\n<div class=\"wp-block-stackable-heading stk-block-heading stk-block stk-743cda8\" id=\"decouvrez-notre-revetement-drainant-pour-les-plages-de-piscine\" data-block-id=\"743cda8\"><h3 class=\"stk-block-heading__text\">D\u00e9couvrez notre rev\u00eatement drainant pour les plages de piscine<\/h3><\/div>\n\n\n\n<div class=\"wp-block-stackable-text stk-block-text stk-block stk-1ff215e\" data-block-id=\"1ff215e\"><p class=\"stk-block-text__text\">Choisissez le fabricant fran\u00e7ais de r\u00e9f\u00e9rence<br>R\u00e9seau de plus de 200 partenaires agr\u00e9\u00e9s dans toute la France<\/p><\/div>\n\n\n\n<div class=\"wp-block-stackable-button-group stk-block-button-group stk-block stk-50578e5\" data-block-id=\"50578e5\"><div class=\"stk-row stk-inner-blocks stk-block-content stk-button-group\">\n<div class=\"wp-block-stackable-button stk-block-button stk-block stk-0314a3d\" data-block-id=\"0314a3d\"><style>.stk-0314a3d .stk-button{background:#71797d !important}.stk-0314a3d .stk-button__inner-text{font-size:20px !important}@media screen and (max-width:1023px){.stk-0314a3d .stk-button__inner-text{font-size:20px !important}}<\/style><a class=\"stk-link stk-button stk--hover-effect-darken\" href=\"https:\/\/staging.resineo.com\/univers-particuliers\/univers-piscine\/\"><span class=\"stk-button__inner-text\">D\u00e9couvrir R\u00e9sineo\u00ae pour la piscine<\/span><\/a><\/div>\n<\/div><\/div>\n<\/div><\/div><\/div>\n\n\n\n<p><span style=\"font-weight: 400;\">Compos\u00e9e d\u2019un granulat min\u00e9ral (quartz ou marbre) m\u00e9lang\u00e9 \u00e0 une r\u00e9sine polyur\u00e9thane qui le rend solide, sa texture permet de garantir la s\u00e9curit\u00e9 des utilisateurs, tout en restant agr\u00e9able au toucher.<\/span><\/p>\n\n\n\n<p><span style=\"font-weight: 400;\">Passons en revue les avantages que procure ce mat\u00e9riau.<\/span><\/p>\n\n\n\n<h2 class=\"wp-block-heading\"><span style=\"font-weight: 400;\">Les avantages techniques de la moquette de pierre<\/span><\/h2>\n\n\n\n<p><span style=\"font-weight: 400;\">Les qualit\u00e9s recherch\u00e9es pour un rev\u00eatement de plage de piscine ne tiennent pas qu\u2019\u00e0 l\u2019aspect esth\u00e9tique. Il est n\u00e9cessaire que la solution retenue r\u00e9ponde \u00e0 diff\u00e9rents crit\u00e8res, qui lui donneront l\u2019avantage sur d\u2019autres produits : <\/span><\/p>\n\n\n\n<ul class=\"wp-block-list\"><li><span style=\"font-weight: 400;\">La s\u00e9curit\u00e9 : Il est important que ce rev\u00eatement soit anti-glissant. <\/span><\/li><li><span style=\"font-weight: 400;\">Drainant : Les \u00e9claboussures d\u2019eau et la pluie ne doivent pas occasionner la formation de flaques. L\u2019eau doit \u00eatre rapidement drain\u00e9e pour laisser la surface s\u00e8che.<\/span><\/li><li><span style=\"font-weight: 400;\">R\u00e9sistance \u00e0 la chaleur : Les piscines sont souvent directement expos\u00e9es au soleil.  <\/span>Il sera important de choisir une moquette de pierre de couleur claire en bords de piscine afin d&rsquo;\u00e9viter les risques de br\u00fblures. M\u00eame si le rev\u00eatement est r\u00e9sistant \u00e0 la chaleur et en moyenne 5 degr\u00e9s inf\u00e9rieurs aux autres rev\u00eatements pleins de m\u00eame couleur, il est n\u00e9cessaire de privil\u00e9gier des coloris tels que le d\u00e9sert ou le coquillage qui resteront praticables m\u00eame en plein soleil. <\/li><li><span style=\"font-weight: 400;\">Facilit\u00e9 d\u2019entretien : Le rev\u00eatement choisi doit \u00eatre facile \u00e0 nettoyer (comme on l\u2019attend d\u2019un rev\u00eatement de terrasse d\u2019ailleurs).<\/span><\/li><li><span style=\"font-weight: 400;\">Durable : Ce type d\u2019am\u00e9nagement doit \u00eatre r\u00e9sistant, tant aux intemp\u00e9ries qu\u2019au passage du temps.<\/span><\/li><li><span style=\"font-weight: 400;\">D\u00e9coratif : Bien \u00e9videmment, il doit permettre de cr\u00e9er un espace agr\u00e9able et esth\u00e9tique.<\/span><\/li><\/ul>\n\n\n\n<p><span style=\"font-weight: 400;\">La r\u00e9sine de pierre regroupe justement toutes ces qualit\u00e9s. <\/span><\/p>\n\n\n\n<h3 class=\"wp-block-heading\"><span style=\"font-weight: 400;\">La s\u00e9curit\u00e9 et la drainance<\/span><\/h3>\n\n\n\n<p><span style=\"font-weight: 400;\">C\u2019est justement parce qu\u2019elle est tr\u00e8s drainante que la r\u00e9sine de pierre est anti-glissante.<\/span><\/p>\n\n\n\n<p><span style=\"font-weight: 400;\">Son pouvoir drainant lui permet d\u2019\u00e9vacuer jusqu\u2019\u00e0 50 litres d\u2019eau par seconde et par m\u00b2. Ainsi, en sortant du bain, un baigneur ne risque pas de perte d\u2019adh\u00e9rence. D\u00e8s lors que l\u2019eau entre en contact avec le rev\u00eatement, elle est imm\u00e9diatement drain\u00e9e pour s\u2019\u00e9couler au sein de la structure du sol.<\/span><\/p>\n\n\n\n<figure class=\"wp-block-image\"><img decoding=\"async\" width=\"650\" height=\"487\" src=\"https:\/\/staging.resineo.com\/guides\/wp-content\/uploads\/sites\/2\/2019\/10\/revetement-sol-plage-piscine.jpg\" alt=\"Revetement Sol Plage Piscine\" class=\"wp-image-617\" srcset=\"https:\/\/staging.resineo.com\/guides\/wp-content\/uploads\/sites\/2\/2019\/10\/revetement-sol-plage-piscine.jpg 650w, https:\/\/staging.resineo.com\/guides\/wp-content\/uploads\/sites\/2\/2019\/10\/revetement-sol-plage-piscine-300x225.jpg 300w\" sizes=\"(max-width: 650px) 100vw, 650px\" \/><\/figure>\n\n\n\n<h3 class=\"wp-block-heading\"><span style=\"font-weight: 400;\">Facilit\u00e9 d\u2019entretien<\/span><\/h3>\n\n\n\n<p><span style=\"font-weight: 400;\">Sa drainance et la r\u00e9sine qui permet d\u2019agglom\u00e9rer les granulats repr\u00e9sentent une protection contre les d\u00e9p\u00f4ts qui pourraient s\u2019accumuler au fil du temps. Ainsi, aucune algue ou mousse v\u00e9g\u00e9tale n\u2019accroche \u00e0 sa surface. <\/span><\/p>\n\n\n\n<p><span style=\"font-weight: 400;\">Pour en assurer le nettoyage, un jet haute pression suffit. Il ne faut pas que ce dernier soit trop puissant ni pass\u00e9 trop pr\u00e8s de la surface. <\/span><\/p>\n\n\n\n<h3 class=\"wp-block-heading\"><span style=\"font-weight: 400;\">La durabilit\u00e9 de la moquette de marbre ou de quartz<\/span><\/h3>\n\n\n\n<p><span style=\"font-weight: 400;\">Le granulat de pierre utilis\u00e9 pour composer ce rev\u00eatement est s\u00e9lectionn\u00e9 pour sa duret\u00e9 et sa r\u00e9sistance. De plus, la r\u00e9sine employ\u00e9e pour agglom\u00e9rer les particules min\u00e9rales est \u00e9galement tr\u00e8s r\u00e9sistante. M\u00eame expos\u00e9e \u00e0 une forte chaleur elle reste inerte et ne suppose pas de d\u00e9gagement de particules chimiques.<\/span><\/p>\n\n\n\n<p><b>A noter<\/b><span style=\"font-weight: 400;\"> : <\/span><i><span style=\"font-weight: 400;\">La durabilit\u00e9 de l\u2019ensemble d\u00e9pend de la bonne ex\u00e9cution des travaux de pose. La pr\u00e9paration du support sur lequel la r\u00e9sine de pierre repose compte pour beaucoup. C\u2019est la raison pour laquelle il est recommand\u00e9 de confier les travaux d\u2019installation \u00e0 une entreprise dont les professionnels sont habilit\u00e9s \u00e0 travailler avec ce produit. Son int\u00e9grit\u00e9 et sa solidit\u00e9 en d\u00e9pendent.<\/span><\/i><\/p>\n\n\n\n<div class=\"wp-block-stackable-call-to-action is-style-default stk-block-call-to-action stk-block stk-ogmpqbe\" data-block-id=\"ogmpqbe\"><style>.stk-ogmpqbe-container{background-color:#f7f7f7 !important}.stk-ogmpqbe-container:before{background-color:#f7f7f7 !important}<\/style><div class=\"stk-block-call-to-action__content stk-content-align stk-ogmpqbe-column stk-container stk-ogmpqbe-container stk-hover-parent\"><div class=\"has-text-align-center stk-block-content stk-inner-blocks\">\n<div class=\"wp-block-stackable-heading stk-block-heading stk-block stk-3ke2j7w\" id=\"decouvrez-notre-revetement-drainant-pour-les-plages-de-piscine\" data-block-id=\"3ke2j7w\"><h3 class=\"stk-block-heading__text\">D\u00e9couvrez notre rev\u00eatement drainant pour les plages de piscine<\/h3><\/div>\n\n\n\n<div class=\"wp-block-stackable-text stk-block-text stk-block stk-v4rilpo\" data-block-id=\"v4rilpo\"><p class=\"stk-block-text__text\">Choisissez le fabricant fran\u00e7ais de r\u00e9f\u00e9rence<br>R\u00e9seau de plus de 200 partenaires agr\u00e9\u00e9s dans toute la France<\/p><\/div>\n\n\n\n<div class=\"wp-block-stackable-button-group stk-block-button-group stk-block stk-rf0zx41\" data-block-id=\"rf0zx41\"><div class=\"stk-row stk-inner-blocks stk-block-content stk-button-group\">\n<div class=\"wp-block-stackable-button stk-block-button stk-block stk-65okntf\" data-block-id=\"65okntf\"><style>.stk-65okntf .stk-button{background:#71797d !important}.stk-65okntf .stk-button__inner-text{font-size:20px !important}@media screen and (max-width:1023px){.stk-65okntf .stk-button__inner-text{font-size:20px !important}}<\/style><a class=\"stk-link stk-button stk--hover-effect-darken\" href=\"https:\/\/staging.resineo.com\/univers-particuliers\/univers-piscine\/\"><span class=\"stk-button__inner-text\">D\u00e9couvrir R\u00e9sineo\u00ae pour la piscine<\/span><\/a><\/div>\n<\/div><\/div>\n<\/div><\/div><\/div>\n\n\n\n<h3 class=\"wp-block-heading\"><span style=\"font-weight: 400;\">Une esth\u00e9tique haut de gamme et personnalisable<\/span><\/h3>\n\n\n\n<p><span style=\"font-weight: 400;\">La qualit\u00e9 des finitions que permet ce produit est un atout. Le granulat peut \u00e9pouser presque toutes les formes et toutes les courbes. <\/span><\/p>\n\n\n\n<p><span style=\"font-weight: 400;\">Les coloris disponibles autorisent tout un panel de compositions qui se marient parfaitement avec l\u2019espace et l\u2019environnement que le rev\u00eatement \u00e9quipera. De plus, il est possible de cr\u00e9er des motifs d\u00e9taill\u00e9s, permettant ainsi de personnaliser la d\u00e9coration des lieux \u00e9quip\u00e9s. <\/span><\/p>\n\n\n\n<p><span style=\"font-weight: 400;\">Il est \u00e9galement possible de choisir de m\u00e9langer plusieurs granulats pour obtenir un effet mouchet\u00e9 sur l\u2019ensemble de la plage de piscine, ainsi que sur la terrasse attenante par exemple. On obtient ainsi un produit unique, dont les couleurs sont pens\u00e9es pour se fondre dans le d\u00e9cor et mettre en valeur les lieux.<\/span><\/p>\n\n\n\n<p><span style=\"font-weight: 400;\">Les possibilit\u00e9s sont vraiment nombreuses. Il suffit de s\u2019informer lors de la demande de devis. L\u2019entreprise en charge des travaux vous proposera ainsi toutes les options envisageables.<\/span><\/p>\n\n\n\n<figure class=\"wp-block-image\"><img decoding=\"async\" width=\"650\" height=\"487\" src=\"https:\/\/staging.resineo.com\/guides\/wp-content\/uploads\/sites\/2\/2019\/10\/revetement-esthetique-resine.jpg\" alt=\"Revetement Esthetique Resine\" class=\"wp-image-581\" srcset=\"https:\/\/staging.resineo.com\/guides\/wp-content\/uploads\/sites\/2\/2019\/10\/revetement-esthetique-resine.jpg 650w, https:\/\/staging.resineo.com\/guides\/wp-content\/uploads\/sites\/2\/2019\/10\/revetement-esthetique-resine-300x225.jpg 300w\" sizes=\"(max-width: 650px) 100vw, 650px\" \/><\/figure>\n\n\n\n<h2 class=\"wp-block-heading\"><span style=\"font-weight: 400;\">Les r\u00e9sines de pierre et de marbre donnent vie \u00e0 des rev\u00eatements de sols haut de gamme<\/span><\/h2>\n\n\n\n<p><span style=\"font-weight: 400;\">Compte tenu de tous les avantages que l\u2019on tire de la pose d\u2019une moquette de pierre, on peut raisonnablement la consid\u00e9rer comme \u00e9tant un rev\u00eatement haut de gamme. Tant ses propri\u00e9t\u00e9s techniques, que son aspect esth\u00e9tique en font une solution durable et int\u00e9ressante pour mettre en valeur l\u2019espace qui en est \u00e9quip\u00e9.<\/span><\/p>\n\n\n\n<p><span style=\"font-weight: 400;\">De nombreuses r\u00e9alisations sont possibles \u00e0 l\u2019aide de ce mat\u00e9riau. Depuis la plage de piscine, en passant par la terrasse ou les all\u00e9es de jardin et de garage, on peut <a href=\"https:\/\/staging.resineo.com\/guides\/revetement-resine\/sol-piscine\/equiper-plage-piscine\/\">\u00e9quiper<\/a> de nombreuses parties d\u2019une maison, en ayant la tranquillit\u00e9 d\u2019avoir opt\u00e9 pour un rev\u00eatement aussi d\u00e9coratif que s\u00fbr et durable.<\/span><\/p>\n\n\n\n<div class=\"wp-block-stackable-call-to-action is-style-default stk-block-call-to-action stk-block stk-bb6e8u2\" data-block-id=\"bb6e8u2\"><style>.stk-bb6e8u2-container{background-color:#f7f7f7 !important}.stk-bb6e8u2-container:before{background-color:#f7f7f7 !important}<\/style><div class=\"stk-block-call-to-action__content stk-content-align stk-bb6e8u2-column stk-container stk-bb6e8u2-container stk-hover-parent\"><div class=\"has-text-align-center stk-block-content stk-inner-blocks\">\n<div class=\"wp-block-stackable-heading stk-block-heading stk-block stk-9jpthk7\" id=\"decouvrez-notre-revetement-drainant-pour-les-plages-de-piscine\" data-block-id=\"9jpthk7\"><h3 class=\"stk-block-heading__text\">D\u00e9couvrez notre rev\u00eatement drainant pour les plages de piscine<\/h3><\/div>\n\n\n\n<div class=\"wp-block-stackable-text stk-block-text stk-block stk-qsdr0pv\" data-block-id=\"qsdr0pv\"><p class=\"stk-block-text__text\">Choisissez le fabricant fran\u00e7ais de r\u00e9f\u00e9rence<br>R\u00e9seau de plus de 200 partenaires agr\u00e9\u00e9s dans toute la France<\/p><\/div>\n\n\n\n<div class=\"wp-block-stackable-button-group stk-block-button-group stk-block stk-p514ivt\" data-block-id=\"p514ivt\"><div class=\"stk-row stk-inner-blocks stk-block-content stk-button-group\">\n<div class=\"wp-block-stackable-button stk-block-button stk-block stk-tk078sy\" data-block-id=\"tk078sy\"><style>.stk-tk078sy .stk-button{background:#71797d !important}.stk-tk078sy .stk-button__inner-text{font-size:20px !important}@media screen and (max-width:1023px){.stk-tk078sy .stk-button__inner-text{font-size:20px !important}}<\/style><a class=\"stk-link stk-button stk--hover-effect-darken\" href=\"https:\/\/staging.resineo.com\/univers-particuliers\/univers-piscine\/\"><span class=\"stk-button__inner-text\">D\u00e9couvrir R\u00e9sineo\u00ae pour la piscine<\/span><\/a><\/div>\n<\/div><\/div>\n<\/div><\/div><\/div>\n\n\n\n<p><span style=\"font-weight: 400;\">Pour qui souhaite conf\u00e9rer une plus-value durable \u00e0 sa maison et \u00e0 ses abords, la r\u00e9sine de pierre est un mat\u00e9riau id\u00e9al. Encore une fois, il est important de confier la r\u00e9alisation des travaux \u00e0 des professionnels \u00e0 m\u00eame de respecter toutes les contraintes techniques relatives \u00e0 ce rev\u00eatement. Ils garantiront ainsi la solidit\u00e9 de l\u2019ensemble, de m\u00eame que votre tranquillit\u00e9 au fil du temps.<\/span><\/p>\n\n\n\n<p><span style=\"font-weight: 400;\">R\u00e9sine de marbre ou r\u00e9sine de quartz, il ne vous reste plus qu\u2019\u00e0 choisir lequel de ces min\u00e9raux se mariera le mieux avec votre piscine.<\/span><\/p>\n\n\n\n<ul class=\"wp-block-list\"><li><a href=\"https:\/\/staging.resineo.com\/guides\/revetement-resine\/sol-piscine\/meilleur-revetement\/\">Quel est le meilleur mat\u00e9riau pour fabriquer une plage de piscine ?<\/a><\/li><li><a href=\"https:\/\/staging.resineo.com\/guides\/revetement-resine\/sol-piscine\/support\/\">Sur quel support poser une plage de piscine en r\u00e9sine de pierre<\/a><\/li><li><a href=\"https:\/\/staging.resineo.com\/guides\/revetement-resine\/sol-piscine\/differences\/\">Diff\u00e9rence moquette de pierre\/carrelage (anti-glissance, etc&#8230;)<\/a><\/li><\/ul>\n\n\n\n<p><\/p>\n","protected":false},"excerpt":{"rendered":"<p>Afin d\u2019assurer la r\u00e9novation ou l\u2019installation d\u2019un rev\u00eatement de sol aux abords d\u2019une piscine, il est certes important de pr\u00eater attention \u00e0 l\u2019aspect esth\u00e9tique et d\u00e9coratif, mais il est \u00e9galement n\u00e9cessaire de penser \u00e0 la s\u00e9curit\u00e9 des utilisateurs. Sortis du bain, ces derniers ne doivent pas risquer de glisser sur la surface pos\u00e9e. Les glissades [&hellip;]<\/p>\n","protected":false},"author":1,"featured_media":0,"parent":2,"menu_order":0,"comment_status":"closed","ping_status":"closed","template":"","meta":{"_uag_custom_page_level_css":"","footnotes":""},"class_list":["post-85","page","type-page","status-publish","hentry","entry"],"uagb_featured_image_src":{"full":false,"thumbnail":false,"medium":false,"medium_large":false,"large":false,"1536x1536":false,"2048x2048":false,"ocean-thumb-m":false,"ocean-thumb-ml":false,"ocean-thumb-l":false},"uagb_author_info":{"display_name":"admin","author_link":"https:\/\/staging.resineo.com\/guides\/author\/agoralys\/"},"uagb_comment_info":0,"uagb_excerpt":"Afin d\u2019assurer la r\u00e9novation ou l\u2019installation d\u2019un rev\u00eatement de sol aux abords d\u2019une piscine, il est certes important de pr\u00eater attention \u00e0 l\u2019aspect esth\u00e9tique et d\u00e9coratif, mais il est \u00e9galement n\u00e9cessaire de penser \u00e0 la s\u00e9curit\u00e9 des utilisateurs. Sortis du bain, ces derniers ne doivent pas risquer de glisser sur la surface pos\u00e9e. Les glissades\u2026","_links":{"self":[{"href":"https:\/\/staging.resineo.com\/guides\/wp-json\/wp\/v2\/pages\/85","targetHints":{"allow":["GET"]}}],"collection":[{"href":"https:\/\/staging.resineo.com\/guides\/wp-json\/wp\/v2\/pages"}],"about":[{"href":"https:\/\/staging.resineo.com\/guides\/wp-json\/wp\/v2\/types\/page"}],"author":[{"embeddable":true,"href":"https:\/\/staging.resineo.com\/guides\/wp-json\/wp\/v2\/users\/1"}],"replies":[{"embeddable":true,"href":"https:\/\/staging.resineo.com\/guides\/wp-json\/wp\/v2\/comments?post=85"}],"version-history":[{"count":2,"href":"https:\/\/staging.resineo.com\/guides\/wp-json\/wp\/v2\/pages\/85\/revisions"}],"predecessor-version":[{"id":3661,"href":"https:\/\/staging.resineo.com\/guides\/wp-json\/wp\/v2\/pages\/85\/revisions\/3661"}],"up":[{"embeddable":true,"href":"https:\/\/staging.resineo.com\/guides\/wp-json\/wp\/v2\/pages\/2"}],"wp:attachment":[{"href":"https:\/\/staging.resineo.com\/guides\/wp-json\/wp\/v2\/media?parent=85"}],"curies":[{"name":"wp","href":"https:\/\/api.w.org\/{rel}","templated":true}]}}